{"id":805,"date":"2013-02-05T12:02:49","date_gmt":"2013-02-05T12:02:49","guid":{"rendered":"http:\/\/www.abitbol-associes.com\/?page_id=805"},"modified":"2019-08-13T16:43:03","modified_gmt":"2019-08-13T16:43:03","slug":"gestion-de-contrats-et-revision-de-documents-2","status":"publish","type":"page","link":"https:\/\/www.abitbol-associes.com\/he\/gestion-de-contrats-et-revision-de-documents-2\/","title":{"rendered":"Gestion de contrats et R\u00e9vision de documents"},"content":{"rendered":"<p><strong>Gestion de contrats<\/strong><\/p>\n<p style=\"text-align: justify;\"><strong><\/strong>Notre D\u00e9partement de LPO offre un support \u00e0 la r\u00e9daction de contrat qui permet \u00e0 nos clients de s\u2019assurer que toutes les mentions requises y figurent mais aussi et surtout\u00a0; d\u2019en mesurer les effets potentiels et les risques inh\u00e9rents. L\u2019\u00e9valuation de vos opportunit\u00e9s est en effet une \u00e9tape primordiale qu\u2019il convient de d\u00e9l\u00e9guer en toute confiance \u00e0 des sp\u00e9cialistes du droit.<\/p>\n<p><strong>D\u00e9tails de l\u2019offre\u00a0<\/strong>:<\/p>\n<ul>\n<li>Assistance \u00e0 la r\u00e9daction de contrats, relecture, extraction de donn\u00e9es et notes de synth\u00e8se<\/li>\n<li>Pr\u00e9paration des lignes directrices de la n\u00e9gociation<\/li>\n<li>Due diligence, \u00e9valuation et analyse des risques \/ avantages \/ hypoth\u00e8ses d\u2019\u00e9volution<\/li>\n<li>Surveillance des obligations<\/li>\n<\/ul>\n<p><strong>R\u00e9vision de documents et notes de synth\u00e8se<\/strong><\/p>\n<p style=\"text-align: justify;\"><strong><\/strong>La r\u00e9vision de documents et la r\u00e9daction de notes de synth\u00e8se sont des travaux longs et m\u00e9ticuleux. Leur co\u00fbt est en outre \u00e9lev\u00e9 car ils mobilisent un juriste ou un avocat pendant une dur\u00e9e importante.\u00a0Nous vous permettons de gagner du temps en nous chargeant de relire tous vos documents juridiques, de la premi\u00e8re \u00e0 la derni\u00e8re page et quel que soit le volume. Nous r\u00e9digeons par ailleurs des notes de synth\u00e8se selon vos instructions.<\/p>\n<p style=\"text-align: justify;\">Nos juristes travaillent en \u00e9quipe sur chaque mission afin de vous assurer un r\u00e9sultat rapide et efficace. Ils \u00e9tudient le moindre d\u00e9tail et gr\u00e2ce \u00e0 nos outils en ligne, vous communiquent toutes leurs remarques en temps r\u00e9el. \u00a0Plut\u00f4t\u00a0que d\u2019encombrer votre service juridique, confiez-nous vos r\u00e9visions de documents\u00a0et notes de synth\u00e8se\u00a0!<\/p>\n<p><strong>D\u00e9tails de l\u2019offre\u00a0:<\/strong><\/p>\n<p style=\"text-align: justify;\">Nous nous chargeons de r\u00e9aliser pour vous\u00a0:<\/p>\n<ul>\n<li>Revue et correction de tous types de documents et contrats<\/li>\n<li>R\u00e9daction de notes de synth\u00e8se<\/li>\n<\/ul>\n<p><\/p>","protected":false},"excerpt":{"rendered":"<p>Gestion de contrats Notre D\u00e9partement de LPO offre un support \u00e0 la r\u00e9daction de contrat qui permet \u00e0 nos clients de s\u2019assurer que toutes les mentions requises y figurent mais aussi et surtout\u00a0; d\u2019en mesurer les effets potentiels et les risques inh\u00e9rents. L\u2019\u00e9valuation de vos opportunit\u00e9s est en effet une \u00e9tape primordiale qu\u2019il convient de [&hellip;]<\/p>\n","protected":false},"author":2,"featured_media":0,"parent":0,"menu_order":0,"comment_status":"open","ping_status":"open","template":"","meta":{"footnotes":""},"class_list":["post-805","page","type-page","status-publish","hentry"],"yoast_head":"<!-- This site is optimized with the Yoast SEO plugin v25.5 - https:\/\/yoast.com\/wordpress\/plugins\/seo\/ -->\n<title>Gestion de contrats et R\u00e9vision de documents - Abitbol Associes<\/title>\n<meta name=\"robots\" content=\"index, follow, max-snippet:-1, max-image-preview:large, max-video-preview:-1\" \/>\n<link rel=\"canonical\" href=\"https:\/\/www.abitbol-associes.com\/he\/gestion-de-contrats-et-revision-de-documents\/\" \/>\n<meta property=\"og:locale\" content=\"en_US\" \/>\n<meta property=\"og:type\" content=\"article\" \/>\n<meta property=\"og:title\" content=\"Gestion de contrats et R\u00e9vision de documents - Abitbol Associes\" \/>\n<meta property=\"og:description\" content=\"Gestion de contrats Notre D\u00e9partement de LPO offre un support \u00e0 la r\u00e9daction de contrat qui permet \u00e0 nos clients de s\u2019assurer que toutes les mentions requises y figurent mais aussi et surtout\u00a0; d\u2019en mesurer les effets potentiels et les risques inh\u00e9rents. L\u2019\u00e9valuation de vos opportunit\u00e9s est en effet une \u00e9tape primordiale qu\u2019il convient de [&hellip;]\" \/>\n<meta property=\"og:url\" content=\"https:\/\/www.abitbol-associes.com\/he\/gestion-de-contrats-et-revision-de-documents\/\" \/>\n<meta property=\"og:site_name\" content=\"Abitbol Associes\" \/>\n<meta property=\"article:modified_time\" content=\"2019-08-13T16:43:03+00:00\" \/>\n<meta property=\"og:image\" content=\"https:\/\/abitbol-associes.com\/wp-content\/uploads\/2018\/01\/AA_Logo_Final-300x159.gif\" \/>\n<meta name=\"twitter:card\" content=\"summary_large_image\" \/>\n<meta name=\"twitter:label1\" content=\"Est. reading time\" \/>\n\t<meta name=\"twitter:data1\" content=\"5 minutes\" \/>\n<script type=\"application\/ld+json\" class=\"yoast-schema-graph\">{\"@context\":\"https:\/\/schema.org\",\"@graph\":[{\"@type\":\"WebPage\",\"@id\":\"https:\/\/www.abitbol-associes.com\/he\/gestion-de-contrats-et-revision-de-documents\/\",\"url\":\"https:\/\/www.abitbol-associes.com\/he\/gestion-de-contrats-et-revision-de-documents\/\",\"name\":\"Gestion de contrats et R\u00e9vision de documents - Abitbol Associes\",\"isPartOf\":{\"@id\":\"https:\/\/www.abitbol-associes.com\/he\/#website\"},\"primaryImageOfPage\":{\"@id\":\"https:\/\/www.abitbol-associes.com\/he\/gestion-de-contrats-et-revision-de-documents\/#primaryimage\"},\"image\":{\"@id\":\"https:\/\/www.abitbol-associes.com\/fr\/gestion-de-contrats-et-revision-de-documents\/#primaryimage\"},\"thumbnailUrl\":\"https:\/\/abitbol-associes.com\/wp-content\/uploads\/2018\/01\/AA_Logo_Final-300x159.gif\",\"datePublished\":\"2013-02-05T12:02:49+00:00\",\"dateModified\":\"2019-08-13T16:43:03+00:00\",\"breadcrumb\":{\"@id\":\"https:\/\/www.abitbol-associes.com\/he\/gestion-de-contrats-et-revision-de-documents\/#breadcrumb\"},\"inLanguage\":\"iw-IW\",\"potentialAction\":[{\"@type\":\"ReadAction\",\"target\":[[\"https:\/\/www.abitbol-associes.com\/he\/gestion-de-contrats-et-revision-de-documents\/\"]]}]},{\"@type\":\"ImageObject\",\"inLanguage\":\"iw-IW\",\"@id\":\"https:\/\/www.abitbol-associes.com\/he\/gestion-de-contrats-et-revision-de-documents\/#primaryimage\",\"url\":\"https:\/\/abitbol-associes.com\/wp-content\/uploads\/2018\/01\/AA_Logo_Final-300x159.gif\",\"contentUrl\":\"https:\/\/abitbol-associes.com\/wp-content\/uploads\/2018\/01\/AA_Logo_Final-300x159.gif\"},{\"@type\":\"BreadcrumbList\",\"@id\":\"https:\/\/www.abitbol-associes.com\/he\/gestion-de-contrats-et-revision-de-documents\/#breadcrumb\",\"itemListElement\":[{\"@type\":\"ListItem\",\"position\":1,\"name\":\"Home\",\"item\":\"https:\/\/www.abitbol-associes.com\/he\/\"},{\"@type\":\"ListItem\",\"position\":2,\"name\":\"Gestion de contrats et R\u00e9vision de documents\"}]},{\"@type\":\"WebSite\",\"@id\":\"https:\/\/www.abitbol-associes.com\/he\/#website\",\"url\":\"https:\/\/www.abitbol-associes.com\/he\/\",\"name\":\"Abitbol Associes\",\"description\":\"Parce que votre exigence est notre priorit\u00e9\",\"potentialAction\":[{\"@type\":\"SearchAction\",\"target\":{\"@type\":\"EntryPoint\",\"urlTemplate\":\"https:\/\/www.abitbol-associes.com\/he\/?s={search_term_string}\"},\"query-input\":{\"@type\":\"PropertyValueSpecification\",\"valueRequired\":true,\"valueName\":\"search_term_string\"}}],\"inLanguage\":\"iw-IW\"}]}<\/script>\n<!-- \/ Yoast SEO plugin. -->","yoast_head_json":{"title":"Gestion de contrats et R\u00e9vision de documents - Abitbol Associes","robots":{"index":"index","follow":"follow","max-snippet":"max-snippet:-1","max-image-preview":"max-image-preview:large","max-video-preview":"max-video-preview:-1"},"canonical":"https:\/\/www.abitbol-associes.com\/he\/gestion-de-contrats-et-revision-de-documents\/","og_locale":"en_US","og_type":"article","og_title":"Gestion de contrats et R\u00e9vision de documents - Abitbol Associes","og_description":"Gestion de contrats Notre D\u00e9partement de LPO offre un support \u00e0 la r\u00e9daction de contrat qui permet \u00e0 nos clients de s\u2019assurer que toutes les mentions requises y figurent mais aussi et surtout\u00a0; d\u2019en mesurer les effets potentiels et les risques inh\u00e9rents. L\u2019\u00e9valuation de vos opportunit\u00e9s est en effet une \u00e9tape primordiale qu\u2019il convient de [&hellip;]","og_url":"https:\/\/www.abitbol-associes.com\/he\/gestion-de-contrats-et-revision-de-documents\/","og_site_name":"Abitbol Associes","article_modified_time":"2019-08-13T16:43:03+00:00","og_image":[{"url":"https:\/\/abitbol-associes.com\/wp-content\/uploads\/2018\/01\/AA_Logo_Final-300x159.gif","type":"","width":"","height":""}],"twitter_card":"summary_large_image","twitter_misc":{"Est. reading time":"5 minutes"},"schema":{"@context":"https:\/\/schema.org","@graph":[{"@type":"WebPage","@id":"https:\/\/www.abitbol-associes.com\/he\/gestion-de-contrats-et-revision-de-documents\/","url":"https:\/\/www.abitbol-associes.com\/he\/gestion-de-contrats-et-revision-de-documents\/","name":"Gestion de contrats et R\u00e9vision de documents - Abitbol Associes","isPartOf":{"@id":"https:\/\/www.abitbol-associes.com\/he\/#website"},"primaryImageOfPage":{"@id":"https:\/\/www.abitbol-associes.com\/he\/gestion-de-contrats-et-revision-de-documents\/#primaryimage"},"image":{"@id":"https:\/\/www.abitbol-associes.com\/fr\/gestion-de-contrats-et-revision-de-documents\/#primaryimage"},"thumbnailUrl":"https:\/\/abitbol-associes.com\/wp-content\/uploads\/2018\/01\/AA_Logo_Final-300x159.gif","datePublished":"2013-02-05T12:02:49+00:00","dateModified":"2019-08-13T16:43:03+00:00","breadcrumb":{"@id":"https:\/\/www.abitbol-associes.com\/he\/gestion-de-contrats-et-revision-de-documents\/#breadcrumb"},"inLanguage":"iw-IW","potentialAction":[{"@type":"ReadAction","target":[["https:\/\/www.abitbol-associes.com\/he\/gestion-de-contrats-et-revision-de-documents\/"]]}]},{"@type":"ImageObject","inLanguage":"iw-IW","@id":"https:\/\/www.abitbol-associes.com\/he\/gestion-de-contrats-et-revision-de-documents\/#primaryimage","url":"https:\/\/abitbol-associes.com\/wp-content\/uploads\/2018\/01\/AA_Logo_Final-300x159.gif","contentUrl":"https:\/\/abitbol-associes.com\/wp-content\/uploads\/2018\/01\/AA_Logo_Final-300x159.gif"},{"@type":"BreadcrumbList","@id":"https:\/\/www.abitbol-associes.com\/he\/gestion-de-contrats-et-revision-de-documents\/#breadcrumb","itemListElement":[{"@type":"ListItem","position":1,"name":"Home","item":"https:\/\/www.abitbol-associes.com\/he\/"},{"@type":"ListItem","position":2,"name":"Gestion de contrats et R\u00e9vision de documents"}]},{"@type":"WebSite","@id":"https:\/\/www.abitbol-associes.com\/he\/#website","url":"https:\/\/www.abitbol-associes.com\/he\/","name":"Abitbol Associes","description":"Parce que votre exigence est notre priorit\u00e9","potentialAction":[{"@type":"SearchAction","target":{"@type":"EntryPoint","urlTemplate":"https:\/\/www.abitbol-associes.com\/he\/?s={search_term_string}"},"query-input":{"@type":"PropertyValueSpecification","valueRequired":true,"valueName":"search_term_string"}}],"inLanguage":"iw-IW"}]}},"_links":{"self":[{"href":"https:\/\/www.abitbol-associes.com\/he\/wp-json\/wp\/v2\/pages\/805","targetHints":{"allow":["GET"]}}],"collection":[{"href":"https:\/\/www.abitbol-associes.com\/he\/wp-json\/wp\/v2\/pages"}],"about":[{"href":"https:\/\/www.abitbol-associes.com\/he\/wp-json\/wp\/v2\/types\/page"}],"author":[{"embeddable":true,"href":"https:\/\/www.abitbol-associes.com\/he\/wp-json\/wp\/v2\/users\/2"}],"replies":[{"embeddable":true,"href":"https:\/\/www.abitbol-associes.com\/he\/wp-json\/wp\/v2\/comments?post=805"}],"version-history":[{"count":14,"href":"https:\/\/www.abitbol-associes.com\/he\/wp-json\/wp\/v2\/pages\/805\/revisions"}],"predecessor-version":[{"id":2878,"href":"https:\/\/www.abitbol-associes.com\/he\/wp-json\/wp\/v2\/pages\/805\/revisions\/2878"}],"wp:attachment":[{"href":"https:\/\/www.abitbol-associes.com\/he\/wp-json\/wp\/v2\/media?parent=805"}],"curies":[{"name":"wp","href":"https:\/\/api.w.org\/{rel}","templated":true}]}}