{"id":802,"date":"2013-02-05T12:01:38","date_gmt":"2013-02-05T12:01:38","guid":{"rendered":"http:\/\/www.abitbol-associes.com\/?page_id=802"},"modified":"2019-08-13T16:44:07","modified_gmt":"2019-08-13T16:44:07","slug":"secretariat-juridique-dentreprises-2","status":"publish","type":"page","link":"https:\/\/www.abitbol-associes.com\/he\/secretariat-juridique-dentreprises-2\/","title":{"rendered":"Secr\u00e9tariat juridique d\u2019entreprises"},"content":{"rendered":"<p><\/p>\n<blockquote>\n<p style=\"text-align: justify;\">Nous offrons \u00e0 nos clients une large gamme de services de secr\u00e9tariat juridique d\u2019entreprises adapt\u00e9s \u00e0 leur organisation en plusieurs d\u00e9partements ou filiales. Notre intervention possible sous forme de missions vous fait b\u00e9n\u00e9ficier de nos prestations &#8220;\u00e0 la carte&#8221;, en ad\u00e9quation avec la r\u00e9alit\u00e9 de vos besoins.<\/p>\n<\/blockquote>\n<p style=\"text-align: justify;\">Nous vous aidons \u00e0 surmonter les difficult\u00e9s inh\u00e9rentes aux services de secr\u00e9tariat juridique d\u2019entreprises gr\u00e2ce \u00e0 notre organisation humaine et informatique sans faille, alli\u00e9e \u00e0 une forte r\u00e9activit\u00e9. Nos \u00e9quipes de juristes et de secr\u00e9taires juridiques dipl\u00f4m\u00e9es poss\u00e8dent une exp\u00e9rience pr\u00e9alable au sein d\u2019entreprises ou de cabinets d\u2019avocats.<\/p>\n<p style=\"text-align: justify;\">Faire appel \u00e0 nos services de secr\u00e9tariat d\u2019entreprises vous permet :<\/p>\n<ol>\n<li style=\"text-align: justify;\">de r\u00e9aliser d\u2019importantes \u00e9conomies financi\u00e8res<\/li>\n<li style=\"text-align: justify;\">de b\u00e9n\u00e9ficier d\u2019un secr\u00e9tariat juridique organis\u00e9 et centralis\u00e9<\/li>\n<li style=\"text-align: justify;\">de gagner en souplesse et r\u00e9activit\u00e9<\/li>\n<li style=\"text-align: justify;\">de r\u00e9aliser un gain de temps important<\/li>\n<li style=\"text-align: justify;\">d\u2019obtenir un travail de qualit\u00e9 en toutes circonstances<\/li>\n<\/ol>\n<p><span style=\"text-decoration: underline;\"><strong> D\u00e9tail de nos services :<\/strong><\/span><\/p>\n<p><strong>Gestion juridique des structures<\/strong><\/p>\n<p style=\"text-align: justify;\">1. Accomplissement des formalit\u00e9s de constitution :<\/p>\n<p>&#8211; R\u00e9daction des statuts et des documents li\u00e9s n\u00e9cessaires \u00e0 la constitution de la soci\u00e9t\u00e9<br \/>\n&#8211; Accomplissement des formalit\u00e9s de publicit\u00e9<\/p>\n<p style=\"text-align: justify;\">2. Suivi annuel :<\/p>\n<p>&#8211; Gestion de la documentation juridique relative aux AGO, AGE et mixtes :<\/p>\n<ul>\n<li style=\"text-align: justify;\">Etablissement et envoi des convocations<\/li>\n<li style=\"text-align: justify;\">Etablissement des comptes rendus de conseil d\u2019administration, directoire, conseil de surveillance<\/li>\n<li style=\"text-align: justify;\">Etablissement des proc\u00e8s-verbaux des AG<\/li>\n<li style=\"text-align: justify;\">D\u00e9p\u00f4t des actes juridiques<\/li>\n<li style=\"text-align: justify;\">Accomplissement des formalit\u00e9s de publicit\u00e9<\/li>\n<li style=\"text-align: justify;\">R\u00e9daction d\u2019actes de droit social (r\u00e8glement int\u00e9rieur, rapports de r\u00e9unions\u2026)<\/li>\n<\/ul>\n<p><strong>Gestion et r\u00e9vision de documents<\/strong><\/p>\n<p style=\"text-align: justify;\">&#8211; R\u00e9vision de documents (mise en forme, corrections grammaticales et orthographiques\u2026)<br \/>\n&#8211; Gestion de documents (organisation, classements, envois\u2026)<br \/>\n&#8211;\u00a0R\u00e9daction de conclusions et notes de synth\u00e8se<\/p>\n<p><strong>Recherches et mises \u00e0 jour juridiques<\/strong><\/p>\n<p style=\"text-align: justify;\">&#8211; Recherches juridiques<br \/>\n&#8211; Veilles juridiques sur secteurs cibl\u00e9s<br \/>\n&#8211; R\u00e9sum\u00e9s de jurisprudences et lois<br \/>\n&#8211; \u00ab Monitoring compliance \u00bb ou mise \u00e0 jour des exigences l\u00e9gales (registres l\u00e9gaux, contrats, sites internet\u2026)<\/p>\n<p><strong>R\u00e9daction et gestion des bases de donn\u00e9es<\/strong><\/p>\n<p>&#8211; R\u00e9daction et retranscription de donn\u00e9es diverses<br \/>\n&#8211; Organisation et classement informatique des donn\u00e9es de l\u2019entreprise<br \/>\n&#8211; Gestion de la base de donn\u00e9es li\u00e9e \u00e0 la vie sociale de la soci\u00e9t\u00e9<br \/>\n&#8211; Transmissions des bases de donn\u00e9es au sein de l\u2019entreprise et du groupe<br \/>\n&#8211; Mises \u00e0 jour des informations archiv\u00e9es (Organigramme, nouveaux produits, \u00e9v\u00e8nements\u2026)<\/p>","protected":false},"excerpt":{"rendered":"<p>Nous offrons \u00e0 nos clients une large gamme de services de secr\u00e9tariat juridique d\u2019entreprises adapt\u00e9s \u00e0 leur organisation en plusieurs d\u00e9partements ou filiales. Notre intervention possible sous forme de missions vous fait b\u00e9n\u00e9ficier de nos prestations &#8220;\u00e0 la carte&#8221;, en ad\u00e9quation avec la r\u00e9alit\u00e9 de vos besoins. Nous vous aidons \u00e0 surmonter les difficult\u00e9s inh\u00e9rentes [&hellip;]<\/p>\n","protected":false},"author":2,"featured_media":0,"parent":0,"menu_order":0,"comment_status":"open","ping_status":"open","template":"","meta":{"footnotes":""},"class_list":["post-802","page","type-page","status-publish","hentry"],"yoast_head":"<!-- This site is optimized with the Yoast SEO plugin v25.5 - https:\/\/yoast.com\/wordpress\/plugins\/seo\/ -->\n<title>Secr\u00e9tariat juridique d\u2019entreprises - Abitbol Associes<\/title>\n<meta name=\"robots\" content=\"index, follow, max-snippet:-1, max-image-preview:large, max-video-preview:-1\" \/>\n<link rel=\"canonical\" href=\"https:\/\/www.abitbol-associes.com\/he\/secretariat-juridique-dentreprises\/\" \/>\n<meta property=\"og:locale\" content=\"en_US\" \/>\n<meta property=\"og:type\" content=\"article\" \/>\n<meta property=\"og:title\" content=\"Secr\u00e9tariat juridique d\u2019entreprises - Abitbol Associes\" \/>\n<meta property=\"og:description\" content=\"Nous offrons \u00e0 nos clients une large gamme de services de secr\u00e9tariat juridique d\u2019entreprises adapt\u00e9s \u00e0 leur organisation en plusieurs d\u00e9partements ou filiales. Notre intervention possible sous forme de missions vous fait b\u00e9n\u00e9ficier de nos prestations &#8220;\u00e0 la carte&#8221;, en ad\u00e9quation avec la r\u00e9alit\u00e9 de vos besoins. Nous vous aidons \u00e0 surmonter les difficult\u00e9s inh\u00e9rentes [&hellip;]\" \/>\n<meta property=\"og:url\" content=\"https:\/\/www.abitbol-associes.com\/he\/secretariat-juridique-dentreprises\/\" \/>\n<meta property=\"og:site_name\" content=\"Abitbol Associes\" \/>\n<meta property=\"article:modified_time\" content=\"2019-08-13T16:44:07+00:00\" \/>\n<meta property=\"og:image\" content=\"https:\/\/abitbol-associes.com\/wp-content\/uploads\/2018\/01\/AA_Logo_Final-300x159.gif\" \/>\n<meta name=\"twitter:card\" content=\"summary_large_image\" \/>\n<meta name=\"twitter:label1\" content=\"Est. reading time\" \/>\n\t<meta name=\"twitter:data1\" content=\"7 minutes\" \/>\n<script type=\"application\/ld+json\" class=\"yoast-schema-graph\">{\"@context\":\"https:\/\/schema.org\",\"@graph\":[{\"@type\":\"WebPage\",\"@id\":\"https:\/\/www.abitbol-associes.com\/he\/secretariat-juridique-dentreprises\/\",\"url\":\"https:\/\/www.abitbol-associes.com\/he\/secretariat-juridique-dentreprises\/\",\"name\":\"Secr\u00e9tariat juridique d\u2019entreprises - Abitbol Associes\",\"isPartOf\":{\"@id\":\"https:\/\/www.abitbol-associes.com\/he\/#website\"},\"primaryImageOfPage\":{\"@id\":\"https:\/\/www.abitbol-associes.com\/he\/secretariat-juridique-dentreprises\/#primaryimage\"},\"image\":{\"@id\":\"https:\/\/www.abitbol-associes.com\/fr\/secretariat-juridique-dentreprises\/#primaryimage\"},\"thumbnailUrl\":\"https:\/\/abitbol-associes.com\/wp-content\/uploads\/2018\/01\/AA_Logo_Final-300x159.gif\",\"datePublished\":\"2013-02-05T12:01:38+00:00\",\"dateModified\":\"2019-08-13T16:44:07+00:00\",\"breadcrumb\":{\"@id\":\"https:\/\/www.abitbol-associes.com\/he\/secretariat-juridique-dentreprises\/#breadcrumb\"},\"inLanguage\":\"iw-IW\",\"potentialAction\":[{\"@type\":\"ReadAction\",\"target\":[[\"https:\/\/www.abitbol-associes.com\/he\/secretariat-juridique-dentreprises\/\"]]}]},{\"@type\":\"ImageObject\",\"inLanguage\":\"iw-IW\",\"@id\":\"https:\/\/www.abitbol-associes.com\/he\/secretariat-juridique-dentreprises\/#primaryimage\",\"url\":\"https:\/\/abitbol-associes.com\/wp-content\/uploads\/2018\/01\/AA_Logo_Final-300x159.gif\",\"contentUrl\":\"https:\/\/abitbol-associes.com\/wp-content\/uploads\/2018\/01\/AA_Logo_Final-300x159.gif\"},{\"@type\":\"BreadcrumbList\",\"@id\":\"https:\/\/www.abitbol-associes.com\/he\/secretariat-juridique-dentreprises\/#breadcrumb\",\"itemListElement\":[{\"@type\":\"ListItem\",\"position\":1,\"name\":\"Home\",\"item\":\"https:\/\/www.abitbol-associes.com\/he\/\"},{\"@type\":\"ListItem\",\"position\":2,\"name\":\"Secr\u00e9tariat juridique d\u2019entreprises\"}]},{\"@type\":\"WebSite\",\"@id\":\"https:\/\/www.abitbol-associes.com\/he\/#website\",\"url\":\"https:\/\/www.abitbol-associes.com\/he\/\",\"name\":\"Abitbol Associes\",\"description\":\"Parce que votre exigence est notre priorit\u00e9\",\"potentialAction\":[{\"@type\":\"SearchAction\",\"target\":{\"@type\":\"EntryPoint\",\"urlTemplate\":\"https:\/\/www.abitbol-associes.com\/he\/?s={search_term_string}\"},\"query-input\":{\"@type\":\"PropertyValueSpecification\",\"valueRequired\":true,\"valueName\":\"search_term_string\"}}],\"inLanguage\":\"iw-IW\"}]}<\/script>\n<!-- \/ Yoast SEO plugin. -->","yoast_head_json":{"title":"Secr\u00e9tariat juridique d\u2019entreprises - Abitbol Associes","robots":{"index":"index","follow":"follow","max-snippet":"max-snippet:-1","max-image-preview":"max-image-preview:large","max-video-preview":"max-video-preview:-1"},"canonical":"https:\/\/www.abitbol-associes.com\/he\/secretariat-juridique-dentreprises\/","og_locale":"en_US","og_type":"article","og_title":"Secr\u00e9tariat juridique d\u2019entreprises - Abitbol Associes","og_description":"Nous offrons \u00e0 nos clients une large gamme de services de secr\u00e9tariat juridique d\u2019entreprises adapt\u00e9s \u00e0 leur organisation en plusieurs d\u00e9partements ou filiales. Notre intervention possible sous forme de missions vous fait b\u00e9n\u00e9ficier de nos prestations &#8220;\u00e0 la carte&#8221;, en ad\u00e9quation avec la r\u00e9alit\u00e9 de vos besoins. Nous vous aidons \u00e0 surmonter les difficult\u00e9s inh\u00e9rentes [&hellip;]","og_url":"https:\/\/www.abitbol-associes.com\/he\/secretariat-juridique-dentreprises\/","og_site_name":"Abitbol Associes","article_modified_time":"2019-08-13T16:44:07+00:00","og_image":[{"url":"https:\/\/abitbol-associes.com\/wp-content\/uploads\/2018\/01\/AA_Logo_Final-300x159.gif","type":"","width":"","height":""}],"twitter_card":"summary_large_image","twitter_misc":{"Est. reading time":"7 minutes"},"schema":{"@context":"https:\/\/schema.org","@graph":[{"@type":"WebPage","@id":"https:\/\/www.abitbol-associes.com\/he\/secretariat-juridique-dentreprises\/","url":"https:\/\/www.abitbol-associes.com\/he\/secretariat-juridique-dentreprises\/","name":"Secr\u00e9tariat juridique d\u2019entreprises - Abitbol Associes","isPartOf":{"@id":"https:\/\/www.abitbol-associes.com\/he\/#website"},"primaryImageOfPage":{"@id":"https:\/\/www.abitbol-associes.com\/he\/secretariat-juridique-dentreprises\/#primaryimage"},"image":{"@id":"https:\/\/www.abitbol-associes.com\/fr\/secretariat-juridique-dentreprises\/#primaryimage"},"thumbnailUrl":"https:\/\/abitbol-associes.com\/wp-content\/uploads\/2018\/01\/AA_Logo_Final-300x159.gif","datePublished":"2013-02-05T12:01:38+00:00","dateModified":"2019-08-13T16:44:07+00:00","breadcrumb":{"@id":"https:\/\/www.abitbol-associes.com\/he\/secretariat-juridique-dentreprises\/#breadcrumb"},"inLanguage":"iw-IW","potentialAction":[{"@type":"ReadAction","target":[["https:\/\/www.abitbol-associes.com\/he\/secretariat-juridique-dentreprises\/"]]}]},{"@type":"ImageObject","inLanguage":"iw-IW","@id":"https:\/\/www.abitbol-associes.com\/he\/secretariat-juridique-dentreprises\/#primaryimage","url":"https:\/\/abitbol-associes.com\/wp-content\/uploads\/2018\/01\/AA_Logo_Final-300x159.gif","contentUrl":"https:\/\/abitbol-associes.com\/wp-content\/uploads\/2018\/01\/AA_Logo_Final-300x159.gif"},{"@type":"BreadcrumbList","@id":"https:\/\/www.abitbol-associes.com\/he\/secretariat-juridique-dentreprises\/#breadcrumb","itemListElement":[{"@type":"ListItem","position":1,"name":"Home","item":"https:\/\/www.abitbol-associes.com\/he\/"},{"@type":"ListItem","position":2,"name":"Secr\u00e9tariat juridique d\u2019entreprises"}]},{"@type":"WebSite","@id":"https:\/\/www.abitbol-associes.com\/he\/#website","url":"https:\/\/www.abitbol-associes.com\/he\/","name":"Abitbol Associes","description":"Parce que votre exigence est notre priorit\u00e9","potentialAction":[{"@type":"SearchAction","target":{"@type":"EntryPoint","urlTemplate":"https:\/\/www.abitbol-associes.com\/he\/?s={search_term_string}"},"query-input":{"@type":"PropertyValueSpecification","valueRequired":true,"valueName":"search_term_string"}}],"inLanguage":"iw-IW"}]}},"_links":{"self":[{"href":"https:\/\/www.abitbol-associes.com\/he\/wp-json\/wp\/v2\/pages\/802","targetHints":{"allow":["GET"]}}],"collection":[{"href":"https:\/\/www.abitbol-associes.com\/he\/wp-json\/wp\/v2\/pages"}],"about":[{"href":"https:\/\/www.abitbol-associes.com\/he\/wp-json\/wp\/v2\/types\/page"}],"author":[{"embeddable":true,"href":"https:\/\/www.abitbol-associes.com\/he\/wp-json\/wp\/v2\/users\/2"}],"replies":[{"embeddable":true,"href":"https:\/\/www.abitbol-associes.com\/he\/wp-json\/wp\/v2\/comments?post=802"}],"version-history":[{"count":24,"href":"https:\/\/www.abitbol-associes.com\/he\/wp-json\/wp\/v2\/pages\/802\/revisions"}],"predecessor-version":[{"id":2881,"href":"https:\/\/www.abitbol-associes.com\/he\/wp-json\/wp\/v2\/pages\/802\/revisions\/2881"}],"wp:attachment":[{"href":"https:\/\/www.abitbol-associes.com\/he\/wp-json\/wp\/v2\/media?parent=802"}],"curies":[{"name":"wp","href":"https:\/\/api.w.org\/{rel}","templated":true}]}}