{"id":770,"date":"2013-02-05T11:28:17","date_gmt":"2013-02-05T11:28:17","guid":{"rendered":"http:\/\/www.abitbol-associes.com\/?page_id=770"},"modified":"2019-08-13T16:43:35","modified_gmt":"2019-08-13T16:43:35","slug":"management-juridique-des-projets","status":"publish","type":"page","link":"https:\/\/www.abitbol-associes.com\/he\/management-juridique-des-projets\/","title":{"rendered":"Maintenance juridique des logiciels"},"content":{"rendered":"<p><strong>Devant la croissance du nombre de solutions logicielles appliqu\u00e9es aux diff\u00e9rents domaines du droit, Abitbol &amp; Associ\u00e9s propose aux directions juridiques d&#8217;entreprises et cabinets d&#8217;avocats, des services de maintenance juridique r\u00e9pondant \u00e0 tous leurs besoins\u00a0d\u2019impl\u00e9mentation, de veille et de mise \u00e0 jour des logiciels.<\/strong><\/p>\n<p><span style=\"text-decoration: underline;\"><strong>Logiciels de Gestion de Contrats:<\/strong><\/span><\/p>\n<p>Abitbol &amp; Associ\u00e9s a constitu\u00e9 une \u00e9quipe de juristes sp\u00e9cialis\u00e9s dans les besoins en maintenance juridique \u00e0 toutes les phases d&#8217;utilisation des logiciels Entergence et Encobi<\/p>\n<ul>\n<li><em>En phase d\u2019impl\u00e9mentation :<\/em><\/li>\n<\/ul>\n<p>&#8211; Analyse de chaque contrat de l&#8217;entreprise au niveau des clauses et des sous-clauses<\/p>\n<p>&#8211; Constitution des Arbres de connaissance<\/p>\n<ul>\n<li><em>En phase de maintenance :<\/em><\/li>\n<\/ul>\n<p>&#8211; R\u00e9daction des mod\u00e8les de contrat standards: contrats de distribution, de ventes et d\u2019achat, de partenariats, de louage.<\/p>\n<p>&#8211; Actualisation de la base de connaissance : mise \u00e0 jour des notices de r\u00e9daction (playbooks), des mod\u00e8les de contrats et de l\u2019Arbre de connaissance.<\/p>\n<p><span style=\"text-decoration: underline;\"><strong>Nos autres domaines d&#8217;intervention<\/strong><\/span><\/p>\n<p>Nous mettons \u00e9galement nos comp\u00e9tences au services de logiciels dans les domaines suivants:<\/p>\n<ol>\n<li>Conseil interne<\/li>\n<li>Gestion de contentieux<\/li>\n<li>Gestion des assurances<\/li>\n<li>Droit des soci\u00e9t\u00e9s<\/li>\n<li>D\u00e9l\u00e9gation de pouvoirs et de signatures<\/li>\n<li>Propri\u00e9t\u00e9 intellectuelle<\/li>\n<li>Gestion du patrimoine immobilier<\/li>\n<li>Donn\u00e9es personnelles<\/li>\n<li>Applications transverses<\/li>\n<\/ol>\n<p><\/p>","protected":false},"excerpt":{"rendered":"<p>Devant la croissance du nombre de solutions logicielles appliqu\u00e9es aux diff\u00e9rents domaines du droit, Abitbol &amp; Associ\u00e9s propose aux directions juridiques d&#8217;entreprises et cabinets d&#8217;avocats, des services de maintenance juridique r\u00e9pondant \u00e0 tous leurs besoins\u00a0d\u2019impl\u00e9mentation, de veille et de mise \u00e0 jour des logiciels. Logiciels de Gestion de Contrats: Abitbol &amp; Associ\u00e9s a constitu\u00e9 une [&hellip;]<\/p>\n","protected":false},"author":2,"featured_media":0,"parent":0,"menu_order":0,"comment_status":"open","ping_status":"closed","template":"","meta":{"footnotes":""},"class_list":["post-770","page","type-page","status-publish","hentry"],"yoast_head":"<!-- This site is optimized with the Yoast SEO plugin v25.5 - https:\/\/yoast.com\/wordpress\/plugins\/seo\/ -->\n<title>Maintenance juridique des logiciels - Abitbol Associes<\/title>\n<meta name=\"robots\" content=\"index, follow, max-snippet:-1, max-image-preview:large, max-video-preview:-1\" \/>\n<link rel=\"canonical\" href=\"https:\/\/www.abitbol-associes.com\/he\/maintenance-juridique-des-logiciels\/\" \/>\n<meta property=\"og:locale\" content=\"en_US\" \/>\n<meta property=\"og:type\" content=\"article\" \/>\n<meta property=\"og:title\" content=\"Maintenance juridique des logiciels - Abitbol Associes\" \/>\n<meta property=\"og:description\" content=\"Devant la croissance du nombre de solutions logicielles appliqu\u00e9es aux diff\u00e9rents domaines du droit, Abitbol &amp; Associ\u00e9s propose aux directions juridiques d&#8217;entreprises et cabinets d&#8217;avocats, des services de maintenance juridique r\u00e9pondant \u00e0 tous leurs besoins\u00a0d\u2019impl\u00e9mentation, de veille et de mise \u00e0 jour des logiciels. Logiciels de Gestion de Contrats: Abitbol &amp; Associ\u00e9s a constitu\u00e9 une [&hellip;]\" \/>\n<meta property=\"og:url\" content=\"https:\/\/www.abitbol-associes.com\/he\/maintenance-juridique-des-logiciels\/\" \/>\n<meta property=\"og:site_name\" content=\"Abitbol Associes\" \/>\n<meta property=\"article:modified_time\" content=\"2019-08-13T16:43:35+00:00\" \/>\n<meta property=\"og:image\" content=\"https:\/\/abitbol-associes.com\/wp-content\/uploads\/2018\/01\/AA_Logo_Final-300x159.gif\" \/>\n<meta name=\"twitter:card\" content=\"summary_large_image\" \/>\n<meta name=\"twitter:label1\" content=\"Est. reading time\" \/>\n\t<meta name=\"twitter:data1\" content=\"3 minutes\" \/>\n<script type=\"application\/ld+json\" class=\"yoast-schema-graph\">{\"@context\":\"https:\/\/schema.org\",\"@graph\":[{\"@type\":\"WebPage\",\"@id\":\"https:\/\/www.abitbol-associes.com\/he\/maintenance-juridique-des-logiciels\/\",\"url\":\"https:\/\/www.abitbol-associes.com\/he\/maintenance-juridique-des-logiciels\/\",\"name\":\"Maintenance juridique des logiciels - Abitbol Associes\",\"isPartOf\":{\"@id\":\"https:\/\/www.abitbol-associes.com\/he\/#website\"},\"primaryImageOfPage\":{\"@id\":\"https:\/\/www.abitbol-associes.com\/he\/maintenance-juridique-des-logiciels\/#primaryimage\"},\"image\":{\"@id\":\"https:\/\/www.abitbol-associes.com\/fr\/maintenance-juridique-des-logiciels\/#primaryimage\"},\"thumbnailUrl\":\"https:\/\/abitbol-associes.com\/wp-content\/uploads\/2018\/01\/AA_Logo_Final-300x159.gif\",\"datePublished\":\"2013-02-05T11:28:17+00:00\",\"dateModified\":\"2019-08-13T16:43:35+00:00\",\"breadcrumb\":{\"@id\":\"https:\/\/www.abitbol-associes.com\/he\/maintenance-juridique-des-logiciels\/#breadcrumb\"},\"inLanguage\":\"iw-IW\",\"potentialAction\":[{\"@type\":\"ReadAction\",\"target\":[[\"https:\/\/www.abitbol-associes.com\/he\/maintenance-juridique-des-logiciels\/\"]]}]},{\"@type\":\"ImageObject\",\"inLanguage\":\"iw-IW\",\"@id\":\"https:\/\/www.abitbol-associes.com\/he\/maintenance-juridique-des-logiciels\/#primaryimage\",\"url\":\"https:\/\/abitbol-associes.com\/wp-content\/uploads\/2018\/01\/AA_Logo_Final-300x159.gif\",\"contentUrl\":\"https:\/\/abitbol-associes.com\/wp-content\/uploads\/2018\/01\/AA_Logo_Final-300x159.gif\"},{\"@type\":\"BreadcrumbList\",\"@id\":\"https:\/\/www.abitbol-associes.com\/he\/maintenance-juridique-des-logiciels\/#breadcrumb\",\"itemListElement\":[{\"@type\":\"ListItem\",\"position\":1,\"name\":\"Home\",\"item\":\"https:\/\/www.abitbol-associes.com\/he\/\"},{\"@type\":\"ListItem\",\"position\":2,\"name\":\"Maintenance juridique des logiciels\"}]},{\"@type\":\"WebSite\",\"@id\":\"https:\/\/www.abitbol-associes.com\/he\/#website\",\"url\":\"https:\/\/www.abitbol-associes.com\/he\/\",\"name\":\"Abitbol Associes\",\"description\":\"Parce que votre exigence est notre priorit\u00e9\",\"potentialAction\":[{\"@type\":\"SearchAction\",\"target\":{\"@type\":\"EntryPoint\",\"urlTemplate\":\"https:\/\/www.abitbol-associes.com\/he\/?s={search_term_string}\"},\"query-input\":{\"@type\":\"PropertyValueSpecification\",\"valueRequired\":true,\"valueName\":\"search_term_string\"}}],\"inLanguage\":\"iw-IW\"}]}<\/script>\n<!-- \/ Yoast SEO plugin. -->","yoast_head_json":{"title":"Maintenance juridique des logiciels - Abitbol Associes","robots":{"index":"index","follow":"follow","max-snippet":"max-snippet:-1","max-image-preview":"max-image-preview:large","max-video-preview":"max-video-preview:-1"},"canonical":"https:\/\/www.abitbol-associes.com\/he\/maintenance-juridique-des-logiciels\/","og_locale":"en_US","og_type":"article","og_title":"Maintenance juridique des logiciels - Abitbol Associes","og_description":"Devant la croissance du nombre de solutions logicielles appliqu\u00e9es aux diff\u00e9rents domaines du droit, Abitbol &amp; Associ\u00e9s propose aux directions juridiques d&#8217;entreprises et cabinets d&#8217;avocats, des services de maintenance juridique r\u00e9pondant \u00e0 tous leurs besoins\u00a0d\u2019impl\u00e9mentation, de veille et de mise \u00e0 jour des logiciels. Logiciels de Gestion de Contrats: Abitbol &amp; Associ\u00e9s a constitu\u00e9 une [&hellip;]","og_url":"https:\/\/www.abitbol-associes.com\/he\/maintenance-juridique-des-logiciels\/","og_site_name":"Abitbol Associes","article_modified_time":"2019-08-13T16:43:35+00:00","og_image":[{"url":"https:\/\/abitbol-associes.com\/wp-content\/uploads\/2018\/01\/AA_Logo_Final-300x159.gif","type":"","width":"","height":""}],"twitter_card":"summary_large_image","twitter_misc":{"Est. reading time":"3 minutes"},"schema":{"@context":"https:\/\/schema.org","@graph":[{"@type":"WebPage","@id":"https:\/\/www.abitbol-associes.com\/he\/maintenance-juridique-des-logiciels\/","url":"https:\/\/www.abitbol-associes.com\/he\/maintenance-juridique-des-logiciels\/","name":"Maintenance juridique des logiciels - Abitbol Associes","isPartOf":{"@id":"https:\/\/www.abitbol-associes.com\/he\/#website"},"primaryImageOfPage":{"@id":"https:\/\/www.abitbol-associes.com\/he\/maintenance-juridique-des-logiciels\/#primaryimage"},"image":{"@id":"https:\/\/www.abitbol-associes.com\/fr\/maintenance-juridique-des-logiciels\/#primaryimage"},"thumbnailUrl":"https:\/\/abitbol-associes.com\/wp-content\/uploads\/2018\/01\/AA_Logo_Final-300x159.gif","datePublished":"2013-02-05T11:28:17+00:00","dateModified":"2019-08-13T16:43:35+00:00","breadcrumb":{"@id":"https:\/\/www.abitbol-associes.com\/he\/maintenance-juridique-des-logiciels\/#breadcrumb"},"inLanguage":"iw-IW","potentialAction":[{"@type":"ReadAction","target":[["https:\/\/www.abitbol-associes.com\/he\/maintenance-juridique-des-logiciels\/"]]}]},{"@type":"ImageObject","inLanguage":"iw-IW","@id":"https:\/\/www.abitbol-associes.com\/he\/maintenance-juridique-des-logiciels\/#primaryimage","url":"https:\/\/abitbol-associes.com\/wp-content\/uploads\/2018\/01\/AA_Logo_Final-300x159.gif","contentUrl":"https:\/\/abitbol-associes.com\/wp-content\/uploads\/2018\/01\/AA_Logo_Final-300x159.gif"},{"@type":"BreadcrumbList","@id":"https:\/\/www.abitbol-associes.com\/he\/maintenance-juridique-des-logiciels\/#breadcrumb","itemListElement":[{"@type":"ListItem","position":1,"name":"Home","item":"https:\/\/www.abitbol-associes.com\/he\/"},{"@type":"ListItem","position":2,"name":"Maintenance juridique des logiciels"}]},{"@type":"WebSite","@id":"https:\/\/www.abitbol-associes.com\/he\/#website","url":"https:\/\/www.abitbol-associes.com\/he\/","name":"Abitbol Associes","description":"Parce que votre exigence est notre priorit\u00e9","potentialAction":[{"@type":"SearchAction","target":{"@type":"EntryPoint","urlTemplate":"https:\/\/www.abitbol-associes.com\/he\/?s={search_term_string}"},"query-input":{"@type":"PropertyValueSpecification","valueRequired":true,"valueName":"search_term_string"}}],"inLanguage":"iw-IW"}]}},"_links":{"self":[{"href":"https:\/\/www.abitbol-associes.com\/he\/wp-json\/wp\/v2\/pages\/770","targetHints":{"allow":["GET"]}}],"collection":[{"href":"https:\/\/www.abitbol-associes.com\/he\/wp-json\/wp\/v2\/pages"}],"about":[{"href":"https:\/\/www.abitbol-associes.com\/he\/wp-json\/wp\/v2\/types\/page"}],"author":[{"embeddable":true,"href":"https:\/\/www.abitbol-associes.com\/he\/wp-json\/wp\/v2\/users\/2"}],"replies":[{"embeddable":true,"href":"https:\/\/www.abitbol-associes.com\/he\/wp-json\/wp\/v2\/comments?post=770"}],"version-history":[{"count":20,"href":"https:\/\/www.abitbol-associes.com\/he\/wp-json\/wp\/v2\/pages\/770\/revisions"}],"predecessor-version":[{"id":2879,"href":"https:\/\/www.abitbol-associes.com\/he\/wp-json\/wp\/v2\/pages\/770\/revisions\/2879"}],"wp:attachment":[{"href":"https:\/\/www.abitbol-associes.com\/he\/wp-json\/wp\/v2\/media?parent=770"}],"curies":[{"name":"wp","href":"https:\/\/api.w.org\/{rel}","templated":true}]}}