{"id":2941,"date":"2019-12-18T11:04:08","date_gmt":"2019-12-18T11:04:08","guid":{"rendered":"http:\/\/www.abitbol-associes.com\/fr\/?page_id=2941"},"modified":"2019-12-25T10:10:00","modified_gmt":"2019-12-25T10:10:00","slug":"notariat-en-droit-israelien","status":"publish","type":"page","link":"https:\/\/www.abitbol-associes.com\/he\/notariat-en-droit-israelien\/","title":{"rendered":"\u05e9\u05d9\u05e8\u05d5\u05ea\u05d9 \u05e0\u05d5\u05d8\u05e8\u05d9\u05d5\u05df \u05e2\u05dc \u05e4\u05d9 \u05d7\u05d5\u05e7 \u05d4\u05d9\u05e9\u05e8\u05d0\u05dc\u05d9"},"content":{"rendered":"<p><\/p>\n<p style=\"text-align: center;\"><div class='et-box et-shadow'>\n\t\t\t\t\t<div class='et-box-content'><div class='et_quote quote-center'>\n\t\t\t<div class='et_right_quote'>\n\t\t\t\t\u05e6\u05d5\u05d5\u05ea \u05d4\u05de\u05e9\u05e8\u05d3 \u05de\u05d5\u05e1\u05de\u05da \u05dc\u05d8\u05e4\u05dc \u05d1\u05db\u05dc \u05de\u05e1\u05de\u05da \u05d5\/\u05d0\u05d5 \u05d7\u05d5\u05d6\u05d4 \u05e2\u05d1\u05d5\u05e8\u05dd \u05de\u05d1\u05e7\u05e9 \u05d4\u05dc\u05e7\u05d5\u05d7 \u05d0\u05d9\u05e9\u05d5\u05e8 \u05d0\u05de\u05d9\u05ea\u05d5\u05ea\n\t\t\t\t<span class='et_quote_additional_sign'><\/span>\n\t\t\t<\/div>\n\t\t\t<span class='et_quote_sign'><\/span>\n\t\t<\/div>\n\t\n<p dir=\"rtl\" style=\"text-align: right;\"><strong>\u05dc\u05d0\u05d5\u05e8 \u05e0\u05d9\u05e1\u05d9\u05d5\u05e0\u05d5 \u05d4\u05e2\u05e9\u05d9\u05e8 \u05d5\u05d4\u05ea\u05de\u05d7\u05d5\u05ea\u05d5 \u05e9\u05dc \u05de\u05e9\u05e8\u05d3 \u05e2\u05d5\u05e8\u05db\u05d9 \u05d4\u05d3\u05d9\u05df \u05d0\u05d1\u05d9\u05d8\u05d1\u05d5\u05dc \u05d5\u05e9\u05d5\u05ea&#8217; \u05d1\u05d7\u05d5\u05e7 \u05d4\u05d9\u05e9\u05e8\u05d0\u05dc\u05d9 \u05d5\u05d4\u05e6\u05e8\u05e4\u05ea\u05d9 \u05d5\u05dc\u05e0\u05d5\u05db\u05d7 \u05d4\u05d1\u05d9\u05e7\u05d5\u05e9 \u05d4\u05d1\u05d9\u05e0\u05dc\u05d0\u05d5\u05de\u05d9 \u05d4\u05d4\u05d5\u05dc\u05da \u05d5\u05d2\u05d5\u05d1\u05e8, \u05d4\u05d7\u05dc\u05d9\u05d8 \u05d4\u05de\u05e9\u05e8\u05d3 \u05dc\u05d4\u05e8\u05d7\u05d9\u05d1 \u05d0\u05ea \u05ea\u05d7\u05d5\u05dd \u05d4\u05ea\u05de\u05d7\u05d5\u05ea\u05d5 \u00a0\u05d5\u05dc\u05e1\u05e4\u05e7 \u05dc\u05e7\u05d4\u05dc \u05dc\u05e7\u05d5\u05d7\u05d5\u05ea\u05d9\u05d5 \u05e9\u05d9\u05e8\u05d5\u05ea\u05d9\u05dd \u05e0\u05d5\u05d8\u05e8\u05d9\u05d5\u05e0\u05d9\u05d9\u05dd \u05d9\u05e9\u05e8\u05d0\u05dc\u05d9\u05dd.<\/strong><\/p>\n<p dir=\"rtl\" style=\"text-align: right;\"><a href=\"https:\/\/abitbol-associes.com\/mediation-et-arbitrage\/backview-of-sculpture-of-themis-femida-or-justice-goddess-on-bright-sky-copyspace-background\/\" rel=\"attachment wp-att-2709\"><img loading=\"lazy\" decoding=\"async\" class=\"wp-image-2709 alignright\" src=\"https:\/\/abitbol-associes.com\/wp-content\/uploads\/2018\/06\/M\u00e9diation-Arbitrage-France-Israel.jpg\" alt=\"M\u00e9diation Arbitrage France-Israel\" width=\"304\" height=\"203\" srcset=\"https:\/\/www.abitbol-associes.com\/wp-content\/uploads\/2018\/06\/M\u00e9diation-Arbitrage-France-Israel.jpg 500w, https:\/\/www.abitbol-associes.com\/wp-content\/uploads\/2018\/06\/M\u00e9diation-Arbitrage-France-Israel-300x200.jpg 300w, https:\/\/www.abitbol-associes.com\/wp-content\/uploads\/2018\/06\/M\u00e9diation-Arbitrage-France-Israel-140x94.jpg 140w, https:\/\/www.abitbol-associes.com\/wp-content\/uploads\/2018\/06\/M\u00e9diation-Arbitrage-France-Israel-150x100.jpg 150w\" sizes=\"auto, (max-width: 304px) 100vw, 304px\" \/><\/a><\/p>\n<p dir=\"rtl\" style=\"text-align: right;\">\u05d1\u05de\u05e1\u05d2\u05e8\u05ea \u05d6\u05d5, \u05e6\u05d5\u05d5\u05ea \u05d4\u05de\u05e9\u05e8\u05d3 \u05de\u05d5\u05e1\u05de\u05da \u05dc\u05d8\u05e4\u05dc \u05d1\u05db\u05dc \u05de\u05e1\u05de\u05da \u05d5\/\u05d0\u05d5 \u05d7\u05d5\u05d6\u05d4 \u05e2\u05d1\u05d5\u05e8\u05dd \u05de\u05d1\u05e7\u05e9 \u05d4\u05dc\u05e7\u05d5\u05d7 \u05d0\u05d9\u05e9\u05d5\u05e8 \u05d0\u05de\u05d9\u05ea\u05d5\u05ea.<\/p>\n<p dir=\"rtl\" style=\"text-align: right;\">\u05de\u05e9\u05e8\u05d3\u05e0\u05d5 \u05de\u05e1\u05e4\u05e7 \u05d0\u05ea \u05d4\u05e9\u05d9\u05e8\u05d5\u05ea\u05d9\u05dd \u05d4\u05e0\u05d5\u05d8\u05e8\u05d9\u05d5\u05e0\u05d9\u05dd \u05d4\u05d1\u05d0\u05d9\u05dd: \u05d0\u05d9\u05e9\u05d5\u05e8 \u05d4\u05e2\u05ea\u05e7 \u05e0\u05d0\u05de\u05df \u05dc\u05de\u05e7\u05d5\u05e8, \u05d0\u05d9\u05e9\u05d5\u05e8 \u05d0\u05d9\u05de\u05d5\u05ea \u05d4\u05e1\u05db\u05de\u05d9 \u05de\u05de\u05d5\u05df \u05d1\u05d9\u05df \u05d1\u05e0\u05d9 \u05d6\u05d5\u05d2 \u05d0\u05d5 \u05e6\u05d5\u05d5\u05d0\u05d5\u05ea, \u05d0\u05d9\u05de\u05d5\u05ea \u05d7\u05ea\u05d9\u05de\u05d4 \u05e0\u05d5\u05d8\u05e8\u05d9\u05d5\u05e0\u05d9 \u05e2\u05dc \u05de\u05e1\u05de\u05da \u05d7\u05d5\u05e7\u05d9, \u05db\u05d2\u05d5\u05df \u05d9\u05d9\u05e4\u05d5\u05d9 \u05db\u05d5\u05d7 \u05d5\u05db\u05df \u05d0\u05d9\u05e9\u05d5\u05e8 \u05e0\u05db\u05d5\u05e0\u05d5\u05ea \u05ea\u05e8\u05d2\u05d5\u05de\u05d9\u05dd \u05d1\u05e6\u05e8\u05e4\u05ea\u05d9\u05ea, \u05e2\u05d1\u05e8\u05d9\u05ea \u05d5\u05d0\u05e0\u05d2\u05dc\u05d9\u05ea.<\/p>\n<p dir=\"rtl\" style=\"text-align: right;\">\u05d9\u05e9 \u05dc\u05d6\u05db\u05d5\u05e8 \u05db\u05d9 \u05d0\u05d9\u05de\u05d5\u05ea \u05d7\u05ea\u05d9\u05de\u05d4 \u05e0\u05d5\u05d8\u05e8\u05d9\u05d5\u05e0\u05d9 \u05e0\u05d5\u05e2\u05d3 \u05dc\u05d0\u05e9\u05e8 \u05d7\u05ea\u05d9\u05de\u05d4 \u05d0\u05e9\u05e8 \u05d4\u05d5\u05d8\u05d1\u05e2\u05d4 \u05e2\u05dc \u05de\u05e1\u05de\u05da \u05d0\u05e9\u05e8 \u05e0\u05e2\u05e8\u05da \u05d5\u05e0\u05d7\u05ea\u05dd \u05e9\u05dc\u05d0 \u05d1\u05e0\u05d5\u05db\u05d7\u05d5\u05ea \u05e0\u05d5\u05d8\u05e8\u05d9\u05d5\u05df.<\/p>\n<p dir=\"rtl\" style=\"text-align: right;\">\u05d1\u05e0\u05d5\u05e1\u05e3, \u05dc\u05e7\u05d5\u05d7\u05d5\u05ea\u05d9\u05e0\u05d5 \u05e0\u05d4\u05e0\u05d9\u05dd \u05de&#8221;\u05e9\u05d9\u05e8\u05d5\u05ea \u05de\u05e1\u05de\u05db\u05d9\u05dd \u05e0\u05d5\u05d8\u05e8\u05d9\u05d5\u05e0\u05d9\u05dd&#8221;, \u05d0\u05e9\u05e8 \u05de\u05d0\u05e4\u05e9\u05e8 \u05d8\u05d9\u05e4\u05d5\u05dc \u05d1\u05db\u05dc \u05d1\u05e7\u05e9\u05d4 \u05d4\u05e7\u05e9\u05d5\u05e8\u05d4 \u05dc\u05d7\u05ea\u05d9\u05de\u05d4 \u05e0\u05d5\u05d8\u05e8\u05d9\u05d5\u05e0\u05d9\u05ea \u05e2\u05dc \u05db\u05dc \u05de\u05e1\u05de\u05da \u05d0\u05e9\u05e8 \u05de\u05e7\u05d5\u05e8\u05d5 \u05d1\u05d9\u05e9\u05e8\u05d0\u05dc \u05d0\u05d5 \u05de\u05d7\u05d5\u05e6\u05d4 \u05dc\u05d4, \u05dc\u05e8\u05d1\u05d5\u05ea \u05d7\u05d5\u05ea\u05de\u05ea \u05d0\u05e4\u05d5\u05e1\u05d8\u05d9\u05dc.<\/p>\n<p dir=\"rtl\" style=\"text-align: right;\">\u05e2\u05d5\u05e8\u05db\u05d9 \u05d4\u05d3\u05d9\u05df \u05d1\u05de\u05e9\u05e8\u05d3 \u05d0\u05d1\u05d9\u05d8\u05d1\u05d5\u05dc \u05d5\u05e9\u05d5\u05ea&#8217; \u05d4\u05d9\u05e0\u05dd \u05e2\u05d5\u05e8\u05db\u05d9 \u05d3\u05d9\u05df \u05de\u05d5\u05e1\u05de\u05db\u05d9\u05dd \u05d5\u05de\u05e0\u05d5\u05e1\u05d9\u05dd \u05d0\u05e9\u05e8 \u05d1\u05e7\u05d9\u05d0\u05d9\u05dd \u05d1\u05e9\u05e4\u05d5\u05ea \u05e6\u05e8\u05e4\u05ea\u05d9\u05ea, \u05d0\u05e0\u05d2\u05dc\u05d9\u05ea \u05d5\u05e2\u05d1\u05e8\u05d9\u05ea \u05d5\u05dc\u05db\u05df \u05d9\u05d5\u05db\u05dc\u05d5 \u05dc\u05e1\u05e4\u05e7 \u05e2\u05dc \u05d4\u05e6\u05d3 \u05d4\u05d8\u05d5\u05d1 \u05d1\u05d9\u05d5\u05ea\u05e8 \u05e9\u05d9\u05e8\u05d5\u05ea\u05d9 \u05ea\u05e8\u05d2\u05d5\u05dd \u05e9\u05dc \u05db\u05dc \u05de\u05e1\u05de\u05da \u05d7\u05d5\u05e7\u05d9 \u05db\u05d2\u05d5\u05df:<\/p>\n<ul dir=\"rtl\" style=\"text-align: right;\">\n<li>\u05ea\u05d0\u05e8\u05d9\u05dd \u05d0\u05e7\u05d3\u05de\u05d9\u05d9\u05dd, \u05ea\u05e2\u05d5\u05d3\u05d5\u05ea \u05d1\u05d2\u05e8\u05d5\u05ea \u05d5\u05db\u05dc \u05ea\u05e2\u05d5\u05d3\u05d4 \u05d0\u05d7\u05e8\u05ea \u05de\u05d8\u05e2\u05dd \u05d4\u05de\u05d3\u05d9\u05e0\u05d4;<\/li>\n<li>\u05ea\u05e2\u05d5\u05d3\u05d5\u05ea \u05dc\u05d9\u05d3\u05d4 \u05d5\/\u05d0\u05d5 \u05db\u05dc \u05de\u05e1\u05de\u05da \u05e9\u05dc \u05de\u05e9\u05e8\u05d3 \u05d4\u05e4\u05e0\u05d9\u05dd;<\/li>\n<li>\u05d0\u05d9\u05de\u05d5\u05ea \u05de\u05e1\u05de\u05db\u05d9\u05dd \u05d6\u05e8\u05d9\u05dd, \u05d0\u05d9\u05e9\u05d5\u05e8 \u05d4\u05e2\u05ea\u05e7 \u05e0\u05d0\u05de\u05df \u05dc\u05de\u05e7\u05d5\u05e8, \u05d7\u05d5\u05d6\u05d4 \u05e0\u05d9\u05e9\u05d5\u05d0\u05d9\u05dd, \u05e6\u05d5\u05d5\u05d0\u05d4 \u05e0\u05d5\u05d8\u05e8\u05d9\u05d5\u05e0\u05d9\u05ea, \u05d0\u05d9\u05e9\u05d5\u05e8 \u05d7\u05d9\u05d9\u05dd \u05e0\u05d5\u05d8\u05e8\u05e0\u05d9, \u05d0\u05d9\u05e9\u05d5\u05e8 \u05e0\u05db\u05d5\u05e0\u05d5\u05ea \u05e8\u05e9\u05d9\u05de\u05ea \u05de\u05e6\u05d0\u05d9.<\/li>\n<\/ul>\n<p style=\"text-align: center;\"><strong>\u05de\u05e9\u05e8\u05d3 \u05d6\u05d4 \u05d7\u05d1\u05e8 \u05d1\u05dc\u05e9\u05db\u05ea \u05d4\u05de\u05e1\u05d7\u05e8 \u05d5\u05d4\u05ea\u05e2\u05e9\u05d9\u05d9\u05d4 \u05d4\u05d9\u05e9\u05e8\u05d0\u05dc\u05d9\u05ea-\u05e6\u05e8\u05e4\u05ea\u05d9\u05ea<\/strong><\/p>\n<p style=\"text-align: center;\"><img loading=\"lazy\" decoding=\"async\" class=\"alignnone\" src=\"https:\/\/abitbol-associes.com\/wp-content\/uploads\/2012\/11\/Picture-14.jpg\" alt=\"\" width=\"98\" height=\"61\" \/><\/p>\n<address style=\"text-align: right;\">\u00a0<\/address>\n<address style=\"text-align: right;\"><\/div><\/div><\/address>\n<p>&nbsp;<\/p>\n<p>&nbsp;<\/p>\n\n\t\t<div class='et_quote quote-center'>\n\t\t\t<div class='et_right_quote'>\n\t\t\t\t?\u05d0\u05d9\u05dc\u05d5 \u05de\u05e1\u05de\u05db\u05d9\u05dd \u05d3\u05d5\u05e8\u05e9\u05d9\u05dd \u05d7\u05ea\u05d9\u05de\u05d4 \u05e0\u05d5\u05d8\u05e8\u05d9\u05d5\u05e0\u05d9\u05ea \u05d1\u05d9\u05e9\u05e8\u05d0\u05dc\n\t\t\t\t<span class='et_quote_additional_sign'><\/span>\n\t\t\t<\/div>\n\t\t\t<span class='et_quote_sign'><\/span>\n\t\t<\/div>\n\t\n<p dir=\"ltr\" style=\"text-align: left;\"><div class='et-learn-more et-open clearfix'>\n\t\t\t\t\t<h3 class='heading-more open'>\u05d3\u05d5\u05d2\u05de\u05d4 \u05e9\u05dc \u05d4\u05d9\u05d9\u05e4\u05d5\u05d9 \u05db\u05d5\u05d7 \u05db\u05dc\u05dc\u05d9<span class='et_learnmore_arrow'><span><\/span><\/span><\/h3>\n\t\t\t\t\t<div class='learn-more-content'><p><img loading=\"lazy\" decoding=\"async\" class=\"wp-image-91 alignright\" src=\"https:\/\/abitbol-associes.com\/wp-content\/uploads\/2012\/11\/5.-Immobilier-300x198.jpg\" alt=\"\" width=\"195\" height=\"129\" srcset=\"https:\/\/www.abitbol-associes.com\/wp-content\/uploads\/2012\/11\/5.-Immobilier-300x198.jpg 300w, https:\/\/www.abitbol-associes.com\/wp-content\/uploads\/2012\/11\/5.-Immobilier.jpg 600w\" sizes=\"auto, (max-width: 195px) 100vw, 195px\" \/><\/p>\n<p dir=\"rtl\" style=\"text-align: right;\">\u05e2\u05dc \u05e4\u05d9 \u05d4\u05d7\u05d5\u05e7 \u05d4\u05d9\u05e9\u05e8\u05d0\u05dc\u05d9, \u05d9\u05d9\u05e4\u05d5\u05d9 \u05db\u05d5\u05d7 \u05db\u05dc\u05dc\u05d9 \u05d4\u05e0\u05e2\u05e8\u05da \u05d1\u05d9\u05df \u05d0\u05e0\u05e9\u05d9\u05dd \u05e4\u05e8\u05d8\u05d9\u05d9\u05dd \u05d7\u05d9\u05d9\u05d1 \u05dc\u05e9\u05d0\u05ea \u05d7\u05d5\u05ea\u05de\u05ea \u05e0\u05d5\u05d8\u05e8\u05d9\u05d5\u05df. \u05dc\u05dc\u05d0 \u05d7\u05d5\u05ea\u05de\u05ea \u05e0\u05d5\u05d8\u05e8\u05d9\u05d5\u05df \u05d0\u05d9\u05df \u05dc\u05de\u05e1\u05de\u05da \u05d4\u05d0\u05de\u05d5\u05e8 \u05ea\u05d5\u05e7\u05e3 \u05de\u05e9\u05e4\u05d8\u05d9.<\/p>\n<p style=\"text-align: center;\"><\/div>\n\t\t\t\t<\/div><\/p>\n<p>&nbsp;<\/p>\n<h3><img loading=\"lazy\" decoding=\"async\" class=\"aligncenter wp-image-2449\" src=\"https:\/\/abitbol-associes.com\/wp-content\/uploads\/2018\/01\/AA_Logo_Final-300x159.gif\" alt=\"\" width=\"133\" height=\"70\" srcset=\"https:\/\/www.abitbol-associes.com\/wp-content\/uploads\/2018\/01\/AA_Logo_Final-300x159.gif 300w, https:\/\/www.abitbol-associes.com\/wp-content\/uploads\/2018\/01\/AA_Logo_Final-150x80.gif 150w\" sizes=\"auto, (max-width: 133px) 100vw, 133px\" \/><\/h3>\n<div class=\"title\" dir=\"rtl\" style=\"text-align: center;\">\u05de\u05e9\u05e8\u05d3 \u05e2\u05d5\u05e8\u05db\u05d9 \u05d3\u05d9\u05df \u05d0\u05d1\u05d9\u05d8\u05d1\u05d5\u05dc \u05d5\u05e9\u05d5\u05ea&#8217;<\/div>\n<p style=\"text-align: center;\">\u05e8\u05d7\u05d5\u05d1 \u05e9\u05de\u05e2\u05d5\u05df \u05d1\u05df \u05e9\u05d8\u05d7 13, 94147, \u05d9\u05e8\u05d5\u05e9\u05dc\u05d9\u05dd<br \/>\nTel: + 972 (0)2 595 63 41<br \/>\nFax: + 972 (0)2 591 63 26<\/p>\n<p style=\"text-align: center;\">66 Av Victor Hugo &#8211; Immeuble LEONARD DE VINCI Paris 16\u1d49<br \/>\nTel: + 33 (0)1 78 90 03 73<br \/>\nFax: + 33 (0)1 77 74 63 99<\/p>\n<p style=\"text-align: center;\"><a href=\"mailto:contact@abitbol-associes.com\">contact@abitbol-associes.com<\/a><\/p>\n<p>&nbsp;<\/p>\n<h3>\n\t\t<div class='et_quote quote-center'>\n\t\t\t<div class='et_right_quote'>\n\t\t\t\t\u05d9\u05e6\u05d9\u05e8\u05ea \u05e7\u05e9\u05e8\n\t\t\t\t<span class='et_quote_additional_sign'><\/span>\n\t\t\t<\/div>\n\t\t\t<span class='et_quote_sign'><\/span>\n\t\t<\/div>\n\t<\/h3>\n<p dir=\"rtl\"><strong>\u05de\u05e9\u05e8\u05d3 \u05e2\u05d5\u05e8\u05db\u05d9 \u05d4\u05d3\u05d9\u05df \u05d0\u05d1\u05d9\u05d8\u05d1\u05d5\u05dc \u05d5\u05e9\u05d5\u05ea&#8217; \u05e2\u05d5\u05de\u05d3 \u05dc\u05e8\u05e9\u05d5\u05ea\u05db\u05dd \u05d1\u05db\u05dc \u05e9\u05d0\u05dc\u05d4 \u05d1\u05e2\u05e0\u05d9\u05d9\u05df \u05e9\u05d9\u05e8\u05d5\u05ea\u05d9\u05dd \u05e0\u05d5\u05d8\u05e8\u05d9\u05d5\u05e0\u05d9\u05dd. \u05d4\u05e0\u05db\u05dd \u05de\u05d5\u05d6\u05de\u05e0\u05d9\u05dd \u05dc\u05d9\u05e6\u05d5\u05e8 \u05e2\u05de\u05e0\u05d5 \u05e7\u05e9\u05e8 \u05d1\u05d0\u05de\u05e6\u05e2\u05d5\u05ea \u05d8\u05d5\u05e4\u05e1 \u05d9\u05e6\u05d9\u05e8\u05ea \u05d4\u05e7\u05e9\u05e8:<\/strong><\/p>\n<h3 dir=\"rtl\">\n<div class=\"wpcf7 no-js\" id=\"wpcf7-f1237-o3\" lang=\"en-US\" dir=\"ltr\" data-wpcf7-id=\"1237\">\n<div class=\"screen-reader-response\"><p role=\"status\" aria-live=\"polite\" aria-atomic=\"true\"><\/p> <ul><\/ul><\/div>\n<form action=\"\/he\/wp-json\/wp\/v2\/pages\/2941#wpcf7-f1237-o3\" method=\"post\" class=\"wpcf7-form init\" aria-label=\"Contact form\" novalidate=\"novalidate\" data-status=\"init\">\n<fieldset class=\"hidden-fields-container\"><input type=\"hidden\" name=\"_wpcf7\" value=\"1237\" \/><input type=\"hidden\" name=\"_wpcf7_version\" value=\"6.1\" \/><input type=\"hidden\" name=\"_wpcf7_locale\" value=\"en_US\" \/><input type=\"hidden\" name=\"_wpcf7_unit_tag\" value=\"wpcf7-f1237-o3\" \/><input type=\"hidden\" name=\"_wpcf7_container_post\" value=\"0\" \/><input type=\"hidden\" name=\"_wpcf7_posted_data_hash\" value=\"\" \/><input type=\"hidden\" name=\"_wpcf7_recaptcha_response\" value=\"\" \/>\n<\/fieldset>\n<p>(\u05e9\u05dd (\u05d7\u05d5\u05d1\u05d4\n<\/p>\n<p><span class=\"wpcf7-form-control-wrap\" data-name=\"your-name\"><input size=\"40\" maxlength=\"400\" class=\"wpcf7-form-control wpcf7-text wpcf7-validates-as-required\" aria-required=\"true\" aria-invalid=\"false\" value=\"\" type=\"text\" name=\"your-name\" \/><\/span>\n<\/p>\n<p>(\u05d3\u05d5\u05d0\u05e8 \u05d0\u05dc\u05e7\u05d8\u05e8\u05d5\u05e0\u05d9 (\u05d7\u05d5\u05d1\u05d4\n<\/p>\n<p><span class=\"wpcf7-form-control-wrap\" data-name=\"your-email\"><input size=\"40\" maxlength=\"400\" class=\"wpcf7-form-control wpcf7-email wpcf7-validates-as-required wpcf7-text wpcf7-validates-as-email\" aria-required=\"true\" aria-invalid=\"false\" value=\"\" type=\"email\" name=\"your-email\" \/><\/span>\n<\/p>\n<p>(\u05d8\u05dc\u05e4\u05d5\u05df (\u05d7\u05d5\u05d1\u05d4\n<\/p>\n<p><span class=\"wpcf7-form-control-wrap\" data-name=\"your-tel\"><input size=\"40\" maxlength=\"400\" class=\"wpcf7-form-control wpcf7-tel wpcf7-validates-as-required wpcf7-text wpcf7-validates-as-tel\" aria-required=\"true\" aria-invalid=\"false\" value=\"\" type=\"tel\" name=\"your-tel\" \/><\/span>\n<\/p>\n<p>\u05e0\u05d5\u05e9\u05d0\n<\/p>\n<p><span class=\"wpcf7-form-control-wrap\" data-name=\"your-subject\"><input size=\"40\" maxlength=\"400\" class=\"wpcf7-form-control wpcf7-text\" aria-invalid=\"false\" value=\"\" type=\"text\" name=\"your-subject\" \/><\/span>\n<\/p>\n<p>\u05ea\u05d5\u05db\u05df \u05d4\u05d4\u05d5\u05d3\u05e2\u05d4\n<\/p>\n<p><span class=\"wpcf7-form-control-wrap\" data-name=\"your-message\"><textarea cols=\"40\" rows=\"10\" maxlength=\"2000\" class=\"wpcf7-form-control wpcf7-textarea\" aria-invalid=\"false\" name=\"your-message\"><\/textarea><\/span>\n<\/p>\n\n<p><input class=\"wpcf7-form-control wpcf7-submit has-spinner\" type=\"submit\" value=\"\u05e9\u05dc\u05d7\" \/>\n<\/p><div class=\"wpcf7-response-output\" aria-hidden=\"true\"><\/div>\n<\/form>\n<\/div>\n<\/h3>\n<p><\/p>","protected":false},"excerpt":{"rendered":"<p>Fort d\u2019une expertise reconnue sur les l\u00e9gislations fran\u00e7aises et isra\u00e9liennes et cons\u00e9quemment \u00e0 une demande internationale sans cesse croissante, le Cabinet ABITBOL &amp; ASSOCIES a d\u00e9cid\u00e9 d\u2019\u00e9largir son domaine de comp\u00e9tence et propose d\u00e9sormais \u00e0 l\u2019ensemble de sa client\u00e8le un p\u00f4le enti\u00e8rement d\u00e9di\u00e9 au notariat\u00a0isra\u00e9lien.<\/p>\n","protected":false},"author":2,"featured_media":2709,"parent":0,"menu_order":5,"comment_status":"open","ping_status":"open","template":"page-full.php","meta":{"footnotes":""},"class_list":["post-2941","page","type-page","status-publish","has-post-thumbnail","hentry"],"yoast_head":"<!-- This site is optimized with the Yoast SEO plugin v25.5 - https:\/\/yoast.com\/wordpress\/plugins\/seo\/ -->\n<title>\u05e9\u05d9\u05e8\u05d5\u05ea\u05d9 \u05e0\u05d5\u05d8\u05e8\u05d9\u05d5\u05df \u05e2\u05dc \u05e4\u05d9 \u05d7\u05d5\u05e7 \u05d4\u05d9\u05e9\u05e8\u05d0\u05dc\u05d9 - Abitbol Associes<\/title>\n<meta name=\"robots\" content=\"index, follow, max-snippet:-1, max-image-preview:large, max-video-preview:-1\" \/>\n<link rel=\"canonical\" href=\"https:\/\/www.abitbol-associes.com\/he\/notariat-en-droit-israelien\/\" \/>\n<meta property=\"og:locale\" content=\"en_US\" \/>\n<meta property=\"og:type\" content=\"article\" \/>\n<meta property=\"og:title\" content=\"\u05e9\u05d9\u05e8\u05d5\u05ea\u05d9 \u05e0\u05d5\u05d8\u05e8\u05d9\u05d5\u05df \u05e2\u05dc \u05e4\u05d9 \u05d7\u05d5\u05e7 \u05d4\u05d9\u05e9\u05e8\u05d0\u05dc\u05d9 - Abitbol Associes\" \/>\n<meta property=\"og:description\" content=\"Fort d\u2019une expertise reconnue sur les l\u00e9gislations fran\u00e7aises et isra\u00e9liennes et cons\u00e9quemment \u00e0 une demande internationale sans cesse croissante, le Cabinet ABITBOL &amp; ASSOCIES a d\u00e9cid\u00e9 d\u2019\u00e9largir son domaine de comp\u00e9tence et propose d\u00e9sormais \u00e0 l\u2019ensemble de sa client\u00e8le un p\u00f4le enti\u00e8rement d\u00e9di\u00e9 au notariat\u00a0isra\u00e9lien.\" \/>\n<meta property=\"og:url\" content=\"https:\/\/www.abitbol-associes.com\/he\/notariat-en-droit-israelien\/\" \/>\n<meta property=\"og:site_name\" content=\"Abitbol Associes\" \/>\n<meta property=\"article:modified_time\" content=\"2019-12-25T10:10:00+00:00\" \/>\n<meta property=\"og:image\" content=\"https:\/\/www.abitbol-associes.com\/wp-content\/uploads\/2018\/06\/M\u00e9diation-Arbitrage-France-Israel.jpg\" \/>\n\t<meta property=\"og:image:width\" content=\"500\" \/>\n\t<meta property=\"og:image:height\" content=\"334\" \/>\n\t<meta property=\"og:image:type\" content=\"image\/jpeg\" \/>\n<meta name=\"twitter:card\" content=\"summary_large_image\" \/>\n<meta name=\"twitter:label1\" content=\"Est. reading time\" \/>\n\t<meta name=\"twitter:data1\" content=\"5 minutes\" \/>\n<script type=\"application\/ld+json\" class=\"yoast-schema-graph\">{\"@context\":\"https:\/\/schema.org\",\"@graph\":[{\"@type\":\"WebPage\",\"@id\":\"https:\/\/www.abitbol-associes.com\/he\/notariat-en-droit-israelien\/\",\"url\":\"https:\/\/www.abitbol-associes.com\/he\/notariat-en-droit-israelien\/\",\"name\":\"\u05e9\u05d9\u05e8\u05d5\u05ea\u05d9 \u05e0\u05d5\u05d8\u05e8\u05d9\u05d5\u05df \u05e2\u05dc \u05e4\u05d9 \u05d7\u05d5\u05e7 \u05d4\u05d9\u05e9\u05e8\u05d0\u05dc\u05d9 - Abitbol Associes\",\"isPartOf\":{\"@id\":\"https:\/\/www.abitbol-associes.com\/he\/#website\"},\"primaryImageOfPage\":{\"@id\":\"https:\/\/www.abitbol-associes.com\/he\/notariat-en-droit-israelien\/#primaryimage\"},\"image\":{\"@id\":\"https:\/\/www.abitbol-associes.com\/fr\/notariat-en-droit-israelien\/#primaryimage\"},\"thumbnailUrl\":\"https:\/\/www.abitbol-associes.com\/wp-content\/uploads\/2018\/06\/M\u00e9diation-Arbitrage-France-Israel.jpg\",\"datePublished\":\"2019-12-18T11:04:08+00:00\",\"dateModified\":\"2019-12-25T10:10:00+00:00\",\"breadcrumb\":{\"@id\":\"https:\/\/www.abitbol-associes.com\/he\/notariat-en-droit-israelien\/#breadcrumb\"},\"inLanguage\":\"iw-IW\",\"potentialAction\":[{\"@type\":\"ReadAction\",\"target\":[[\"https:\/\/www.abitbol-associes.com\/he\/notariat-en-droit-israelien\/\"]]}]},{\"@type\":\"ImageObject\",\"inLanguage\":\"iw-IW\",\"@id\":\"https:\/\/www.abitbol-associes.com\/he\/notariat-en-droit-israelien\/#primaryimage\",\"url\":\"https:\/\/www.abitbol-associes.com\/wp-content\/uploads\/2018\/06\/M\u00e9diation-Arbitrage-France-Israel.jpg\",\"contentUrl\":\"https:\/\/www.abitbol-associes.com\/wp-content\/uploads\/2018\/06\/M\u00e9diation-Arbitrage-France-Israel.jpg\",\"width\":500,\"height\":334,\"caption\":\"Notariat Israel-France\"},{\"@type\":\"BreadcrumbList\",\"@id\":\"https:\/\/www.abitbol-associes.com\/he\/notariat-en-droit-israelien\/#breadcrumb\",\"itemListElement\":[{\"@type\":\"ListItem\",\"position\":1,\"name\":\"Home\",\"item\":\"https:\/\/www.abitbol-associes.com\/he\/\"},{\"@type\":\"ListItem\",\"position\":2,\"name\":\"Notariat en Droit Isra\u00e9lien\"}]},{\"@type\":\"WebSite\",\"@id\":\"https:\/\/www.abitbol-associes.com\/he\/#website\",\"url\":\"https:\/\/www.abitbol-associes.com\/he\/\",\"name\":\"Abitbol Associes\",\"description\":\"Parce que votre exigence est notre priorit\u00e9\",\"potentialAction\":[{\"@type\":\"SearchAction\",\"target\":{\"@type\":\"EntryPoint\",\"urlTemplate\":\"https:\/\/www.abitbol-associes.com\/he\/?s={search_term_string}\"},\"query-input\":{\"@type\":\"PropertyValueSpecification\",\"valueRequired\":true,\"valueName\":\"search_term_string\"}}],\"inLanguage\":\"iw-IW\"}]}<\/script>\n<!-- \/ Yoast SEO plugin. -->","yoast_head_json":{"title":"\u05e9\u05d9\u05e8\u05d5\u05ea\u05d9 \u05e0\u05d5\u05d8\u05e8\u05d9\u05d5\u05df \u05e2\u05dc \u05e4\u05d9 \u05d7\u05d5\u05e7 \u05d4\u05d9\u05e9\u05e8\u05d0\u05dc\u05d9 - Abitbol Associes","robots":{"index":"index","follow":"follow","max-snippet":"max-snippet:-1","max-image-preview":"max-image-preview:large","max-video-preview":"max-video-preview:-1"},"canonical":"https:\/\/www.abitbol-associes.com\/he\/notariat-en-droit-israelien\/","og_locale":"en_US","og_type":"article","og_title":"\u05e9\u05d9\u05e8\u05d5\u05ea\u05d9 \u05e0\u05d5\u05d8\u05e8\u05d9\u05d5\u05df \u05e2\u05dc \u05e4\u05d9 \u05d7\u05d5\u05e7 \u05d4\u05d9\u05e9\u05e8\u05d0\u05dc\u05d9 - Abitbol Associes","og_description":"Fort d\u2019une expertise reconnue sur les l\u00e9gislations fran\u00e7aises et isra\u00e9liennes et cons\u00e9quemment \u00e0 une demande internationale sans cesse croissante, le Cabinet ABITBOL &amp; ASSOCIES a d\u00e9cid\u00e9 d\u2019\u00e9largir son domaine de comp\u00e9tence et propose d\u00e9sormais \u00e0 l\u2019ensemble de sa client\u00e8le un p\u00f4le enti\u00e8rement d\u00e9di\u00e9 au notariat\u00a0isra\u00e9lien.","og_url":"https:\/\/www.abitbol-associes.com\/he\/notariat-en-droit-israelien\/","og_site_name":"Abitbol Associes","article_modified_time":"2019-12-25T10:10:00+00:00","og_image":[{"width":500,"height":334,"url":"https:\/\/www.abitbol-associes.com\/wp-content\/uploads\/2018\/06\/M\u00e9diation-Arbitrage-France-Israel.jpg","type":"image\/jpeg"}],"twitter_card":"summary_large_image","twitter_misc":{"Est. reading time":"5 minutes"},"schema":{"@context":"https:\/\/schema.org","@graph":[{"@type":"WebPage","@id":"https:\/\/www.abitbol-associes.com\/he\/notariat-en-droit-israelien\/","url":"https:\/\/www.abitbol-associes.com\/he\/notariat-en-droit-israelien\/","name":"\u05e9\u05d9\u05e8\u05d5\u05ea\u05d9 \u05e0\u05d5\u05d8\u05e8\u05d9\u05d5\u05df \u05e2\u05dc \u05e4\u05d9 \u05d7\u05d5\u05e7 \u05d4\u05d9\u05e9\u05e8\u05d0\u05dc\u05d9 - Abitbol Associes","isPartOf":{"@id":"https:\/\/www.abitbol-associes.com\/he\/#website"},"primaryImageOfPage":{"@id":"https:\/\/www.abitbol-associes.com\/he\/notariat-en-droit-israelien\/#primaryimage"},"image":{"@id":"https:\/\/www.abitbol-associes.com\/fr\/notariat-en-droit-israelien\/#primaryimage"},"thumbnailUrl":"https:\/\/www.abitbol-associes.com\/wp-content\/uploads\/2018\/06\/M\u00e9diation-Arbitrage-France-Israel.jpg","datePublished":"2019-12-18T11:04:08+00:00","dateModified":"2019-12-25T10:10:00+00:00","breadcrumb":{"@id":"https:\/\/www.abitbol-associes.com\/he\/notariat-en-droit-israelien\/#breadcrumb"},"inLanguage":"iw-IW","potentialAction":[{"@type":"ReadAction","target":[["https:\/\/www.abitbol-associes.com\/he\/notariat-en-droit-israelien\/"]]}]},{"@type":"ImageObject","inLanguage":"iw-IW","@id":"https:\/\/www.abitbol-associes.com\/he\/notariat-en-droit-israelien\/#primaryimage","url":"https:\/\/www.abitbol-associes.com\/wp-content\/uploads\/2018\/06\/M\u00e9diation-Arbitrage-France-Israel.jpg","contentUrl":"https:\/\/www.abitbol-associes.com\/wp-content\/uploads\/2018\/06\/M\u00e9diation-Arbitrage-France-Israel.jpg","width":500,"height":334,"caption":"Notariat Israel-France"},{"@type":"BreadcrumbList","@id":"https:\/\/www.abitbol-associes.com\/he\/notariat-en-droit-israelien\/#breadcrumb","itemListElement":[{"@type":"ListItem","position":1,"name":"Home","item":"https:\/\/www.abitbol-associes.com\/he\/"},{"@type":"ListItem","position":2,"name":"Notariat en Droit Isra\u00e9lien"}]},{"@type":"WebSite","@id":"https:\/\/www.abitbol-associes.com\/he\/#website","url":"https:\/\/www.abitbol-associes.com\/he\/","name":"Abitbol Associes","description":"Parce que votre exigence est notre priorit\u00e9","potentialAction":[{"@type":"SearchAction","target":{"@type":"EntryPoint","urlTemplate":"https:\/\/www.abitbol-associes.com\/he\/?s={search_term_string}"},"query-input":{"@type":"PropertyValueSpecification","valueRequired":true,"valueName":"search_term_string"}}],"inLanguage":"iw-IW"}]}},"_links":{"self":[{"href":"https:\/\/www.abitbol-associes.com\/he\/wp-json\/wp\/v2\/pages\/2941","targetHints":{"allow":["GET"]}}],"collection":[{"href":"https:\/\/www.abitbol-associes.com\/he\/wp-json\/wp\/v2\/pages"}],"about":[{"href":"https:\/\/www.abitbol-associes.com\/he\/wp-json\/wp\/v2\/types\/page"}],"author":[{"embeddable":true,"href":"https:\/\/www.abitbol-associes.com\/he\/wp-json\/wp\/v2\/users\/2"}],"replies":[{"embeddable":true,"href":"https:\/\/www.abitbol-associes.com\/he\/wp-json\/wp\/v2\/comments?post=2941"}],"version-history":[{"count":49,"href":"https:\/\/www.abitbol-associes.com\/he\/wp-json\/wp\/v2\/pages\/2941\/revisions"}],"predecessor-version":[{"id":2993,"href":"https:\/\/www.abitbol-associes.com\/he\/wp-json\/wp\/v2\/pages\/2941\/revisions\/2993"}],"wp:featuredmedia":[{"embeddable":true,"href":"https:\/\/www.abitbol-associes.com\/he\/wp-json\/wp\/v2\/media\/2709"}],"wp:attachment":[{"href":"https:\/\/www.abitbol-associes.com\/he\/wp-json\/wp\/v2\/media?parent=2941"}],"curies":[{"name":"wp","href":"https:\/\/api.w.org\/{rel}","templated":true}]}}