{"id":79,"date":"2012-11-13T18:05:10","date_gmt":"2012-11-13T18:05:10","guid":{"rendered":"http:\/\/abitbol-associes.com\/?page_id=79"},"modified":"2019-09-04T11:05:29","modified_gmt":"2019-09-04T11:05:29","slug":"penal-international-des-affaires","status":"publish","type":"page","link":"https:\/\/www.abitbol-associes.com\/fr\/penal-international-des-affaires\/","title":{"rendered":"P\u00e9nal international des affaires"},"content":{"rendered":"<p><a href=\"https:\/\/abitbol-associes.com\/wp-content\/uploads\/2012\/11\/4.-P\u00e9nal-international-des-affaires.jpg\"><img loading=\"lazy\" decoding=\"async\" class=\"alignright size-medium wp-image-90\" title=\"Business People Sitting Around Table\" src=\"https:\/\/abitbol-associes.com\/wp-content\/uploads\/2012\/11\/4.-P\u00e9nal-international-des-affaires-300x199.jpg\" alt=\"\" width=\"300\" height=\"199\" srcset=\"https:\/\/www.abitbol-associes.com\/wp-content\/uploads\/2012\/11\/4.-P\u00e9nal-international-des-affaires-300x199.jpg 300w, https:\/\/www.abitbol-associes.com\/wp-content\/uploads\/2012\/11\/4.-P\u00e9nal-international-des-affaires-1024x682.jpg 1024w, https:\/\/www.abitbol-associes.com\/wp-content\/uploads\/2012\/11\/4.-P\u00e9nal-international-des-affaires.jpg 1280w\" sizes=\"auto, (max-width: 300px) 100vw, 300px\" \/><\/a><\/p>\n<p style=\"text-align: justify;\">Fort d&rsquo;une longue et riche expertise en droit p\u00e9nal des affaires et droit p\u00e9nal international, le Cabinet Abitbol &amp; Associ\u00e9s s&rsquo;est rapidement positionn\u00e9 comme une r\u00e9f\u00e9rence, notamment gr\u00e2ce \u00e0 sa collaboration \u00e9troite en qualit\u00e9 de consultant externe pr\u00e8s le Minist\u00e8re de la Justice en Isra\u00ebl (d\u00e9partement du Minist\u00e8re Public de la D\u00e9fense).<\/p>\n<p style=\"text-align: justify;\">Les avocats du p\u00f4le p\u00e9nal Abitbol &amp; Associ\u00e9s\u00a0ma\u00eetrisent\u00a0parfaitement la pratique contentieuse en droit p\u00e9nal fran\u00e7ais, isra\u00e9lien ainsi qu\u2019en droit international, et ce afin d&rsquo;accompagner les clients o\u00f9 qu\u2019ils se trouvent g\u00e9ographiquement.<\/p>\n<p style=\"text-align: justify;\">En outre, nous sommes en mesure d\u2019intervenir dans les dossiers p\u00e9naux complexes comprenant plusieurs \u00e9l\u00e9ments d\u2019extran\u00e9it\u00e9.<\/p>\n<p style=\"text-align: justify;\">Le Cabinet Abitbol &amp; Associ\u00e9s mobilise rapidement ses \u00e9quipes en fonction des sp\u00e9cificit\u00e9s du dossier et assure r\u00e9guli\u00e8rement la d\u00e9fense, devant les autorit\u00e9s fran\u00e7aises et isra\u00e9liennes, juridictions d\u2019enqu\u00eate, \u00a0d\u2019instruction ou de jugement, de ses clients accus\u00e9s ou victimes d\u2019infractions p\u00e9nales.<\/p>\n<p>\u2022\u00a0\u00a0\u00a0\u00a0\u00a0\u00a0\u00a0\u00a0\u00a0\u00a0\u00a0\u00a0 Infractions p\u00e9nales commises en France ou en Isra\u00ebl (criminalit\u00e9 organis\u00e9e, d\u00e9lits financiers, blanchiment, corruption, escroquerie, abus de biens sociaux et \u00a0fraude fiscale\u2026)<br \/>\n\u2022\u00a0\u00a0\u00a0\u00a0\u00a0\u00a0\u00a0\u00a0\u00a0\u00a0\u00a0\u00a0 Mandats d&rsquo;arr\u00eats europ\u00e9ens et internationaux<br \/>\n\u2022\u00a0\u00a0\u00a0\u00a0\u00a0\u00a0\u00a0\u00a0\u00a0\u00a0\u00a0\u00a0 Infractions p\u00e9nales dans lesquelles il existe un \u00e9l\u00e9ment d\u2019extran\u00e9it\u00e9 tel que la nationalit\u00e9 fran\u00e7aise ou isra\u00e9lienne de la personne arr\u00eat\u00e9e ou victime<br \/>\n\u2022\u00a0\u00a0\u00a0\u00a0\u00a0\u00a0\u00a0\u00a0\u00a0\u00a0\u00a0\u00a0 N\u00e9gociations avec les autorit\u00e9s judiciaires fran\u00e7aises et isra\u00e9liennes<br \/>\n\u2022\u00a0\u00a0\u00a0\u00a0\u00a0\u00a0\u00a0\u00a0\u00a0\u00a0\u00a0\u00a0 Proc\u00e9dures complexes d\u2019extraditions<br \/>\n\u2022\u00a0\u00a0\u00a0\u00a0\u00a0\u00a0\u00a0\u00a0\u00a0\u00a0\u00a0\u00a0 Commissions rogatoires internationales<br \/>\n\u2022\u00a0\u00a0\u00a0\u00a0\u00a0\u00a0\u00a0\u00a0\u00a0\u00a0\u00a0\u00a0 Enl\u00e8vements internationaux<br \/>\n\u2022\u00a0\u00a0\u00a0\u00a0\u00a0\u00a0\u00a0\u00a0\u00a0\u00a0\u00a0\u00a0 N\u00e9gociations et transactions avec les administrations fiscales<br \/>\n\u2022 \u00a0 \u00a0 \u00a0 \u00a0 \u00a0 \u00a0 Exequatur de jugements \u00e9trangers<\/p>\n<p style=\"text-align: justify;\"><span style=\"text-align: justify;\">L\u2019orientation du Cabinet Abitbol &amp; Associ\u00e9s a naturellement positionn\u00e9 ce dernier comme interlocuteur averti\u00a0 des protagonistes du monde judiciaire dans les dossiers \u00e0 dimension internationale.<\/span><\/p>\n<p>&nbsp;<\/p>\n<h3><img loading=\"lazy\" decoding=\"async\" class=\"aligncenter wp-image-2449\" src=\"https:\/\/abitbol-associes.com\/wp-content\/uploads\/2018\/01\/AA_Logo_Final-300x159.gif\" alt=\"\" width=\"133\" height=\"70\" srcset=\"https:\/\/www.abitbol-associes.com\/wp-content\/uploads\/2018\/01\/AA_Logo_Final-300x159.gif 300w, https:\/\/www.abitbol-associes.com\/wp-content\/uploads\/2018\/01\/AA_Logo_Final-150x80.gif 150w\" sizes=\"auto, (max-width: 133px) 100vw, 133px\" \/><\/h3>\n<p style=\"text-align: center;\">66 Av Victor Hugo &#8211; Immeuble LEONARD DE VINCI Paris 16\u1d49<br \/>\nTel: + 33 (0)1 78 90 03 73<br \/>\nFax: + 33 (0)1 77 74 63 99<\/p>\n<p style=\"text-align: center;\">13 rue Shimon ben Shetah, 9414713, J\u00e9rusalem<br \/>\nTel: + 972 (0)2 595 63 45<br \/>\nFax: + 972 (0)2 591 63 26<\/p>\n<p style=\"text-align: center;\"><a href=\"mailto:contact@abitbol-associes.com\">contact@abitbol-associes.com<\/a><\/p>\n<p>&nbsp;<\/p>\n<h3>\n\t\t<div class='et_quote quote-center'>\n\t\t\t<div class='et_right_quote'>\n\t\t\t\tContactez-nous\n\t\t\t\t<span class='et_quote_additional_sign'><\/span>\n\t\t\t<\/div>\n\t\t\t<span class='et_quote_sign'><\/span>\n\t\t<\/div>\n\t<\/h3>\n<h3 style=\"text-align: left;\">Pour toute question relative \u00e0 votre situation personnelle, merci de nous laisser un message:\n<div class=\"wpcf7 no-js\" id=\"wpcf7-f1230-o1\" lang=\"en-US\" dir=\"ltr\" data-wpcf7-id=\"1230\">\n<div class=\"screen-reader-response\"><p role=\"status\" aria-live=\"polite\" aria-atomic=\"true\"><\/p> <ul><\/ul><\/div>\n<form action=\"\/fr\/wp-json\/wp\/v2\/pages\/79#wpcf7-f1230-o1\" method=\"post\" class=\"wpcf7-form init\" aria-label=\"Contact form\" novalidate=\"novalidate\" data-status=\"init\">\n<fieldset class=\"hidden-fields-container\"><input type=\"hidden\" name=\"_wpcf7\" value=\"1230\" \/><input type=\"hidden\" name=\"_wpcf7_version\" value=\"6.1\" \/><input type=\"hidden\" name=\"_wpcf7_locale\" value=\"en_US\" \/><input type=\"hidden\" name=\"_wpcf7_unit_tag\" value=\"wpcf7-f1230-o1\" \/><input type=\"hidden\" name=\"_wpcf7_container_post\" value=\"0\" \/><input type=\"hidden\" name=\"_wpcf7_posted_data_hash\" value=\"\" \/><input type=\"hidden\" name=\"_wpcf7_recaptcha_response\" value=\"\" \/>\n<\/fieldset>\n<p>Votre nom (obligatoire)\n<\/p>\n<p><span class=\"wpcf7-form-control-wrap\" data-name=\"your-name\"><input size=\"40\" maxlength=\"400\" class=\"wpcf7-form-control wpcf7-text wpcf7-validates-as-required\" aria-required=\"true\" aria-invalid=\"false\" value=\"\" type=\"text\" name=\"your-name\" \/><\/span>\n<\/p>\n<p>Votre email (obligatoire)\n<\/p>\n<p><span class=\"wpcf7-form-control-wrap\" data-name=\"your-email\"><input size=\"40\" maxlength=\"400\" class=\"wpcf7-form-control wpcf7-email wpcf7-validates-as-required wpcf7-text wpcf7-validates-as-email\" aria-required=\"true\" aria-invalid=\"false\" value=\"\" type=\"email\" name=\"your-email\" \/><\/span>\n<\/p>\n<p>Votre num\u00e9ro de t\u00e9l\u00e9phone (obligatoire)\n<\/p>\n<p><span class=\"wpcf7-form-control-wrap\" data-name=\"your-tel\"><input size=\"40\" maxlength=\"400\" class=\"wpcf7-form-control wpcf7-tel wpcf7-validates-as-required wpcf7-text wpcf7-validates-as-tel\" aria-required=\"true\" aria-invalid=\"false\" value=\"\" type=\"tel\" name=\"your-tel\" \/><\/span>\n<\/p>\n<p>Sujet\n<\/p>\n<p><span class=\"wpcf7-form-control-wrap\" data-name=\"your-subject\"><input size=\"40\" maxlength=\"400\" class=\"wpcf7-form-control wpcf7-text\" aria-invalid=\"false\" value=\"\" type=\"text\" name=\"your-subject\" \/><\/span>\n<\/p>\n<p>Votre message\n<\/p>\n<p><span class=\"wpcf7-form-control-wrap\" data-name=\"your-message\"><textarea cols=\"40\" rows=\"10\" maxlength=\"2000\" class=\"wpcf7-form-control wpcf7-textarea\" aria-invalid=\"false\" name=\"your-message\"><\/textarea><\/span>\n<\/p>\n\n<p><input class=\"wpcf7-form-control wpcf7-submit has-spinner\" type=\"submit\" value=\"Envoyer\" \/>\n<\/p><div class=\"wpcf7-response-output\" aria-hidden=\"true\"><\/div>\n<\/form>\n<\/div>\n<\/h3>\n<p><\/p>","protected":false},"excerpt":{"rendered":"<p>Fort d&rsquo;une longue et riche expertise en droit p\u00e9nal des affaires et droit p\u00e9nal international, le Cabinet Abitbol &amp; Associ\u00e9s s&rsquo;est rapidement positionn\u00e9 comme une r\u00e9f\u00e9rence, notamment gr\u00e2ce \u00e0 sa collaboration \u00e9troite en qualit\u00e9 de consultant externe pr\u00e8s le Minist\u00e8re de la Justice en Isra\u00ebl (d\u00e9partement du Minist\u00e8re Public de la D\u00e9fense). Les avocats du [&hellip;]<\/p>\n","protected":false},"author":6,"featured_media":549,"parent":0,"menu_order":3,"comment_status":"open","ping_status":"open","template":"page-full.php","meta":{"footnotes":""},"class_list":["post-79","page","type-page","status-publish","has-post-thumbnail","hentry"],"yoast_head":"<!-- This site is optimized with the Yoast SEO plugin v25.5 - https:\/\/yoast.com\/wordpress\/plugins\/seo\/ -->\n<title>P\u00e9nal international des affaires - Abitbol Associes<\/title>\n<meta name=\"robots\" content=\"index, follow, max-snippet:-1, max-image-preview:large, max-video-preview:-1\" \/>\n<link rel=\"canonical\" href=\"https:\/\/www.abitbol-associes.com\/fr\/penal-international-des-affaires-2\/\" \/>\n<meta property=\"og:locale\" content=\"fr_FR\" \/>\n<meta property=\"og:type\" content=\"article\" \/>\n<meta property=\"og:title\" content=\"P\u00e9nal international des affaires - Abitbol Associes\" \/>\n<meta property=\"og:description\" content=\"Fort d&rsquo;une longue et riche expertise en droit p\u00e9nal des affaires et droit p\u00e9nal international, le Cabinet Abitbol &amp; Associ\u00e9s s&rsquo;est rapidement positionn\u00e9 comme une r\u00e9f\u00e9rence, notamment gr\u00e2ce \u00e0 sa collaboration \u00e9troite en qualit\u00e9 de consultant externe pr\u00e8s le Minist\u00e8re de la Justice en Isra\u00ebl (d\u00e9partement du Minist\u00e8re Public de la D\u00e9fense). Les avocats du [&hellip;]\" \/>\n<meta property=\"og:url\" content=\"https:\/\/www.abitbol-associes.com\/fr\/penal-international-des-affaires-2\/\" \/>\n<meta property=\"og:site_name\" content=\"Abitbol Associes\" \/>\n<meta property=\"article:modified_time\" content=\"2019-09-04T11:05:29+00:00\" \/>\n<meta property=\"og:image\" content=\"https:\/\/www.abitbol-associes.com\/wp-content\/uploads\/2012\/11\/Cour-supreme-2.jpg\" \/>\n\t<meta property=\"og:image:width\" content=\"800\" \/>\n\t<meta property=\"og:image:height\" content=\"365\" \/>\n\t<meta property=\"og:image:type\" content=\"image\/jpeg\" \/>\n<meta name=\"twitter:card\" content=\"summary_large_image\" \/>\n<meta name=\"twitter:label1\" content=\"Dur\u00e9e de lecture estim\u00e9e\" \/>\n\t<meta name=\"twitter:data1\" content=\"3 minutes\" \/>\n<script type=\"application\/ld+json\" class=\"yoast-schema-graph\">{\"@context\":\"https:\/\/schema.org\",\"@graph\":[{\"@type\":\"WebPage\",\"@id\":\"https:\/\/www.abitbol-associes.com\/fr\/penal-international-des-affaires-2\/\",\"url\":\"https:\/\/www.abitbol-associes.com\/fr\/penal-international-des-affaires-2\/\",\"name\":\"P\u00e9nal international des affaires - Abitbol Associes\",\"isPartOf\":{\"@id\":\"https:\/\/www.abitbol-associes.com\/fr\/#website\"},\"primaryImageOfPage\":{\"@id\":\"https:\/\/www.abitbol-associes.com\/fr\/penal-international-des-affaires-2\/#primaryimage\"},\"image\":{\"@id\":\"https:\/\/www.abitbol-associes.com\/fr\/penal-international-des-affaires-2\/#primaryimage\"},\"thumbnailUrl\":\"https:\/\/www.abitbol-associes.com\/wp-content\/uploads\/2012\/11\/Cour-supreme-2.jpg\",\"datePublished\":\"2012-11-13T18:05:10+00:00\",\"dateModified\":\"2019-09-04T11:05:29+00:00\",\"breadcrumb\":{\"@id\":\"https:\/\/www.abitbol-associes.com\/fr\/penal-international-des-affaires-2\/#breadcrumb\"},\"inLanguage\":\"fr-FR\",\"potentialAction\":[{\"@type\":\"ReadAction\",\"target\":[[\"https:\/\/www.abitbol-associes.com\/fr\/penal-international-des-affaires-2\/\"]]}]},{\"@type\":\"ImageObject\",\"inLanguage\":\"fr-FR\",\"@id\":\"https:\/\/www.abitbol-associes.com\/fr\/penal-international-des-affaires-2\/#primaryimage\",\"url\":\"https:\/\/www.abitbol-associes.com\/wp-content\/uploads\/2012\/11\/Cour-supreme-2.jpg\",\"contentUrl\":\"https:\/\/www.abitbol-associes.com\/wp-content\/uploads\/2012\/11\/Cour-supreme-2.jpg\",\"width\":\"800\",\"height\":\"365\"},{\"@type\":\"BreadcrumbList\",\"@id\":\"https:\/\/www.abitbol-associes.com\/fr\/penal-international-des-affaires-2\/#breadcrumb\",\"itemListElement\":[{\"@type\":\"ListItem\",\"position\":1,\"name\":\"Home\",\"item\":\"https:\/\/www.abitbol-associes.com\/fr\/\"},{\"@type\":\"ListItem\",\"position\":2,\"name\":\"P\u00e9nal international des affaires\"}]},{\"@type\":\"WebSite\",\"@id\":\"https:\/\/www.abitbol-associes.com\/fr\/#website\",\"url\":\"https:\/\/www.abitbol-associes.com\/fr\/\",\"name\":\"Abitbol Associes\",\"description\":\"Parce que votre exigence est notre priorit\u00e9\",\"potentialAction\":[{\"@type\":\"SearchAction\",\"target\":{\"@type\":\"EntryPoint\",\"urlTemplate\":\"https:\/\/www.abitbol-associes.com\/fr\/?s={search_term_string}\"},\"query-input\":{\"@type\":\"PropertyValueSpecification\",\"valueRequired\":true,\"valueName\":\"search_term_string\"}}],\"inLanguage\":\"fr-FR\"}]}<\/script>\n<!-- \/ Yoast SEO plugin. -->","yoast_head_json":{"title":"P\u00e9nal international des affaires - Abitbol Associes","robots":{"index":"index","follow":"follow","max-snippet":"max-snippet:-1","max-image-preview":"max-image-preview:large","max-video-preview":"max-video-preview:-1"},"canonical":"https:\/\/www.abitbol-associes.com\/fr\/penal-international-des-affaires-2\/","og_locale":"fr_FR","og_type":"article","og_title":"P\u00e9nal international des affaires - Abitbol Associes","og_description":"Fort d&rsquo;une longue et riche expertise en droit p\u00e9nal des affaires et droit p\u00e9nal international, le Cabinet Abitbol &amp; Associ\u00e9s s&rsquo;est rapidement positionn\u00e9 comme une r\u00e9f\u00e9rence, notamment gr\u00e2ce \u00e0 sa collaboration \u00e9troite en qualit\u00e9 de consultant externe pr\u00e8s le Minist\u00e8re de la Justice en Isra\u00ebl (d\u00e9partement du Minist\u00e8re Public de la D\u00e9fense). Les avocats du [&hellip;]","og_url":"https:\/\/www.abitbol-associes.com\/fr\/penal-international-des-affaires-2\/","og_site_name":"Abitbol Associes","article_modified_time":"2019-09-04T11:05:29+00:00","og_image":[{"width":800,"height":365,"url":"https:\/\/www.abitbol-associes.com\/wp-content\/uploads\/2012\/11\/Cour-supreme-2.jpg","type":"image\/jpeg"}],"twitter_card":"summary_large_image","twitter_misc":{"Dur\u00e9e de lecture estim\u00e9e":"3 minutes"},"schema":{"@context":"https:\/\/schema.org","@graph":[{"@type":"WebPage","@id":"https:\/\/www.abitbol-associes.com\/fr\/penal-international-des-affaires-2\/","url":"https:\/\/www.abitbol-associes.com\/fr\/penal-international-des-affaires-2\/","name":"P\u00e9nal international des affaires - Abitbol Associes","isPartOf":{"@id":"https:\/\/www.abitbol-associes.com\/fr\/#website"},"primaryImageOfPage":{"@id":"https:\/\/www.abitbol-associes.com\/fr\/penal-international-des-affaires-2\/#primaryimage"},"image":{"@id":"https:\/\/www.abitbol-associes.com\/fr\/penal-international-des-affaires-2\/#primaryimage"},"thumbnailUrl":"https:\/\/www.abitbol-associes.com\/wp-content\/uploads\/2012\/11\/Cour-supreme-2.jpg","datePublished":"2012-11-13T18:05:10+00:00","dateModified":"2019-09-04T11:05:29+00:00","breadcrumb":{"@id":"https:\/\/www.abitbol-associes.com\/fr\/penal-international-des-affaires-2\/#breadcrumb"},"inLanguage":"fr-FR","potentialAction":[{"@type":"ReadAction","target":[["https:\/\/www.abitbol-associes.com\/fr\/penal-international-des-affaires-2\/"]]}]},{"@type":"ImageObject","inLanguage":"fr-FR","@id":"https:\/\/www.abitbol-associes.com\/fr\/penal-international-des-affaires-2\/#primaryimage","url":"https:\/\/www.abitbol-associes.com\/wp-content\/uploads\/2012\/11\/Cour-supreme-2.jpg","contentUrl":"https:\/\/www.abitbol-associes.com\/wp-content\/uploads\/2012\/11\/Cour-supreme-2.jpg","width":"800","height":"365"},{"@type":"BreadcrumbList","@id":"https:\/\/www.abitbol-associes.com\/fr\/penal-international-des-affaires-2\/#breadcrumb","itemListElement":[{"@type":"ListItem","position":1,"name":"Home","item":"https:\/\/www.abitbol-associes.com\/fr\/"},{"@type":"ListItem","position":2,"name":"P\u00e9nal international des affaires"}]},{"@type":"WebSite","@id":"https:\/\/www.abitbol-associes.com\/fr\/#website","url":"https:\/\/www.abitbol-associes.com\/fr\/","name":"Abitbol Associes","description":"Parce que votre exigence est notre priorit\u00e9","potentialAction":[{"@type":"SearchAction","target":{"@type":"EntryPoint","urlTemplate":"https:\/\/www.abitbol-associes.com\/fr\/?s={search_term_string}"},"query-input":{"@type":"PropertyValueSpecification","valueRequired":true,"valueName":"search_term_string"}}],"inLanguage":"fr-FR"}]}},"_links":{"self":[{"href":"https:\/\/www.abitbol-associes.com\/fr\/wp-json\/wp\/v2\/pages\/79","targetHints":{"allow":["GET"]}}],"collection":[{"href":"https:\/\/www.abitbol-associes.com\/fr\/wp-json\/wp\/v2\/pages"}],"about":[{"href":"https:\/\/www.abitbol-associes.com\/fr\/wp-json\/wp\/v2\/types\/page"}],"author":[{"embeddable":true,"href":"https:\/\/www.abitbol-associes.com\/fr\/wp-json\/wp\/v2\/users\/6"}],"replies":[{"embeddable":true,"href":"https:\/\/www.abitbol-associes.com\/fr\/wp-json\/wp\/v2\/comments?post=79"}],"version-history":[{"count":50,"href":"https:\/\/www.abitbol-associes.com\/fr\/wp-json\/wp\/v2\/pages\/79\/revisions"}],"predecessor-version":[{"id":2915,"href":"https:\/\/www.abitbol-associes.com\/fr\/wp-json\/wp\/v2\/pages\/79\/revisions\/2915"}],"wp:featuredmedia":[{"embeddable":true,"href":"https:\/\/www.abitbol-associes.com\/fr\/wp-json\/wp\/v2\/media\/549"}],"wp:attachment":[{"href":"https:\/\/www.abitbol-associes.com\/fr\/wp-json\/wp\/v2\/media?parent=79"}],"curies":[{"name":"wp","href":"https:\/\/api.w.org\/{rel}","templated":true}]}}