{"id":766,"date":"2013-02-05T11:19:50","date_gmt":"2013-02-05T11:19:50","guid":{"rendered":"http:\/\/www.abitbol-associes.com\/?page_id=766"},"modified":"2019-08-13T16:42:30","modified_gmt":"2019-08-13T16:42:30","slug":"gestion-de-la-propriete-intellectuelle","status":"publish","type":"page","link":"https:\/\/www.abitbol-associes.com\/fr\/gestion-de-la-propriete-intellectuelle\/","title":{"rendered":"Gestion de la propri\u00e9t\u00e9 intellectuelle"},"content":{"rendered":"<p><\/p>\n<blockquote>\n<p style=\"text-align: justify;\">Notre Cabinet est tourn\u00e9 vers la modernit\u00e9, l\u2019originalit\u00e9 et l\u2019inventivit\u00e9.\u00a0Il est donc pour nous indispensable de soutenir vos cr\u00e9ations (marques, d\u00e9nominations sociales, noms de domaines, dessins et mod\u00e8les), et de vous accompagner dans toutes vos d\u00e9marches, de la recherche d\u2019ant\u00e9riorit\u00e9 \u00e0 la protection, en passant par la d\u00e9claration aux niveaux nationaux et internationaux.<\/p>\n<\/blockquote>\n<p style=\"text-align: justify;\">Afin de valoriser et d\u00e9fendre vos diff\u00e9rents titres, nous mettons \u00e0 votre disposition une \u00e9quipe de juristes justifiant d&rsquo;une solide exp\u00e9rience en propri\u00e9t\u00e9 intellectuelle.<\/p>\n<p style=\"text-align: justify;\">Nos juristes peuvent \u00e9galement recevoir une formation sur les logiciels de PI utilis\u00e9s habituellement par le client en interne<strong>\u00a0<\/strong>tels que Memotech ou Foundation IP de CPA Global.<\/p>\n<p><strong>D\u00e9tails des prestations :<\/strong><\/p>\n<ul>\n<li><strong>Aide \u00e0 la strat\u00e9gie de d\u00e9p\u00f4t<\/strong><\/li>\n<\/ul>\n<p style=\"text-align: justify;\">O\u00f9 d\u00e9poser pour mieux prot\u00e9ger\u00a0? Quelle cat\u00e9gorie choisir\u00a0? Plusieurs questions doivent \u00eatre pos\u00e9es et \u00e9tudi\u00e9es afin d\u2019adopter la meilleure strat\u00e9gie pour d\u00e9fendre vos titres. Nous mettons \u00e0 votre disposition des sp\u00e9cialistes qui vous aideront \u00e0 y voir clair.<\/p>\n<ul>\n<li><strong>Recherches d\u2019ant\u00e9riorit\u00e9s compl\u00e8tes par classe et par GAS<\/strong><\/li>\n<\/ul>\n<p style=\"text-align: justify;\">Avant de proc\u00e9der au d\u00e9p\u00f4t, il convient de s\u2019assurer que le signe choisi est disponible. D\u2019une mani\u00e8re g\u00e9n\u00e9rale, une marque est disponible quand elle ne reproduit ou n\u2019imite pas un signe qui b\u00e9n\u00e9ficie d\u2019un droit ant\u00e9rieur pour des produits ou services, ou des activit\u00e9s qui seraient identiques ou similaires \u00e0 ceux envisag\u00e9s.\u00a0Cette \u00e9tape est donc essentielle.<\/p>\n<ul>\n<li>\u00a0<strong>D\u00e9p\u00f4t de marque nationale fran\u00e7aise, europ\u00e9enne et internationale<\/strong><\/li>\n<\/ul>\n<p style=\"text-align: justify;\">Nous intervenons aupr\u00e8s des instances comp\u00e9tentes que sont l\u2019INPI en France, l\u2019OHMI au sein de l\u2019Union europ\u00e9enne et l\u2019OMPI au niveau international.<\/p>\n<ul>\n<li>\u00a0<strong>Surveillance, renouvellement, rachat ou r\u00e9cup\u00e9ration<\/strong><\/li>\n<\/ul>\n<p style=\"text-align: justify;\">Une fois les premi\u00e8res d\u00e9marches r\u00e9alis\u00e9es, nous vous accompagnons dans la dur\u00e9e et surveillons pour vous la protection de tous vos titres.<\/p>\n<h3><img loading=\"lazy\" decoding=\"async\" class=\"aligncenter wp-image-2449\" src=\"https:\/\/abitbol-associes.com\/wp-content\/uploads\/2018\/01\/AA_Logo_Final-300x159.gif\" alt=\"\" width=\"133\" height=\"70\" srcset=\"https:\/\/www.abitbol-associes.com\/wp-content\/uploads\/2018\/01\/AA_Logo_Final-300x159.gif 300w, https:\/\/www.abitbol-associes.com\/wp-content\/uploads\/2018\/01\/AA_Logo_Final-150x80.gif 150w\" sizes=\"auto, (max-width: 133px) 100vw, 133px\" \/><\/h3>\n<p style=\"text-align: center;\">66 Av Victor Hugo &#8211; Immeuble LEONARD DE VINCI Paris 16\u1d49<br \/>\nTel: + 33 (0)1 78 90 03 73<br \/>\nFax: + 33 (0)1 77 74 63 99<\/p>\n<p style=\"text-align: center;\">13 rue Shimon ben Shetah, 9414713, J\u00e9rusalem<br \/>\nTel: + 972 (0)2 595 63 45<br \/>\nFax: + 972 (0)2 591 63 26<\/p>\n<p style=\"text-align: center;\"><a href=\"mailto:contact@abitbol-associes.com\">contact@abitbol-associes.com<\/a><\/p>\n<p>&nbsp;<\/p>\n<h3>\n\t\t<div class='et_quote quote-center'>\n\t\t\t<div class='et_right_quote'>\n\t\t\t\tContactez-nous\n\t\t\t\t<span class='et_quote_additional_sign'><\/span>\n\t\t\t<\/div>\n\t\t\t<span class='et_quote_sign'><\/span>\n\t\t<\/div>\n\t<\/h3>\n<h3 style=\"text-align: left;\">Pour tout besoin et\/ou question, merci de nous laisser un message:\n<div class=\"wpcf7 no-js\" id=\"wpcf7-f1230-o1\" lang=\"en-US\" dir=\"ltr\" data-wpcf7-id=\"1230\">\n<div class=\"screen-reader-response\"><p role=\"status\" aria-live=\"polite\" aria-atomic=\"true\"><\/p> <ul><\/ul><\/div>\n<form action=\"\/fr\/wp-json\/wp\/v2\/pages\/766#wpcf7-f1230-o1\" method=\"post\" class=\"wpcf7-form init\" aria-label=\"Contact form\" novalidate=\"novalidate\" data-status=\"init\">\n<fieldset class=\"hidden-fields-container\"><input type=\"hidden\" name=\"_wpcf7\" value=\"1230\" \/><input type=\"hidden\" name=\"_wpcf7_version\" value=\"6.1\" \/><input type=\"hidden\" name=\"_wpcf7_locale\" value=\"en_US\" \/><input type=\"hidden\" name=\"_wpcf7_unit_tag\" value=\"wpcf7-f1230-o1\" \/><input type=\"hidden\" name=\"_wpcf7_container_post\" value=\"0\" \/><input type=\"hidden\" name=\"_wpcf7_posted_data_hash\" value=\"\" \/><input type=\"hidden\" name=\"_wpcf7_recaptcha_response\" value=\"\" \/>\n<\/fieldset>\n<p>Votre nom (obligatoire)\n<\/p>\n<p><span class=\"wpcf7-form-control-wrap\" data-name=\"your-name\"><input size=\"40\" maxlength=\"400\" class=\"wpcf7-form-control wpcf7-text wpcf7-validates-as-required\" aria-required=\"true\" aria-invalid=\"false\" value=\"\" type=\"text\" name=\"your-name\" \/><\/span>\n<\/p>\n<p>Votre email (obligatoire)\n<\/p>\n<p><span class=\"wpcf7-form-control-wrap\" data-name=\"your-email\"><input size=\"40\" maxlength=\"400\" class=\"wpcf7-form-control wpcf7-email wpcf7-validates-as-required wpcf7-text wpcf7-validates-as-email\" aria-required=\"true\" aria-invalid=\"false\" value=\"\" type=\"email\" name=\"your-email\" \/><\/span>\n<\/p>\n<p>Votre num\u00e9ro de t\u00e9l\u00e9phone (obligatoire)\n<\/p>\n<p><span class=\"wpcf7-form-control-wrap\" data-name=\"your-tel\"><input size=\"40\" maxlength=\"400\" class=\"wpcf7-form-control wpcf7-tel wpcf7-validates-as-required wpcf7-text wpcf7-validates-as-tel\" aria-required=\"true\" aria-invalid=\"false\" value=\"\" type=\"tel\" name=\"your-tel\" \/><\/span>\n<\/p>\n<p>Sujet\n<\/p>\n<p><span class=\"wpcf7-form-control-wrap\" data-name=\"your-subject\"><input size=\"40\" maxlength=\"400\" class=\"wpcf7-form-control wpcf7-text\" aria-invalid=\"false\" value=\"\" type=\"text\" name=\"your-subject\" \/><\/span>\n<\/p>\n<p>Votre message\n<\/p>\n<p><span class=\"wpcf7-form-control-wrap\" data-name=\"your-message\"><textarea cols=\"40\" rows=\"10\" maxlength=\"2000\" class=\"wpcf7-form-control wpcf7-textarea\" aria-invalid=\"false\" name=\"your-message\"><\/textarea><\/span>\n<\/p>\n\n<p><input class=\"wpcf7-form-control wpcf7-submit has-spinner\" type=\"submit\" value=\"Envoyer\" \/>\n<\/p><div class=\"wpcf7-response-output\" aria-hidden=\"true\"><\/div>\n<\/form>\n<\/div>\n<\/h3>\n<p><\/p>","protected":false},"excerpt":{"rendered":"<p>Notre Cabinet est tourn\u00e9 vers la modernit\u00e9, l\u2019originalit\u00e9 et l\u2019inventivit\u00e9.\u00a0Il est donc pour nous indispensable de soutenir vos cr\u00e9ations (marques, d\u00e9nominations sociales, noms de domaines, dessins et mod\u00e8les), et de vous accompagner dans toutes vos d\u00e9marches, de la recherche d\u2019ant\u00e9riorit\u00e9 \u00e0 la protection, en passant par la d\u00e9claration aux niveaux nationaux et internationaux. Afin de [&hellip;]<\/p>\n","protected":false},"author":2,"featured_media":0,"parent":0,"menu_order":0,"comment_status":"open","ping_status":"closed","template":"","meta":{"footnotes":""},"class_list":["post-766","page","type-page","status-publish","hentry"],"yoast_head":"<!-- This site is optimized with the Yoast SEO plugin v25.5 - https:\/\/yoast.com\/wordpress\/plugins\/seo\/ -->\n<title>Gestion de la propri\u00e9t\u00e9 intellectuelle - Abitbol Associes<\/title>\n<meta name=\"robots\" content=\"index, follow, max-snippet:-1, max-image-preview:large, max-video-preview:-1\" \/>\n<link rel=\"canonical\" href=\"https:\/\/www.abitbol-associes.com\/fr\/gestion-de-la-propriete-intellectuelle\/\" \/>\n<meta property=\"og:locale\" content=\"fr_FR\" \/>\n<meta property=\"og:type\" content=\"article\" \/>\n<meta property=\"og:title\" content=\"Gestion de la propri\u00e9t\u00e9 intellectuelle - Abitbol Associes\" \/>\n<meta property=\"og:description\" content=\"Notre Cabinet est tourn\u00e9 vers la modernit\u00e9, l\u2019originalit\u00e9 et l\u2019inventivit\u00e9.\u00a0Il est donc pour nous indispensable de soutenir vos cr\u00e9ations (marques, d\u00e9nominations sociales, noms de domaines, dessins et mod\u00e8les), et de vous accompagner dans toutes vos d\u00e9marches, de la recherche d\u2019ant\u00e9riorit\u00e9 \u00e0 la protection, en passant par la d\u00e9claration aux niveaux nationaux et internationaux. Afin de [&hellip;]\" \/>\n<meta property=\"og:url\" content=\"https:\/\/www.abitbol-associes.com\/fr\/gestion-de-la-propriete-intellectuelle\/\" \/>\n<meta property=\"og:site_name\" content=\"Abitbol Associes\" \/>\n<meta property=\"article:modified_time\" content=\"2019-08-13T16:42:30+00:00\" \/>\n<meta property=\"og:image\" content=\"https:\/\/abitbol-associes.com\/wp-content\/uploads\/2018\/01\/AA_Logo_Final-300x159.gif\" \/>\n<meta name=\"twitter:card\" content=\"summary_large_image\" \/>\n<meta name=\"twitter:label1\" content=\"Dur\u00e9e de lecture estim\u00e9e\" \/>\n\t<meta name=\"twitter:data1\" content=\"5 minutes\" \/>\n<script type=\"application\/ld+json\" class=\"yoast-schema-graph\">{\"@context\":\"https:\/\/schema.org\",\"@graph\":[{\"@type\":\"WebPage\",\"@id\":\"https:\/\/www.abitbol-associes.com\/fr\/gestion-de-la-propriete-intellectuelle\/\",\"url\":\"https:\/\/www.abitbol-associes.com\/fr\/gestion-de-la-propriete-intellectuelle\/\",\"name\":\"Gestion de la propri\u00e9t\u00e9 intellectuelle - Abitbol Associes\",\"isPartOf\":{\"@id\":\"https:\/\/www.abitbol-associes.com\/fr\/#website\"},\"primaryImageOfPage\":{\"@id\":\"https:\/\/www.abitbol-associes.com\/fr\/gestion-de-la-propriete-intellectuelle\/#primaryimage\"},\"image\":{\"@id\":\"https:\/\/www.abitbol-associes.com\/fr\/gestion-de-la-propriete-intellectuelle\/#primaryimage\"},\"thumbnailUrl\":\"https:\/\/abitbol-associes.com\/wp-content\/uploads\/2018\/01\/AA_Logo_Final-300x159.gif\",\"datePublished\":\"2013-02-05T11:19:50+00:00\",\"dateModified\":\"2019-08-13T16:42:30+00:00\",\"breadcrumb\":{\"@id\":\"https:\/\/www.abitbol-associes.com\/fr\/gestion-de-la-propriete-intellectuelle\/#breadcrumb\"},\"inLanguage\":\"fr-FR\",\"potentialAction\":[{\"@type\":\"ReadAction\",\"target\":[[\"https:\/\/www.abitbol-associes.com\/fr\/gestion-de-la-propriete-intellectuelle\/\"]]}]},{\"@type\":\"ImageObject\",\"inLanguage\":\"fr-FR\",\"@id\":\"https:\/\/www.abitbol-associes.com\/fr\/gestion-de-la-propriete-intellectuelle\/#primaryimage\",\"url\":\"https:\/\/abitbol-associes.com\/wp-content\/uploads\/2018\/01\/AA_Logo_Final-300x159.gif\",\"contentUrl\":\"https:\/\/abitbol-associes.com\/wp-content\/uploads\/2018\/01\/AA_Logo_Final-300x159.gif\"},{\"@type\":\"BreadcrumbList\",\"@id\":\"https:\/\/www.abitbol-associes.com\/fr\/gestion-de-la-propriete-intellectuelle\/#breadcrumb\",\"itemListElement\":[{\"@type\":\"ListItem\",\"position\":1,\"name\":\"Home\",\"item\":\"https:\/\/www.abitbol-associes.com\/fr\/\"},{\"@type\":\"ListItem\",\"position\":2,\"name\":\"Gestion de la propri\u00e9t\u00e9 intellectuelle\"}]},{\"@type\":\"WebSite\",\"@id\":\"https:\/\/www.abitbol-associes.com\/fr\/#website\",\"url\":\"https:\/\/www.abitbol-associes.com\/fr\/\",\"name\":\"Abitbol Associes\",\"description\":\"Parce que votre exigence est notre priorit\u00e9\",\"potentialAction\":[{\"@type\":\"SearchAction\",\"target\":{\"@type\":\"EntryPoint\",\"urlTemplate\":\"https:\/\/www.abitbol-associes.com\/fr\/?s={search_term_string}\"},\"query-input\":{\"@type\":\"PropertyValueSpecification\",\"valueRequired\":true,\"valueName\":\"search_term_string\"}}],\"inLanguage\":\"fr-FR\"}]}<\/script>\n<!-- \/ Yoast SEO plugin. -->","yoast_head_json":{"title":"Gestion de la propri\u00e9t\u00e9 intellectuelle - Abitbol Associes","robots":{"index":"index","follow":"follow","max-snippet":"max-snippet:-1","max-image-preview":"max-image-preview:large","max-video-preview":"max-video-preview:-1"},"canonical":"https:\/\/www.abitbol-associes.com\/fr\/gestion-de-la-propriete-intellectuelle\/","og_locale":"fr_FR","og_type":"article","og_title":"Gestion de la propri\u00e9t\u00e9 intellectuelle - Abitbol Associes","og_description":"Notre Cabinet est tourn\u00e9 vers la modernit\u00e9, l\u2019originalit\u00e9 et l\u2019inventivit\u00e9.\u00a0Il est donc pour nous indispensable de soutenir vos cr\u00e9ations (marques, d\u00e9nominations sociales, noms de domaines, dessins et mod\u00e8les), et de vous accompagner dans toutes vos d\u00e9marches, de la recherche d\u2019ant\u00e9riorit\u00e9 \u00e0 la protection, en passant par la d\u00e9claration aux niveaux nationaux et internationaux. Afin de [&hellip;]","og_url":"https:\/\/www.abitbol-associes.com\/fr\/gestion-de-la-propriete-intellectuelle\/","og_site_name":"Abitbol Associes","article_modified_time":"2019-08-13T16:42:30+00:00","og_image":[{"url":"https:\/\/abitbol-associes.com\/wp-content\/uploads\/2018\/01\/AA_Logo_Final-300x159.gif","type":"","width":"","height":""}],"twitter_card":"summary_large_image","twitter_misc":{"Dur\u00e9e de lecture estim\u00e9e":"5 minutes"},"schema":{"@context":"https:\/\/schema.org","@graph":[{"@type":"WebPage","@id":"https:\/\/www.abitbol-associes.com\/fr\/gestion-de-la-propriete-intellectuelle\/","url":"https:\/\/www.abitbol-associes.com\/fr\/gestion-de-la-propriete-intellectuelle\/","name":"Gestion de la propri\u00e9t\u00e9 intellectuelle - Abitbol Associes","isPartOf":{"@id":"https:\/\/www.abitbol-associes.com\/fr\/#website"},"primaryImageOfPage":{"@id":"https:\/\/www.abitbol-associes.com\/fr\/gestion-de-la-propriete-intellectuelle\/#primaryimage"},"image":{"@id":"https:\/\/www.abitbol-associes.com\/fr\/gestion-de-la-propriete-intellectuelle\/#primaryimage"},"thumbnailUrl":"https:\/\/abitbol-associes.com\/wp-content\/uploads\/2018\/01\/AA_Logo_Final-300x159.gif","datePublished":"2013-02-05T11:19:50+00:00","dateModified":"2019-08-13T16:42:30+00:00","breadcrumb":{"@id":"https:\/\/www.abitbol-associes.com\/fr\/gestion-de-la-propriete-intellectuelle\/#breadcrumb"},"inLanguage":"fr-FR","potentialAction":[{"@type":"ReadAction","target":[["https:\/\/www.abitbol-associes.com\/fr\/gestion-de-la-propriete-intellectuelle\/"]]}]},{"@type":"ImageObject","inLanguage":"fr-FR","@id":"https:\/\/www.abitbol-associes.com\/fr\/gestion-de-la-propriete-intellectuelle\/#primaryimage","url":"https:\/\/abitbol-associes.com\/wp-content\/uploads\/2018\/01\/AA_Logo_Final-300x159.gif","contentUrl":"https:\/\/abitbol-associes.com\/wp-content\/uploads\/2018\/01\/AA_Logo_Final-300x159.gif"},{"@type":"BreadcrumbList","@id":"https:\/\/www.abitbol-associes.com\/fr\/gestion-de-la-propriete-intellectuelle\/#breadcrumb","itemListElement":[{"@type":"ListItem","position":1,"name":"Home","item":"https:\/\/www.abitbol-associes.com\/fr\/"},{"@type":"ListItem","position":2,"name":"Gestion de la propri\u00e9t\u00e9 intellectuelle"}]},{"@type":"WebSite","@id":"https:\/\/www.abitbol-associes.com\/fr\/#website","url":"https:\/\/www.abitbol-associes.com\/fr\/","name":"Abitbol Associes","description":"Parce que votre exigence est notre priorit\u00e9","potentialAction":[{"@type":"SearchAction","target":{"@type":"EntryPoint","urlTemplate":"https:\/\/www.abitbol-associes.com\/fr\/?s={search_term_string}"},"query-input":{"@type":"PropertyValueSpecification","valueRequired":true,"valueName":"search_term_string"}}],"inLanguage":"fr-FR"}]}},"_links":{"self":[{"href":"https:\/\/www.abitbol-associes.com\/fr\/wp-json\/wp\/v2\/pages\/766","targetHints":{"allow":["GET"]}}],"collection":[{"href":"https:\/\/www.abitbol-associes.com\/fr\/wp-json\/wp\/v2\/pages"}],"about":[{"href":"https:\/\/www.abitbol-associes.com\/fr\/wp-json\/wp\/v2\/types\/page"}],"author":[{"embeddable":true,"href":"https:\/\/www.abitbol-associes.com\/fr\/wp-json\/wp\/v2\/users\/2"}],"replies":[{"embeddable":true,"href":"https:\/\/www.abitbol-associes.com\/fr\/wp-json\/wp\/v2\/comments?post=766"}],"version-history":[{"count":17,"href":"https:\/\/www.abitbol-associes.com\/fr\/wp-json\/wp\/v2\/pages\/766\/revisions"}],"predecessor-version":[{"id":2876,"href":"https:\/\/www.abitbol-associes.com\/fr\/wp-json\/wp\/v2\/pages\/766\/revisions\/2876"}],"wp:attachment":[{"href":"https:\/\/www.abitbol-associes.com\/fr\/wp-json\/wp\/v2\/media?parent=766"}],"curies":[{"name":"wp","href":"https:\/\/api.w.org\/{rel}","templated":true}]}}