{"id":755,"date":"2013-02-05T11:06:18","date_gmt":"2013-02-05T11:06:18","guid":{"rendered":"http:\/\/www.abitbol-associes.com\/?page_id=755"},"modified":"2019-08-13T16:40:11","modified_gmt":"2019-08-13T16:40:11","slug":"technologies-et-bases-de-donnees","status":"publish","type":"page","link":"https:\/\/www.abitbol-associes.com\/fr\/technologies-et-bases-de-donnees\/","title":{"rendered":"Technologies et Bases de donn\u00e9es"},"content":{"rendered":"<p><\/p>\n<blockquote>\n<p style=\"text-align: justify;\">Notre objectif consiste \u00e0 d\u00e9livrer le maximum de valeur ajout\u00e9e \u00e0 nos clients, par l\u2019\u00e9quilibre harmonieux de technologies et de savoir-faire juridique.\u00a0Les juristes du d\u00e9partement de LPO traitent ainsi les prestations \u00e0 l&rsquo;aide de technologies innovantes et de puissantes bases de donn\u00e9es documentaires.<\/p>\n<\/blockquote>\n<p style=\"text-align: justify;\"><strong>Des technologies innovantes en interne<\/strong><br \/>\nNotre d\u00e9partement de LPO est \u00e9quip\u00e9 de Entregence, Encobi et Shareflow, logiciels innovants de Gestion de l\u2019Intelligence de Contrats (GIC).<\/p>\n<ul style=\"text-align: justify;\">\n<li>Entergence est une plateforme de gestion de contrats qui permet l&rsquo;exploitation optimale de l\u2019intelligence juridique contenue dans chaque contrat et qui en facilite la r\u00e9daction et la r\u00e9vision.<\/li>\n<li>Encobi est un portail d\u2019analyse de l\u2019intelligence de contrats reprenant les indicateurs cl\u00e9s de performances de l\u2019entreprise cliente.<\/li>\n<li>Shareflow est une solution d\u00e9velopp\u00e9e sur SharePoint de gestion des flux organisationnels.<\/li>\n<\/ul>\n<p style=\"text-align: justify;\">Ces technologies sont d\u00e9velopp\u00e9es par Manthan Legal, l&rsquo;une des 10\u00a0premi\u00e8res\u00a0firmes mondiales de LPO.<\/p>\n<p><strong>De puissantes bases de donn\u00e9es documentaires<\/strong><\/p>\n<div>\n<div style=\"text-align: justify;\">Les juristes du D\u00e9partement de LPO disposent d\u2019un acc\u00e8s aux principales bases de donn\u00e9es juridiques:<\/div>\n<div style=\"text-align: justify;\">\n<ul>\n<li>Lexis Nexis<\/li>\n<li>Dalloz<\/li>\n<li>Lefebvre<\/li>\n<\/ul>\n<\/div>\n<div style=\"text-align: justify;\">et d\u2019un acc\u00e8s\u00a0\u00e0 de nombreux mod\u00e8les de contrats:<\/div>\n<div>\n<ul>\n<li style=\"text-align: justify;\">Business in a Box<\/li>\n<li style=\"text-align: justify;\">Base de donn\u00e9es interne<\/li>\n<\/ul>\n<h3><img loading=\"lazy\" decoding=\"async\" class=\"aligncenter wp-image-2449\" src=\"https:\/\/abitbol-associes.com\/wp-content\/uploads\/2018\/01\/AA_Logo_Final-300x159.gif\" alt=\"\" width=\"133\" height=\"70\" srcset=\"https:\/\/www.abitbol-associes.com\/wp-content\/uploads\/2018\/01\/AA_Logo_Final-300x159.gif 300w, https:\/\/www.abitbol-associes.com\/wp-content\/uploads\/2018\/01\/AA_Logo_Final-150x80.gif 150w\" sizes=\"auto, (max-width: 133px) 100vw, 133px\" \/><\/h3>\n<p style=\"text-align: center;\">66 Av Victor Hugo &#8211; Immeuble LEONARD DE VINCI Paris 16\u1d49<br \/>\nTel: + 33 (0)1 78 90 03 73<br \/>\nFax: + 33 (0)1 77 74 63 99<\/p>\n<p style=\"text-align: center;\">13 rue Shimon ben Shetah, 9414713, J\u00e9rusalem<br \/>\nTel: + 972 (0)2 595 63 45<br \/>\nFax: + 972 (0)2 591 63 26<\/p>\n<p style=\"text-align: center;\"><a href=\"mailto:contact@abitbol-associes.com\">contact@abitbol-associes.com<\/a><\/p>\n<p>&nbsp;<\/p>\n<h3>\n\t\t<div class='et_quote quote-center'>\n\t\t\t<div class='et_right_quote'>\n\t\t\t\tContactez-nous\n\t\t\t\t<span class='et_quote_additional_sign'><\/span>\n\t\t\t<\/div>\n\t\t\t<span class='et_quote_sign'><\/span>\n\t\t<\/div>\n\t<\/h3>\n<h3 style=\"text-align: left;\">Pour tout besoin et\/ou question, merci de nous laisser un message:\n<div class=\"wpcf7 no-js\" id=\"wpcf7-f1230-o1\" lang=\"en-US\" dir=\"ltr\" data-wpcf7-id=\"1230\">\n<div class=\"screen-reader-response\"><p role=\"status\" aria-live=\"polite\" aria-atomic=\"true\"><\/p> <ul><\/ul><\/div>\n<form action=\"\/fr\/wp-json\/wp\/v2\/pages\/755#wpcf7-f1230-o1\" method=\"post\" class=\"wpcf7-form init\" aria-label=\"Contact form\" novalidate=\"novalidate\" data-status=\"init\">\n<fieldset class=\"hidden-fields-container\"><input type=\"hidden\" name=\"_wpcf7\" value=\"1230\" \/><input type=\"hidden\" name=\"_wpcf7_version\" value=\"6.1\" \/><input type=\"hidden\" name=\"_wpcf7_locale\" value=\"en_US\" \/><input type=\"hidden\" name=\"_wpcf7_unit_tag\" value=\"wpcf7-f1230-o1\" \/><input type=\"hidden\" name=\"_wpcf7_container_post\" value=\"0\" \/><input type=\"hidden\" name=\"_wpcf7_posted_data_hash\" value=\"\" \/><input type=\"hidden\" name=\"_wpcf7_recaptcha_response\" value=\"\" \/>\n<\/fieldset>\n<p>Votre nom (obligatoire)\n<\/p>\n<p><span class=\"wpcf7-form-control-wrap\" data-name=\"your-name\"><input size=\"40\" maxlength=\"400\" class=\"wpcf7-form-control wpcf7-text wpcf7-validates-as-required\" aria-required=\"true\" aria-invalid=\"false\" value=\"\" type=\"text\" name=\"your-name\" \/><\/span>\n<\/p>\n<p>Votre email (obligatoire)\n<\/p>\n<p><span class=\"wpcf7-form-control-wrap\" data-name=\"your-email\"><input size=\"40\" maxlength=\"400\" class=\"wpcf7-form-control wpcf7-email wpcf7-validates-as-required wpcf7-text wpcf7-validates-as-email\" aria-required=\"true\" aria-invalid=\"false\" value=\"\" type=\"email\" name=\"your-email\" \/><\/span>\n<\/p>\n<p>Votre num\u00e9ro de t\u00e9l\u00e9phone (obligatoire)\n<\/p>\n<p><span class=\"wpcf7-form-control-wrap\" data-name=\"your-tel\"><input size=\"40\" maxlength=\"400\" class=\"wpcf7-form-control wpcf7-tel wpcf7-validates-as-required wpcf7-text wpcf7-validates-as-tel\" aria-required=\"true\" aria-invalid=\"false\" value=\"\" type=\"tel\" name=\"your-tel\" \/><\/span>\n<\/p>\n<p>Sujet\n<\/p>\n<p><span class=\"wpcf7-form-control-wrap\" data-name=\"your-subject\"><input size=\"40\" maxlength=\"400\" class=\"wpcf7-form-control wpcf7-text\" aria-invalid=\"false\" value=\"\" type=\"text\" name=\"your-subject\" \/><\/span>\n<\/p>\n<p>Votre message\n<\/p>\n<p><span class=\"wpcf7-form-control-wrap\" data-name=\"your-message\"><textarea cols=\"40\" rows=\"10\" maxlength=\"2000\" class=\"wpcf7-form-control wpcf7-textarea\" aria-invalid=\"false\" name=\"your-message\"><\/textarea><\/span>\n<\/p>\n\n<p><input class=\"wpcf7-form-control wpcf7-submit has-spinner\" type=\"submit\" value=\"Envoyer\" \/>\n<\/p><div class=\"wpcf7-response-output\" aria-hidden=\"true\"><\/div>\n<\/form>\n<\/div>\n<\/h3>\n<\/div>\n<\/div>\n<p><\/p>","protected":false},"excerpt":{"rendered":"<p>Notre objectif consiste \u00e0 d\u00e9livrer le maximum de valeur ajout\u00e9e \u00e0 nos clients, par l\u2019\u00e9quilibre harmonieux de technologies et de savoir-faire juridique.\u00a0Les juristes du d\u00e9partement de LPO traitent ainsi les prestations \u00e0 l&rsquo;aide de technologies innovantes et de puissantes bases de donn\u00e9es documentaires. Des technologies innovantes en interne Notre d\u00e9partement de LPO est \u00e9quip\u00e9 de [&hellip;]<\/p>\n","protected":false},"author":2,"featured_media":0,"parent":0,"menu_order":0,"comment_status":"open","ping_status":"closed","template":"","meta":{"footnotes":""},"class_list":["post-755","page","type-page","status-publish","hentry"],"yoast_head":"<!-- This site is optimized with the Yoast SEO plugin v25.5 - https:\/\/yoast.com\/wordpress\/plugins\/seo\/ -->\n<title>Technologies et Bases de donn\u00e9es - Abitbol Associes<\/title>\n<meta name=\"robots\" content=\"index, follow, max-snippet:-1, max-image-preview:large, max-video-preview:-1\" \/>\n<link rel=\"canonical\" href=\"https:\/\/www.abitbol-associes.com\/fr\/technologies-et-bases-de-donnees\/\" \/>\n<meta property=\"og:locale\" content=\"fr_FR\" \/>\n<meta property=\"og:type\" content=\"article\" \/>\n<meta property=\"og:title\" content=\"Technologies et Bases de donn\u00e9es - Abitbol Associes\" \/>\n<meta property=\"og:description\" content=\"Notre objectif consiste \u00e0 d\u00e9livrer le maximum de valeur ajout\u00e9e \u00e0 nos clients, par l\u2019\u00e9quilibre harmonieux de technologies et de savoir-faire juridique.\u00a0Les juristes du d\u00e9partement de LPO traitent ainsi les prestations \u00e0 l&rsquo;aide de technologies innovantes et de puissantes bases de donn\u00e9es documentaires. Des technologies innovantes en interne Notre d\u00e9partement de LPO est \u00e9quip\u00e9 de [&hellip;]\" \/>\n<meta property=\"og:url\" content=\"https:\/\/www.abitbol-associes.com\/fr\/technologies-et-bases-de-donnees\/\" \/>\n<meta property=\"og:site_name\" content=\"Abitbol Associes\" \/>\n<meta property=\"article:modified_time\" content=\"2019-08-13T16:40:11+00:00\" \/>\n<meta property=\"og:image\" content=\"https:\/\/abitbol-associes.com\/wp-content\/uploads\/2018\/01\/AA_Logo_Final-300x159.gif\" \/>\n<meta name=\"twitter:card\" content=\"summary_large_image\" \/>\n<meta name=\"twitter:label1\" content=\"Dur\u00e9e de lecture estim\u00e9e\" \/>\n\t<meta name=\"twitter:data1\" content=\"3 minutes\" \/>\n<script type=\"application\/ld+json\" class=\"yoast-schema-graph\">{\"@context\":\"https:\/\/schema.org\",\"@graph\":[{\"@type\":\"WebPage\",\"@id\":\"https:\/\/www.abitbol-associes.com\/fr\/technologies-et-bases-de-donnees\/\",\"url\":\"https:\/\/www.abitbol-associes.com\/fr\/technologies-et-bases-de-donnees\/\",\"name\":\"Technologies et Bases de donn\u00e9es - Abitbol Associes\",\"isPartOf\":{\"@id\":\"https:\/\/www.abitbol-associes.com\/fr\/#website\"},\"primaryImageOfPage\":{\"@id\":\"https:\/\/www.abitbol-associes.com\/fr\/technologies-et-bases-de-donnees\/#primaryimage\"},\"image\":{\"@id\":\"https:\/\/www.abitbol-associes.com\/fr\/technologies-et-bases-de-donnees\/#primaryimage\"},\"thumbnailUrl\":\"https:\/\/abitbol-associes.com\/wp-content\/uploads\/2018\/01\/AA_Logo_Final-300x159.gif\",\"datePublished\":\"2013-02-05T11:06:18+00:00\",\"dateModified\":\"2019-08-13T16:40:11+00:00\",\"breadcrumb\":{\"@id\":\"https:\/\/www.abitbol-associes.com\/fr\/technologies-et-bases-de-donnees\/#breadcrumb\"},\"inLanguage\":\"fr-FR\",\"potentialAction\":[{\"@type\":\"ReadAction\",\"target\":[[\"https:\/\/www.abitbol-associes.com\/fr\/technologies-et-bases-de-donnees\/\"]]}]},{\"@type\":\"ImageObject\",\"inLanguage\":\"fr-FR\",\"@id\":\"https:\/\/www.abitbol-associes.com\/fr\/technologies-et-bases-de-donnees\/#primaryimage\",\"url\":\"https:\/\/abitbol-associes.com\/wp-content\/uploads\/2018\/01\/AA_Logo_Final-300x159.gif\",\"contentUrl\":\"https:\/\/abitbol-associes.com\/wp-content\/uploads\/2018\/01\/AA_Logo_Final-300x159.gif\"},{\"@type\":\"BreadcrumbList\",\"@id\":\"https:\/\/www.abitbol-associes.com\/fr\/technologies-et-bases-de-donnees\/#breadcrumb\",\"itemListElement\":[{\"@type\":\"ListItem\",\"position\":1,\"name\":\"Home\",\"item\":\"https:\/\/www.abitbol-associes.com\/fr\/\"},{\"@type\":\"ListItem\",\"position\":2,\"name\":\"Technologies et Bases de donn\u00e9es\"}]},{\"@type\":\"WebSite\",\"@id\":\"https:\/\/www.abitbol-associes.com\/fr\/#website\",\"url\":\"https:\/\/www.abitbol-associes.com\/fr\/\",\"name\":\"Abitbol Associes\",\"description\":\"Parce que votre exigence est notre priorit\u00e9\",\"potentialAction\":[{\"@type\":\"SearchAction\",\"target\":{\"@type\":\"EntryPoint\",\"urlTemplate\":\"https:\/\/www.abitbol-associes.com\/fr\/?s={search_term_string}\"},\"query-input\":{\"@type\":\"PropertyValueSpecification\",\"valueRequired\":true,\"valueName\":\"search_term_string\"}}],\"inLanguage\":\"fr-FR\"}]}<\/script>\n<!-- \/ Yoast SEO plugin. -->","yoast_head_json":{"title":"Technologies et Bases de donn\u00e9es - Abitbol Associes","robots":{"index":"index","follow":"follow","max-snippet":"max-snippet:-1","max-image-preview":"max-image-preview:large","max-video-preview":"max-video-preview:-1"},"canonical":"https:\/\/www.abitbol-associes.com\/fr\/technologies-et-bases-de-donnees\/","og_locale":"fr_FR","og_type":"article","og_title":"Technologies et Bases de donn\u00e9es - Abitbol Associes","og_description":"Notre objectif consiste \u00e0 d\u00e9livrer le maximum de valeur ajout\u00e9e \u00e0 nos clients, par l\u2019\u00e9quilibre harmonieux de technologies et de savoir-faire juridique.\u00a0Les juristes du d\u00e9partement de LPO traitent ainsi les prestations \u00e0 l&rsquo;aide de technologies innovantes et de puissantes bases de donn\u00e9es documentaires. Des technologies innovantes en interne Notre d\u00e9partement de LPO est \u00e9quip\u00e9 de [&hellip;]","og_url":"https:\/\/www.abitbol-associes.com\/fr\/technologies-et-bases-de-donnees\/","og_site_name":"Abitbol Associes","article_modified_time":"2019-08-13T16:40:11+00:00","og_image":[{"url":"https:\/\/abitbol-associes.com\/wp-content\/uploads\/2018\/01\/AA_Logo_Final-300x159.gif","type":"","width":"","height":""}],"twitter_card":"summary_large_image","twitter_misc":{"Dur\u00e9e de lecture estim\u00e9e":"3 minutes"},"schema":{"@context":"https:\/\/schema.org","@graph":[{"@type":"WebPage","@id":"https:\/\/www.abitbol-associes.com\/fr\/technologies-et-bases-de-donnees\/","url":"https:\/\/www.abitbol-associes.com\/fr\/technologies-et-bases-de-donnees\/","name":"Technologies et Bases de donn\u00e9es - Abitbol Associes","isPartOf":{"@id":"https:\/\/www.abitbol-associes.com\/fr\/#website"},"primaryImageOfPage":{"@id":"https:\/\/www.abitbol-associes.com\/fr\/technologies-et-bases-de-donnees\/#primaryimage"},"image":{"@id":"https:\/\/www.abitbol-associes.com\/fr\/technologies-et-bases-de-donnees\/#primaryimage"},"thumbnailUrl":"https:\/\/abitbol-associes.com\/wp-content\/uploads\/2018\/01\/AA_Logo_Final-300x159.gif","datePublished":"2013-02-05T11:06:18+00:00","dateModified":"2019-08-13T16:40:11+00:00","breadcrumb":{"@id":"https:\/\/www.abitbol-associes.com\/fr\/technologies-et-bases-de-donnees\/#breadcrumb"},"inLanguage":"fr-FR","potentialAction":[{"@type":"ReadAction","target":[["https:\/\/www.abitbol-associes.com\/fr\/technologies-et-bases-de-donnees\/"]]}]},{"@type":"ImageObject","inLanguage":"fr-FR","@id":"https:\/\/www.abitbol-associes.com\/fr\/technologies-et-bases-de-donnees\/#primaryimage","url":"https:\/\/abitbol-associes.com\/wp-content\/uploads\/2018\/01\/AA_Logo_Final-300x159.gif","contentUrl":"https:\/\/abitbol-associes.com\/wp-content\/uploads\/2018\/01\/AA_Logo_Final-300x159.gif"},{"@type":"BreadcrumbList","@id":"https:\/\/www.abitbol-associes.com\/fr\/technologies-et-bases-de-donnees\/#breadcrumb","itemListElement":[{"@type":"ListItem","position":1,"name":"Home","item":"https:\/\/www.abitbol-associes.com\/fr\/"},{"@type":"ListItem","position":2,"name":"Technologies et Bases de donn\u00e9es"}]},{"@type":"WebSite","@id":"https:\/\/www.abitbol-associes.com\/fr\/#website","url":"https:\/\/www.abitbol-associes.com\/fr\/","name":"Abitbol Associes","description":"Parce que votre exigence est notre priorit\u00e9","potentialAction":[{"@type":"SearchAction","target":{"@type":"EntryPoint","urlTemplate":"https:\/\/www.abitbol-associes.com\/fr\/?s={search_term_string}"},"query-input":{"@type":"PropertyValueSpecification","valueRequired":true,"valueName":"search_term_string"}}],"inLanguage":"fr-FR"}]}},"_links":{"self":[{"href":"https:\/\/www.abitbol-associes.com\/fr\/wp-json\/wp\/v2\/pages\/755","targetHints":{"allow":["GET"]}}],"collection":[{"href":"https:\/\/www.abitbol-associes.com\/fr\/wp-json\/wp\/v2\/pages"}],"about":[{"href":"https:\/\/www.abitbol-associes.com\/fr\/wp-json\/wp\/v2\/types\/page"}],"author":[{"embeddable":true,"href":"https:\/\/www.abitbol-associes.com\/fr\/wp-json\/wp\/v2\/users\/2"}],"replies":[{"embeddable":true,"href":"https:\/\/www.abitbol-associes.com\/fr\/wp-json\/wp\/v2\/comments?post=755"}],"version-history":[{"count":15,"href":"https:\/\/www.abitbol-associes.com\/fr\/wp-json\/wp\/v2\/pages\/755\/revisions"}],"predecessor-version":[{"id":2872,"href":"https:\/\/www.abitbol-associes.com\/fr\/wp-json\/wp\/v2\/pages\/755\/revisions\/2872"}],"wp:attachment":[{"href":"https:\/\/www.abitbol-associes.com\/fr\/wp-json\/wp\/v2\/media?parent=755"}],"curies":[{"name":"wp","href":"https:\/\/api.w.org\/{rel}","templated":true}]}}