{"id":75,"date":"2012-11-13T18:02:30","date_gmt":"2012-11-13T18:02:30","guid":{"rendered":"http:\/\/abitbol-associes.com\/?page_id=75"},"modified":"2019-09-04T11:05:03","modified_gmt":"2019-09-04T11:05:03","slug":"investissement-a-letranger","status":"publish","type":"page","link":"https:\/\/www.abitbol-associes.com\/fr\/investissement-a-letranger\/","title":{"rendered":"Investissement \u00e0 l\u2019\u00e9tranger"},"content":{"rendered":"<p><\/p>\n<p style=\"text-align: justify;\"><a href=\"https:\/\/abitbol-associes.com\/wp-content\/uploads\/2012\/11\/3.-Investissement-a-letranger.jpg\"><img loading=\"lazy\" decoding=\"async\" class=\"alignright size-medium wp-image-89\" title=\"Close-up of Electronic Stock Ticker\" src=\"https:\/\/abitbol-associes.com\/wp-content\/uploads\/2012\/11\/3.-Investissement-a-letranger-300x199.jpg\" alt=\"\" width=\"300\" height=\"199\" srcset=\"https:\/\/www.abitbol-associes.com\/wp-content\/uploads\/2012\/11\/3.-Investissement-a-letranger-300x199.jpg 300w, https:\/\/www.abitbol-associes.com\/wp-content\/uploads\/2012\/11\/3.-Investissement-a-letranger-1024x681.jpg 1024w, https:\/\/www.abitbol-associes.com\/wp-content\/uploads\/2012\/11\/3.-Investissement-a-letranger.jpg 1280w\" sizes=\"auto, (max-width: 300px) 100vw, 300px\" \/><\/a><strong>Vous \u00eates un investisseur \u00e9tranger souhaitant s\u2019implanter en Isra\u00ebl<\/strong><br \/>\nLe march\u00e9 isra\u00e9lien est tr\u00e8s diff\u00e9rent du march\u00e9 fran\u00e7ais, de part son lib\u00e9ralisme accru. Par ailleurs, la politique \u00e9conomique du pays est aujourd\u2019hui tr\u00e8s largement tourn\u00e9e vers l\u2019implantation de soci\u00e9t\u00e9s \u00e9trang\u00e8res sur son territoire.<\/p>\n<p style=\"text-align: justify;\">Fort de son expertise en droit des soci\u00e9t\u00e9s, notre cabinet accompagne ses clients dans toutes ses d\u00e9marches de d\u00e9but d\u2019activit\u00e9 (conseil sur la structure \u00e0 cr\u00e9er, formalit\u00e9s d&rsquo;enregistrement administratif, certification des statuts). Les exigences l\u00e9gales ainsi que les modalit\u00e9s d\u2019enregistrement devant \u00eatre effectu\u00e9es en h\u00e9breu, un service de traduction est \u00e9galement apport\u00e9 avec certification notariale.<\/p>\n<p style=\"text-align: justify;\">Toute soci\u00e9t\u00e9 \u00e9trang\u00e8re qui souhaite d\u00e9velopper son secteur d\u2019activit\u00e9s commerciales sur le march\u00e9 isra\u00e9lien doit pr\u00e9voir une forme d&rsquo;enregistrement tr\u00e8s proche de l&rsquo;enregistrement classique des soci\u00e9t\u00e9s locales avec toutefois quelques particularit\u00e9s.<\/p>\n<p style=\"text-align: justify;\">Le Cabinet Abitbol &amp; Associ\u00e9s est en contact permanent avec ses interlocuteurs isra\u00e9liens (Minist\u00e8re de l\u2019int\u00e9gration, Minist\u00e8re de l\u2019industrie, Minist\u00e8re des transports&#8230;) et est \u00e0 ce titre \u00e0 m\u00eame de proposer une veille juridique r\u00e9guli\u00e8re aux fins d\u2019actualisation sur les r\u00e9glementations en vigueur et orienter les entreprises \u00e9trang\u00e8res susceptibles de b\u00e9n\u00e9ficier d\u2019aides et de subventions pour leur implantation en local.<\/p>\n<h3><\/h3>\n<p style=\"text-align: justify;\"><strong>Vous \u00eates un particulier souhaitant s\u2019installer en Isra\u00ebl ou faire son \u00ab\u00a0Alya\u00a0\u00bb<\/strong><br \/>\nOutre la difficult\u00e9 de la langue et la d\u00e9couverte d\u2019une culture diff\u00e9rente, s\u2019installer en Isra\u00ebl peut exiger des d\u00e9marches administratives particuli\u00e8res et n\u00e9cessiter des conseils juridiques\u00a0sp\u00e9cifiques.<\/p>\n<p style=\"text-align: justify;\">Le Cabinet Abitbol &amp; Associ\u00e9s offre \u00e0 ses expatri\u00e9s fran\u00e7ais ou futurs immigrants un accompagnement juridique\u00a0adapt\u00e9\u00a0\u00e0 leurs besoins professionnels ou personnels et ce, afin de faciliter leur installation temporaire ou d\u00e9finitive.<\/p>\n<h3><img loading=\"lazy\" decoding=\"async\" class=\"aligncenter wp-image-2449\" src=\"https:\/\/abitbol-associes.com\/wp-content\/uploads\/2018\/01\/AA_Logo_Final-300x159.gif\" alt=\"\" width=\"133\" height=\"70\" srcset=\"https:\/\/www.abitbol-associes.com\/wp-content\/uploads\/2018\/01\/AA_Logo_Final-300x159.gif 300w, https:\/\/www.abitbol-associes.com\/wp-content\/uploads\/2018\/01\/AA_Logo_Final-150x80.gif 150w\" sizes=\"auto, (max-width: 133px) 100vw, 133px\" \/><\/h3>\n<p style=\"text-align: center;\">66 Av Victor Hugo &#8211; Immeuble LEONARD DE VINCI Paris 16\u1d49<br \/>\nTel: + 33 (0)1 78 90 03 73<br \/>\nFax: + 33 (0)1 77 74 63 99<\/p>\n<p style=\"text-align: center;\">13 rue Shimon ben Shetah, 9414713, J\u00e9rusalem<br \/>\nTel: + 972 (0)2 595 63 45<br \/>\nFax: + 972 (0)2 591 63 26<\/p>\n<p style=\"text-align: center;\"><a href=\"mailto:contact@abitbol-associes.com\">contact@abitbol-associes.com<\/a><\/p>\n<p>&nbsp;<\/p>\n<h3>\n\t\t<div class='et_quote quote-center'>\n\t\t\t<div class='et_right_quote'>\n\t\t\t\tContactez-nous\n\t\t\t\t<span class='et_quote_additional_sign'><\/span>\n\t\t\t<\/div>\n\t\t\t<span class='et_quote_sign'><\/span>\n\t\t<\/div>\n\t<\/h3>\n<h3 style=\"text-align: left;\">Pour toute question relative \u00e0 votre situation personnelle, merci de nous laisser un message:\n<div class=\"wpcf7 no-js\" id=\"wpcf7-f1230-o1\" lang=\"en-US\" dir=\"ltr\" data-wpcf7-id=\"1230\">\n<div class=\"screen-reader-response\"><p role=\"status\" aria-live=\"polite\" aria-atomic=\"true\"><\/p> <ul><\/ul><\/div>\n<form action=\"\/fr\/wp-json\/wp\/v2\/pages\/75#wpcf7-f1230-o1\" method=\"post\" class=\"wpcf7-form init\" aria-label=\"Contact form\" novalidate=\"novalidate\" data-status=\"init\">\n<fieldset class=\"hidden-fields-container\"><input type=\"hidden\" name=\"_wpcf7\" value=\"1230\" \/><input type=\"hidden\" name=\"_wpcf7_version\" value=\"6.1\" \/><input type=\"hidden\" name=\"_wpcf7_locale\" value=\"en_US\" \/><input type=\"hidden\" name=\"_wpcf7_unit_tag\" value=\"wpcf7-f1230-o1\" \/><input type=\"hidden\" name=\"_wpcf7_container_post\" value=\"0\" \/><input type=\"hidden\" name=\"_wpcf7_posted_data_hash\" value=\"\" \/><input type=\"hidden\" name=\"_wpcf7_recaptcha_response\" value=\"\" \/>\n<\/fieldset>\n<p>Votre nom (obligatoire)\n<\/p>\n<p><span class=\"wpcf7-form-control-wrap\" data-name=\"your-name\"><input size=\"40\" maxlength=\"400\" class=\"wpcf7-form-control wpcf7-text wpcf7-validates-as-required\" aria-required=\"true\" aria-invalid=\"false\" value=\"\" type=\"text\" name=\"your-name\" \/><\/span>\n<\/p>\n<p>Votre email (obligatoire)\n<\/p>\n<p><span class=\"wpcf7-form-control-wrap\" data-name=\"your-email\"><input size=\"40\" maxlength=\"400\" class=\"wpcf7-form-control wpcf7-email wpcf7-validates-as-required wpcf7-text wpcf7-validates-as-email\" aria-required=\"true\" aria-invalid=\"false\" value=\"\" type=\"email\" name=\"your-email\" \/><\/span>\n<\/p>\n<p>Votre num\u00e9ro de t\u00e9l\u00e9phone (obligatoire)\n<\/p>\n<p><span class=\"wpcf7-form-control-wrap\" data-name=\"your-tel\"><input size=\"40\" maxlength=\"400\" class=\"wpcf7-form-control wpcf7-tel wpcf7-validates-as-required wpcf7-text wpcf7-validates-as-tel\" aria-required=\"true\" aria-invalid=\"false\" value=\"\" type=\"tel\" name=\"your-tel\" \/><\/span>\n<\/p>\n<p>Sujet\n<\/p>\n<p><span class=\"wpcf7-form-control-wrap\" data-name=\"your-subject\"><input size=\"40\" maxlength=\"400\" class=\"wpcf7-form-control wpcf7-text\" aria-invalid=\"false\" value=\"\" type=\"text\" name=\"your-subject\" \/><\/span>\n<\/p>\n<p>Votre message\n<\/p>\n<p><span class=\"wpcf7-form-control-wrap\" data-name=\"your-message\"><textarea cols=\"40\" rows=\"10\" maxlength=\"2000\" class=\"wpcf7-form-control wpcf7-textarea\" aria-invalid=\"false\" name=\"your-message\"><\/textarea><\/span>\n<\/p>\n\n<p><input class=\"wpcf7-form-control wpcf7-submit has-spinner\" type=\"submit\" value=\"Envoyer\" \/>\n<\/p><div class=\"wpcf7-response-output\" aria-hidden=\"true\"><\/div>\n<\/form>\n<\/div>\n<\/h3>\n<p><\/p>","protected":false},"excerpt":{"rendered":"<p>Vous \u00eates un investisseur \u00e9tranger souhaitant s\u2019implanter en Isra\u00ebl Le march\u00e9 isra\u00e9lien est tr\u00e8s diff\u00e9rent du march\u00e9 fran\u00e7ais, de part son lib\u00e9ralisme accru. Par ailleurs, la politique \u00e9conomique du pays est aujourd\u2019hui tr\u00e8s largement tourn\u00e9e vers l\u2019implantation de soci\u00e9t\u00e9s \u00e9trang\u00e8res sur son territoire. Fort de son expertise en droit des soci\u00e9t\u00e9s, notre cabinet accompagne ses [&hellip;]<\/p>\n","protected":false},"author":6,"featured_media":0,"parent":0,"menu_order":0,"comment_status":"open","ping_status":"open","template":"page-full.php","meta":{"footnotes":""},"class_list":["post-75","page","type-page","status-publish","hentry"],"yoast_head":"<!-- This site is optimized with the Yoast SEO plugin v25.5 - https:\/\/yoast.com\/wordpress\/plugins\/seo\/ -->\n<title>Investissement \u00e0 l\u2019\u00e9tranger - Abitbol Associes<\/title>\n<meta name=\"robots\" content=\"index, follow, max-snippet:-1, max-image-preview:large, max-video-preview:-1\" \/>\n<link rel=\"canonical\" href=\"https:\/\/www.abitbol-associes.com\/fr\/investissement-a-letranger\/\" \/>\n<meta property=\"og:locale\" content=\"fr_FR\" \/>\n<meta property=\"og:type\" content=\"article\" \/>\n<meta property=\"og:title\" content=\"Investissement \u00e0 l\u2019\u00e9tranger - Abitbol Associes\" \/>\n<meta property=\"og:description\" content=\"Vous \u00eates un investisseur \u00e9tranger souhaitant s\u2019implanter en Isra\u00ebl Le march\u00e9 isra\u00e9lien est tr\u00e8s diff\u00e9rent du march\u00e9 fran\u00e7ais, de part son lib\u00e9ralisme accru. Par ailleurs, la politique \u00e9conomique du pays est aujourd\u2019hui tr\u00e8s largement tourn\u00e9e vers l\u2019implantation de soci\u00e9t\u00e9s \u00e9trang\u00e8res sur son territoire. Fort de son expertise en droit des soci\u00e9t\u00e9s, notre cabinet accompagne ses [&hellip;]\" \/>\n<meta property=\"og:url\" content=\"https:\/\/www.abitbol-associes.com\/fr\/investissement-a-letranger\/\" \/>\n<meta property=\"og:site_name\" content=\"Abitbol Associes\" \/>\n<meta property=\"article:modified_time\" content=\"2019-09-04T11:05:03+00:00\" \/>\n<meta property=\"og:image\" content=\"https:\/\/abitbol-associes.com\/wp-content\/uploads\/2012\/11\/3.-Investissement-a-letranger-300x199.jpg\" \/>\n<meta name=\"twitter:card\" content=\"summary_large_image\" \/>\n<meta name=\"twitter:label1\" content=\"Dur\u00e9e de lecture estim\u00e9e\" \/>\n\t<meta name=\"twitter:data1\" content=\"3 minutes\" \/>\n<script type=\"application\/ld+json\" class=\"yoast-schema-graph\">{\"@context\":\"https:\/\/schema.org\",\"@graph\":[{\"@type\":\"WebPage\",\"@id\":\"https:\/\/www.abitbol-associes.com\/fr\/investissement-a-letranger\/\",\"url\":\"https:\/\/www.abitbol-associes.com\/fr\/investissement-a-letranger\/\",\"name\":\"Investissement \u00e0 l\u2019\u00e9tranger - Abitbol Associes\",\"isPartOf\":{\"@id\":\"https:\/\/www.abitbol-associes.com\/fr\/#website\"},\"primaryImageOfPage\":{\"@id\":\"https:\/\/www.abitbol-associes.com\/fr\/investissement-a-letranger\/#primaryimage\"},\"image\":{\"@id\":\"https:\/\/www.abitbol-associes.com\/fr\/investissement-a-letranger\/#primaryimage\"},\"thumbnailUrl\":\"https:\/\/abitbol-associes.com\/wp-content\/uploads\/2012\/11\/3.-Investissement-a-letranger-300x199.jpg\",\"datePublished\":\"2012-11-13T18:02:30+00:00\",\"dateModified\":\"2019-09-04T11:05:03+00:00\",\"breadcrumb\":{\"@id\":\"https:\/\/www.abitbol-associes.com\/fr\/investissement-a-letranger\/#breadcrumb\"},\"inLanguage\":\"fr-FR\",\"potentialAction\":[{\"@type\":\"ReadAction\",\"target\":[[\"https:\/\/www.abitbol-associes.com\/fr\/investissement-a-letranger\/\"]]}]},{\"@type\":\"ImageObject\",\"inLanguage\":\"fr-FR\",\"@id\":\"https:\/\/www.abitbol-associes.com\/fr\/investissement-a-letranger\/#primaryimage\",\"url\":\"https:\/\/abitbol-associes.com\/wp-content\/uploads\/2012\/11\/3.-Investissement-a-letranger-300x199.jpg\",\"contentUrl\":\"https:\/\/abitbol-associes.com\/wp-content\/uploads\/2012\/11\/3.-Investissement-a-letranger-300x199.jpg\"},{\"@type\":\"BreadcrumbList\",\"@id\":\"https:\/\/www.abitbol-associes.com\/fr\/investissement-a-letranger\/#breadcrumb\",\"itemListElement\":[{\"@type\":\"ListItem\",\"position\":1,\"name\":\"Home\",\"item\":\"https:\/\/www.abitbol-associes.com\/fr\/\"},{\"@type\":\"ListItem\",\"position\":2,\"name\":\"Investissement \u00e0 l\u2019\u00e9tranger\"}]},{\"@type\":\"WebSite\",\"@id\":\"https:\/\/www.abitbol-associes.com\/fr\/#website\",\"url\":\"https:\/\/www.abitbol-associes.com\/fr\/\",\"name\":\"Abitbol Associes\",\"description\":\"Parce que votre exigence est notre priorit\u00e9\",\"potentialAction\":[{\"@type\":\"SearchAction\",\"target\":{\"@type\":\"EntryPoint\",\"urlTemplate\":\"https:\/\/www.abitbol-associes.com\/fr\/?s={search_term_string}\"},\"query-input\":{\"@type\":\"PropertyValueSpecification\",\"valueRequired\":true,\"valueName\":\"search_term_string\"}}],\"inLanguage\":\"fr-FR\"}]}<\/script>\n<!-- \/ Yoast SEO plugin. -->","yoast_head_json":{"title":"Investissement \u00e0 l\u2019\u00e9tranger - Abitbol Associes","robots":{"index":"index","follow":"follow","max-snippet":"max-snippet:-1","max-image-preview":"max-image-preview:large","max-video-preview":"max-video-preview:-1"},"canonical":"https:\/\/www.abitbol-associes.com\/fr\/investissement-a-letranger\/","og_locale":"fr_FR","og_type":"article","og_title":"Investissement \u00e0 l\u2019\u00e9tranger - Abitbol Associes","og_description":"Vous \u00eates un investisseur \u00e9tranger souhaitant s\u2019implanter en Isra\u00ebl Le march\u00e9 isra\u00e9lien est tr\u00e8s diff\u00e9rent du march\u00e9 fran\u00e7ais, de part son lib\u00e9ralisme accru. Par ailleurs, la politique \u00e9conomique du pays est aujourd\u2019hui tr\u00e8s largement tourn\u00e9e vers l\u2019implantation de soci\u00e9t\u00e9s \u00e9trang\u00e8res sur son territoire. Fort de son expertise en droit des soci\u00e9t\u00e9s, notre cabinet accompagne ses [&hellip;]","og_url":"https:\/\/www.abitbol-associes.com\/fr\/investissement-a-letranger\/","og_site_name":"Abitbol Associes","article_modified_time":"2019-09-04T11:05:03+00:00","og_image":[{"url":"https:\/\/abitbol-associes.com\/wp-content\/uploads\/2012\/11\/3.-Investissement-a-letranger-300x199.jpg","type":"","width":"","height":""}],"twitter_card":"summary_large_image","twitter_misc":{"Dur\u00e9e de lecture estim\u00e9e":"3 minutes"},"schema":{"@context":"https:\/\/schema.org","@graph":[{"@type":"WebPage","@id":"https:\/\/www.abitbol-associes.com\/fr\/investissement-a-letranger\/","url":"https:\/\/www.abitbol-associes.com\/fr\/investissement-a-letranger\/","name":"Investissement \u00e0 l\u2019\u00e9tranger - Abitbol Associes","isPartOf":{"@id":"https:\/\/www.abitbol-associes.com\/fr\/#website"},"primaryImageOfPage":{"@id":"https:\/\/www.abitbol-associes.com\/fr\/investissement-a-letranger\/#primaryimage"},"image":{"@id":"https:\/\/www.abitbol-associes.com\/fr\/investissement-a-letranger\/#primaryimage"},"thumbnailUrl":"https:\/\/abitbol-associes.com\/wp-content\/uploads\/2012\/11\/3.-Investissement-a-letranger-300x199.jpg","datePublished":"2012-11-13T18:02:30+00:00","dateModified":"2019-09-04T11:05:03+00:00","breadcrumb":{"@id":"https:\/\/www.abitbol-associes.com\/fr\/investissement-a-letranger\/#breadcrumb"},"inLanguage":"fr-FR","potentialAction":[{"@type":"ReadAction","target":[["https:\/\/www.abitbol-associes.com\/fr\/investissement-a-letranger\/"]]}]},{"@type":"ImageObject","inLanguage":"fr-FR","@id":"https:\/\/www.abitbol-associes.com\/fr\/investissement-a-letranger\/#primaryimage","url":"https:\/\/abitbol-associes.com\/wp-content\/uploads\/2012\/11\/3.-Investissement-a-letranger-300x199.jpg","contentUrl":"https:\/\/abitbol-associes.com\/wp-content\/uploads\/2012\/11\/3.-Investissement-a-letranger-300x199.jpg"},{"@type":"BreadcrumbList","@id":"https:\/\/www.abitbol-associes.com\/fr\/investissement-a-letranger\/#breadcrumb","itemListElement":[{"@type":"ListItem","position":1,"name":"Home","item":"https:\/\/www.abitbol-associes.com\/fr\/"},{"@type":"ListItem","position":2,"name":"Investissement \u00e0 l\u2019\u00e9tranger"}]},{"@type":"WebSite","@id":"https:\/\/www.abitbol-associes.com\/fr\/#website","url":"https:\/\/www.abitbol-associes.com\/fr\/","name":"Abitbol Associes","description":"Parce que votre exigence est notre priorit\u00e9","potentialAction":[{"@type":"SearchAction","target":{"@type":"EntryPoint","urlTemplate":"https:\/\/www.abitbol-associes.com\/fr\/?s={search_term_string}"},"query-input":{"@type":"PropertyValueSpecification","valueRequired":true,"valueName":"search_term_string"}}],"inLanguage":"fr-FR"}]}},"_links":{"self":[{"href":"https:\/\/www.abitbol-associes.com\/fr\/wp-json\/wp\/v2\/pages\/75","targetHints":{"allow":["GET"]}}],"collection":[{"href":"https:\/\/www.abitbol-associes.com\/fr\/wp-json\/wp\/v2\/pages"}],"about":[{"href":"https:\/\/www.abitbol-associes.com\/fr\/wp-json\/wp\/v2\/types\/page"}],"author":[{"embeddable":true,"href":"https:\/\/www.abitbol-associes.com\/fr\/wp-json\/wp\/v2\/users\/6"}],"replies":[{"embeddable":true,"href":"https:\/\/www.abitbol-associes.com\/fr\/wp-json\/wp\/v2\/comments?post=75"}],"version-history":[{"count":41,"href":"https:\/\/www.abitbol-associes.com\/fr\/wp-json\/wp\/v2\/pages\/75\/revisions"}],"predecessor-version":[{"id":2914,"href":"https:\/\/www.abitbol-associes.com\/fr\/wp-json\/wp\/v2\/pages\/75\/revisions\/2914"}],"wp:attachment":[{"href":"https:\/\/www.abitbol-associes.com\/fr\/wp-json\/wp\/v2\/media?parent=75"}],"curies":[{"name":"wp","href":"https:\/\/api.w.org\/{rel}","templated":true}]}}