{"id":742,"date":"2013-02-04T11:33:06","date_gmt":"2013-02-04T11:33:06","guid":{"rendered":"http:\/\/www.abitbol-associes.com\/?page_id=742"},"modified":"2019-08-13T16:39:35","modified_gmt":"2019-08-13T16:39:35","slug":"securisation-des-donnees","status":"publish","type":"page","link":"https:\/\/www.abitbol-associes.com\/fr\/lpo\/departement-de-lpo\/securisation-des-donnees\/","title":{"rendered":"S\u00e9curisation des donn\u00e9es"},"content":{"rendered":"<p><strong>\u00a0<\/strong><strong>S\u00e9curit\u00e9 des syst\u00e8mes informatiques<\/strong><\/p>\n<ul>\n<li style=\"text-align: justify;\">\u00a0<em>Serveurs s\u00e9curis\u00e9s situ\u00e9s en France<br \/>\n<\/em>Afin d\u2019assurer la s\u00e9curit\u00e9 et la confidentialit\u00e9 des fichiers, nos serveurs sont situ\u00e9s dans l\u2019un des plus grands et des plus modernes Data Center de France. Nos serveurs sont \u00e9quip\u00e9s des \u00e9quipements suivants : alimentations s\u00e9curis\u00e9es et ondul\u00e9es, refroidissements redondants, r\u00e9seaux redondants.<\/li>\n<\/ul>\n<ul>\n<li style=\"text-align: justify;\"><em>Sauvegarde en temps r\u00e9el<br \/>\n<\/em>Nos serveurs utilisent une structure de redondance totale (RAID 5), qui effectue une sauvegarde de vos fichiers en temps r\u00e9el.\u00a0Ainsi aucun fichier ne peut \u00eatre perdu, m\u00eame dans le cas tr\u00e8s improbable d\u2019un d\u00e9faut mat\u00e9riel.<\/li>\n<\/ul>\n<ul>\n<li style=\"text-align: justify;\"><em>Interface Web s\u00e9curis\u00e9e<br \/>\n<\/em>Gr\u00e2ce \u00e0 notre interface web enti\u00e8rement s\u00e9curis\u00e9e, les identifiants ainsi que les fichiers de nos clients ne sont pas transmis en claire \u00e0 travers internet, mais chiffr\u00e9s par le protocole SSL 256 bits. La confidentialit\u00e9 de leurs identifiants et fichiers stock\u00e9s sur nos serveurs est ainsi garantie.<\/li>\n<\/ul>\n<ul>\n<li style=\"text-align: justify;\"><em>Prot\u00e9g\u00e9 par mot de passe<br \/>\n<\/em>Afin d\u2019avoir acc\u00e8s aux r\u00e9pertoires partag\u00e9s, chaque invit\u00e9 devra \u00eatre en possession d\u2019un nom d\u2019utilisateur ainsi que d\u2019un mot de passe.\u00a0La confidentialit\u00e9 des fichiers est ainsi prot\u00e9g\u00e9e.<\/li>\n<\/ul>\n<ul>\n<li style=\"text-align: justify;\"><em>Cryptage des fichiers<br \/>\n<\/em>Un logiciel de Backup permet \u00e0 nos clients de crypter automatiquement leurs fichiers avant de les transf\u00e9rer par FTP sur nos serveurs.\u00a0Comme leur mot de passe n\u2019est jamais transmis \u00e0 l\u2019exception de nos \u00e9quipes, personne ne peut acc\u00e9der \u00e0 leurs fichiers crypt\u00e9s.<\/li>\n<\/ul>\n<ul>\n<li style=\"text-align: justify;\"><em>Cryptage des transferts FTP<br \/>\n<\/em>La confidentialit\u00e9 des fichiers lors du transfert via FTPS est assur\u00e9e gr\u00e2ce au cryptage SSL\/TLS 256\u00a0<em>Bits.<\/em><\/li>\n<\/ul>\n<ul>\n<li style=\"text-align: justify;\"><em>Cryptage des emails<br \/>\n<\/em>A la demande du client ou \u00e0 l\u2019appr\u00e9ciation de nos \u00e9quipes selon la nature confidentielle des informations, les emails \u00e9chang\u00e9s peuvent \u00eatre crypt\u00e9s avec l\u2019application Encipher IT.<\/li>\n<\/ul>\n<h3><img loading=\"lazy\" decoding=\"async\" class=\"aligncenter wp-image-2449\" src=\"https:\/\/abitbol-associes.com\/wp-content\/uploads\/2018\/01\/AA_Logo_Final-300x159.gif\" alt=\"\" width=\"133\" height=\"70\" srcset=\"https:\/\/www.abitbol-associes.com\/wp-content\/uploads\/2018\/01\/AA_Logo_Final-300x159.gif 300w, https:\/\/www.abitbol-associes.com\/wp-content\/uploads\/2018\/01\/AA_Logo_Final-150x80.gif 150w\" sizes=\"auto, (max-width: 133px) 100vw, 133px\" \/><\/h3>\n<p style=\"text-align: center;\">66 Av Victor Hugo &#8211; Immeuble LEONARD DE VINCI Paris 16\u1d49<br \/>\nTel: + 33 (0)1 78 90 03 73<br \/>\nFax: + 33 (0)1 77 74 63 99<\/p>\n<p style=\"text-align: center;\">13 rue Shimon ben Shetah, 9414713, J\u00e9rusalem<br \/>\nTel: + 972 (0)2 595 63 45<br \/>\nFax: + 972 (0)2 591 63 26<\/p>\n<p style=\"text-align: center;\"><a href=\"mailto:contact@abitbol-associes.com\">contact@abitbol-associes.com<\/a><\/p>\n<p>&nbsp;<\/p>\n<h3>\n\t\t<div class='et_quote quote-center'>\n\t\t\t<div class='et_right_quote'>\n\t\t\t\tContactez-nous\n\t\t\t\t<span class='et_quote_additional_sign'><\/span>\n\t\t\t<\/div>\n\t\t\t<span class='et_quote_sign'><\/span>\n\t\t<\/div>\n\t<\/h3>\n<h3 style=\"text-align: left;\">Pour tout besoin et\/ou question, merci de nous laisser un message:\n<div class=\"wpcf7 no-js\" id=\"wpcf7-f1230-o1\" lang=\"en-US\" dir=\"ltr\" data-wpcf7-id=\"1230\">\n<div class=\"screen-reader-response\"><p role=\"status\" aria-live=\"polite\" aria-atomic=\"true\"><\/p> <ul><\/ul><\/div>\n<form action=\"\/fr\/wp-json\/wp\/v2\/pages\/742#wpcf7-f1230-o1\" method=\"post\" class=\"wpcf7-form init\" aria-label=\"Contact form\" novalidate=\"novalidate\" data-status=\"init\">\n<fieldset class=\"hidden-fields-container\"><input type=\"hidden\" name=\"_wpcf7\" value=\"1230\" \/><input type=\"hidden\" name=\"_wpcf7_version\" value=\"6.1\" \/><input type=\"hidden\" name=\"_wpcf7_locale\" value=\"en_US\" \/><input type=\"hidden\" name=\"_wpcf7_unit_tag\" value=\"wpcf7-f1230-o1\" \/><input type=\"hidden\" name=\"_wpcf7_container_post\" value=\"0\" \/><input type=\"hidden\" name=\"_wpcf7_posted_data_hash\" value=\"\" \/><input type=\"hidden\" name=\"_wpcf7_recaptcha_response\" value=\"\" \/>\n<\/fieldset>\n<p>Votre nom (obligatoire)\n<\/p>\n<p><span class=\"wpcf7-form-control-wrap\" data-name=\"your-name\"><input size=\"40\" maxlength=\"400\" class=\"wpcf7-form-control wpcf7-text wpcf7-validates-as-required\" aria-required=\"true\" aria-invalid=\"false\" value=\"\" type=\"text\" name=\"your-name\" \/><\/span>\n<\/p>\n<p>Votre email (obligatoire)\n<\/p>\n<p><span class=\"wpcf7-form-control-wrap\" data-name=\"your-email\"><input size=\"40\" maxlength=\"400\" class=\"wpcf7-form-control wpcf7-email wpcf7-validates-as-required wpcf7-text wpcf7-validates-as-email\" aria-required=\"true\" aria-invalid=\"false\" value=\"\" type=\"email\" name=\"your-email\" \/><\/span>\n<\/p>\n<p>Votre num\u00e9ro de t\u00e9l\u00e9phone (obligatoire)\n<\/p>\n<p><span class=\"wpcf7-form-control-wrap\" data-name=\"your-tel\"><input size=\"40\" maxlength=\"400\" class=\"wpcf7-form-control wpcf7-tel wpcf7-validates-as-required wpcf7-text wpcf7-validates-as-tel\" aria-required=\"true\" aria-invalid=\"false\" value=\"\" type=\"tel\" name=\"your-tel\" \/><\/span>\n<\/p>\n<p>Sujet\n<\/p>\n<p><span class=\"wpcf7-form-control-wrap\" data-name=\"your-subject\"><input size=\"40\" maxlength=\"400\" class=\"wpcf7-form-control wpcf7-text\" aria-invalid=\"false\" value=\"\" type=\"text\" name=\"your-subject\" \/><\/span>\n<\/p>\n<p>Votre message\n<\/p>\n<p><span class=\"wpcf7-form-control-wrap\" data-name=\"your-message\"><textarea cols=\"40\" rows=\"10\" maxlength=\"2000\" class=\"wpcf7-form-control wpcf7-textarea\" aria-invalid=\"false\" name=\"your-message\"><\/textarea><\/span>\n<\/p>\n\n<p><input class=\"wpcf7-form-control wpcf7-submit has-spinner\" type=\"submit\" value=\"Envoyer\" \/>\n<\/p><div class=\"wpcf7-response-output\" aria-hidden=\"true\"><\/div>\n<\/form>\n<\/div>\n<\/h3>\n<p><\/p>","protected":false},"excerpt":{"rendered":"<p>\u00a0S\u00e9curit\u00e9 des syst\u00e8mes informatiques \u00a0Serveurs s\u00e9curis\u00e9s situ\u00e9s en France Afin d\u2019assurer la s\u00e9curit\u00e9 et la confidentialit\u00e9 des fichiers, nos serveurs sont situ\u00e9s dans l\u2019un des plus grands et des plus modernes Data Center de France. Nos serveurs sont \u00e9quip\u00e9s des \u00e9quipements suivants : alimentations s\u00e9curis\u00e9es et ondul\u00e9es, refroidissements redondants, r\u00e9seaux redondants. Sauvegarde en temps r\u00e9el [&hellip;]<\/p>\n","protected":false},"author":2,"featured_media":0,"parent":732,"menu_order":0,"comment_status":"open","ping_status":"open","template":"","meta":{"footnotes":""},"class_list":["post-742","page","type-page","status-publish","hentry"],"yoast_head":"<!-- This site is optimized with the Yoast SEO plugin v25.5 - https:\/\/yoast.com\/wordpress\/plugins\/seo\/ -->\n<title>S\u00e9curisation des donn\u00e9es - Abitbol Associes<\/title>\n<meta name=\"robots\" content=\"index, follow, max-snippet:-1, max-image-preview:large, max-video-preview:-1\" \/>\n<link rel=\"canonical\" href=\"https:\/\/www.abitbol-associes.com\/fr\/lpo\/departement-de-lpo\/securisation-des-donnees\/\" \/>\n<meta property=\"og:locale\" content=\"fr_FR\" \/>\n<meta property=\"og:type\" content=\"article\" \/>\n<meta property=\"og:title\" content=\"S\u00e9curisation des donn\u00e9es - Abitbol Associes\" \/>\n<meta property=\"og:description\" content=\"\u00a0S\u00e9curit\u00e9 des syst\u00e8mes informatiques \u00a0Serveurs s\u00e9curis\u00e9s situ\u00e9s en France Afin d\u2019assurer la s\u00e9curit\u00e9 et la confidentialit\u00e9 des fichiers, nos serveurs sont situ\u00e9s dans l\u2019un des plus grands et des plus modernes Data Center de France. Nos serveurs sont \u00e9quip\u00e9s des \u00e9quipements suivants : alimentations s\u00e9curis\u00e9es et ondul\u00e9es, refroidissements redondants, r\u00e9seaux redondants. Sauvegarde en temps r\u00e9el [&hellip;]\" \/>\n<meta property=\"og:url\" content=\"https:\/\/www.abitbol-associes.com\/fr\/lpo\/departement-de-lpo\/securisation-des-donnees\/\" \/>\n<meta property=\"og:site_name\" content=\"Abitbol Associes\" \/>\n<meta property=\"article:modified_time\" content=\"2019-08-13T16:39:35+00:00\" \/>\n<meta property=\"og:image\" content=\"https:\/\/abitbol-associes.com\/wp-content\/uploads\/2018\/01\/AA_Logo_Final-300x159.gif\" \/>\n<meta name=\"twitter:card\" content=\"summary_large_image\" \/>\n<meta name=\"twitter:label1\" content=\"Dur\u00e9e de lecture estim\u00e9e\" \/>\n\t<meta name=\"twitter:data1\" content=\"5 minutes\" \/>\n<script type=\"application\/ld+json\" class=\"yoast-schema-graph\">{\"@context\":\"https:\/\/schema.org\",\"@graph\":[{\"@type\":\"WebPage\",\"@id\":\"https:\/\/www.abitbol-associes.com\/fr\/lpo\/departement-de-lpo\/securisation-des-donnees\/\",\"url\":\"https:\/\/www.abitbol-associes.com\/fr\/lpo\/departement-de-lpo\/securisation-des-donnees\/\",\"name\":\"S\u00e9curisation des donn\u00e9es - Abitbol Associes\",\"isPartOf\":{\"@id\":\"https:\/\/www.abitbol-associes.com\/fr\/#website\"},\"primaryImageOfPage\":{\"@id\":\"https:\/\/www.abitbol-associes.com\/fr\/lpo\/departement-de-lpo\/securisation-des-donnees\/#primaryimage\"},\"image\":{\"@id\":\"https:\/\/www.abitbol-associes.com\/lpo\/departement-de-lpo\/securisation-des-donnees\/#primaryimage\"},\"thumbnailUrl\":\"https:\/\/abitbol-associes.com\/wp-content\/uploads\/2018\/01\/AA_Logo_Final-300x159.gif\",\"datePublished\":\"2013-02-04T11:33:06+00:00\",\"dateModified\":\"2019-08-13T16:39:35+00:00\",\"breadcrumb\":{\"@id\":\"https:\/\/www.abitbol-associes.com\/fr\/lpo\/departement-de-lpo\/securisation-des-donnees\/#breadcrumb\"},\"inLanguage\":\"fr-FR\",\"potentialAction\":[{\"@type\":\"ReadAction\",\"target\":[[\"https:\/\/www.abitbol-associes.com\/fr\/lpo\/departement-de-lpo\/securisation-des-donnees\/\"]]}]},{\"@type\":\"ImageObject\",\"inLanguage\":\"fr-FR\",\"@id\":\"https:\/\/www.abitbol-associes.com\/fr\/lpo\/departement-de-lpo\/securisation-des-donnees\/#primaryimage\",\"url\":\"https:\/\/abitbol-associes.com\/wp-content\/uploads\/2018\/01\/AA_Logo_Final-300x159.gif\",\"contentUrl\":\"https:\/\/abitbol-associes.com\/wp-content\/uploads\/2018\/01\/AA_Logo_Final-300x159.gif\"},{\"@type\":\"BreadcrumbList\",\"@id\":\"https:\/\/www.abitbol-associes.com\/fr\/lpo\/departement-de-lpo\/securisation-des-donnees\/#breadcrumb\",\"itemListElement\":[{\"@type\":\"ListItem\",\"position\":1,\"name\":\"Home\",\"item\":\"https:\/\/www.abitbol-associes.com\/fr\/\"},{\"@type\":\"ListItem\",\"position\":2,\"name\":\"LPO\",\"item\":\"https:\/\/www.abitbol-associes.com\/fr\/lpo\/\"},{\"@type\":\"ListItem\",\"position\":3,\"name\":\"D\u00e9partement de LPO\",\"item\":\"https:\/\/www.abitbol-associes.com\/fr\/lpo\/departement-de-lpo\/\"},{\"@type\":\"ListItem\",\"position\":4,\"name\":\"S\u00e9curisation des donn\u00e9es\"}]},{\"@type\":\"WebSite\",\"@id\":\"https:\/\/www.abitbol-associes.com\/fr\/#website\",\"url\":\"https:\/\/www.abitbol-associes.com\/fr\/\",\"name\":\"Abitbol Associes\",\"description\":\"Parce que votre exigence est notre priorit\u00e9\",\"potentialAction\":[{\"@type\":\"SearchAction\",\"target\":{\"@type\":\"EntryPoint\",\"urlTemplate\":\"https:\/\/www.abitbol-associes.com\/fr\/?s={search_term_string}\"},\"query-input\":{\"@type\":\"PropertyValueSpecification\",\"valueRequired\":true,\"valueName\":\"search_term_string\"}}],\"inLanguage\":\"fr-FR\"}]}<\/script>\n<!-- \/ Yoast SEO plugin. -->","yoast_head_json":{"title":"S\u00e9curisation des donn\u00e9es - Abitbol Associes","robots":{"index":"index","follow":"follow","max-snippet":"max-snippet:-1","max-image-preview":"max-image-preview:large","max-video-preview":"max-video-preview:-1"},"canonical":"https:\/\/www.abitbol-associes.com\/fr\/lpo\/departement-de-lpo\/securisation-des-donnees\/","og_locale":"fr_FR","og_type":"article","og_title":"S\u00e9curisation des donn\u00e9es - Abitbol Associes","og_description":"\u00a0S\u00e9curit\u00e9 des syst\u00e8mes informatiques \u00a0Serveurs s\u00e9curis\u00e9s situ\u00e9s en France Afin d\u2019assurer la s\u00e9curit\u00e9 et la confidentialit\u00e9 des fichiers, nos serveurs sont situ\u00e9s dans l\u2019un des plus grands et des plus modernes Data Center de France. Nos serveurs sont \u00e9quip\u00e9s des \u00e9quipements suivants : alimentations s\u00e9curis\u00e9es et ondul\u00e9es, refroidissements redondants, r\u00e9seaux redondants. Sauvegarde en temps r\u00e9el [&hellip;]","og_url":"https:\/\/www.abitbol-associes.com\/fr\/lpo\/departement-de-lpo\/securisation-des-donnees\/","og_site_name":"Abitbol Associes","article_modified_time":"2019-08-13T16:39:35+00:00","og_image":[{"url":"https:\/\/abitbol-associes.com\/wp-content\/uploads\/2018\/01\/AA_Logo_Final-300x159.gif","type":"","width":"","height":""}],"twitter_card":"summary_large_image","twitter_misc":{"Dur\u00e9e de lecture estim\u00e9e":"5 minutes"},"schema":{"@context":"https:\/\/schema.org","@graph":[{"@type":"WebPage","@id":"https:\/\/www.abitbol-associes.com\/fr\/lpo\/departement-de-lpo\/securisation-des-donnees\/","url":"https:\/\/www.abitbol-associes.com\/fr\/lpo\/departement-de-lpo\/securisation-des-donnees\/","name":"S\u00e9curisation des donn\u00e9es - Abitbol Associes","isPartOf":{"@id":"https:\/\/www.abitbol-associes.com\/fr\/#website"},"primaryImageOfPage":{"@id":"https:\/\/www.abitbol-associes.com\/fr\/lpo\/departement-de-lpo\/securisation-des-donnees\/#primaryimage"},"image":{"@id":"https:\/\/www.abitbol-associes.com\/lpo\/departement-de-lpo\/securisation-des-donnees\/#primaryimage"},"thumbnailUrl":"https:\/\/abitbol-associes.com\/wp-content\/uploads\/2018\/01\/AA_Logo_Final-300x159.gif","datePublished":"2013-02-04T11:33:06+00:00","dateModified":"2019-08-13T16:39:35+00:00","breadcrumb":{"@id":"https:\/\/www.abitbol-associes.com\/fr\/lpo\/departement-de-lpo\/securisation-des-donnees\/#breadcrumb"},"inLanguage":"fr-FR","potentialAction":[{"@type":"ReadAction","target":[["https:\/\/www.abitbol-associes.com\/fr\/lpo\/departement-de-lpo\/securisation-des-donnees\/"]]}]},{"@type":"ImageObject","inLanguage":"fr-FR","@id":"https:\/\/www.abitbol-associes.com\/fr\/lpo\/departement-de-lpo\/securisation-des-donnees\/#primaryimage","url":"https:\/\/abitbol-associes.com\/wp-content\/uploads\/2018\/01\/AA_Logo_Final-300x159.gif","contentUrl":"https:\/\/abitbol-associes.com\/wp-content\/uploads\/2018\/01\/AA_Logo_Final-300x159.gif"},{"@type":"BreadcrumbList","@id":"https:\/\/www.abitbol-associes.com\/fr\/lpo\/departement-de-lpo\/securisation-des-donnees\/#breadcrumb","itemListElement":[{"@type":"ListItem","position":1,"name":"Home","item":"https:\/\/www.abitbol-associes.com\/fr\/"},{"@type":"ListItem","position":2,"name":"LPO","item":"https:\/\/www.abitbol-associes.com\/fr\/lpo\/"},{"@type":"ListItem","position":3,"name":"D\u00e9partement de LPO","item":"https:\/\/www.abitbol-associes.com\/fr\/lpo\/departement-de-lpo\/"},{"@type":"ListItem","position":4,"name":"S\u00e9curisation des donn\u00e9es"}]},{"@type":"WebSite","@id":"https:\/\/www.abitbol-associes.com\/fr\/#website","url":"https:\/\/www.abitbol-associes.com\/fr\/","name":"Abitbol Associes","description":"Parce que votre exigence est notre priorit\u00e9","potentialAction":[{"@type":"SearchAction","target":{"@type":"EntryPoint","urlTemplate":"https:\/\/www.abitbol-associes.com\/fr\/?s={search_term_string}"},"query-input":{"@type":"PropertyValueSpecification","valueRequired":true,"valueName":"search_term_string"}}],"inLanguage":"fr-FR"}]}},"_links":{"self":[{"href":"https:\/\/www.abitbol-associes.com\/fr\/wp-json\/wp\/v2\/pages\/742","targetHints":{"allow":["GET"]}}],"collection":[{"href":"https:\/\/www.abitbol-associes.com\/fr\/wp-json\/wp\/v2\/pages"}],"about":[{"href":"https:\/\/www.abitbol-associes.com\/fr\/wp-json\/wp\/v2\/types\/page"}],"author":[{"embeddable":true,"href":"https:\/\/www.abitbol-associes.com\/fr\/wp-json\/wp\/v2\/users\/2"}],"replies":[{"embeddable":true,"href":"https:\/\/www.abitbol-associes.com\/fr\/wp-json\/wp\/v2\/comments?post=742"}],"version-history":[{"count":12,"href":"https:\/\/www.abitbol-associes.com\/fr\/wp-json\/wp\/v2\/pages\/742\/revisions"}],"predecessor-version":[{"id":2870,"href":"https:\/\/www.abitbol-associes.com\/fr\/wp-json\/wp\/v2\/pages\/742\/revisions\/2870"}],"up":[{"embeddable":true,"href":"https:\/\/www.abitbol-associes.com\/fr\/wp-json\/wp\/v2\/pages\/732"}],"wp:attachment":[{"href":"https:\/\/www.abitbol-associes.com\/fr\/wp-json\/wp\/v2\/media?parent=742"}],"curies":[{"name":"wp","href":"https:\/\/api.w.org\/{rel}","templated":true}]}}