{"id":734,"date":"2013-02-04T11:26:31","date_gmt":"2013-02-04T11:26:31","guid":{"rendered":"http:\/\/www.abitbol-associes.com\/?page_id=734"},"modified":"2019-08-13T16:38:52","modified_gmt":"2019-08-13T16:38:52","slug":"decouvrir-le-lpo","status":"publish","type":"page","link":"https:\/\/www.abitbol-associes.com\/fr\/decouvrir-le-lpo\/","title":{"rendered":"D\u00e9couvrir le LPO"},"content":{"rendered":"<p><\/p>\n<blockquote>\n<p style=\"text-align: justify;\"><em>Le \u00abLegal Process Outsourcing\u00bb ou externalisation du traitement de prestations juridiques est une pratique largement r\u00e9pandue au sein des directions juridiques d\u2019entreprise et cabinets d\u2019avocats anglo-saxons. Peu connue il y a quelques ann\u00e9es, elle devient incontournable dans le milieu juridique fran\u00e7ais&#8230;<\/em><\/p>\n<\/blockquote>\n<p style=\"text-align: justify;\"><strong><br \/>\n<span style=\"text-decoration: underline;\">Le\u00a0\u00ab Legal Process Outsourcing \u00bb: d\u00e9finition<\/span><\/strong><\/p>\n<p style=\"text-align: justify;\">Le \u00ab Legal Process Outsourcing \u00bb fait r\u00e9guli\u00e8rement la une des grands journaux am\u00e9ricains. Ce sujet est en outre largement trait\u00e9 par la revue sp\u00e9cialis\u00e9e \u00abOutsource magazine \u00bb.<\/p>\n<p style=\"text-align: justify;\">Le LPO est n\u00e9 du constat, dans les ann\u00e9es 2000-2005, de l\u2019existence de juristes indiens tr\u00e8s qualifi\u00e9s, souvent form\u00e9s dans les meilleures facult\u00e9s europ\u00e9ennes ou am\u00e9ricaines et de la possibilit\u00e9 de travailler avec eux de fa\u00e7on s\u00e9curis\u00e9e \u00e0 distance gr\u00e2ce \u00e0 des logiciels informatiques de plus en plus performants.<\/p>\n<p style=\"text-align: justify;\"><strong>Ainsi, le \u00ab Legal Process Outsourcing \u00bb se d\u00e9finit comme l\u2019externalisation, par les directions juridiques d\u2019entreprises et cabinet d\u2019avocats, du traitement de prestations juridiques \u00e0 des firmes sp\u00e9cialis\u00e9es dans leur rationalisation, aux fins notamment d\u2019une r\u00e9duction significative des co\u00fbts. <\/strong>Les cabinets de LPO interviennent ainsi en qualit\u00e9 de back office des d\u00e9partements juridiques qui conservent la supervision du travail in fine.<\/p>\n<p style=\"text-align: justify;\">En France, le LPO se pratique d\u00e9j\u00e0 en \u00abonshore\u00bb de fa\u00e7on artisanale, des directions juridiques externalisant des prestations juridiques \u00e0 d\u2019autres structures, souvent situ\u00e9es en province. Il a aujourd\u2019hui vocation \u00e0 se d\u00e9velopper de fa\u00e7on industrielle en \u00ab nearshore \u00bb, en raison d\u2019\u00e9changes \u00e9conomiques et universitaires de plus en plus intenses et lib\u00e9ralis\u00e9s.<\/p>\n<p style=\"text-align: justify;\"><strong><br \/>\n<span style=\"text-decoration: underline;\">Quelles sont les raisons de cet engouement ?\u00a0<\/span><\/strong><\/p>\n<p style=\"text-align: justify;\">La raison principale de l\u2019expansion du LPO reste financi\u00e8re : les \u00e9conomies r\u00e9alis\u00e9es par ce biais peuvent atteindre jusqu\u2019\u00e0 40 %.<\/p>\n<p style=\"text-align: justify;\">Il faut noter que le LPO concerne principalement des prestations r\u00e9currentes et volumineuses. L\u2019ex\u00e9cution rationalis\u00e9e de ces derni\u00e8res est permise gr\u00e2ce \u00e0 des m\u00e9thodes de travail \u00e9prouv\u00e9es et des outils informatiques adapt\u00e9s.<\/p>\n<p style=\"text-align: justify;\">En faisant appel \u00e0 des soci\u00e9t\u00e9s de LPO, les directions juridiques d&rsquo;entreprises ou cabinets d\u2019avocats lib\u00e8rent leurs employ\u00e9s des activit\u00e9s chronophages, leur permettant ainsi de se concentrer sur des travaux plus strat\u00e9giques.<\/p>\n<p style=\"text-align: justify;\">Le LPO constitue aussi un support pr\u00e9cieux aux litiges et autres actions d\u00e9licates. Ainsi, nombreux sont les d\u00e9partements juridiques qui confient les recherches juridiques et travaux pr\u00e9paratoires de r\u00e9daction \u00e0 des prestataires de LPO.<\/p>\n<p style=\"text-align: justify;\">Ainsi que le pr\u00e9cise l\u2019\u00e9tude du cabinet de conseil \u00abVantage partners\u00bb, l\u2019externalisation des prestations juridiques est avant tout un outil de gestion qui ne doit pas \u00eatre uniquement consid\u00e9r\u00e9 comme un moyen de r\u00e9duire les co\u00fbts financiers mais aussi comme un moyen de transf\u00e9rer des ressources internes pour acqu\u00e9rir plus de valeur dans le travail.<\/p>\n<p style=\"text-align: justify;\"><strong><span style=\"text-decoration: underline;\"><br \/>\nLe LPO dans le monde aujourd\u2019hui : d\u00e9veloppement, chiffres, perspectives\u2026<\/span><\/strong><\/p>\n<p style=\"text-align: justify;\">Selon le cabinet de conseil\u00a0 DayOne, le LPO connait un taux de croissance exceptionnel de plus de 50 % chaque ann\u00e9e et a atteint en 2010 un chiffre d\u2019affaires sup\u00e9rieur \u00e0 440 millions de dollars.<\/p>\n<p style=\"text-align: justify;\">La soci\u00e9t\u00e9 Manthan Legal, gagnante de l\u2019 \u00ab Award LPO \u00bb en 2011, fait \u00e9tat de chiffres extr\u00eamement prometteurs : le chiffre d\u2019affaires lie au LPO en Inde et aux Philippines devrait atteindre les 960 millions de dollars dans les cinq prochaines ann\u00e9es et employer jusqu\u2019\u00e0 18 000 personnes, au lieu des 5000 salari\u00e9s LPO \u00e0 l\u2019heure actuelle. La soci\u00e9t\u00e9 Pangea3, g\u00e9ant du LPO, a par ailleurs \u00e9t\u00e9 r\u00e9cemment rachet\u00e9e par Thomson Reuters pour un montant rest\u00e9 secret.<\/p>\n<p style=\"text-align: justify;\">Outre l\u2019Inde, d\u2019autres pays comme l\u2019Afrique du Sud, Singapour, le Mexique et Isra\u00ebl, s\u2019ouvrent \u00e0 ce march\u00e9. Ces pays ont en effet comme d\u00e9nominateur commun la connaissance des r\u00e9gimes juridiques anglo-saxons et europ\u00e9ens, \u00e0 laquelle s\u2019ajoute une main-d\u2019\u0153uvre de qualit\u00e9, des \u00ab process \u00bb ayant d\u00e9j\u00e0 prouv\u00e9 leur efficacit\u00e9 et une grande flexibilit\u00e9.<\/p>\n<p style=\"text-align: justify;\">A ce d\u00e9veloppement quantitatif s\u2019ajoute un d\u00e9veloppement qualitatif, les prestations ayant \u00e9volu\u00e9 en termes d\u2019offres de prestations. L\u2019externalisation de prestations juridiques concerne aujourd\u2019hui la propri\u00e9t\u00e9 intellectuelle, la gestion de contrat, allant m\u00eame jusqu\u2019au support en contentieux.<\/p>\n<h3><img loading=\"lazy\" decoding=\"async\" class=\"aligncenter wp-image-2449\" src=\"https:\/\/abitbol-associes.com\/wp-content\/uploads\/2018\/01\/AA_Logo_Final-300x159.gif\" alt=\"\" width=\"133\" height=\"70\" srcset=\"https:\/\/www.abitbol-associes.com\/wp-content\/uploads\/2018\/01\/AA_Logo_Final-300x159.gif 300w, https:\/\/www.abitbol-associes.com\/wp-content\/uploads\/2018\/01\/AA_Logo_Final-150x80.gif 150w\" sizes=\"auto, (max-width: 133px) 100vw, 133px\" \/><\/h3>\n<p style=\"text-align: center;\">66 Av Victor Hugo &#8211; Immeuble LEONARD DE VINCI Paris 16\u1d49<br \/>\nTel: + 33 (0)1 78 90 03 73<br \/>\nFax: + 33 (0)1 77 74 63 99<\/p>\n<p style=\"text-align: center;\">13 rue Shimon ben Shetah, 9414713, J\u00e9rusalem<br \/>\nTel: + 972 (0)2 595 63 45<br \/>\nFax: + 972 (0)2 591 63 26<\/p>\n<p style=\"text-align: center;\"><a href=\"mailto:contact@abitbol-associes.com\">contact@abitbol-associes.com<\/a><\/p>\n<p>&nbsp;<\/p>\n<h3>\n\t\t<div class='et_quote quote-center'>\n\t\t\t<div class='et_right_quote'>\n\t\t\t\tContactez-nous\n\t\t\t\t<span class='et_quote_additional_sign'><\/span>\n\t\t\t<\/div>\n\t\t\t<span class='et_quote_sign'><\/span>\n\t\t<\/div>\n\t<\/h3>\n<h3 style=\"text-align: left;\">Pour tout besoin et\/ou question, merci de nous laisser un message:\n<div class=\"wpcf7 no-js\" id=\"wpcf7-f1230-o1\" lang=\"en-US\" dir=\"ltr\" data-wpcf7-id=\"1230\">\n<div class=\"screen-reader-response\"><p role=\"status\" aria-live=\"polite\" aria-atomic=\"true\"><\/p> <ul><\/ul><\/div>\n<form action=\"\/fr\/wp-json\/wp\/v2\/pages\/734#wpcf7-f1230-o1\" method=\"post\" class=\"wpcf7-form init\" aria-label=\"Contact form\" novalidate=\"novalidate\" data-status=\"init\">\n<fieldset class=\"hidden-fields-container\"><input type=\"hidden\" name=\"_wpcf7\" value=\"1230\" \/><input type=\"hidden\" name=\"_wpcf7_version\" value=\"6.1\" \/><input type=\"hidden\" name=\"_wpcf7_locale\" value=\"en_US\" \/><input type=\"hidden\" name=\"_wpcf7_unit_tag\" value=\"wpcf7-f1230-o1\" \/><input type=\"hidden\" name=\"_wpcf7_container_post\" value=\"0\" \/><input type=\"hidden\" name=\"_wpcf7_posted_data_hash\" value=\"\" \/><input type=\"hidden\" name=\"_wpcf7_recaptcha_response\" value=\"\" \/>\n<\/fieldset>\n<p>Votre nom (obligatoire)\n<\/p>\n<p><span class=\"wpcf7-form-control-wrap\" data-name=\"your-name\"><input size=\"40\" maxlength=\"400\" class=\"wpcf7-form-control wpcf7-text wpcf7-validates-as-required\" aria-required=\"true\" aria-invalid=\"false\" value=\"\" type=\"text\" name=\"your-name\" \/><\/span>\n<\/p>\n<p>Votre email (obligatoire)\n<\/p>\n<p><span class=\"wpcf7-form-control-wrap\" data-name=\"your-email\"><input size=\"40\" maxlength=\"400\" class=\"wpcf7-form-control wpcf7-email wpcf7-validates-as-required wpcf7-text wpcf7-validates-as-email\" aria-required=\"true\" aria-invalid=\"false\" value=\"\" type=\"email\" name=\"your-email\" \/><\/span>\n<\/p>\n<p>Votre num\u00e9ro de t\u00e9l\u00e9phone (obligatoire)\n<\/p>\n<p><span class=\"wpcf7-form-control-wrap\" data-name=\"your-tel\"><input size=\"40\" maxlength=\"400\" class=\"wpcf7-form-control wpcf7-tel wpcf7-validates-as-required wpcf7-text wpcf7-validates-as-tel\" aria-required=\"true\" aria-invalid=\"false\" value=\"\" type=\"tel\" name=\"your-tel\" \/><\/span>\n<\/p>\n<p>Sujet\n<\/p>\n<p><span class=\"wpcf7-form-control-wrap\" data-name=\"your-subject\"><input size=\"40\" maxlength=\"400\" class=\"wpcf7-form-control wpcf7-text\" aria-invalid=\"false\" value=\"\" type=\"text\" name=\"your-subject\" \/><\/span>\n<\/p>\n<p>Votre message\n<\/p>\n<p><span class=\"wpcf7-form-control-wrap\" data-name=\"your-message\"><textarea cols=\"40\" rows=\"10\" maxlength=\"2000\" class=\"wpcf7-form-control wpcf7-textarea\" aria-invalid=\"false\" name=\"your-message\"><\/textarea><\/span>\n<\/p>\n\n<p><input class=\"wpcf7-form-control wpcf7-submit has-spinner\" type=\"submit\" value=\"Envoyer\" \/>\n<\/p><div class=\"wpcf7-response-output\" aria-hidden=\"true\"><\/div>\n<\/form>\n<\/div>\n<\/h3>\n<p><\/p>","protected":false},"excerpt":{"rendered":"<p>Le \u00abLegal Process Outsourcing\u00bb ou externalisation du traitement de prestations juridiques est une pratique largement r\u00e9pandue au sein des directions juridiques d\u2019entreprise et cabinets d\u2019avocats anglo-saxons. Peu connue il y a quelques ann\u00e9es, elle devient incontournable dans le milieu juridique fran\u00e7ais&#8230; Le\u00a0\u00ab Legal Process Outsourcing \u00bb: d\u00e9finition Le \u00ab Legal Process Outsourcing \u00bb fait r\u00e9guli\u00e8rement [&hellip;]<\/p>\n","protected":false},"author":2,"featured_media":0,"parent":0,"menu_order":0,"comment_status":"open","ping_status":"open","template":"","meta":{"footnotes":""},"class_list":["post-734","page","type-page","status-publish","hentry"],"yoast_head":"<!-- This site is optimized with the Yoast SEO plugin v25.5 - https:\/\/yoast.com\/wordpress\/plugins\/seo\/ -->\n<title>D\u00e9couvrir le LPO - Abitbol Associes<\/title>\n<meta name=\"robots\" content=\"index, follow, max-snippet:-1, max-image-preview:large, max-video-preview:-1\" \/>\n<link rel=\"canonical\" href=\"https:\/\/www.abitbol-associes.com\/fr\/decouvrir-le-lpo\/\" \/>\n<meta property=\"og:locale\" content=\"fr_FR\" \/>\n<meta property=\"og:type\" content=\"article\" \/>\n<meta property=\"og:title\" content=\"D\u00e9couvrir le LPO - Abitbol Associes\" \/>\n<meta property=\"og:description\" content=\"Le \u00abLegal Process Outsourcing\u00bb ou externalisation du traitement de prestations juridiques est une pratique largement r\u00e9pandue au sein des directions juridiques d\u2019entreprise et cabinets d\u2019avocats anglo-saxons. Peu connue il y a quelques ann\u00e9es, elle devient incontournable dans le milieu juridique fran\u00e7ais&#8230; Le\u00a0\u00ab Legal Process Outsourcing \u00bb: d\u00e9finition Le \u00ab Legal Process Outsourcing \u00bb fait r\u00e9guli\u00e8rement [&hellip;]\" \/>\n<meta property=\"og:url\" content=\"https:\/\/www.abitbol-associes.com\/fr\/decouvrir-le-lpo\/\" \/>\n<meta property=\"og:site_name\" content=\"Abitbol Associes\" \/>\n<meta property=\"article:modified_time\" content=\"2019-08-13T16:38:52+00:00\" \/>\n<meta property=\"og:image\" content=\"https:\/\/abitbol-associes.com\/wp-content\/uploads\/2018\/01\/AA_Logo_Final-300x159.gif\" \/>\n<meta name=\"twitter:card\" content=\"summary_large_image\" \/>\n<meta name=\"twitter:label1\" content=\"Dur\u00e9e de lecture estim\u00e9e\" \/>\n\t<meta name=\"twitter:data1\" content=\"11 minutes\" \/>\n<script type=\"application\/ld+json\" class=\"yoast-schema-graph\">{\"@context\":\"https:\/\/schema.org\",\"@graph\":[{\"@type\":\"WebPage\",\"@id\":\"https:\/\/www.abitbol-associes.com\/fr\/decouvrir-le-lpo\/\",\"url\":\"https:\/\/www.abitbol-associes.com\/fr\/decouvrir-le-lpo\/\",\"name\":\"D\u00e9couvrir le LPO - Abitbol Associes\",\"isPartOf\":{\"@id\":\"https:\/\/www.abitbol-associes.com\/fr\/#website\"},\"primaryImageOfPage\":{\"@id\":\"https:\/\/www.abitbol-associes.com\/fr\/decouvrir-le-lpo\/#primaryimage\"},\"image\":{\"@id\":\"https:\/\/www.abitbol-associes.com\/fr\/decouvrir-le-lpo\/#primaryimage\"},\"thumbnailUrl\":\"https:\/\/abitbol-associes.com\/wp-content\/uploads\/2018\/01\/AA_Logo_Final-300x159.gif\",\"datePublished\":\"2013-02-04T11:26:31+00:00\",\"dateModified\":\"2019-08-13T16:38:52+00:00\",\"breadcrumb\":{\"@id\":\"https:\/\/www.abitbol-associes.com\/fr\/decouvrir-le-lpo\/#breadcrumb\"},\"inLanguage\":\"fr-FR\",\"potentialAction\":[{\"@type\":\"ReadAction\",\"target\":[[\"https:\/\/www.abitbol-associes.com\/fr\/decouvrir-le-lpo\/\"]]}]},{\"@type\":\"ImageObject\",\"inLanguage\":\"fr-FR\",\"@id\":\"https:\/\/www.abitbol-associes.com\/fr\/decouvrir-le-lpo\/#primaryimage\",\"url\":\"https:\/\/abitbol-associes.com\/wp-content\/uploads\/2018\/01\/AA_Logo_Final-300x159.gif\",\"contentUrl\":\"https:\/\/abitbol-associes.com\/wp-content\/uploads\/2018\/01\/AA_Logo_Final-300x159.gif\"},{\"@type\":\"BreadcrumbList\",\"@id\":\"https:\/\/www.abitbol-associes.com\/fr\/decouvrir-le-lpo\/#breadcrumb\",\"itemListElement\":[{\"@type\":\"ListItem\",\"position\":1,\"name\":\"Home\",\"item\":\"https:\/\/www.abitbol-associes.com\/fr\/\"},{\"@type\":\"ListItem\",\"position\":2,\"name\":\"D\u00e9couvrir le LPO\"}]},{\"@type\":\"WebSite\",\"@id\":\"https:\/\/www.abitbol-associes.com\/fr\/#website\",\"url\":\"https:\/\/www.abitbol-associes.com\/fr\/\",\"name\":\"Abitbol Associes\",\"description\":\"Parce que votre exigence est notre priorit\u00e9\",\"potentialAction\":[{\"@type\":\"SearchAction\",\"target\":{\"@type\":\"EntryPoint\",\"urlTemplate\":\"https:\/\/www.abitbol-associes.com\/fr\/?s={search_term_string}\"},\"query-input\":{\"@type\":\"PropertyValueSpecification\",\"valueRequired\":true,\"valueName\":\"search_term_string\"}}],\"inLanguage\":\"fr-FR\"}]}<\/script>\n<!-- \/ Yoast SEO plugin. -->","yoast_head_json":{"title":"D\u00e9couvrir le LPO - Abitbol Associes","robots":{"index":"index","follow":"follow","max-snippet":"max-snippet:-1","max-image-preview":"max-image-preview:large","max-video-preview":"max-video-preview:-1"},"canonical":"https:\/\/www.abitbol-associes.com\/fr\/decouvrir-le-lpo\/","og_locale":"fr_FR","og_type":"article","og_title":"D\u00e9couvrir le LPO - Abitbol Associes","og_description":"Le \u00abLegal Process Outsourcing\u00bb ou externalisation du traitement de prestations juridiques est une pratique largement r\u00e9pandue au sein des directions juridiques d\u2019entreprise et cabinets d\u2019avocats anglo-saxons. Peu connue il y a quelques ann\u00e9es, elle devient incontournable dans le milieu juridique fran\u00e7ais&#8230; Le\u00a0\u00ab Legal Process Outsourcing \u00bb: d\u00e9finition Le \u00ab Legal Process Outsourcing \u00bb fait r\u00e9guli\u00e8rement [&hellip;]","og_url":"https:\/\/www.abitbol-associes.com\/fr\/decouvrir-le-lpo\/","og_site_name":"Abitbol Associes","article_modified_time":"2019-08-13T16:38:52+00:00","og_image":[{"url":"https:\/\/abitbol-associes.com\/wp-content\/uploads\/2018\/01\/AA_Logo_Final-300x159.gif","type":"","width":"","height":""}],"twitter_card":"summary_large_image","twitter_misc":{"Dur\u00e9e de lecture estim\u00e9e":"11 minutes"},"schema":{"@context":"https:\/\/schema.org","@graph":[{"@type":"WebPage","@id":"https:\/\/www.abitbol-associes.com\/fr\/decouvrir-le-lpo\/","url":"https:\/\/www.abitbol-associes.com\/fr\/decouvrir-le-lpo\/","name":"D\u00e9couvrir le LPO - Abitbol Associes","isPartOf":{"@id":"https:\/\/www.abitbol-associes.com\/fr\/#website"},"primaryImageOfPage":{"@id":"https:\/\/www.abitbol-associes.com\/fr\/decouvrir-le-lpo\/#primaryimage"},"image":{"@id":"https:\/\/www.abitbol-associes.com\/fr\/decouvrir-le-lpo\/#primaryimage"},"thumbnailUrl":"https:\/\/abitbol-associes.com\/wp-content\/uploads\/2018\/01\/AA_Logo_Final-300x159.gif","datePublished":"2013-02-04T11:26:31+00:00","dateModified":"2019-08-13T16:38:52+00:00","breadcrumb":{"@id":"https:\/\/www.abitbol-associes.com\/fr\/decouvrir-le-lpo\/#breadcrumb"},"inLanguage":"fr-FR","potentialAction":[{"@type":"ReadAction","target":[["https:\/\/www.abitbol-associes.com\/fr\/decouvrir-le-lpo\/"]]}]},{"@type":"ImageObject","inLanguage":"fr-FR","@id":"https:\/\/www.abitbol-associes.com\/fr\/decouvrir-le-lpo\/#primaryimage","url":"https:\/\/abitbol-associes.com\/wp-content\/uploads\/2018\/01\/AA_Logo_Final-300x159.gif","contentUrl":"https:\/\/abitbol-associes.com\/wp-content\/uploads\/2018\/01\/AA_Logo_Final-300x159.gif"},{"@type":"BreadcrumbList","@id":"https:\/\/www.abitbol-associes.com\/fr\/decouvrir-le-lpo\/#breadcrumb","itemListElement":[{"@type":"ListItem","position":1,"name":"Home","item":"https:\/\/www.abitbol-associes.com\/fr\/"},{"@type":"ListItem","position":2,"name":"D\u00e9couvrir le LPO"}]},{"@type":"WebSite","@id":"https:\/\/www.abitbol-associes.com\/fr\/#website","url":"https:\/\/www.abitbol-associes.com\/fr\/","name":"Abitbol Associes","description":"Parce que votre exigence est notre priorit\u00e9","potentialAction":[{"@type":"SearchAction","target":{"@type":"EntryPoint","urlTemplate":"https:\/\/www.abitbol-associes.com\/fr\/?s={search_term_string}"},"query-input":{"@type":"PropertyValueSpecification","valueRequired":true,"valueName":"search_term_string"}}],"inLanguage":"fr-FR"}]}},"_links":{"self":[{"href":"https:\/\/www.abitbol-associes.com\/fr\/wp-json\/wp\/v2\/pages\/734","targetHints":{"allow":["GET"]}}],"collection":[{"href":"https:\/\/www.abitbol-associes.com\/fr\/wp-json\/wp\/v2\/pages"}],"about":[{"href":"https:\/\/www.abitbol-associes.com\/fr\/wp-json\/wp\/v2\/types\/page"}],"author":[{"embeddable":true,"href":"https:\/\/www.abitbol-associes.com\/fr\/wp-json\/wp\/v2\/users\/2"}],"replies":[{"embeddable":true,"href":"https:\/\/www.abitbol-associes.com\/fr\/wp-json\/wp\/v2\/comments?post=734"}],"version-history":[{"count":19,"href":"https:\/\/www.abitbol-associes.com\/fr\/wp-json\/wp\/v2\/pages\/734\/revisions"}],"predecessor-version":[{"id":2868,"href":"https:\/\/www.abitbol-associes.com\/fr\/wp-json\/wp\/v2\/pages\/734\/revisions\/2868"}],"wp:attachment":[{"href":"https:\/\/www.abitbol-associes.com\/fr\/wp-json\/wp\/v2\/media?parent=734"}],"curies":[{"name":"wp","href":"https:\/\/api.w.org\/{rel}","templated":true}]}}