{"id":72,"date":"2012-11-13T17:59:55","date_gmt":"2012-11-13T17:59:55","guid":{"rendered":"http:\/\/abitbol-associes.com\/?page_id=72"},"modified":"2019-09-04T11:04:29","modified_gmt":"2019-09-04T11:04:29","slug":"droit-fiscal","status":"publish","type":"page","link":"https:\/\/www.abitbol-associes.com\/fr\/droit-fiscal\/","title":{"rendered":"Droit fiscal"},"content":{"rendered":"<p><\/p>\n<p style=\"text-align: justify;\"><a href=\"https:\/\/abitbol-associes.com\/wp-content\/uploads\/2012\/11\/2.-Fiscalit\u00e9.jpg\"><img loading=\"lazy\" decoding=\"async\" class=\"alignright size-medium wp-image-88\" title=\"European currency: various Euro bank notes\" src=\"https:\/\/abitbol-associes.com\/wp-content\/uploads\/2012\/11\/2.-Fiscalit\u00e9-300x199.jpg\" alt=\"\" width=\"300\" height=\"199\" srcset=\"https:\/\/www.abitbol-associes.com\/wp-content\/uploads\/2012\/11\/2.-Fiscalit\u00e9-300x199.jpg 300w, https:\/\/www.abitbol-associes.com\/wp-content\/uploads\/2012\/11\/2.-Fiscalit\u00e9-1024x680.jpg 1024w, https:\/\/www.abitbol-associes.com\/wp-content\/uploads\/2012\/11\/2.-Fiscalit\u00e9.jpg 1280w\" sizes=\"auto, (max-width: 300px) 100vw, 300px\" \/><\/a>Dans un monde \u00e9conomique alliant fiscalit\u00e9 nationale et internationale, l\u2019expertise du Cabinet s&rsquo;inscrit dans la recherche d&rsquo;optimisation des outils fiscaux de gestion des entreprises et de leur patrimoine (ing\u00e9nierie des montages de trusts et holdings).<\/p>\n<p style=\"text-align: justify;\">Afin de toujours mieux accompagner nos clients et gr\u00e2ce \u00e0 sa dimension transfrontali\u00e8re, le Cabinet Abitbol &amp; Associ\u00e9s\u00a0 propose des sch\u00e9mas\u00a0 d&rsquo;optimisation fiscale adapt\u00e9s \u00e0 chaque entreprise et\/ou\u00a0 patrimoine priv\u00e9 de ses clients.<\/p>\n<p style=\"text-align: justify;\">L\u2019existence d\u2019une convention bilat\u00e9rale de non double-imposition entre la France et Isra\u00ebl parfaitement\u00a0ma\u00eetris\u00e9e\u00a0par notre\u00a0p\u00f4le\u00a0d\u2019avocats fiscalistes et jumel\u00e9e \u00e0 l\u2019expertise du droit fiscal local permet d\u2019assurer un accompagnement de notre client\u00e8le professionnelle et de particuliers ayant pour projet de s\u2019implanter en Isra\u00ebl. Nous les informons \u00e9galement sur les exon\u00e9rations et subventions professionnelles dont ils peuvent b\u00e9n\u00e9ficier.<\/p>\n<p style=\"text-align: justify;\">\u2022\u00a0\u00a0\u00a0\u00a0\u00a0\u00a0\u00a0\u00a0\u00a0\u00a0\u00a0\u00a0 Fiscalit\u00e9 des soci\u00e9t\u00e9s<br \/>\n\u2022\u00a0\u00a0\u00a0\u00a0\u00a0\u00a0\u00a0\u00a0\u00a0\u00a0\u00a0\u00a0 Fiscalit\u00e9 des personnes physiques<br \/>\n\u2022\u00a0\u00a0\u00a0\u00a0\u00a0\u00a0\u00a0\u00a0\u00a0\u00a0\u00a0\u00a0 Fiscalit\u00e9 des transactions immobili\u00e8res r\u00e9alis\u00e9es en France et en Isra\u00ebl<br \/>\n\u2022\u00a0\u00a0\u00a0\u00a0\u00a0\u00a0\u00a0\u00a0\u00a0\u00a0\u00a0\u00a0 Transactions amiables avec les administrations fiscales<br \/>\n\u2022\u00a0\u00a0\u00a0\u00a0\u00a0\u00a0\u00a0\u00a0\u00a0\u00a0\u00a0\u00a0 Contentieux fiscal<\/p>\n<p>&nbsp;<\/p>\n<h3><img loading=\"lazy\" decoding=\"async\" class=\"aligncenter wp-image-2449\" src=\"https:\/\/abitbol-associes.com\/wp-content\/uploads\/2018\/01\/AA_Logo_Final-300x159.gif\" alt=\"\" width=\"133\" height=\"70\" srcset=\"https:\/\/www.abitbol-associes.com\/wp-content\/uploads\/2018\/01\/AA_Logo_Final-300x159.gif 300w, https:\/\/www.abitbol-associes.com\/wp-content\/uploads\/2018\/01\/AA_Logo_Final-150x80.gif 150w\" sizes=\"auto, (max-width: 133px) 100vw, 133px\" \/><\/h3>\n<p style=\"text-align: center;\">66 Av Victor Hugo &#8211; Immeuble LEONARD DE VINCI Paris 16\u1d49<br \/>\nTel: + 33 (0)1 78 90 03 73<br \/>\nFax: + 33 (0)1 77 74 63 99<\/p>\n<p style=\"text-align: center;\">13 rue Shimon ben Shetah, 9414713, J\u00e9rusalem<br \/>\nTel: + 972 (0)2 595 63 45<br \/>\nFax: + 972 (0)2 591 63 26<\/p>\n<p style=\"text-align: center;\"><a href=\"mailto:contact@abitbol-associes.com\">contact@abitbol-associes.com<\/a><\/p>\n<p>&nbsp;<\/p>\n<h3>\n\t\t<div class='et_quote quote-center'>\n\t\t\t<div class='et_right_quote'>\n\t\t\t\tContactez-nous\n\t\t\t\t<span class='et_quote_additional_sign'><\/span>\n\t\t\t<\/div>\n\t\t\t<span class='et_quote_sign'><\/span>\n\t\t<\/div>\n\t<\/h3>\n<h3 style=\"text-align: left;\">Pour toute question relative \u00e0 votre situation personnelle, merci de nous laisser un message:\n<div class=\"wpcf7 no-js\" id=\"wpcf7-f1230-o1\" lang=\"en-US\" dir=\"ltr\" data-wpcf7-id=\"1230\">\n<div class=\"screen-reader-response\"><p role=\"status\" aria-live=\"polite\" aria-atomic=\"true\"><\/p> <ul><\/ul><\/div>\n<form action=\"\/fr\/wp-json\/wp\/v2\/pages\/72#wpcf7-f1230-o1\" method=\"post\" class=\"wpcf7-form init\" aria-label=\"Contact form\" novalidate=\"novalidate\" data-status=\"init\">\n<fieldset class=\"hidden-fields-container\"><input type=\"hidden\" name=\"_wpcf7\" value=\"1230\" \/><input type=\"hidden\" name=\"_wpcf7_version\" value=\"6.1\" \/><input type=\"hidden\" name=\"_wpcf7_locale\" value=\"en_US\" \/><input type=\"hidden\" name=\"_wpcf7_unit_tag\" value=\"wpcf7-f1230-o1\" \/><input type=\"hidden\" name=\"_wpcf7_container_post\" value=\"0\" \/><input type=\"hidden\" name=\"_wpcf7_posted_data_hash\" value=\"\" \/><input type=\"hidden\" name=\"_wpcf7_recaptcha_response\" value=\"\" \/>\n<\/fieldset>\n<p>Votre nom (obligatoire)\n<\/p>\n<p><span class=\"wpcf7-form-control-wrap\" data-name=\"your-name\"><input size=\"40\" maxlength=\"400\" class=\"wpcf7-form-control wpcf7-text wpcf7-validates-as-required\" aria-required=\"true\" aria-invalid=\"false\" value=\"\" type=\"text\" name=\"your-name\" \/><\/span>\n<\/p>\n<p>Votre email (obligatoire)\n<\/p>\n<p><span class=\"wpcf7-form-control-wrap\" data-name=\"your-email\"><input size=\"40\" maxlength=\"400\" class=\"wpcf7-form-control wpcf7-email wpcf7-validates-as-required wpcf7-text wpcf7-validates-as-email\" aria-required=\"true\" aria-invalid=\"false\" value=\"\" type=\"email\" name=\"your-email\" \/><\/span>\n<\/p>\n<p>Votre num\u00e9ro de t\u00e9l\u00e9phone (obligatoire)\n<\/p>\n<p><span class=\"wpcf7-form-control-wrap\" data-name=\"your-tel\"><input size=\"40\" maxlength=\"400\" class=\"wpcf7-form-control wpcf7-tel wpcf7-validates-as-required wpcf7-text wpcf7-validates-as-tel\" aria-required=\"true\" aria-invalid=\"false\" value=\"\" type=\"tel\" name=\"your-tel\" \/><\/span>\n<\/p>\n<p>Sujet\n<\/p>\n<p><span class=\"wpcf7-form-control-wrap\" data-name=\"your-subject\"><input size=\"40\" maxlength=\"400\" class=\"wpcf7-form-control wpcf7-text\" aria-invalid=\"false\" value=\"\" type=\"text\" name=\"your-subject\" \/><\/span>\n<\/p>\n<p>Votre message\n<\/p>\n<p><span class=\"wpcf7-form-control-wrap\" data-name=\"your-message\"><textarea cols=\"40\" rows=\"10\" maxlength=\"2000\" class=\"wpcf7-form-control wpcf7-textarea\" aria-invalid=\"false\" name=\"your-message\"><\/textarea><\/span>\n<\/p>\n\n<p><input class=\"wpcf7-form-control wpcf7-submit has-spinner\" type=\"submit\" value=\"Envoyer\" \/>\n<\/p><div class=\"wpcf7-response-output\" aria-hidden=\"true\"><\/div>\n<\/form>\n<\/div>\n<\/h3>\n<p><\/p>","protected":false},"excerpt":{"rendered":"<p>Dans un monde \u00e9conomique alliant fiscalit\u00e9 nationale et internationale, l\u2019expertise du Cabinet s&rsquo;inscrit dans la recherche d&rsquo;optimisation des outils fiscaux de gestion des entreprises et de leur patrimoine (ing\u00e9nierie des montages de trusts et holdings). Afin de toujours mieux accompagner nos clients et gr\u00e2ce \u00e0 sa dimension transfrontali\u00e8re, le Cabinet Abitbol &amp; Associ\u00e9s\u00a0 propose des [&hellip;]<\/p>\n","protected":false},"author":6,"featured_media":0,"parent":0,"menu_order":0,"comment_status":"open","ping_status":"open","template":"page-full.php","meta":{"footnotes":""},"class_list":["post-72","page","type-page","status-publish","hentry"],"yoast_head":"<!-- This site is optimized with the Yoast SEO plugin v25.5 - https:\/\/yoast.com\/wordpress\/plugins\/seo\/ -->\n<title>Droit fiscal - Abitbol Associes<\/title>\n<meta name=\"robots\" content=\"index, follow, max-snippet:-1, max-image-preview:large, max-video-preview:-1\" \/>\n<link rel=\"canonical\" href=\"https:\/\/www.abitbol-associes.com\/fr\/droit-fiscal-2\/\" \/>\n<meta property=\"og:locale\" content=\"fr_FR\" \/>\n<meta property=\"og:type\" content=\"article\" \/>\n<meta property=\"og:title\" content=\"Droit fiscal - Abitbol Associes\" \/>\n<meta property=\"og:description\" content=\"Dans un monde \u00e9conomique alliant fiscalit\u00e9 nationale et internationale, l\u2019expertise du Cabinet s&rsquo;inscrit dans la recherche d&rsquo;optimisation des outils fiscaux de gestion des entreprises et de leur patrimoine (ing\u00e9nierie des montages de trusts et holdings). Afin de toujours mieux accompagner nos clients et gr\u00e2ce \u00e0 sa dimension transfrontali\u00e8re, le Cabinet Abitbol &amp; Associ\u00e9s\u00a0 propose des [&hellip;]\" \/>\n<meta property=\"og:url\" content=\"https:\/\/www.abitbol-associes.com\/fr\/droit-fiscal-2\/\" \/>\n<meta property=\"og:site_name\" content=\"Abitbol Associes\" \/>\n<meta property=\"article:modified_time\" content=\"2019-09-04T11:04:29+00:00\" \/>\n<meta property=\"og:image\" content=\"https:\/\/abitbol-associes.com\/wp-content\/uploads\/2018\/01\/AA_Logo_Final-300x159.gif\" \/>\n<meta name=\"twitter:card\" content=\"summary_large_image\" \/>\n<meta name=\"twitter:label1\" content=\"Dur\u00e9e de lecture estim\u00e9e\" \/>\n\t<meta name=\"twitter:data1\" content=\"2 minutes\" \/>\n<script type=\"application\/ld+json\" class=\"yoast-schema-graph\">{\"@context\":\"https:\/\/schema.org\",\"@graph\":[{\"@type\":\"WebPage\",\"@id\":\"https:\/\/www.abitbol-associes.com\/fr\/droit-fiscal-2\/\",\"url\":\"https:\/\/www.abitbol-associes.com\/fr\/droit-fiscal-2\/\",\"name\":\"Droit fiscal - Abitbol Associes\",\"isPartOf\":{\"@id\":\"https:\/\/www.abitbol-associes.com\/fr\/#website\"},\"primaryImageOfPage\":{\"@id\":\"https:\/\/www.abitbol-associes.com\/fr\/droit-fiscal-2\/#primaryimage\"},\"image\":{\"@id\":\"https:\/\/www.abitbol-associes.com\/fr\/droit-fiscal-2\/#primaryimage\"},\"thumbnailUrl\":\"https:\/\/abitbol-associes.com\/wp-content\/uploads\/2018\/01\/AA_Logo_Final-300x159.gif\",\"datePublished\":\"2012-11-13T17:59:55+00:00\",\"dateModified\":\"2019-09-04T11:04:29+00:00\",\"breadcrumb\":{\"@id\":\"https:\/\/www.abitbol-associes.com\/fr\/droit-fiscal-2\/#breadcrumb\"},\"inLanguage\":\"fr-FR\",\"potentialAction\":[{\"@type\":\"ReadAction\",\"target\":[[\"https:\/\/www.abitbol-associes.com\/fr\/droit-fiscal-2\/\"]]}]},{\"@type\":\"ImageObject\",\"inLanguage\":\"fr-FR\",\"@id\":\"https:\/\/www.abitbol-associes.com\/fr\/droit-fiscal-2\/#primaryimage\",\"url\":\"https:\/\/abitbol-associes.com\/wp-content\/uploads\/2018\/01\/AA_Logo_Final-300x159.gif\",\"contentUrl\":\"https:\/\/abitbol-associes.com\/wp-content\/uploads\/2018\/01\/AA_Logo_Final-300x159.gif\"},{\"@type\":\"BreadcrumbList\",\"@id\":\"https:\/\/www.abitbol-associes.com\/fr\/droit-fiscal-2\/#breadcrumb\",\"itemListElement\":[{\"@type\":\"ListItem\",\"position\":1,\"name\":\"Home\",\"item\":\"https:\/\/www.abitbol-associes.com\/fr\/\"},{\"@type\":\"ListItem\",\"position\":2,\"name\":\"Droit fiscal\"}]},{\"@type\":\"WebSite\",\"@id\":\"https:\/\/www.abitbol-associes.com\/fr\/#website\",\"url\":\"https:\/\/www.abitbol-associes.com\/fr\/\",\"name\":\"Abitbol Associes\",\"description\":\"Parce que votre exigence est notre priorit\u00e9\",\"potentialAction\":[{\"@type\":\"SearchAction\",\"target\":{\"@type\":\"EntryPoint\",\"urlTemplate\":\"https:\/\/www.abitbol-associes.com\/fr\/?s={search_term_string}\"},\"query-input\":{\"@type\":\"PropertyValueSpecification\",\"valueRequired\":true,\"valueName\":\"search_term_string\"}}],\"inLanguage\":\"fr-FR\"}]}<\/script>\n<!-- \/ Yoast SEO plugin. -->","yoast_head_json":{"title":"Droit fiscal - Abitbol Associes","robots":{"index":"index","follow":"follow","max-snippet":"max-snippet:-1","max-image-preview":"max-image-preview:large","max-video-preview":"max-video-preview:-1"},"canonical":"https:\/\/www.abitbol-associes.com\/fr\/droit-fiscal-2\/","og_locale":"fr_FR","og_type":"article","og_title":"Droit fiscal - Abitbol Associes","og_description":"Dans un monde \u00e9conomique alliant fiscalit\u00e9 nationale et internationale, l\u2019expertise du Cabinet s&rsquo;inscrit dans la recherche d&rsquo;optimisation des outils fiscaux de gestion des entreprises et de leur patrimoine (ing\u00e9nierie des montages de trusts et holdings). Afin de toujours mieux accompagner nos clients et gr\u00e2ce \u00e0 sa dimension transfrontali\u00e8re, le Cabinet Abitbol &amp; Associ\u00e9s\u00a0 propose des [&hellip;]","og_url":"https:\/\/www.abitbol-associes.com\/fr\/droit-fiscal-2\/","og_site_name":"Abitbol Associes","article_modified_time":"2019-09-04T11:04:29+00:00","og_image":[{"url":"https:\/\/abitbol-associes.com\/wp-content\/uploads\/2018\/01\/AA_Logo_Final-300x159.gif","type":"","width":"","height":""}],"twitter_card":"summary_large_image","twitter_misc":{"Dur\u00e9e de lecture estim\u00e9e":"2 minutes"},"schema":{"@context":"https:\/\/schema.org","@graph":[{"@type":"WebPage","@id":"https:\/\/www.abitbol-associes.com\/fr\/droit-fiscal-2\/","url":"https:\/\/www.abitbol-associes.com\/fr\/droit-fiscal-2\/","name":"Droit fiscal - Abitbol Associes","isPartOf":{"@id":"https:\/\/www.abitbol-associes.com\/fr\/#website"},"primaryImageOfPage":{"@id":"https:\/\/www.abitbol-associes.com\/fr\/droit-fiscal-2\/#primaryimage"},"image":{"@id":"https:\/\/www.abitbol-associes.com\/fr\/droit-fiscal-2\/#primaryimage"},"thumbnailUrl":"https:\/\/abitbol-associes.com\/wp-content\/uploads\/2018\/01\/AA_Logo_Final-300x159.gif","datePublished":"2012-11-13T17:59:55+00:00","dateModified":"2019-09-04T11:04:29+00:00","breadcrumb":{"@id":"https:\/\/www.abitbol-associes.com\/fr\/droit-fiscal-2\/#breadcrumb"},"inLanguage":"fr-FR","potentialAction":[{"@type":"ReadAction","target":[["https:\/\/www.abitbol-associes.com\/fr\/droit-fiscal-2\/"]]}]},{"@type":"ImageObject","inLanguage":"fr-FR","@id":"https:\/\/www.abitbol-associes.com\/fr\/droit-fiscal-2\/#primaryimage","url":"https:\/\/abitbol-associes.com\/wp-content\/uploads\/2018\/01\/AA_Logo_Final-300x159.gif","contentUrl":"https:\/\/abitbol-associes.com\/wp-content\/uploads\/2018\/01\/AA_Logo_Final-300x159.gif"},{"@type":"BreadcrumbList","@id":"https:\/\/www.abitbol-associes.com\/fr\/droit-fiscal-2\/#breadcrumb","itemListElement":[{"@type":"ListItem","position":1,"name":"Home","item":"https:\/\/www.abitbol-associes.com\/fr\/"},{"@type":"ListItem","position":2,"name":"Droit fiscal"}]},{"@type":"WebSite","@id":"https:\/\/www.abitbol-associes.com\/fr\/#website","url":"https:\/\/www.abitbol-associes.com\/fr\/","name":"Abitbol Associes","description":"Parce que votre exigence est notre priorit\u00e9","potentialAction":[{"@type":"SearchAction","target":{"@type":"EntryPoint","urlTemplate":"https:\/\/www.abitbol-associes.com\/fr\/?s={search_term_string}"},"query-input":{"@type":"PropertyValueSpecification","valueRequired":true,"valueName":"search_term_string"}}],"inLanguage":"fr-FR"}]}},"_links":{"self":[{"href":"https:\/\/www.abitbol-associes.com\/fr\/wp-json\/wp\/v2\/pages\/72","targetHints":{"allow":["GET"]}}],"collection":[{"href":"https:\/\/www.abitbol-associes.com\/fr\/wp-json\/wp\/v2\/pages"}],"about":[{"href":"https:\/\/www.abitbol-associes.com\/fr\/wp-json\/wp\/v2\/types\/page"}],"author":[{"embeddable":true,"href":"https:\/\/www.abitbol-associes.com\/fr\/wp-json\/wp\/v2\/users\/6"}],"replies":[{"embeddable":true,"href":"https:\/\/www.abitbol-associes.com\/fr\/wp-json\/wp\/v2\/comments?post=72"}],"version-history":[{"count":53,"href":"https:\/\/www.abitbol-associes.com\/fr\/wp-json\/wp\/v2\/pages\/72\/revisions"}],"predecessor-version":[{"id":2913,"href":"https:\/\/www.abitbol-associes.com\/fr\/wp-json\/wp\/v2\/pages\/72\/revisions\/2913"}],"wp:attachment":[{"href":"https:\/\/www.abitbol-associes.com\/fr\/wp-json\/wp\/v2\/media?parent=72"}],"curies":[{"name":"wp","href":"https:\/\/api.w.org\/{rel}","templated":true}]}}