{"id":58,"date":"2012-11-13T17:48:58","date_gmt":"2012-11-13T17:48:58","guid":{"rendered":"http:\/\/abitbol-associes.com\/?page_id=58"},"modified":"2019-09-04T11:07:46","modified_gmt":"2019-09-04T11:07:46","slug":"droit-des-societes","status":"publish","type":"page","link":"https:\/\/www.abitbol-associes.com\/fr\/droit-des-societes\/","title":{"rendered":"Droit des Soci\u00e9t\u00e9s"},"content":{"rendered":"<p><\/p>\n<p style=\"text-align: justify;\"><strong>Conseil<\/strong><br \/>\n<a href=\"https:\/\/abitbol-associes.com\/wp-content\/uploads\/2012\/11\/1.-Soci\u00e9t\u00e9s.jpg\"><img loading=\"lazy\" decoding=\"async\" class=\"alignright size-medium wp-image-87\" title=\"1. Soci\u00e9t\u00e9s\" src=\"https:\/\/abitbol-associes.com\/wp-content\/uploads\/2012\/11\/1.-Soci\u00e9t\u00e9s-300x200.jpg\" alt=\"\" width=\"300\" height=\"200\" srcset=\"https:\/\/www.abitbol-associes.com\/wp-content\/uploads\/2012\/11\/1.-Soci\u00e9t\u00e9s-300x200.jpg 300w, https:\/\/www.abitbol-associes.com\/wp-content\/uploads\/2012\/11\/1.-Soci\u00e9t\u00e9s-1024x685.jpg 1024w, https:\/\/www.abitbol-associes.com\/wp-content\/uploads\/2012\/11\/1.-Soci\u00e9t\u00e9s.jpg 1121w\" sizes=\"auto, (max-width: 300px) 100vw, 300px\" \/><\/a>Notre Cabinet intervient en qualit\u00e9 de conseil privil\u00e9gi\u00e9 aupr\u00e8s des entreprises et de leurs dirigeants afin de les conseiller et de les accompagner dans la cr\u00e9ation de structures r\u00e9pondants \u00e0\u00a0 leurs besoins \u00e9conomiques (association, soci\u00e9t\u00e9 civile ou commerciale, partenariat) mais aussi dans leurs activit\u00e9s de gestion et de d\u00e9veloppement \u00e9conomique, en cr\u00e9ant des montages juridiques adapt\u00e9s \u00e0 l\u2019\u00e9volution de la vie de l&rsquo;entreprise (ing\u00e9nierie de reprise, op\u00e9rations de fusions acquisitions, cessions).<\/p>\n<p style=\"text-align: justify;\"><strong><br \/>\nN\u00e9gociations et relations d\u2019affaires<br \/>\n<\/strong>En phase de n\u00e9gociations, nous repr\u00e9sentons les int\u00e9r\u00eats de nos clients dans leurs relations d&rsquo;affaires avec leurs partenaires via notre r\u00e9seau fran\u00e7ais et europ\u00e9en.<\/p>\n<p style=\"text-align: justify;\"><strong><br \/>\nContrats internationaux<br \/>\n<\/strong>Fort d&rsquo;une solide exp\u00e9rience en mati\u00e8re de contrats, le Cabinet accompagne ses clients, chefs d&rsquo;entreprise et dirigeants de multinationales fran\u00e7aises et isra\u00e9liennes dans l\u2019\u00e9laboration de contrats commerciaux internationaux (r\u00e9daction de contrats de prestations de services, contrat de distribution, conditions g\u00e9n\u00e9rales de vente, partenariat).<\/p>\n<p style=\"text-align: justify;\"><strong><br \/>\nContentieux<br \/>\n<\/strong>Dans une phase contentieuse, notre expertise s\u2019\u00e9tend \u00e9galement aux besoins de repr\u00e9sentation en justice devant les tribunaux de commerce en France mais \u00e9galement dans le contentieux pouvant survenir devant l&rsquo;ensemble des juridictions en Isra\u00ebl lors de la rupture de relations d&rsquo;affaires.<\/p>\n<p>&nbsp;<\/p>\n<h3><img loading=\"lazy\" decoding=\"async\" class=\"aligncenter wp-image-2449\" src=\"https:\/\/abitbol-associes.com\/wp-content\/uploads\/2018\/01\/AA_Logo_Final-300x159.gif\" alt=\"\" width=\"133\" height=\"70\" srcset=\"https:\/\/www.abitbol-associes.com\/wp-content\/uploads\/2018\/01\/AA_Logo_Final-300x159.gif 300w, https:\/\/www.abitbol-associes.com\/wp-content\/uploads\/2018\/01\/AA_Logo_Final-150x80.gif 150w\" sizes=\"auto, (max-width: 133px) 100vw, 133px\" \/><\/h3>\n<p style=\"text-align: center;\">66 Av Victor Hugo &#8211; Immeuble LEONARD DE VINCI Paris 16\u1d49<br \/>\nTel: + 33 (0)1 78 90 03 73<br \/>\nFax: + 33 (0)1 77 74 63 99<\/p>\n<p style=\"text-align: center;\">13 rue Shimon ben Shetah, 9414713, J\u00e9rusalem<br \/>\nTel: + 972 (0)2 595 63 45<br \/>\nFax: + 972 (0)2 591 63 26<\/p>\n<p style=\"text-align: center;\"><a href=\"mailto:contact@abitbol-associes.com\">contact@abitbol-associes.com<\/a><\/p>\n<p>&nbsp;<\/p>\n<h3>\n\t\t<div class='et_quote quote-center'>\n\t\t\t<div class='et_right_quote'>\n\t\t\t\tContactez-nous\n\t\t\t\t<span class='et_quote_additional_sign'><\/span>\n\t\t\t<\/div>\n\t\t\t<span class='et_quote_sign'><\/span>\n\t\t<\/div>\n\t<\/h3>\n<h3 style=\"text-align: left;\">Pour toute question relative \u00e0 votre situation personnelle, merci de nous laisser un message:\n<div class=\"wpcf7 no-js\" id=\"wpcf7-f1230-o1\" lang=\"en-US\" dir=\"ltr\" data-wpcf7-id=\"1230\">\n<div class=\"screen-reader-response\"><p role=\"status\" aria-live=\"polite\" aria-atomic=\"true\"><\/p> <ul><\/ul><\/div>\n<form action=\"\/fr\/wp-json\/wp\/v2\/pages\/58#wpcf7-f1230-o1\" method=\"post\" class=\"wpcf7-form init\" aria-label=\"Contact form\" novalidate=\"novalidate\" data-status=\"init\">\n<fieldset class=\"hidden-fields-container\"><input type=\"hidden\" name=\"_wpcf7\" value=\"1230\" \/><input type=\"hidden\" name=\"_wpcf7_version\" value=\"6.1\" \/><input type=\"hidden\" name=\"_wpcf7_locale\" value=\"en_US\" \/><input type=\"hidden\" name=\"_wpcf7_unit_tag\" value=\"wpcf7-f1230-o1\" \/><input type=\"hidden\" name=\"_wpcf7_container_post\" value=\"0\" \/><input type=\"hidden\" name=\"_wpcf7_posted_data_hash\" value=\"\" \/><input type=\"hidden\" name=\"_wpcf7_recaptcha_response\" value=\"\" \/>\n<\/fieldset>\n<p>Votre nom (obligatoire)\n<\/p>\n<p><span class=\"wpcf7-form-control-wrap\" data-name=\"your-name\"><input size=\"40\" maxlength=\"400\" class=\"wpcf7-form-control wpcf7-text wpcf7-validates-as-required\" aria-required=\"true\" aria-invalid=\"false\" value=\"\" type=\"text\" name=\"your-name\" \/><\/span>\n<\/p>\n<p>Votre email (obligatoire)\n<\/p>\n<p><span class=\"wpcf7-form-control-wrap\" data-name=\"your-email\"><input size=\"40\" maxlength=\"400\" class=\"wpcf7-form-control wpcf7-email wpcf7-validates-as-required wpcf7-text wpcf7-validates-as-email\" aria-required=\"true\" aria-invalid=\"false\" value=\"\" type=\"email\" name=\"your-email\" \/><\/span>\n<\/p>\n<p>Votre num\u00e9ro de t\u00e9l\u00e9phone (obligatoire)\n<\/p>\n<p><span class=\"wpcf7-form-control-wrap\" data-name=\"your-tel\"><input size=\"40\" maxlength=\"400\" class=\"wpcf7-form-control wpcf7-tel wpcf7-validates-as-required wpcf7-text wpcf7-validates-as-tel\" aria-required=\"true\" aria-invalid=\"false\" value=\"\" type=\"tel\" name=\"your-tel\" \/><\/span>\n<\/p>\n<p>Sujet\n<\/p>\n<p><span class=\"wpcf7-form-control-wrap\" data-name=\"your-subject\"><input size=\"40\" maxlength=\"400\" class=\"wpcf7-form-control wpcf7-text\" aria-invalid=\"false\" value=\"\" type=\"text\" name=\"your-subject\" \/><\/span>\n<\/p>\n<p>Votre message\n<\/p>\n<p><span class=\"wpcf7-form-control-wrap\" data-name=\"your-message\"><textarea cols=\"40\" rows=\"10\" maxlength=\"2000\" class=\"wpcf7-form-control wpcf7-textarea\" aria-invalid=\"false\" name=\"your-message\"><\/textarea><\/span>\n<\/p>\n\n<p><input class=\"wpcf7-form-control wpcf7-submit has-spinner\" type=\"submit\" value=\"Envoyer\" \/>\n<\/p><div class=\"wpcf7-response-output\" aria-hidden=\"true\"><\/div>\n<\/form>\n<\/div>\n<\/h3>\n<p><\/p>","protected":false},"excerpt":{"rendered":"<p>Conseil Notre Cabinet intervient en qualit\u00e9 de conseil privil\u00e9gi\u00e9 aupr\u00e8s des entreprises et de leurs dirigeants afin de les conseiller et de les accompagner dans la cr\u00e9ation de structures r\u00e9pondants \u00e0\u00a0 leurs besoins \u00e9conomiques (association, soci\u00e9t\u00e9 civile ou commerciale, partenariat) mais aussi dans leurs activit\u00e9s de gestion et de d\u00e9veloppement \u00e9conomique, en cr\u00e9ant des montages [&hellip;]<\/p>\n","protected":false},"author":6,"featured_media":0,"parent":0,"menu_order":0,"comment_status":"open","ping_status":"open","template":"page-full.php","meta":{"footnotes":""},"class_list":["post-58","page","type-page","status-publish","hentry"],"yoast_head":"<!-- This site is optimized with the Yoast SEO plugin v25.5 - https:\/\/yoast.com\/wordpress\/plugins\/seo\/ -->\n<title>Droit des Soci\u00e9t\u00e9s - Abitbol Associes<\/title>\n<meta name=\"robots\" content=\"index, follow, max-snippet:-1, max-image-preview:large, max-video-preview:-1\" \/>\n<link rel=\"canonical\" href=\"https:\/\/www.abitbol-associes.com\/fr\/droit-des-societes-2\/\" \/>\n<meta property=\"og:locale\" content=\"fr_FR\" \/>\n<meta property=\"og:type\" content=\"article\" \/>\n<meta property=\"og:title\" content=\"Droit des Soci\u00e9t\u00e9s - Abitbol Associes\" \/>\n<meta property=\"og:description\" content=\"Conseil Notre Cabinet intervient en qualit\u00e9 de conseil privil\u00e9gi\u00e9 aupr\u00e8s des entreprises et de leurs dirigeants afin de les conseiller et de les accompagner dans la cr\u00e9ation de structures r\u00e9pondants \u00e0\u00a0 leurs besoins \u00e9conomiques (association, soci\u00e9t\u00e9 civile ou commerciale, partenariat) mais aussi dans leurs activit\u00e9s de gestion et de d\u00e9veloppement \u00e9conomique, en cr\u00e9ant des montages [&hellip;]\" \/>\n<meta property=\"og:url\" content=\"https:\/\/www.abitbol-associes.com\/fr\/droit-des-societes-2\/\" \/>\n<meta property=\"og:site_name\" content=\"Abitbol Associes\" \/>\n<meta property=\"article:modified_time\" content=\"2019-09-04T11:07:46+00:00\" \/>\n<meta property=\"og:image\" content=\"https:\/\/abitbol-associes.com\/wp-content\/uploads\/2018\/01\/AA_Logo_Final-300x159.gif\" \/>\n<meta name=\"twitter:card\" content=\"summary_large_image\" \/>\n<meta name=\"twitter:label1\" content=\"Dur\u00e9e de lecture estim\u00e9e\" \/>\n\t<meta name=\"twitter:data1\" content=\"2 minutes\" \/>\n<script type=\"application\/ld+json\" class=\"yoast-schema-graph\">{\"@context\":\"https:\/\/schema.org\",\"@graph\":[{\"@type\":\"WebPage\",\"@id\":\"https:\/\/www.abitbol-associes.com\/fr\/droit-des-societes-2\/\",\"url\":\"https:\/\/www.abitbol-associes.com\/fr\/droit-des-societes-2\/\",\"name\":\"Droit des Soci\u00e9t\u00e9s - Abitbol Associes\",\"isPartOf\":{\"@id\":\"https:\/\/www.abitbol-associes.com\/fr\/#website\"},\"primaryImageOfPage\":{\"@id\":\"https:\/\/www.abitbol-associes.com\/fr\/droit-des-societes-2\/#primaryimage\"},\"image\":{\"@id\":\"https:\/\/www.abitbol-associes.com\/fr\/droit-des-societes-2\/#primaryimage\"},\"thumbnailUrl\":\"https:\/\/abitbol-associes.com\/wp-content\/uploads\/2018\/01\/AA_Logo_Final-300x159.gif\",\"datePublished\":\"2012-11-13T17:48:58+00:00\",\"dateModified\":\"2019-09-04T11:07:46+00:00\",\"breadcrumb\":{\"@id\":\"https:\/\/www.abitbol-associes.com\/fr\/droit-des-societes-2\/#breadcrumb\"},\"inLanguage\":\"fr-FR\",\"potentialAction\":[{\"@type\":\"ReadAction\",\"target\":[[\"https:\/\/www.abitbol-associes.com\/fr\/droit-des-societes-2\/\"]]}]},{\"@type\":\"ImageObject\",\"inLanguage\":\"fr-FR\",\"@id\":\"https:\/\/www.abitbol-associes.com\/fr\/droit-des-societes-2\/#primaryimage\",\"url\":\"https:\/\/abitbol-associes.com\/wp-content\/uploads\/2018\/01\/AA_Logo_Final-300x159.gif\",\"contentUrl\":\"https:\/\/abitbol-associes.com\/wp-content\/uploads\/2018\/01\/AA_Logo_Final-300x159.gif\"},{\"@type\":\"BreadcrumbList\",\"@id\":\"https:\/\/www.abitbol-associes.com\/fr\/droit-des-societes-2\/#breadcrumb\",\"itemListElement\":[{\"@type\":\"ListItem\",\"position\":1,\"name\":\"Home\",\"item\":\"https:\/\/www.abitbol-associes.com\/fr\/\"},{\"@type\":\"ListItem\",\"position\":2,\"name\":\"Droit des Soci\u00e9t\u00e9s\"}]},{\"@type\":\"WebSite\",\"@id\":\"https:\/\/www.abitbol-associes.com\/fr\/#website\",\"url\":\"https:\/\/www.abitbol-associes.com\/fr\/\",\"name\":\"Abitbol Associes\",\"description\":\"Parce que votre exigence est notre priorit\u00e9\",\"potentialAction\":[{\"@type\":\"SearchAction\",\"target\":{\"@type\":\"EntryPoint\",\"urlTemplate\":\"https:\/\/www.abitbol-associes.com\/fr\/?s={search_term_string}\"},\"query-input\":{\"@type\":\"PropertyValueSpecification\",\"valueRequired\":true,\"valueName\":\"search_term_string\"}}],\"inLanguage\":\"fr-FR\"}]}<\/script>\n<!-- \/ Yoast SEO plugin. -->","yoast_head_json":{"title":"Droit des Soci\u00e9t\u00e9s - Abitbol Associes","robots":{"index":"index","follow":"follow","max-snippet":"max-snippet:-1","max-image-preview":"max-image-preview:large","max-video-preview":"max-video-preview:-1"},"canonical":"https:\/\/www.abitbol-associes.com\/fr\/droit-des-societes-2\/","og_locale":"fr_FR","og_type":"article","og_title":"Droit des Soci\u00e9t\u00e9s - Abitbol Associes","og_description":"Conseil Notre Cabinet intervient en qualit\u00e9 de conseil privil\u00e9gi\u00e9 aupr\u00e8s des entreprises et de leurs dirigeants afin de les conseiller et de les accompagner dans la cr\u00e9ation de structures r\u00e9pondants \u00e0\u00a0 leurs besoins \u00e9conomiques (association, soci\u00e9t\u00e9 civile ou commerciale, partenariat) mais aussi dans leurs activit\u00e9s de gestion et de d\u00e9veloppement \u00e9conomique, en cr\u00e9ant des montages [&hellip;]","og_url":"https:\/\/www.abitbol-associes.com\/fr\/droit-des-societes-2\/","og_site_name":"Abitbol Associes","article_modified_time":"2019-09-04T11:07:46+00:00","og_image":[{"url":"https:\/\/abitbol-associes.com\/wp-content\/uploads\/2018\/01\/AA_Logo_Final-300x159.gif","type":"","width":"","height":""}],"twitter_card":"summary_large_image","twitter_misc":{"Dur\u00e9e de lecture estim\u00e9e":"2 minutes"},"schema":{"@context":"https:\/\/schema.org","@graph":[{"@type":"WebPage","@id":"https:\/\/www.abitbol-associes.com\/fr\/droit-des-societes-2\/","url":"https:\/\/www.abitbol-associes.com\/fr\/droit-des-societes-2\/","name":"Droit des Soci\u00e9t\u00e9s - Abitbol Associes","isPartOf":{"@id":"https:\/\/www.abitbol-associes.com\/fr\/#website"},"primaryImageOfPage":{"@id":"https:\/\/www.abitbol-associes.com\/fr\/droit-des-societes-2\/#primaryimage"},"image":{"@id":"https:\/\/www.abitbol-associes.com\/fr\/droit-des-societes-2\/#primaryimage"},"thumbnailUrl":"https:\/\/abitbol-associes.com\/wp-content\/uploads\/2018\/01\/AA_Logo_Final-300x159.gif","datePublished":"2012-11-13T17:48:58+00:00","dateModified":"2019-09-04T11:07:46+00:00","breadcrumb":{"@id":"https:\/\/www.abitbol-associes.com\/fr\/droit-des-societes-2\/#breadcrumb"},"inLanguage":"fr-FR","potentialAction":[{"@type":"ReadAction","target":[["https:\/\/www.abitbol-associes.com\/fr\/droit-des-societes-2\/"]]}]},{"@type":"ImageObject","inLanguage":"fr-FR","@id":"https:\/\/www.abitbol-associes.com\/fr\/droit-des-societes-2\/#primaryimage","url":"https:\/\/abitbol-associes.com\/wp-content\/uploads\/2018\/01\/AA_Logo_Final-300x159.gif","contentUrl":"https:\/\/abitbol-associes.com\/wp-content\/uploads\/2018\/01\/AA_Logo_Final-300x159.gif"},{"@type":"BreadcrumbList","@id":"https:\/\/www.abitbol-associes.com\/fr\/droit-des-societes-2\/#breadcrumb","itemListElement":[{"@type":"ListItem","position":1,"name":"Home","item":"https:\/\/www.abitbol-associes.com\/fr\/"},{"@type":"ListItem","position":2,"name":"Droit des Soci\u00e9t\u00e9s"}]},{"@type":"WebSite","@id":"https:\/\/www.abitbol-associes.com\/fr\/#website","url":"https:\/\/www.abitbol-associes.com\/fr\/","name":"Abitbol Associes","description":"Parce que votre exigence est notre priorit\u00e9","potentialAction":[{"@type":"SearchAction","target":{"@type":"EntryPoint","urlTemplate":"https:\/\/www.abitbol-associes.com\/fr\/?s={search_term_string}"},"query-input":{"@type":"PropertyValueSpecification","valueRequired":true,"valueName":"search_term_string"}}],"inLanguage":"fr-FR"}]}},"_links":{"self":[{"href":"https:\/\/www.abitbol-associes.com\/fr\/wp-json\/wp\/v2\/pages\/58","targetHints":{"allow":["GET"]}}],"collection":[{"href":"https:\/\/www.abitbol-associes.com\/fr\/wp-json\/wp\/v2\/pages"}],"about":[{"href":"https:\/\/www.abitbol-associes.com\/fr\/wp-json\/wp\/v2\/types\/page"}],"author":[{"embeddable":true,"href":"https:\/\/www.abitbol-associes.com\/fr\/wp-json\/wp\/v2\/users\/6"}],"replies":[{"embeddable":true,"href":"https:\/\/www.abitbol-associes.com\/fr\/wp-json\/wp\/v2\/comments?post=58"}],"version-history":[{"count":54,"href":"https:\/\/www.abitbol-associes.com\/fr\/wp-json\/wp\/v2\/pages\/58\/revisions"}],"predecessor-version":[{"id":2920,"href":"https:\/\/www.abitbol-associes.com\/fr\/wp-json\/wp\/v2\/pages\/58\/revisions\/2920"}],"wp:attachment":[{"href":"https:\/\/www.abitbol-associes.com\/fr\/wp-json\/wp\/v2\/media?parent=58"}],"curies":[{"name":"wp","href":"https:\/\/api.w.org\/{rel}","templated":true}]}}