{"id":36,"date":"2012-11-12T19:40:02","date_gmt":"2012-11-12T19:40:02","guid":{"rendered":"http:\/\/abitbol-associes.com\/?page_id=36"},"modified":"2018-02-27T09:26:07","modified_gmt":"2018-02-27T09:26:07","slug":"international","status":"publish","type":"page","link":"https:\/\/www.abitbol-associes.com\/fr\/international\/","title":{"rendered":"International"},"content":{"rendered":"<p><\/p>\n<p style=\"text-align: justify;\"><a href=\"https:\/\/abitbol-associes.com\/wp-content\/uploads\/2012\/11\/Picture-101.jpg\"><img loading=\"lazy\" decoding=\"async\" class=\"alignright size-medium wp-image-605\" title=\"Avocats France Isra\u00ebl International\" src=\"https:\/\/abitbol-associes.com\/wp-content\/uploads\/2012\/11\/Picture-101-300x200.jpg\" alt=\"\" width=\"300\" height=\"200\" srcset=\"https:\/\/www.abitbol-associes.com\/wp-content\/uploads\/2012\/11\/Picture-101-300x200.jpg 300w, https:\/\/www.abitbol-associes.com\/wp-content\/uploads\/2012\/11\/Picture-101.jpg 1000w\" sizes=\"auto, (max-width: 300px) 100vw, 300px\" \/><\/a><span class='et-dropcap' style=\"font-size: 60px; color: #9b9b9b;\">C<\/span><strong>onvaincu que la pratique du droit se conjugue\u00a0avec la mondialisation des \u00e9changes, le Cabinet Abitbol\u00a0<\/strong><strong>&amp; Associ\u00e9s a, d\u00e8s sa cr\u00e9ation, \u00e9tabli sa pr\u00e9sence simultan\u00e9ment en\u00a0Isra\u00ebl\u00a0et en France. Cette dimension internationale fait partie int\u00e9grante de la philosophie de notre cabinet et est tout particuli\u00e8rement adapt\u00e9e \u00e0 notre client\u00e8le.\u00a0<\/strong><\/p>\n<p style=\"text-align: justify;\">Il existe en effet des liens en plein essor entre l&rsquo;Europe et le Moyen-Orient. Isra\u00ebl en est une partie int\u00e9grante et ce pays, nouvel eldorado des start-up, voit naitre pr\u00e8s de 500 soci\u00e9t\u00e9s de ce type chaque ann\u00e9e, ce qui le place juste derri\u00e8re les Etats-Unis.<\/p>\n<p style=\"text-align: justify;\">Quel que soit le domaine (Hi-Tech, immobilier, \u00e9nergies renouvelables, cosm\u00e9tiques\u2026), les inventeurs et les investisseurs sont de plus en plus nombreux \u00e0 s\u2019implanter en Isra\u00ebl et forts de ce constat, nous accompagnons les entreprises \u00e0 conqu\u00e9rir ce march\u00e9 en toute confiance.<\/p>\n<p style=\"text-align: justify;\">Nous constituons syst\u00e9matiquement des \u00e9quipes transversales compos\u00e9es d&rsquo;avocats\u00a0fran\u00e7ais\u00a0et\u00a0isra\u00e9liens et\u00a0adapt\u00e9es \u00e0 chaque dossier.\u00a0Le Cabinet Abitbol &amp; Associ\u00e9s accorde par ailleurs un soin tout particulier au strict respect des r\u00e8gles d\u00e9ontologiques, notamment s\u2019agissant de la confidentialit\u00e9.<\/p>\n<p style=\"text-align: justify;\">Cette synergie internationale constitue l\u2019originalit\u00e9 et la force de notre Cabinet. Ensemble, nous vous faisons b\u00e9n\u00e9ficier de notre parfaite connaissance des paysages \u00e9conomiques\u00a0fran\u00e7ais\u00a0et isra\u00e9lien afin d\u2019accompagner avec succ\u00e8s tous vos projets.<\/p>\n<p style=\"text-align: justify;\">Notre cabinet a par ailleurs fait le choix d\u2019assister avec cette m\u00eame exigence les personnes souhaitant s\u2019installer en Isra\u00ebl (Alya) ou rencontrant des litiges transnationaux, d\u2019o\u00f9 la cr\u00e9ation de notre p\u00f4le d\u2019excellence d\u00e9di\u00e9 aux particuliers.<\/p>\n<p style=\"text-align: justify;\">En savoir plus sur notre <a title=\"Cabinet d'avocats en Israel\" href=\"https:\/\/abitbol-associes.com\/international\/cabinet-davocats-en-israel\/\">Cabinet d&rsquo;avocats en\u00a0Isra\u00ebl<\/a>.<\/p>\n<h2>A lire aussi <em><\/em><\/h2>\n<address><em>Paru dans la presse<\/em><\/address>\n<address>\u00a0<\/address>\n<div style=\"width: 400px;\">\n\n\t\t\t<div class='tabs-left et_sliderfx_fade et_sliderauto_true et_sliderauto_speed_5000 et_slidertype_left_tabs clearfix'>\n\t\t\t\t<div class='et_left_tabs_bg'><\/div>\n\t\t\t\t<ul class='et-tabs-control'>\n\t\t\t<li><a href='#'>\n\t\t\t<img decoding=\"async\" src=\"https:\/\/abitbol-associes.com\/wp-content\/uploads\/2012\/11\/picture-8.jpg\" alt=\"le nouvel eldorado\" width=\"100\" \/>\n\t\t<\/a><\/li>\n\n\t\t<li><a href='#'>\n\t\t\t<img decoding=\"async\" src=\"https:\/\/abitbol-associes.com\/wp-content\/uploads\/2012\/11\/picture-7.jpg\" alt=\"The start up nation \" width=\"100\" \/>\n\t\t<\/a><\/li>\n\t\t<\/ul> <!-- .et-tabs-control -->\n\n\t\t<div class='et-tabs-content'>\n\t\t\t<div class='et-tabs-content-main-wrap'>\n\t\t\t\t<div class='et-tabs-content-wrapper'>\n\t\t\t\t\t<div class='et_slidecontent'>\n\t\t\tIsrael, le nouvel eldorado des starts-up. <a href=\"http:\/\/www.lefigaro.fr\/conjoncture\/2011\/07\/14\/04016-20110714ARTFIG00405-israel-nouvel-eldorado-des-start-up.php\" target=\"_blank\">Cliquez ici<\/a>\n\t\t<\/div>\n\n\t\t<div class='et_slidecontent'>\n\t\t\tIsrael: The start up nation taking on Silicon Valley. <a href=\"http:\/\/www.telegraph.co.uk\/technology\/news\/8652076\/Israel-The-start-up-nation-taking-on-Silicon-Valley.html\" target=\"_blank\">Cliquez ici<\/a>\n\t\t<\/div>\n\t\t\t\t<\/div>\n\t\t\t<\/div>\n\t\t<\/div>\n\t\t\t<\/div> <!-- .tabs-left -->\n<\/div>\n<p><\/p>","protected":false},"excerpt":{"rendered":"<p>onvaincu que la pratique du droit se conjugue\u00a0avec la mondialisation des \u00e9changes, le Cabinet Abitbol\u00a0&amp; Associ\u00e9s a, d\u00e8s sa cr\u00e9ation, \u00e9tabli sa pr\u00e9sence simultan\u00e9ment en\u00a0Isra\u00ebl\u00a0et en France. Cette dimension internationale fait partie int\u00e9grante de la philosophie de notre cabinet et est tout particuli\u00e8rement adapt\u00e9e \u00e0 notre client\u00e8le.\u00a0 Il existe en effet des liens en plein [&hellip;]<\/p>\n","protected":false},"author":6,"featured_media":45,"parent":0,"menu_order":0,"comment_status":"open","ping_status":"open","template":"page-full.php","meta":{"footnotes":""},"class_list":["post-36","page","type-page","status-publish","has-post-thumbnail","hentry"],"yoast_head":"<!-- This site is optimized with the Yoast SEO plugin v25.5 - https:\/\/yoast.com\/wordpress\/plugins\/seo\/ -->\n<title>International - Abitbol Associes<\/title>\n<meta name=\"robots\" content=\"index, follow, max-snippet:-1, max-image-preview:large, max-video-preview:-1\" \/>\n<link rel=\"canonical\" href=\"https:\/\/www.abitbol-associes.com\/fr\/international\/\" \/>\n<meta property=\"og:locale\" content=\"fr_FR\" \/>\n<meta property=\"og:type\" content=\"article\" \/>\n<meta property=\"og:title\" content=\"International - Abitbol Associes\" \/>\n<meta property=\"og:description\" content=\"onvaincu que la pratique du droit se conjugue\u00a0avec la mondialisation des \u00e9changes, le Cabinet Abitbol\u00a0&amp; Associ\u00e9s a, d\u00e8s sa cr\u00e9ation, \u00e9tabli sa pr\u00e9sence simultan\u00e9ment en\u00a0Isra\u00ebl\u00a0et en France. Cette dimension internationale fait partie int\u00e9grante de la philosophie de notre cabinet et est tout particuli\u00e8rement adapt\u00e9e \u00e0 notre client\u00e8le.\u00a0 Il existe en effet des liens en plein [&hellip;]\" \/>\n<meta property=\"og:url\" content=\"https:\/\/www.abitbol-associes.com\/fr\/international\/\" \/>\n<meta property=\"og:site_name\" content=\"Abitbol Associes\" \/>\n<meta property=\"article:modified_time\" content=\"2018-02-27T09:26:07+00:00\" \/>\n<meta property=\"og:image\" content=\"https:\/\/www.abitbol-associes.com\/wp-content\/uploads\/2012\/11\/Slideshow-2.jpg\" \/>\n\t<meta property=\"og:image:width\" content=\"960\" \/>\n\t<meta property=\"og:image:height\" content=\"332\" \/>\n\t<meta property=\"og:image:type\" content=\"image\/jpeg\" \/>\n<meta name=\"twitter:card\" content=\"summary_large_image\" \/>\n<meta name=\"twitter:label1\" content=\"Dur\u00e9e de lecture estim\u00e9e\" \/>\n\t<meta name=\"twitter:data1\" content=\"4 minutes\" \/>\n<script type=\"application\/ld+json\" class=\"yoast-schema-graph\">{\"@context\":\"https:\/\/schema.org\",\"@graph\":[{\"@type\":\"WebPage\",\"@id\":\"https:\/\/www.abitbol-associes.com\/fr\/international\/\",\"url\":\"https:\/\/www.abitbol-associes.com\/fr\/international\/\",\"name\":\"International - Abitbol Associes\",\"isPartOf\":{\"@id\":\"https:\/\/www.abitbol-associes.com\/fr\/#website\"},\"primaryImageOfPage\":{\"@id\":\"https:\/\/www.abitbol-associes.com\/fr\/international\/#primaryimage\"},\"image\":{\"@id\":\"https:\/\/www.abitbol-associes.com\/fr\/international\/#primaryimage\"},\"thumbnailUrl\":\"https:\/\/www.abitbol-associes.com\/wp-content\/uploads\/2012\/11\/Slideshow-2.jpg\",\"datePublished\":\"2012-11-12T19:40:02+00:00\",\"dateModified\":\"2018-02-27T09:26:07+00:00\",\"breadcrumb\":{\"@id\":\"https:\/\/www.abitbol-associes.com\/fr\/international\/#breadcrumb\"},\"inLanguage\":\"fr-FR\",\"potentialAction\":[{\"@type\":\"ReadAction\",\"target\":[[\"https:\/\/www.abitbol-associes.com\/fr\/international\/\"]]}]},{\"@type\":\"ImageObject\",\"inLanguage\":\"fr-FR\",\"@id\":\"https:\/\/www.abitbol-associes.com\/fr\/international\/#primaryimage\",\"url\":\"https:\/\/www.abitbol-associes.com\/wp-content\/uploads\/2012\/11\/Slideshow-2.jpg\",\"contentUrl\":\"https:\/\/www.abitbol-associes.com\/wp-content\/uploads\/2012\/11\/Slideshow-2.jpg\",\"width\":\"960\",\"height\":\"332\"},{\"@type\":\"BreadcrumbList\",\"@id\":\"https:\/\/www.abitbol-associes.com\/fr\/international\/#breadcrumb\",\"itemListElement\":[{\"@type\":\"ListItem\",\"position\":1,\"name\":\"Home\",\"item\":\"https:\/\/www.abitbol-associes.com\/fr\/\"},{\"@type\":\"ListItem\",\"position\":2,\"name\":\"International\"}]},{\"@type\":\"WebSite\",\"@id\":\"https:\/\/www.abitbol-associes.com\/fr\/#website\",\"url\":\"https:\/\/www.abitbol-associes.com\/fr\/\",\"name\":\"Abitbol Associes\",\"description\":\"Parce que votre exigence est notre priorit\u00e9\",\"potentialAction\":[{\"@type\":\"SearchAction\",\"target\":{\"@type\":\"EntryPoint\",\"urlTemplate\":\"https:\/\/www.abitbol-associes.com\/fr\/?s={search_term_string}\"},\"query-input\":{\"@type\":\"PropertyValueSpecification\",\"valueRequired\":true,\"valueName\":\"search_term_string\"}}],\"inLanguage\":\"fr-FR\"}]}<\/script>\n<!-- \/ Yoast SEO plugin. -->","yoast_head_json":{"title":"International - Abitbol Associes","robots":{"index":"index","follow":"follow","max-snippet":"max-snippet:-1","max-image-preview":"max-image-preview:large","max-video-preview":"max-video-preview:-1"},"canonical":"https:\/\/www.abitbol-associes.com\/fr\/international\/","og_locale":"fr_FR","og_type":"article","og_title":"International - Abitbol Associes","og_description":"onvaincu que la pratique du droit se conjugue\u00a0avec la mondialisation des \u00e9changes, le Cabinet Abitbol\u00a0&amp; Associ\u00e9s a, d\u00e8s sa cr\u00e9ation, \u00e9tabli sa pr\u00e9sence simultan\u00e9ment en\u00a0Isra\u00ebl\u00a0et en France. Cette dimension internationale fait partie int\u00e9grante de la philosophie de notre cabinet et est tout particuli\u00e8rement adapt\u00e9e \u00e0 notre client\u00e8le.\u00a0 Il existe en effet des liens en plein [&hellip;]","og_url":"https:\/\/www.abitbol-associes.com\/fr\/international\/","og_site_name":"Abitbol Associes","article_modified_time":"2018-02-27T09:26:07+00:00","og_image":[{"width":960,"height":332,"url":"https:\/\/www.abitbol-associes.com\/wp-content\/uploads\/2012\/11\/Slideshow-2.jpg","type":"image\/jpeg"}],"twitter_card":"summary_large_image","twitter_misc":{"Dur\u00e9e de lecture estim\u00e9e":"4 minutes"},"schema":{"@context":"https:\/\/schema.org","@graph":[{"@type":"WebPage","@id":"https:\/\/www.abitbol-associes.com\/fr\/international\/","url":"https:\/\/www.abitbol-associes.com\/fr\/international\/","name":"International - Abitbol Associes","isPartOf":{"@id":"https:\/\/www.abitbol-associes.com\/fr\/#website"},"primaryImageOfPage":{"@id":"https:\/\/www.abitbol-associes.com\/fr\/international\/#primaryimage"},"image":{"@id":"https:\/\/www.abitbol-associes.com\/fr\/international\/#primaryimage"},"thumbnailUrl":"https:\/\/www.abitbol-associes.com\/wp-content\/uploads\/2012\/11\/Slideshow-2.jpg","datePublished":"2012-11-12T19:40:02+00:00","dateModified":"2018-02-27T09:26:07+00:00","breadcrumb":{"@id":"https:\/\/www.abitbol-associes.com\/fr\/international\/#breadcrumb"},"inLanguage":"fr-FR","potentialAction":[{"@type":"ReadAction","target":[["https:\/\/www.abitbol-associes.com\/fr\/international\/"]]}]},{"@type":"ImageObject","inLanguage":"fr-FR","@id":"https:\/\/www.abitbol-associes.com\/fr\/international\/#primaryimage","url":"https:\/\/www.abitbol-associes.com\/wp-content\/uploads\/2012\/11\/Slideshow-2.jpg","contentUrl":"https:\/\/www.abitbol-associes.com\/wp-content\/uploads\/2012\/11\/Slideshow-2.jpg","width":"960","height":"332"},{"@type":"BreadcrumbList","@id":"https:\/\/www.abitbol-associes.com\/fr\/international\/#breadcrumb","itemListElement":[{"@type":"ListItem","position":1,"name":"Home","item":"https:\/\/www.abitbol-associes.com\/fr\/"},{"@type":"ListItem","position":2,"name":"International"}]},{"@type":"WebSite","@id":"https:\/\/www.abitbol-associes.com\/fr\/#website","url":"https:\/\/www.abitbol-associes.com\/fr\/","name":"Abitbol Associes","description":"Parce que votre exigence est notre priorit\u00e9","potentialAction":[{"@type":"SearchAction","target":{"@type":"EntryPoint","urlTemplate":"https:\/\/www.abitbol-associes.com\/fr\/?s={search_term_string}"},"query-input":{"@type":"PropertyValueSpecification","valueRequired":true,"valueName":"search_term_string"}}],"inLanguage":"fr-FR"}]}},"_links":{"self":[{"href":"https:\/\/www.abitbol-associes.com\/fr\/wp-json\/wp\/v2\/pages\/36","targetHints":{"allow":["GET"]}}],"collection":[{"href":"https:\/\/www.abitbol-associes.com\/fr\/wp-json\/wp\/v2\/pages"}],"about":[{"href":"https:\/\/www.abitbol-associes.com\/fr\/wp-json\/wp\/v2\/types\/page"}],"author":[{"embeddable":true,"href":"https:\/\/www.abitbol-associes.com\/fr\/wp-json\/wp\/v2\/users\/6"}],"replies":[{"embeddable":true,"href":"https:\/\/www.abitbol-associes.com\/fr\/wp-json\/wp\/v2\/comments?post=36"}],"version-history":[{"count":65,"href":"https:\/\/www.abitbol-associes.com\/fr\/wp-json\/wp\/v2\/pages\/36\/revisions"}],"predecessor-version":[{"id":2537,"href":"https:\/\/www.abitbol-associes.com\/fr\/wp-json\/wp\/v2\/pages\/36\/revisions\/2537"}],"wp:featuredmedia":[{"embeddable":true,"href":"https:\/\/www.abitbol-associes.com\/fr\/wp-json\/wp\/v2\/media\/45"}],"wp:attachment":[{"href":"https:\/\/www.abitbol-associes.com\/fr\/wp-json\/wp\/v2\/media?parent=36"}],"curies":[{"name":"wp","href":"https:\/\/api.w.org\/{rel}","templated":true}]}}