{"id":329,"date":"2012-11-24T21:04:52","date_gmt":"2012-11-24T21:04:52","guid":{"rendered":"http:\/\/www.abitbol-associes.com\/?page_id=329"},"modified":"2018-02-27T09:10:22","modified_gmt":"2018-02-27T09:10:22","slug":"concept","status":"publish","type":"page","link":"https:\/\/www.abitbol-associes.com\/fr\/concept\/","title":{"rendered":"Concept"},"content":{"rendered":"<p><\/p>\n<p style=\"text-align: justify;\"><a href=\"https:\/\/abitbol-associes.com\/wp-content\/uploads\/2012\/11\/Concept-du-Cabinet-Abitbol-Associ\u00e9s.jpg\"><img loading=\"lazy\" decoding=\"async\" class=\"alignright size-medium wp-image-330\" title=\"Concept du Cabinet Abitbol &amp; Associ\u00e9s\" src=\"https:\/\/abitbol-associes.com\/wp-content\/uploads\/2012\/11\/Concept-du-Cabinet-Abitbol-Associ\u00e9s-300x300.jpg\" alt=\"\" width=\"300\" height=\"300\" srcset=\"https:\/\/www.abitbol-associes.com\/wp-content\/uploads\/2012\/11\/Concept-du-Cabinet-Abitbol-Associ\u00e9s-300x300.jpg 300w, https:\/\/www.abitbol-associes.com\/wp-content\/uploads\/2012\/11\/Concept-du-Cabinet-Abitbol-Associ\u00e9s-150x150.jpg 150w, https:\/\/www.abitbol-associes.com\/wp-content\/uploads\/2012\/11\/Concept-du-Cabinet-Abitbol-Associ\u00e9s.jpg 1000w\" sizes=\"auto, (max-width: 300px) 100vw, 300px\" \/><\/a>De par les relations d\u2019affaires sans cesse croissantes qui se nouent entre la France et Isra\u00ebl, le Cabinet Abitbol &amp; Associ\u00e9s a d\u00e8s ses d\u00e9buts compris l\u2019importance de garantir \u00e0 ses clients une approche novatrice:\u00a0<em><strong>\u00ab\u00a0One team worldwide \u00bb<\/strong><\/em>.<\/p>\n<p style=\"text-align: justify;\">Nos clients professionnels et particuliers sont plac\u00e9s au c\u0153ur de notre organisation afin de les conseiller et les repr\u00e9senter avec une qualit\u00e9 de service d\u2019excellence.<\/p>\n<p style=\"text-align: justify;\">C\u2019est parce que nos clients fran\u00e7ais et isra\u00e9liens ont besoin d\u2019une \u00e9quipe d\u00e9di\u00e9e qui les accompagne en France comme en Isra\u00ebl, en conseil comme en contentieux, que le cabinet Abitbol &amp; Associ\u00e9s s\u2019est attach\u00e9 \u00e0 cr\u00e9er ses \u00e9quipes franco-isra\u00e9liennes.<\/p>\n<p style=\"text-align: justify;\">Des avocats s\u00e9lectionn\u00e9s en fonction de leurs expertises et \u00e0 m\u00eame de traiter le dossier avec le meilleur degr\u00e9 de comp\u00e9tence et sans surco\u00fbt pour le client.<\/p>\n<p style=\"text-align: justify;\">Le suivi du dossier au del\u00e0 des fronti\u00e8res avec une \u00e9quipe d\u00e9di\u00e9e assure ainsi au client une efficacit\u00e9 optimale de traitement.<\/p>\n<p><\/p>","protected":false},"excerpt":{"rendered":"<p>De par les relations d\u2019affaires sans cesse croissantes qui se nouent entre la France et Isra\u00ebl, le Cabinet Abitbol &amp; Associ\u00e9s a d\u00e8s ses d\u00e9buts compris l\u2019importance de garantir \u00e0 ses clients une approche novatrice:\u00a0\u00ab\u00a0One team worldwide \u00bb. Nos clients professionnels et particuliers sont plac\u00e9s au c\u0153ur de notre organisation afin de les conseiller et [&hellip;]<\/p>\n","protected":false},"author":2,"featured_media":0,"parent":0,"menu_order":0,"comment_status":"open","ping_status":"open","template":"page-full.php","meta":{"footnotes":""},"class_list":["post-329","page","type-page","status-publish","hentry"],"yoast_head":"<!-- This site is optimized with the Yoast SEO plugin v25.5 - https:\/\/yoast.com\/wordpress\/plugins\/seo\/ -->\n<title>Concept - Abitbol Associes<\/title>\n<meta name=\"robots\" content=\"index, follow, max-snippet:-1, max-image-preview:large, max-video-preview:-1\" \/>\n<link rel=\"canonical\" href=\"https:\/\/www.abitbol-associes.com\/fr\/concept\/\" \/>\n<meta property=\"og:locale\" content=\"fr_FR\" \/>\n<meta property=\"og:type\" content=\"article\" \/>\n<meta property=\"og:title\" content=\"Concept - Abitbol Associes\" \/>\n<meta property=\"og:description\" content=\"De par les relations d\u2019affaires sans cesse croissantes qui se nouent entre la France et Isra\u00ebl, le Cabinet Abitbol &amp; Associ\u00e9s a d\u00e8s ses d\u00e9buts compris l\u2019importance de garantir \u00e0 ses clients une approche novatrice:\u00a0\u00ab\u00a0One team worldwide \u00bb. Nos clients professionnels et particuliers sont plac\u00e9s au c\u0153ur de notre organisation afin de les conseiller et [&hellip;]\" \/>\n<meta property=\"og:url\" content=\"https:\/\/www.abitbol-associes.com\/fr\/concept\/\" \/>\n<meta property=\"og:site_name\" content=\"Abitbol Associes\" \/>\n<meta property=\"article:modified_time\" content=\"2018-02-27T09:10:22+00:00\" \/>\n<meta name=\"twitter:card\" content=\"summary_large_image\" \/>\n<meta name=\"twitter:label1\" content=\"Dur\u00e9e de lecture estim\u00e9e\" \/>\n\t<meta name=\"twitter:data1\" content=\"2 minutes\" \/>\n<script type=\"application\/ld+json\" class=\"yoast-schema-graph\">{\"@context\":\"https:\/\/schema.org\",\"@graph\":[{\"@type\":\"WebPage\",\"@id\":\"https:\/\/www.abitbol-associes.com\/fr\/concept\/\",\"url\":\"https:\/\/www.abitbol-associes.com\/fr\/concept\/\",\"name\":\"Concept - Abitbol Associes\",\"isPartOf\":{\"@id\":\"https:\/\/www.abitbol-associes.com\/fr\/#website\"},\"datePublished\":\"2012-11-24T21:04:52+00:00\",\"dateModified\":\"2018-02-27T09:10:22+00:00\",\"breadcrumb\":{\"@id\":\"https:\/\/www.abitbol-associes.com\/fr\/concept\/#breadcrumb\"},\"inLanguage\":\"fr-FR\",\"potentialAction\":[{\"@type\":\"ReadAction\",\"target\":[[\"https:\/\/www.abitbol-associes.com\/fr\/concept\/\"]]}]},{\"@type\":\"BreadcrumbList\",\"@id\":\"https:\/\/www.abitbol-associes.com\/fr\/concept\/#breadcrumb\",\"itemListElement\":[{\"@type\":\"ListItem\",\"position\":1,\"name\":\"Home\",\"item\":\"https:\/\/www.abitbol-associes.com\/fr\/\"},{\"@type\":\"ListItem\",\"position\":2,\"name\":\"Concept\"}]},{\"@type\":\"WebSite\",\"@id\":\"https:\/\/www.abitbol-associes.com\/fr\/#website\",\"url\":\"https:\/\/www.abitbol-associes.com\/fr\/\",\"name\":\"Abitbol Associes\",\"description\":\"Parce que votre exigence est notre priorit\u00e9\",\"potentialAction\":[{\"@type\":\"SearchAction\",\"target\":{\"@type\":\"EntryPoint\",\"urlTemplate\":\"https:\/\/www.abitbol-associes.com\/fr\/?s={search_term_string}\"},\"query-input\":{\"@type\":\"PropertyValueSpecification\",\"valueRequired\":true,\"valueName\":\"search_term_string\"}}],\"inLanguage\":\"fr-FR\"}]}<\/script>\n<!-- \/ Yoast SEO plugin. -->","yoast_head_json":{"title":"Concept - Abitbol Associes","robots":{"index":"index","follow":"follow","max-snippet":"max-snippet:-1","max-image-preview":"max-image-preview:large","max-video-preview":"max-video-preview:-1"},"canonical":"https:\/\/www.abitbol-associes.com\/fr\/concept\/","og_locale":"fr_FR","og_type":"article","og_title":"Concept - Abitbol Associes","og_description":"De par les relations d\u2019affaires sans cesse croissantes qui se nouent entre la France et Isra\u00ebl, le Cabinet Abitbol &amp; Associ\u00e9s a d\u00e8s ses d\u00e9buts compris l\u2019importance de garantir \u00e0 ses clients une approche novatrice:\u00a0\u00ab\u00a0One team worldwide \u00bb. Nos clients professionnels et particuliers sont plac\u00e9s au c\u0153ur de notre organisation afin de les conseiller et [&hellip;]","og_url":"https:\/\/www.abitbol-associes.com\/fr\/concept\/","og_site_name":"Abitbol Associes","article_modified_time":"2018-02-27T09:10:22+00:00","twitter_card":"summary_large_image","twitter_misc":{"Dur\u00e9e de lecture estim\u00e9e":"2 minutes"},"schema":{"@context":"https:\/\/schema.org","@graph":[{"@type":"WebPage","@id":"https:\/\/www.abitbol-associes.com\/fr\/concept\/","url":"https:\/\/www.abitbol-associes.com\/fr\/concept\/","name":"Concept - Abitbol Associes","isPartOf":{"@id":"https:\/\/www.abitbol-associes.com\/fr\/#website"},"datePublished":"2012-11-24T21:04:52+00:00","dateModified":"2018-02-27T09:10:22+00:00","breadcrumb":{"@id":"https:\/\/www.abitbol-associes.com\/fr\/concept\/#breadcrumb"},"inLanguage":"fr-FR","potentialAction":[{"@type":"ReadAction","target":[["https:\/\/www.abitbol-associes.com\/fr\/concept\/"]]}]},{"@type":"BreadcrumbList","@id":"https:\/\/www.abitbol-associes.com\/fr\/concept\/#breadcrumb","itemListElement":[{"@type":"ListItem","position":1,"name":"Home","item":"https:\/\/www.abitbol-associes.com\/fr\/"},{"@type":"ListItem","position":2,"name":"Concept"}]},{"@type":"WebSite","@id":"https:\/\/www.abitbol-associes.com\/fr\/#website","url":"https:\/\/www.abitbol-associes.com\/fr\/","name":"Abitbol Associes","description":"Parce que votre exigence est notre priorit\u00e9","potentialAction":[{"@type":"SearchAction","target":{"@type":"EntryPoint","urlTemplate":"https:\/\/www.abitbol-associes.com\/fr\/?s={search_term_string}"},"query-input":{"@type":"PropertyValueSpecification","valueRequired":true,"valueName":"search_term_string"}}],"inLanguage":"fr-FR"}]}},"_links":{"self":[{"href":"https:\/\/www.abitbol-associes.com\/fr\/wp-json\/wp\/v2\/pages\/329","targetHints":{"allow":["GET"]}}],"collection":[{"href":"https:\/\/www.abitbol-associes.com\/fr\/wp-json\/wp\/v2\/pages"}],"about":[{"href":"https:\/\/www.abitbol-associes.com\/fr\/wp-json\/wp\/v2\/types\/page"}],"author":[{"embeddable":true,"href":"https:\/\/www.abitbol-associes.com\/fr\/wp-json\/wp\/v2\/users\/2"}],"replies":[{"embeddable":true,"href":"https:\/\/www.abitbol-associes.com\/fr\/wp-json\/wp\/v2\/comments?post=329"}],"version-history":[{"count":60,"href":"https:\/\/www.abitbol-associes.com\/fr\/wp-json\/wp\/v2\/pages\/329\/revisions"}],"predecessor-version":[{"id":2517,"href":"https:\/\/www.abitbol-associes.com\/fr\/wp-json\/wp\/v2\/pages\/329\/revisions\/2517"}],"wp:attachment":[{"href":"https:\/\/www.abitbol-associes.com\/fr\/wp-json\/wp\/v2\/media?parent=329"}],"curies":[{"name":"wp","href":"https:\/\/api.w.org\/{rel}","templated":true}]}}