{"id":2705,"date":"2018-06-19T11:58:20","date_gmt":"2018-06-19T11:58:20","guid":{"rendered":"http:\/\/www.abitbol-associes.com\/fr\/?page_id=2705"},"modified":"2019-09-04T11:13:59","modified_gmt":"2019-09-04T11:13:59","slug":"mediation-et-arbitrage","status":"publish","type":"page","link":"https:\/\/www.abitbol-associes.com\/fr\/mediation-et-arbitrage\/","title":{"rendered":"M\u00e9diation et Arbitrage"},"content":{"rendered":"<p><\/p>\n<h1 style=\"text-align: center;\"><strong>Les solutions de r\u00e9solution des litiges en dehors des tribunaux: la m\u00e9diation et l&rsquo;arbitrage<\/strong><\/h1>\n<p>&nbsp;<\/p>\n<h2><strong>MEDIATION<\/strong><\/h2>\n<p><img loading=\"lazy\" decoding=\"async\" class=\"alignright wp-image-2708 size-medium\" title=\"M\u00e9diation et Arbitrage\" src=\"https:\/\/abitbol-associes.com\/wp-content\/uploads\/2018\/06\/M\u00e9diation-Arbitrage-Israel-France-300x200.jpg\" alt=\"M\u00e9diation-Arbitrage-Israel-France\" width=\"300\" height=\"200\" srcset=\"https:\/\/www.abitbol-associes.com\/wp-content\/uploads\/2018\/06\/M\u00e9diation-Arbitrage-Israel-France-300x200.jpg 300w, https:\/\/www.abitbol-associes.com\/wp-content\/uploads\/2018\/06\/M\u00e9diation-Arbitrage-Israel-France.jpg 500w, https:\/\/www.abitbol-associes.com\/wp-content\/uploads\/2018\/06\/M\u00e9diation-Arbitrage-Israel-France-462x306.jpg 462w, https:\/\/www.abitbol-associes.com\/wp-content\/uploads\/2018\/06\/M\u00e9diation-Arbitrage-Israel-France-140x94.jpg 140w, https:\/\/www.abitbol-associes.com\/wp-content\/uploads\/2018\/06\/M\u00e9diation-Arbitrage-Israel-France-150x100.jpg 150w\" sizes=\"auto, (max-width: 300px) 100vw, 300px\" \/><\/p>\n<p><strong>Face \u00e0 une croissance exponentielle des litiges touchant sans exception l&rsquo;ensemble des domaines du droit \u2013 droit commercial, civil, successions internationales, droit du divorce, etc. \u2013 la mise en \u0153uvre d&rsquo;un m\u00e9canisme alternatif de r\u00e8glement des litiges s&rsquo;impose comme une n\u00e9cessit\u00e9 imp\u00e9rieuse en vue d&rsquo;\u00e9viter des proc\u00e9dures longues et co\u00fbteuses\u00a0pour les parties au litige.<\/strong><\/p>\n<p>Sur le volet commercial, les relations d&rsquo;affaires internationales r\u00e9sultant de la lib\u00e9ralisation des \u00e9changes ont connu une expansion remarquable depuis ces deux derni\u00e8res d\u00e9cennies, et face au caract\u00e8re inadapt\u00e9 de la justice \u00e9tatique \u00e0 r\u00e9soudre les litiges entre soci\u00e9t\u00e9s\u00a0 \u00e9trang\u00e8res, il est apparu n\u00e9cessaire de proposer un nouveau mode alternatif de r\u00e9solution des conflits, \u00e0 m\u00eame de r\u00e9gir l&rsquo;ensemble des probl\u00e9matiques contractuelles, tout en respectant l\u2019imp\u00e9ratif de c\u00e9l\u00e9rit\u00e9, principe gouvernant le commerce international.<\/p>\n<p>En effet, de nombreuses entreprises en relations d&rsquo;affaires se trouvent fr\u00e9quemment confront\u00e9es \u00e0 des difficult\u00e9s dans l\u2019interpr\u00e9tation ou l\u2019ex\u00e9cution des contrats ayant \u00e9t\u00e9 conclus avec leur partenaires locaux, mais \u00e9galement face \u00e0 la surcharge des tribunaux, la m\u00e9connaissance des juges quant \u00e0 l&rsquo;application des lois \u00e9trang\u00e8res sp\u00e9cifiques mentionn\u00e9es dans les contrats ainsi qu&rsquo;aux d\u00e9lais excessifs de traitement de leur litige.<\/p>\n<p>Aussi, le passage de la culture du contentieux \u00e0 celle du compromis a notamment permis l&rsquo;\u00e9mergence et le d\u00e9veloppement d&rsquo;une nouvelle technique proc\u00e9durale, marqu\u00e9e par la pr\u00e9\u00e9minence de la volont\u00e9 des parties.<\/p>\n<p>Cette phase dite de \u00ab\u00a0<em>m\u00e9diation<\/em>\u00a0\u00bb consiste en l\u2019intervention d\u2019un professionnel dipl\u00f4m\u00e9, neutre ou mandat\u00e9 par la (les) partie (s) au litige, et qui aura pour objectif de mener les \u00e9changes en vue d\u2019une conciliation rapide de leur litige.<\/p>\n<p>En ce sens, le m\u00e9diateur n\u2019intervient pas en qualit\u00e9 de juge ou d&rsquo;arbitre, mais plut\u00f4t comme un \u00ab catalyseur \u00bb dont la mission premi\u00e8re sera de faciliter la compr\u00e9hension des int\u00e9r\u00eats en conflit,\u00a0 des demandes respectives et permettre les n\u00e9gociations entre les parties, en vue de parvenir \u00e0 une solution n\u00e9goci\u00e9e \u00e0 leur diff\u00e9rend, laquelle pourra \u00eatre reconnue comme une d\u00e9cision de justice d\u00e9finitive.<\/p>\n<p>&nbsp;<\/p>\n<p><strong><u>Les avantages de ce type de proc\u00e9dure sont multiples\u00a0: <\/u><\/strong><\/p>\n<ul>\n<li>Gain de temps<\/li>\n<li>Ma\u00eetrise des co\u00fbts<\/li>\n<li>R\u00e9daction d&rsquo;expertises dans le cadre des n\u00e9gociations<\/li>\n<li>Confidentialit\u00e9 des \u00e9changes entre les parties<\/li>\n<li>Pr\u00e9servation de la notori\u00e9t\u00e9<\/li>\n<li>Disponibilit\u00e9<\/li>\n<li>Facilitation du dialogue \u2013 m\u00e9diateurs maitrisant plusieurs langues<\/li>\n<li>Cr\u00e9ativit\u00e9 des solutions propos\u00e9es<\/li>\n<li>Conservation des relations commerciales<\/li>\n<li>Suspension des d\u00e9lais de prescription<\/li>\n<\/ul>\n<p>&nbsp;<\/p>\n<p>Dans l\u2019optique d\u2019une r\u00e9solution optimis\u00e9e des litiges, et fort d\u2019une r\u00e9elle expertise dans ce domaine, l\u2019\u00e9quipe d\u00e9di\u00e9e au p\u00f4le m\u00e9diation du Cabinet ABITBOL &amp; ASSOCIES, propose \u00e0 l\u2019ensemble de ses clients un accompagnement complet \u00e0 toutes les \u00e9tapes de la m\u00e9diation, de la phase de n\u00e9gociation jusqu\u2019\u00e0 la conclusion d\u2019un accord transactionnel amiable, sous la supervision de Ma\u00eetre Debborah ABITBOL, Docteur en droit, avocate aux Barreaux de Paris et de J\u00e9rusalem, et m\u00e9diateur dipl\u00f4m\u00e9.<\/p>\n<p>Nos collaborateurs disposent d\u2019une solide exp\u00e9rience aussi bien en droit fran\u00e7ais qu\u2019isra\u00e9lien mais \u00e9galement d\u2019une ma\u00eetrise totale des codes culturels et socio-\u00e9conomiques du pays, lesquels leur permettent d\u2019intervenir tout au long de la proc\u00e9dure de m\u00e9diation, en garantissant les int\u00e9r\u00eats r\u00e9ciproques des parties.<\/p>\n<p><strong>Aussi, le sens de l\u2019\u00e9coute, de l\u2019analyse et le professionnalisme forment l\u2019ensemble des valeurs essentielles pr\u00f4n\u00e9es par notre d\u00e9partement m\u00e9diation.<\/strong><\/p>\n<p>&nbsp;<\/p>\n<h2><strong>ARBITRAGE\u00a0<\/strong><\/h2>\n<p><strong><br \/>\n<img loading=\"lazy\" decoding=\"async\" class=\"size-medium wp-image-2709 alignleft\" src=\"https:\/\/abitbol-associes.com\/wp-content\/uploads\/2018\/06\/M\u00e9diation-Arbitrage-France-Israel-300x200.jpg\" alt=\"M\u00e9diation Arbitrage France-Israel\" width=\"300\" height=\"200\" srcset=\"https:\/\/www.abitbol-associes.com\/wp-content\/uploads\/2018\/06\/M\u00e9diation-Arbitrage-France-Israel-300x200.jpg 300w, https:\/\/www.abitbol-associes.com\/wp-content\/uploads\/2018\/06\/M\u00e9diation-Arbitrage-France-Israel.jpg 500w, https:\/\/www.abitbol-associes.com\/wp-content\/uploads\/2018\/06\/M\u00e9diation-Arbitrage-France-Israel-462x306.jpg 462w, https:\/\/www.abitbol-associes.com\/wp-content\/uploads\/2018\/06\/M\u00e9diation-Arbitrage-France-Israel-140x94.jpg 140w, https:\/\/www.abitbol-associes.com\/wp-content\/uploads\/2018\/06\/M\u00e9diation-Arbitrage-France-Israel-150x100.jpg 150w\" sizes=\"auto, (max-width: 300px) 100vw, 300px\" \/><\/strong><\/p>\n<p><strong>Face \u00e0 l\u2019encombrement croissant des tribunaux et aux d\u00e9lais d\u2019audiences chronophages, les parties sont de plus en plus r\u00e9ticentes \u00e0 compara\u00eetre devant les juridictions d\u00e8s lors qu\u2019interviennent des litiges li\u00e9s au droit des affaires ou au droit de la famille (h\u00e9ritage, conflits financiers, etc.).<\/strong><\/p>\n<p>D\u00e9sormais les parties privil\u00e9gient la r\u00e9solution des litiges dans la cadre du secret professionnel mais se retrouvent souvent confront\u00e9es \u00e0 la m\u00e9connaissance de l\u2019h\u00e9breu juridique et surtout de la culture juridique des affaires en Isra\u00ebl.<\/p>\n<p>En ce sens, les tribunaux s\u2019\u00e9vertuent \u00e0 appliquer de mani\u00e8re exclusive le droit isra\u00e9lien alors m\u00eame que la majorit\u00e9 des conflits font \u00e9tat de caract\u00e9ristiques plus complexes d\u2019un point de vue juridique et notamment d\u2019\u00e9l\u00e9ments d\u2019extran\u00e9it\u00e9 n\u00e9cessitant une application \u00e9largie au droit international.<\/p>\n<p>Dans l\u2019optique d\u2019une r\u00e9solution optimale des conflits, la proc\u00e9dure d\u2019arbitrage appara\u00eet comme solution id\u00e9ale, en effet la loi r\u00e9gissant l\u2019arbitrage en Isra\u00ebl dite \u00ab\u00a0<em>h\u2019ok ha-borerout<\/em>\u00a0\u00bb est tr\u00e8s flexible et a r\u00e9ellement pour but de faciliter une solution rapide et efficace.<\/p>\n<p>Ainsi, les \u00e9changes peuvent \u00eatre conduits en fran\u00e7ais ou toute langue comprise par l\u2019arbitre et les parties, lesquelles d\u00e9cident du cadre de l\u2019arbitrage, et notamment du droit applicable, de la langue, ou bien encore de l\u2019exp\u00e9rience professionnelle de l\u2019arbitre.<\/p>\n<p>A l\u2019issue de la proc\u00e9dure, la d\u00e9cision de l\u2019arbitre est valid\u00e9e par le Tribunal d\u2019Instance et sera donc opposable aux tiers.<\/p>\n<p>Avantages li\u00e9s \u00e0 la proc\u00e9dure d&rsquo;arbitrage:<\/p>\n<ul>\n<li>Secret professionnel de l&rsquo;ensemble de la proc\u00e9dure,<\/li>\n<li>Les frais sont en g\u00e9n\u00e9ral bien moins \u00e9lev\u00e9s que ceux occasionn\u00e9s par une proc\u00e9dure juridique (l&rsquo;ouverture de la proc\u00e9dure n\u00e9cessite un montant de 2.5% de l&rsquo;acte d&rsquo;accusation),<\/li>\n<li>Le calendrier des audiences d&rsquo;arbitrage est tr\u00e8s serr\u00e9 et convenu \u00e0 l&rsquo;avance avec les parties,<\/li>\n<li>Les parties peuvent se parler, contrairement aux s\u00e9ances du tribunal,<\/li>\n<li>Isra\u00ebl est signataire de la convention de New York reconnaissant les arbitrages \u00e9tablis selon le <em>hok-haborerout <\/em>dans la plupart des pays occidentaux.<\/li>\n<\/ul>\n<p>&nbsp;<\/p>\n<p><strong>Le Cabinet ABITBOL &amp; ASSOCIES a d\u00e9velopp\u00e9 en parall\u00e8le un d\u00e9partement d\u00e9di\u00e9 \u00e0 l\u2019arbitrage et propose d\u00e9sormais \u00e0 ses clients, dans le cadre de la r\u00e9solution de leur litiges internationaux, une intervention sp\u00e9cifique d\u2019arbitres certifi\u00e9s et experts dans le domaine des affaires et des h\u00e9ritages.\u00a0<\/strong><\/p>\n<h3><img loading=\"lazy\" decoding=\"async\" class=\"aligncenter wp-image-2449\" src=\"https:\/\/abitbol-associes.com\/wp-content\/uploads\/2018\/01\/AA_Logo_Final-300x159.gif\" alt=\"\" width=\"133\" height=\"70\" srcset=\"https:\/\/www.abitbol-associes.com\/wp-content\/uploads\/2018\/01\/AA_Logo_Final-300x159.gif 300w, https:\/\/www.abitbol-associes.com\/wp-content\/uploads\/2018\/01\/AA_Logo_Final-150x80.gif 150w\" sizes=\"auto, (max-width: 133px) 100vw, 133px\" \/><\/h3>\n<p style=\"text-align: center;\">66 Av Victor Hugo &#8211; Immeuble LEONARD DE VINCI Paris 16\u1d49<br \/>\nTel: + 33 (0)1 78 90 03 73<br \/>\nFax: + 33 (0)1 77 74 63 99<\/p>\n<p style=\"text-align: center;\">13 rue Shimon ben Shetah, 9414713, J\u00e9rusalem<br \/>\nTel: + 972 (0)2 595 63 45<br \/>\nFax: + 972 (0)2 591 63 26<\/p>\n<p style=\"text-align: center;\"><a href=\"mailto:contact@abitbol-associes.com\">contact@abitbol-associes.com<\/a><\/p>\n<p>&nbsp;<\/p>\n<h3>\n\t\t<div class='et_quote quote-center'>\n\t\t\t<div class='et_right_quote'>\n\t\t\t\tContactez-nous\n\t\t\t\t<span class='et_quote_additional_sign'><\/span>\n\t\t\t<\/div>\n\t\t\t<span class='et_quote_sign'><\/span>\n\t\t<\/div>\n\t<\/h3>\n<h3 style=\"text-align: left;\">Pour toute question relative \u00e0 votre situation personnelle, merci de nous laisser un message:\n<div class=\"wpcf7 no-js\" id=\"wpcf7-f1230-o1\" lang=\"en-US\" dir=\"ltr\" data-wpcf7-id=\"1230\">\n<div class=\"screen-reader-response\"><p role=\"status\" aria-live=\"polite\" aria-atomic=\"true\"><\/p> <ul><\/ul><\/div>\n<form action=\"\/fr\/wp-json\/wp\/v2\/pages\/2705#wpcf7-f1230-o1\" method=\"post\" class=\"wpcf7-form init\" aria-label=\"Contact form\" novalidate=\"novalidate\" data-status=\"init\">\n<fieldset class=\"hidden-fields-container\"><input type=\"hidden\" name=\"_wpcf7\" value=\"1230\" \/><input type=\"hidden\" name=\"_wpcf7_version\" value=\"6.1\" \/><input type=\"hidden\" name=\"_wpcf7_locale\" value=\"en_US\" \/><input type=\"hidden\" name=\"_wpcf7_unit_tag\" value=\"wpcf7-f1230-o1\" \/><input type=\"hidden\" name=\"_wpcf7_container_post\" value=\"0\" \/><input type=\"hidden\" name=\"_wpcf7_posted_data_hash\" value=\"\" \/><input type=\"hidden\" name=\"_wpcf7_recaptcha_response\" value=\"\" \/>\n<\/fieldset>\n<p>Votre nom (obligatoire)\n<\/p>\n<p><span class=\"wpcf7-form-control-wrap\" data-name=\"your-name\"><input size=\"40\" maxlength=\"400\" class=\"wpcf7-form-control wpcf7-text wpcf7-validates-as-required\" aria-required=\"true\" aria-invalid=\"false\" value=\"\" type=\"text\" name=\"your-name\" \/><\/span>\n<\/p>\n<p>Votre email (obligatoire)\n<\/p>\n<p><span class=\"wpcf7-form-control-wrap\" data-name=\"your-email\"><input size=\"40\" maxlength=\"400\" class=\"wpcf7-form-control wpcf7-email wpcf7-validates-as-required wpcf7-text wpcf7-validates-as-email\" aria-required=\"true\" aria-invalid=\"false\" value=\"\" type=\"email\" name=\"your-email\" \/><\/span>\n<\/p>\n<p>Votre num\u00e9ro de t\u00e9l\u00e9phone (obligatoire)\n<\/p>\n<p><span class=\"wpcf7-form-control-wrap\" data-name=\"your-tel\"><input size=\"40\" maxlength=\"400\" class=\"wpcf7-form-control wpcf7-tel wpcf7-validates-as-required wpcf7-text wpcf7-validates-as-tel\" aria-required=\"true\" aria-invalid=\"false\" value=\"\" type=\"tel\" name=\"your-tel\" \/><\/span>\n<\/p>\n<p>Sujet\n<\/p>\n<p><span class=\"wpcf7-form-control-wrap\" data-name=\"your-subject\"><input size=\"40\" maxlength=\"400\" class=\"wpcf7-form-control wpcf7-text\" aria-invalid=\"false\" value=\"\" type=\"text\" name=\"your-subject\" \/><\/span>\n<\/p>\n<p>Votre message\n<\/p>\n<p><span class=\"wpcf7-form-control-wrap\" data-name=\"your-message\"><textarea cols=\"40\" rows=\"10\" maxlength=\"2000\" class=\"wpcf7-form-control wpcf7-textarea\" aria-invalid=\"false\" name=\"your-message\"><\/textarea><\/span>\n<\/p>\n\n<p><input class=\"wpcf7-form-control wpcf7-submit has-spinner\" type=\"submit\" value=\"Envoyer\" \/>\n<\/p><div class=\"wpcf7-response-output\" aria-hidden=\"true\"><\/div>\n<\/form>\n<\/div>\n<\/h3>\n<p><\/p>","protected":false},"excerpt":{"rendered":"<p>Les solutions de r\u00e9solution des litiges en dehors des tribunaux: la m\u00e9diation et l&rsquo;arbitrage &nbsp; MEDIATION Face \u00e0 une croissance exponentielle des litiges touchant sans exception l&rsquo;ensemble des domaines du droit \u2013 droit commercial, civil, successions internationales, droit du divorce, etc. \u2013 la mise en \u0153uvre d&rsquo;un m\u00e9canisme alternatif de r\u00e8glement des litiges s&rsquo;impose comme [&hellip;]<\/p>\n","protected":false},"author":2,"featured_media":2708,"parent":0,"menu_order":0,"comment_status":"closed","ping_status":"closed","template":"page-full.php","meta":{"footnotes":""},"class_list":["post-2705","page","type-page","status-publish","has-post-thumbnail","hentry"],"yoast_head":"<!-- This site is optimized with the Yoast SEO plugin v25.5 - https:\/\/yoast.com\/wordpress\/plugins\/seo\/ -->\n<title>M\u00e9diation et Arbitrage - Abitbol Associes<\/title>\n<meta name=\"robots\" content=\"index, follow, max-snippet:-1, max-image-preview:large, max-video-preview:-1\" \/>\n<link rel=\"canonical\" href=\"https:\/\/www.abitbol-associes.com\/fr\/mediation-et-arbitrage\/\" \/>\n<meta property=\"og:locale\" content=\"fr_FR\" \/>\n<meta property=\"og:type\" content=\"article\" \/>\n<meta property=\"og:title\" content=\"M\u00e9diation et Arbitrage - Abitbol Associes\" \/>\n<meta property=\"og:description\" content=\"Les solutions de r\u00e9solution des litiges en dehors des tribunaux: la m\u00e9diation et l&rsquo;arbitrage &nbsp; MEDIATION Face \u00e0 une croissance exponentielle des litiges touchant sans exception l&rsquo;ensemble des domaines du droit \u2013 droit commercial, civil, successions internationales, droit du divorce, etc. \u2013 la mise en \u0153uvre d&rsquo;un m\u00e9canisme alternatif de r\u00e8glement des litiges s&rsquo;impose comme [&hellip;]\" \/>\n<meta property=\"og:url\" content=\"https:\/\/www.abitbol-associes.com\/fr\/mediation-et-arbitrage\/\" \/>\n<meta property=\"og:site_name\" content=\"Abitbol Associes\" \/>\n<meta property=\"article:modified_time\" content=\"2019-09-04T11:13:59+00:00\" \/>\n<meta property=\"og:image\" content=\"https:\/\/www.abitbol-associes.com\/wp-content\/uploads\/2018\/06\/M\u00e9diation-Arbitrage-Israel-France.jpg\" \/>\n\t<meta property=\"og:image:width\" content=\"500\" \/>\n\t<meta property=\"og:image:height\" content=\"333\" \/>\n\t<meta property=\"og:image:type\" content=\"image\/jpeg\" \/>\n<meta name=\"twitter:card\" content=\"summary_large_image\" \/>\n<meta name=\"twitter:label1\" content=\"Dur\u00e9e de lecture estim\u00e9e\" \/>\n\t<meta name=\"twitter:data1\" content=\"10 minutes\" \/>\n<script type=\"application\/ld+json\" class=\"yoast-schema-graph\">{\"@context\":\"https:\/\/schema.org\",\"@graph\":[{\"@type\":\"WebPage\",\"@id\":\"https:\/\/www.abitbol-associes.com\/fr\/mediation-et-arbitrage\/\",\"url\":\"https:\/\/www.abitbol-associes.com\/fr\/mediation-et-arbitrage\/\",\"name\":\"M\u00e9diation et Arbitrage - Abitbol Associes\",\"isPartOf\":{\"@id\":\"https:\/\/www.abitbol-associes.com\/fr\/#website\"},\"primaryImageOfPage\":{\"@id\":\"https:\/\/www.abitbol-associes.com\/fr\/mediation-et-arbitrage\/#primaryimage\"},\"image\":{\"@id\":\"https:\/\/www.abitbol-associes.com\/fr\/mediation-et-arbitrage\/#primaryimage\"},\"thumbnailUrl\":\"https:\/\/www.abitbol-associes.com\/wp-content\/uploads\/2018\/06\/M\u00e9diation-Arbitrage-Israel-France.jpg\",\"datePublished\":\"2018-06-19T11:58:20+00:00\",\"dateModified\":\"2019-09-04T11:13:59+00:00\",\"breadcrumb\":{\"@id\":\"https:\/\/www.abitbol-associes.com\/fr\/mediation-et-arbitrage\/#breadcrumb\"},\"inLanguage\":\"fr-FR\",\"potentialAction\":[{\"@type\":\"ReadAction\",\"target\":[[\"https:\/\/www.abitbol-associes.com\/fr\/mediation-et-arbitrage\/\"]]}]},{\"@type\":\"ImageObject\",\"inLanguage\":\"fr-FR\",\"@id\":\"https:\/\/www.abitbol-associes.com\/fr\/mediation-et-arbitrage\/#primaryimage\",\"url\":\"https:\/\/www.abitbol-associes.com\/wp-content\/uploads\/2018\/06\/M\u00e9diation-Arbitrage-Israel-France.jpg\",\"contentUrl\":\"https:\/\/www.abitbol-associes.com\/wp-content\/uploads\/2018\/06\/M\u00e9diation-Arbitrage-Israel-France.jpg\",\"width\":500,\"height\":333,\"caption\":\"Closeup portrait of two successful business executive exchanging business card after meeting .\"},{\"@type\":\"BreadcrumbList\",\"@id\":\"https:\/\/www.abitbol-associes.com\/fr\/mediation-et-arbitrage\/#breadcrumb\",\"itemListElement\":[{\"@type\":\"ListItem\",\"position\":1,\"name\":\"Home\",\"item\":\"https:\/\/www.abitbol-associes.com\/fr\/\"},{\"@type\":\"ListItem\",\"position\":2,\"name\":\"M\u00e9diation et Arbitrage\"}]},{\"@type\":\"WebSite\",\"@id\":\"https:\/\/www.abitbol-associes.com\/fr\/#website\",\"url\":\"https:\/\/www.abitbol-associes.com\/fr\/\",\"name\":\"Abitbol Associes\",\"description\":\"Parce que votre exigence est notre priorit\u00e9\",\"potentialAction\":[{\"@type\":\"SearchAction\",\"target\":{\"@type\":\"EntryPoint\",\"urlTemplate\":\"https:\/\/www.abitbol-associes.com\/fr\/?s={search_term_string}\"},\"query-input\":{\"@type\":\"PropertyValueSpecification\",\"valueRequired\":true,\"valueName\":\"search_term_string\"}}],\"inLanguage\":\"fr-FR\"}]}<\/script>\n<!-- \/ Yoast SEO plugin. -->","yoast_head_json":{"title":"M\u00e9diation et Arbitrage - Abitbol Associes","robots":{"index":"index","follow":"follow","max-snippet":"max-snippet:-1","max-image-preview":"max-image-preview:large","max-video-preview":"max-video-preview:-1"},"canonical":"https:\/\/www.abitbol-associes.com\/fr\/mediation-et-arbitrage\/","og_locale":"fr_FR","og_type":"article","og_title":"M\u00e9diation et Arbitrage - Abitbol Associes","og_description":"Les solutions de r\u00e9solution des litiges en dehors des tribunaux: la m\u00e9diation et l&rsquo;arbitrage &nbsp; MEDIATION Face \u00e0 une croissance exponentielle des litiges touchant sans exception l&rsquo;ensemble des domaines du droit \u2013 droit commercial, civil, successions internationales, droit du divorce, etc. \u2013 la mise en \u0153uvre d&rsquo;un m\u00e9canisme alternatif de r\u00e8glement des litiges s&rsquo;impose comme [&hellip;]","og_url":"https:\/\/www.abitbol-associes.com\/fr\/mediation-et-arbitrage\/","og_site_name":"Abitbol Associes","article_modified_time":"2019-09-04T11:13:59+00:00","og_image":[{"width":500,"height":333,"url":"https:\/\/www.abitbol-associes.com\/wp-content\/uploads\/2018\/06\/M\u00e9diation-Arbitrage-Israel-France.jpg","type":"image\/jpeg"}],"twitter_card":"summary_large_image","twitter_misc":{"Dur\u00e9e de lecture estim\u00e9e":"10 minutes"},"schema":{"@context":"https:\/\/schema.org","@graph":[{"@type":"WebPage","@id":"https:\/\/www.abitbol-associes.com\/fr\/mediation-et-arbitrage\/","url":"https:\/\/www.abitbol-associes.com\/fr\/mediation-et-arbitrage\/","name":"M\u00e9diation et Arbitrage - Abitbol Associes","isPartOf":{"@id":"https:\/\/www.abitbol-associes.com\/fr\/#website"},"primaryImageOfPage":{"@id":"https:\/\/www.abitbol-associes.com\/fr\/mediation-et-arbitrage\/#primaryimage"},"image":{"@id":"https:\/\/www.abitbol-associes.com\/fr\/mediation-et-arbitrage\/#primaryimage"},"thumbnailUrl":"https:\/\/www.abitbol-associes.com\/wp-content\/uploads\/2018\/06\/M\u00e9diation-Arbitrage-Israel-France.jpg","datePublished":"2018-06-19T11:58:20+00:00","dateModified":"2019-09-04T11:13:59+00:00","breadcrumb":{"@id":"https:\/\/www.abitbol-associes.com\/fr\/mediation-et-arbitrage\/#breadcrumb"},"inLanguage":"fr-FR","potentialAction":[{"@type":"ReadAction","target":[["https:\/\/www.abitbol-associes.com\/fr\/mediation-et-arbitrage\/"]]}]},{"@type":"ImageObject","inLanguage":"fr-FR","@id":"https:\/\/www.abitbol-associes.com\/fr\/mediation-et-arbitrage\/#primaryimage","url":"https:\/\/www.abitbol-associes.com\/wp-content\/uploads\/2018\/06\/M\u00e9diation-Arbitrage-Israel-France.jpg","contentUrl":"https:\/\/www.abitbol-associes.com\/wp-content\/uploads\/2018\/06\/M\u00e9diation-Arbitrage-Israel-France.jpg","width":500,"height":333,"caption":"Closeup portrait of two successful business executive exchanging business card after meeting ."},{"@type":"BreadcrumbList","@id":"https:\/\/www.abitbol-associes.com\/fr\/mediation-et-arbitrage\/#breadcrumb","itemListElement":[{"@type":"ListItem","position":1,"name":"Home","item":"https:\/\/www.abitbol-associes.com\/fr\/"},{"@type":"ListItem","position":2,"name":"M\u00e9diation et Arbitrage"}]},{"@type":"WebSite","@id":"https:\/\/www.abitbol-associes.com\/fr\/#website","url":"https:\/\/www.abitbol-associes.com\/fr\/","name":"Abitbol Associes","description":"Parce que votre exigence est notre priorit\u00e9","potentialAction":[{"@type":"SearchAction","target":{"@type":"EntryPoint","urlTemplate":"https:\/\/www.abitbol-associes.com\/fr\/?s={search_term_string}"},"query-input":{"@type":"PropertyValueSpecification","valueRequired":true,"valueName":"search_term_string"}}],"inLanguage":"fr-FR"}]}},"_links":{"self":[{"href":"https:\/\/www.abitbol-associes.com\/fr\/wp-json\/wp\/v2\/pages\/2705","targetHints":{"allow":["GET"]}}],"collection":[{"href":"https:\/\/www.abitbol-associes.com\/fr\/wp-json\/wp\/v2\/pages"}],"about":[{"href":"https:\/\/www.abitbol-associes.com\/fr\/wp-json\/wp\/v2\/types\/page"}],"author":[{"embeddable":true,"href":"https:\/\/www.abitbol-associes.com\/fr\/wp-json\/wp\/v2\/users\/2"}],"replies":[{"embeddable":true,"href":"https:\/\/www.abitbol-associes.com\/fr\/wp-json\/wp\/v2\/comments?post=2705"}],"version-history":[{"count":38,"href":"https:\/\/www.abitbol-associes.com\/fr\/wp-json\/wp\/v2\/pages\/2705\/revisions"}],"predecessor-version":[{"id":2928,"href":"https:\/\/www.abitbol-associes.com\/fr\/wp-json\/wp\/v2\/pages\/2705\/revisions\/2928"}],"wp:featuredmedia":[{"embeddable":true,"href":"https:\/\/www.abitbol-associes.com\/fr\/wp-json\/wp\/v2\/media\/2708"}],"wp:attachment":[{"href":"https:\/\/www.abitbol-associes.com\/fr\/wp-json\/wp\/v2\/media?parent=2705"}],"curies":[{"name":"wp","href":"https:\/\/api.w.org\/{rel}","templated":true}]}}