{"id":26,"date":"2012-11-12T19:30:43","date_gmt":"2012-11-12T19:30:43","guid":{"rendered":"http:\/\/abitbol-associes.com\/?page_id=26"},"modified":"2018-02-27T09:17:44","modified_gmt":"2018-02-27T09:17:44","slug":"nos-valeurs","status":"publish","type":"page","link":"https:\/\/www.abitbol-associes.com\/fr\/nos-valeurs\/","title":{"rendered":"Nos valeurs"},"content":{"rendered":"<p><\/p>\n<table width=\"100%\">\n<tbody>\n<tr>\n<td>\n\t\t\t<div class='et-tabs-container et_sliderfx_fade et_sliderauto_false et_sliderauto_speed_5000 et_slidertype_top_tabs'>\n\t\t\t\t<ul class='et-tabs-control'>\n\t\t\t<li><a href='#'>\n\t\t\tQualit\u00e9\n\t\t<\/a><\/li>\n\n\t\t<li><a href='#'>\n\t\t\tD\u00e9ontologie\n\t\t<\/a><\/li>\n\n\t\t<li><a href='#'>\n\t\t\tEsprit d&rsquo;\u00e9quipe\n\t\t<\/a><\/li>\n\n\t\t<li><a href='#'>\n\t\t\tHumanit\u00e9\n\t\t<\/a><\/li>\n\t\t<\/ul> <!-- .et-tabs-control -->\n\n\t\t<div class='et-tabs-content'>\n\t\t\t<div class='et-tabs-content-main-wrap'>\n\t\t\t\t<div class='et-tabs-content-wrapper'>\n\t\t\t\t\t<div class='et_slidecontent'>\n\t\t\t<h2>Une exigence de qualit\u00e9<\/h2>\n<p style=\"text-align: justify;\">Nous avons int\u00e9gr\u00e9 dans notre \u00e9quipe des avocats fran\u00e7ais et isra\u00e9liens afin de cr\u00e9er une synergie d&rsquo;expertises. Par ailleurs, nous adoptons des m\u00e9thodes de travail organis\u00e9es assurant une efficacit\u00e9 optimale dans le traitement de chaque dossier.\n\t\t<\/div>\n\n\t\t<div class='et_slidecontent'>\n\t\t\t<h2>Un strict respect des r\u00e8gles de d\u00e9ontologie<\/h2>\n<p style=\"text-align: justify;\">L&rsquo;aspect international des dossiers trait\u00e9s exige une confidentialit\u00e9 sans faille et un strict respect des r\u00e8gles de d\u00e9ontologie. Cette rigueur est la marque de notre engagement et de la confiance acquise aupr\u00e8s de nos clients.\u00a0\n\t\t<\/div>\n\n\t\t<div class='et_slidecontent'>\n\t\t\t<h2>Un esprit d&rsquo;\u00e9quipe<\/h2>\n<p style=\"text-align: justify;\">L&rsquo;esprit d&rsquo;\u00e9quipe \u00e9tant le fer de lance d&rsquo;un cabinet \u00e0 vis\u00e9e internationale, nos avocats travaillent, se consultent et s&rsquo;enrichissent ensemble de leur expertise respective.\n\t\t<\/div>\n\n\t\t<div class='et_slidecontent'>\n\t\t\t<h2>Une approche humaine<\/h2>\n<p style=\"text-align: justify;\">Nous avons pour philosophie de construire avec chacun de nos clients une relation \u00ab intuitu personae \u00bb et de travailler avec humanit\u00e9 en toutes circonstances. Les membres de notre cabinet convergent tous vers les valeurs essentielles de notre profession que sont notamment l&rsquo;honn\u00eatet\u00e9, le d\u00e9vouement, l&rsquo;int\u00e9grit\u00e9 et la probit\u00e9.\n\t\t<\/div>\n\t\t\t\t<\/div>\n\t\t\t<\/div>\n\t\t<\/div>\n\t\t\t<\/div> <!-- .et-tabs-container --><\/p>\n<\/td>\n<td><a href=\"https:\/\/abitbol-associes.com\/wp-content\/uploads\/2012\/11\/Picture-12.jpg\"><img decoding=\"async\" class=\"alignnone  wp-image-29\" title=\"Picture 12\" src=\"https:\/\/abitbol-associes.com\/wp-content\/uploads\/2012\/11\/Picture-12-300x191.jpg\" alt=\"\" width=\"350\" srcset=\"https:\/\/www.abitbol-associes.com\/wp-content\/uploads\/2012\/11\/Picture-12-300x191.jpg 300w, https:\/\/www.abitbol-associes.com\/wp-content\/uploads\/2012\/11\/Picture-12.jpg 1000w\" sizes=\"(max-width: 300px) 100vw, 300px\" \/><\/a><\/td>\n<\/tr>\n<\/tbody>\n<\/table>\n<p><\/p>","protected":false},"excerpt":{"rendered":"","protected":false},"author":6,"featured_media":0,"parent":0,"menu_order":0,"comment_status":"open","ping_status":"open","template":"page-full.php","meta":{"footnotes":""},"class_list":["post-26","page","type-page","status-publish","hentry"],"yoast_head":"<!-- This site is optimized with the Yoast SEO plugin v25.5 - https:\/\/yoast.com\/wordpress\/plugins\/seo\/ -->\n<title>Nos valeurs - Abitbol Associes<\/title>\n<meta name=\"robots\" content=\"index, follow, max-snippet:-1, max-image-preview:large, max-video-preview:-1\" \/>\n<link rel=\"canonical\" href=\"https:\/\/www.abitbol-associes.com\/fr\/nos-valeurs\/\" \/>\n<meta property=\"og:locale\" content=\"fr_FR\" \/>\n<meta property=\"og:type\" content=\"article\" \/>\n<meta property=\"og:title\" content=\"Nos valeurs - Abitbol Associes\" \/>\n<meta property=\"og:url\" content=\"https:\/\/www.abitbol-associes.com\/fr\/nos-valeurs\/\" \/>\n<meta property=\"og:site_name\" content=\"Abitbol Associes\" \/>\n<meta property=\"article:modified_time\" content=\"2018-02-27T09:17:44+00:00\" \/>\n<meta property=\"og:image\" content=\"https:\/\/abitbol-associes.com\/wp-content\/uploads\/2012\/11\/Picture-12-300x191.jpg\" \/>\n<meta name=\"twitter:card\" content=\"summary_large_image\" \/>\n<meta name=\"twitter:label1\" content=\"Dur\u00e9e de lecture estim\u00e9e\" \/>\n\t<meta name=\"twitter:data1\" content=\"2 minutes\" \/>\n<script type=\"application\/ld+json\" class=\"yoast-schema-graph\">{\"@context\":\"https:\/\/schema.org\",\"@graph\":[{\"@type\":\"WebPage\",\"@id\":\"https:\/\/www.abitbol-associes.com\/fr\/nos-valeurs\/\",\"url\":\"https:\/\/www.abitbol-associes.com\/fr\/nos-valeurs\/\",\"name\":\"Nos valeurs - Abitbol Associes\",\"isPartOf\":{\"@id\":\"https:\/\/www.abitbol-associes.com\/fr\/#website\"},\"primaryImageOfPage\":{\"@id\":\"https:\/\/www.abitbol-associes.com\/fr\/nos-valeurs\/#primaryimage\"},\"image\":{\"@id\":\"https:\/\/www.abitbol-associes.com\/fr\/nos-valeurs\/#primaryimage\"},\"thumbnailUrl\":\"https:\/\/abitbol-associes.com\/wp-content\/uploads\/2012\/11\/Picture-12-300x191.jpg\",\"datePublished\":\"2012-11-12T19:30:43+00:00\",\"dateModified\":\"2018-02-27T09:17:44+00:00\",\"breadcrumb\":{\"@id\":\"https:\/\/www.abitbol-associes.com\/fr\/nos-valeurs\/#breadcrumb\"},\"inLanguage\":\"fr-FR\",\"potentialAction\":[{\"@type\":\"ReadAction\",\"target\":[[\"https:\/\/www.abitbol-associes.com\/fr\/nos-valeurs\/\"]]}]},{\"@type\":\"ImageObject\",\"inLanguage\":\"fr-FR\",\"@id\":\"https:\/\/www.abitbol-associes.com\/fr\/nos-valeurs\/#primaryimage\",\"url\":\"https:\/\/abitbol-associes.com\/wp-content\/uploads\/2012\/11\/Picture-12-300x191.jpg\",\"contentUrl\":\"https:\/\/abitbol-associes.com\/wp-content\/uploads\/2012\/11\/Picture-12-300x191.jpg\"},{\"@type\":\"BreadcrumbList\",\"@id\":\"https:\/\/www.abitbol-associes.com\/fr\/nos-valeurs\/#breadcrumb\",\"itemListElement\":[{\"@type\":\"ListItem\",\"position\":1,\"name\":\"Home\",\"item\":\"https:\/\/www.abitbol-associes.com\/fr\/\"},{\"@type\":\"ListItem\",\"position\":2,\"name\":\"Nos valeurs\"}]},{\"@type\":\"WebSite\",\"@id\":\"https:\/\/www.abitbol-associes.com\/fr\/#website\",\"url\":\"https:\/\/www.abitbol-associes.com\/fr\/\",\"name\":\"Abitbol Associes\",\"description\":\"Parce que votre exigence est notre priorit\u00e9\",\"potentialAction\":[{\"@type\":\"SearchAction\",\"target\":{\"@type\":\"EntryPoint\",\"urlTemplate\":\"https:\/\/www.abitbol-associes.com\/fr\/?s={search_term_string}\"},\"query-input\":{\"@type\":\"PropertyValueSpecification\",\"valueRequired\":true,\"valueName\":\"search_term_string\"}}],\"inLanguage\":\"fr-FR\"}]}<\/script>\n<!-- \/ Yoast SEO plugin. -->","yoast_head_json":{"title":"Nos valeurs - Abitbol Associes","robots":{"index":"index","follow":"follow","max-snippet":"max-snippet:-1","max-image-preview":"max-image-preview:large","max-video-preview":"max-video-preview:-1"},"canonical":"https:\/\/www.abitbol-associes.com\/fr\/nos-valeurs\/","og_locale":"fr_FR","og_type":"article","og_title":"Nos valeurs - Abitbol Associes","og_url":"https:\/\/www.abitbol-associes.com\/fr\/nos-valeurs\/","og_site_name":"Abitbol Associes","article_modified_time":"2018-02-27T09:17:44+00:00","og_image":[{"url":"https:\/\/abitbol-associes.com\/wp-content\/uploads\/2012\/11\/Picture-12-300x191.jpg","type":"","width":"","height":""}],"twitter_card":"summary_large_image","twitter_misc":{"Dur\u00e9e de lecture estim\u00e9e":"2 minutes"},"schema":{"@context":"https:\/\/schema.org","@graph":[{"@type":"WebPage","@id":"https:\/\/www.abitbol-associes.com\/fr\/nos-valeurs\/","url":"https:\/\/www.abitbol-associes.com\/fr\/nos-valeurs\/","name":"Nos valeurs - Abitbol Associes","isPartOf":{"@id":"https:\/\/www.abitbol-associes.com\/fr\/#website"},"primaryImageOfPage":{"@id":"https:\/\/www.abitbol-associes.com\/fr\/nos-valeurs\/#primaryimage"},"image":{"@id":"https:\/\/www.abitbol-associes.com\/fr\/nos-valeurs\/#primaryimage"},"thumbnailUrl":"https:\/\/abitbol-associes.com\/wp-content\/uploads\/2012\/11\/Picture-12-300x191.jpg","datePublished":"2012-11-12T19:30:43+00:00","dateModified":"2018-02-27T09:17:44+00:00","breadcrumb":{"@id":"https:\/\/www.abitbol-associes.com\/fr\/nos-valeurs\/#breadcrumb"},"inLanguage":"fr-FR","potentialAction":[{"@type":"ReadAction","target":[["https:\/\/www.abitbol-associes.com\/fr\/nos-valeurs\/"]]}]},{"@type":"ImageObject","inLanguage":"fr-FR","@id":"https:\/\/www.abitbol-associes.com\/fr\/nos-valeurs\/#primaryimage","url":"https:\/\/abitbol-associes.com\/wp-content\/uploads\/2012\/11\/Picture-12-300x191.jpg","contentUrl":"https:\/\/abitbol-associes.com\/wp-content\/uploads\/2012\/11\/Picture-12-300x191.jpg"},{"@type":"BreadcrumbList","@id":"https:\/\/www.abitbol-associes.com\/fr\/nos-valeurs\/#breadcrumb","itemListElement":[{"@type":"ListItem","position":1,"name":"Home","item":"https:\/\/www.abitbol-associes.com\/fr\/"},{"@type":"ListItem","position":2,"name":"Nos valeurs"}]},{"@type":"WebSite","@id":"https:\/\/www.abitbol-associes.com\/fr\/#website","url":"https:\/\/www.abitbol-associes.com\/fr\/","name":"Abitbol Associes","description":"Parce que votre exigence est notre priorit\u00e9","potentialAction":[{"@type":"SearchAction","target":{"@type":"EntryPoint","urlTemplate":"https:\/\/www.abitbol-associes.com\/fr\/?s={search_term_string}"},"query-input":{"@type":"PropertyValueSpecification","valueRequired":true,"valueName":"search_term_string"}}],"inLanguage":"fr-FR"}]}},"_links":{"self":[{"href":"https:\/\/www.abitbol-associes.com\/fr\/wp-json\/wp\/v2\/pages\/26","targetHints":{"allow":["GET"]}}],"collection":[{"href":"https:\/\/www.abitbol-associes.com\/fr\/wp-json\/wp\/v2\/pages"}],"about":[{"href":"https:\/\/www.abitbol-associes.com\/fr\/wp-json\/wp\/v2\/types\/page"}],"author":[{"embeddable":true,"href":"https:\/\/www.abitbol-associes.com\/fr\/wp-json\/wp\/v2\/users\/6"}],"replies":[{"embeddable":true,"href":"https:\/\/www.abitbol-associes.com\/fr\/wp-json\/wp\/v2\/comments?post=26"}],"version-history":[{"count":35,"href":"https:\/\/www.abitbol-associes.com\/fr\/wp-json\/wp\/v2\/pages\/26\/revisions"}],"predecessor-version":[{"id":2532,"href":"https:\/\/www.abitbol-associes.com\/fr\/wp-json\/wp\/v2\/pages\/26\/revisions\/2532"}],"wp:attachment":[{"href":"https:\/\/www.abitbol-associes.com\/fr\/wp-json\/wp\/v2\/media?parent=26"}],"curies":[{"name":"wp","href":"https:\/\/api.w.org\/{rel}","templated":true}]}}