{"id":2325,"date":"2017-01-11T09:15:38","date_gmt":"2017-01-11T09:15:38","guid":{"rendered":"http:\/\/www.abitbol-associes.com\/fr\/?page_id=2325"},"modified":"2019-09-04T11:07:25","modified_gmt":"2019-09-04T11:07:25","slug":"traduction-juridique-hebreu-francais-et-francais-hebreu","status":"publish","type":"page","link":"https:\/\/www.abitbol-associes.com\/fr\/traduction-juridique-hebreu-francais-et-francais-hebreu\/","title":{"rendered":"Traduction juridique h\u00e9breu-fran\u00e7ais et fran\u00e7ais-h\u00e9breu"},"content":{"rendered":"<p><img loading=\"lazy\" decoding=\"async\" class=\"size-full wp-image-2327 alignright\" src=\"https:\/\/abitbol-associes.com\/wp-content\/uploads\/2017\/01\/Photo-traduction-juridique-h\u00e9breu-francais_francais-h\u00e9breu.jpg\" alt=\"photo-traduction-juridique-hebreu-francais_francais-hebreu\" width=\"318\" height=\"159\" srcset=\"https:\/\/www.abitbol-associes.com\/wp-content\/uploads\/2017\/01\/Photo-traduction-juridique-h\u00e9breu-francais_francais-h\u00e9breu.jpg 318w, https:\/\/www.abitbol-associes.com\/wp-content\/uploads\/2017\/01\/Photo-traduction-juridique-h\u00e9breu-francais_francais-h\u00e9breu-300x150.jpg 300w, https:\/\/www.abitbol-associes.com\/wp-content\/uploads\/2017\/01\/Photo-traduction-juridique-h\u00e9breu-francais_francais-h\u00e9breu-232x117.jpg 232w, https:\/\/www.abitbol-associes.com\/wp-content\/uploads\/2017\/01\/Photo-traduction-juridique-h\u00e9breu-francais_francais-h\u00e9breu-150x75.jpg 150w\" sizes=\"auto, (max-width: 318px) 100vw, 318px\" \/><\/p>\n<p>V\u00e9ritable domaine d&rsquo;expertise, la traduction juridique requiert une connaissance approfondie du Droit et un style r\u00e9dactionnel rigoureux.<\/p>\n<p>Fort de l\u2019exp\u00e9rience acquise dans le cadre des nombreuses traductions, asserment\u00e9es et non-asserment\u00e9es, effectu\u00e9es pour le compte de nos clients professionnels et particuliers situ\u00e9s en France ou en Isra\u00ebl, notre Cabinet a construit une r\u00e9putation d\u2019excellence fond\u00e9e sur la recherche permanente d\u2019efficacit\u00e9 dans le plus strict respect des valeurs d\u00e9ontologiques.<\/p>\n<p>Aussi, \u00e0 l&rsquo;aide de nos \u00e9quipes de\u00a0linguistes professionnels, nous accompagnons aujourd&rsquo;hui nos clients dans tous leurs besoins de traductions juridiques.<\/p>\n<p><strong>Parmi nos r\u00e9cents projets de traduction:<\/strong><\/p>\n<p><em>Pour les professionnels\u00a0<\/em>:<br \/>\nPactes d\u2019actionnaires, contrats de vente, accords de licence, contrats de fusion\/acquisition, contrats de travail, contrats de distribution, appels d&rsquo;offres, proc\u00e8s-verbaux, jugements, procurations, certificats d&rsquo;enregistrement au registre du Commerce et des Soci\u00e9t\u00e9s, statuts de soci\u00e9t\u00e9s, bilans, rapports annuels, brevets, etc.<\/p>\n<p><em>Pour les particuliers<\/em>\u00a0:<br \/>\nActes d\u2019\u00e9tat civil, documents asserment\u00e9s, m\u00e9moires, dipl\u00f4mes universitaires, etc.<\/p>\n<p>&nbsp;<\/p>\n<h3><img loading=\"lazy\" decoding=\"async\" class=\"aligncenter wp-image-2449\" src=\"https:\/\/abitbol-associes.com\/wp-content\/uploads\/2018\/01\/AA_Logo_Final-300x159.gif\" alt=\"\" width=\"133\" height=\"70\" srcset=\"https:\/\/www.abitbol-associes.com\/wp-content\/uploads\/2018\/01\/AA_Logo_Final-300x159.gif 300w, https:\/\/www.abitbol-associes.com\/wp-content\/uploads\/2018\/01\/AA_Logo_Final-150x80.gif 150w\" sizes=\"auto, (max-width: 133px) 100vw, 133px\" \/><\/h3>\n<p style=\"text-align: center;\">66 Av Victor Hugo &#8211; Immeuble LEONARD DE VINCI Paris 16\u1d49<br \/>\nTel: + 33 (0)1 78 90 03 73<br \/>\nFax: + 33 (0)1 77 74 63 99<\/p>\n<p style=\"text-align: center;\">13 rue Shimon ben Shetah, 9414713, J\u00e9rusalem<br \/>\nTel: + 972 (0)2 595 63 45<br \/>\nFax: + 972 (0)2 591 63 26<\/p>\n<p style=\"text-align: center;\"><a href=\"mailto:contact@abitbol-associes.com\">contact@abitbol-associes.com<\/a><\/p>\n<p>&nbsp;<\/p>\n<h3>\n\t\t<div class='et_quote quote-center'>\n\t\t\t<div class='et_right_quote'>\n\t\t\t\tContactez-nous\n\t\t\t\t<span class='et_quote_additional_sign'><\/span>\n\t\t\t<\/div>\n\t\t\t<span class='et_quote_sign'><\/span>\n\t\t<\/div>\n\t<\/h3>\n<h3 style=\"text-align: left;\">Pour toute demande, merci de nous laisser un message:\n<div class=\"wpcf7 no-js\" id=\"wpcf7-f1230-o1\" lang=\"en-US\" dir=\"ltr\" data-wpcf7-id=\"1230\">\n<div class=\"screen-reader-response\"><p role=\"status\" aria-live=\"polite\" aria-atomic=\"true\"><\/p> <ul><\/ul><\/div>\n<form action=\"\/fr\/wp-json\/wp\/v2\/pages\/2325#wpcf7-f1230-o1\" method=\"post\" class=\"wpcf7-form init\" aria-label=\"Contact form\" novalidate=\"novalidate\" data-status=\"init\">\n<fieldset class=\"hidden-fields-container\"><input type=\"hidden\" name=\"_wpcf7\" value=\"1230\" \/><input type=\"hidden\" name=\"_wpcf7_version\" value=\"6.1\" \/><input type=\"hidden\" name=\"_wpcf7_locale\" value=\"en_US\" \/><input type=\"hidden\" name=\"_wpcf7_unit_tag\" value=\"wpcf7-f1230-o1\" \/><input type=\"hidden\" name=\"_wpcf7_container_post\" value=\"0\" \/><input type=\"hidden\" name=\"_wpcf7_posted_data_hash\" value=\"\" \/><input type=\"hidden\" name=\"_wpcf7_recaptcha_response\" value=\"\" \/>\n<\/fieldset>\n<p>Votre nom (obligatoire)\n<\/p>\n<p><span class=\"wpcf7-form-control-wrap\" data-name=\"your-name\"><input size=\"40\" maxlength=\"400\" class=\"wpcf7-form-control wpcf7-text wpcf7-validates-as-required\" aria-required=\"true\" aria-invalid=\"false\" value=\"\" type=\"text\" name=\"your-name\" \/><\/span>\n<\/p>\n<p>Votre email (obligatoire)\n<\/p>\n<p><span class=\"wpcf7-form-control-wrap\" data-name=\"your-email\"><input size=\"40\" maxlength=\"400\" class=\"wpcf7-form-control wpcf7-email wpcf7-validates-as-required wpcf7-text wpcf7-validates-as-email\" aria-required=\"true\" aria-invalid=\"false\" value=\"\" type=\"email\" name=\"your-email\" \/><\/span>\n<\/p>\n<p>Votre num\u00e9ro de t\u00e9l\u00e9phone (obligatoire)\n<\/p>\n<p><span class=\"wpcf7-form-control-wrap\" data-name=\"your-tel\"><input size=\"40\" maxlength=\"400\" class=\"wpcf7-form-control wpcf7-tel wpcf7-validates-as-required wpcf7-text wpcf7-validates-as-tel\" aria-required=\"true\" aria-invalid=\"false\" value=\"\" type=\"tel\" name=\"your-tel\" \/><\/span>\n<\/p>\n<p>Sujet\n<\/p>\n<p><span class=\"wpcf7-form-control-wrap\" data-name=\"your-subject\"><input size=\"40\" maxlength=\"400\" class=\"wpcf7-form-control wpcf7-text\" aria-invalid=\"false\" value=\"\" type=\"text\" name=\"your-subject\" \/><\/span>\n<\/p>\n<p>Votre message\n<\/p>\n<p><span class=\"wpcf7-form-control-wrap\" data-name=\"your-message\"><textarea cols=\"40\" rows=\"10\" maxlength=\"2000\" class=\"wpcf7-form-control wpcf7-textarea\" aria-invalid=\"false\" name=\"your-message\"><\/textarea><\/span>\n<\/p>\n\n<p><input class=\"wpcf7-form-control wpcf7-submit has-spinner\" type=\"submit\" value=\"Envoyer\" \/>\n<\/p><div class=\"wpcf7-response-output\" aria-hidden=\"true\"><\/div>\n<\/form>\n<\/div>\n<\/h3>\n<p><\/p>","protected":false},"excerpt":{"rendered":"<p>V\u00e9ritable domaine d&rsquo;expertise, la traduction juridique requiert une connaissance approfondie du Droit et un style r\u00e9dactionnel rigoureux. Fort de l\u2019exp\u00e9rience acquise dans le cadre des nombreuses traductions, asserment\u00e9es et non-asserment\u00e9es, effectu\u00e9es pour le compte de nos clients professionnels et particuliers situ\u00e9s en France ou en Isra\u00ebl, notre Cabinet a construit une r\u00e9putation d\u2019excellence fond\u00e9e sur [&hellip;]<\/p>\n","protected":false},"author":2,"featured_media":0,"parent":0,"menu_order":0,"comment_status":"open","ping_status":"open","template":"page-full.php","meta":{"footnotes":""},"class_list":["post-2325","page","type-page","status-publish","hentry"],"yoast_head":"<!-- This site is optimized with the Yoast SEO plugin v25.5 - https:\/\/yoast.com\/wordpress\/plugins\/seo\/ -->\n<title>Traduction juridique h\u00e9breu-fran\u00e7ais et fran\u00e7ais-h\u00e9breu - Abitbol Associes<\/title>\n<meta name=\"robots\" content=\"index, follow, max-snippet:-1, max-image-preview:large, max-video-preview:-1\" \/>\n<link rel=\"canonical\" href=\"https:\/\/www.abitbol-associes.com\/fr\/traduction-juridique-hebreu-francais-et-francais-hebreu\/\" \/>\n<meta property=\"og:locale\" content=\"fr_FR\" \/>\n<meta property=\"og:type\" content=\"article\" \/>\n<meta property=\"og:title\" content=\"Traduction juridique h\u00e9breu-fran\u00e7ais et fran\u00e7ais-h\u00e9breu - Abitbol Associes\" \/>\n<meta property=\"og:description\" content=\"V\u00e9ritable domaine d&rsquo;expertise, la traduction juridique requiert une connaissance approfondie du Droit et un style r\u00e9dactionnel rigoureux. Fort de l\u2019exp\u00e9rience acquise dans le cadre des nombreuses traductions, asserment\u00e9es et non-asserment\u00e9es, effectu\u00e9es pour le compte de nos clients professionnels et particuliers situ\u00e9s en France ou en Isra\u00ebl, notre Cabinet a construit une r\u00e9putation d\u2019excellence fond\u00e9e sur [&hellip;]\" \/>\n<meta property=\"og:url\" content=\"https:\/\/www.abitbol-associes.com\/fr\/traduction-juridique-hebreu-francais-et-francais-hebreu\/\" \/>\n<meta property=\"og:site_name\" content=\"Abitbol Associes\" \/>\n<meta property=\"article:modified_time\" content=\"2019-09-04T11:07:25+00:00\" \/>\n<meta property=\"og:image\" content=\"https:\/\/abitbol-associes.com\/wp-content\/uploads\/2018\/01\/AA_Logo_Final-300x159.gif\" \/>\n<meta name=\"twitter:card\" content=\"summary_large_image\" \/>\n<meta name=\"twitter:label1\" content=\"Dur\u00e9e de lecture estim\u00e9e\" \/>\n\t<meta name=\"twitter:data1\" content=\"2 minutes\" \/>\n<script type=\"application\/ld+json\" class=\"yoast-schema-graph\">{\"@context\":\"https:\/\/schema.org\",\"@graph\":[{\"@type\":\"WebPage\",\"@id\":\"https:\/\/www.abitbol-associes.com\/fr\/traduction-juridique-hebreu-francais-et-francais-hebreu\/\",\"url\":\"https:\/\/www.abitbol-associes.com\/fr\/traduction-juridique-hebreu-francais-et-francais-hebreu\/\",\"name\":\"Traduction juridique h\u00e9breu-fran\u00e7ais et fran\u00e7ais-h\u00e9breu - Abitbol Associes\",\"isPartOf\":{\"@id\":\"https:\/\/www.abitbol-associes.com\/fr\/#website\"},\"primaryImageOfPage\":{\"@id\":\"https:\/\/www.abitbol-associes.com\/fr\/traduction-juridique-hebreu-francais-et-francais-hebreu\/#primaryimage\"},\"image\":{\"@id\":\"https:\/\/www.abitbol-associes.com\/fr\/traduction-juridique-hebreu-francais-et-francais-hebreu\/#primaryimage\"},\"thumbnailUrl\":\"https:\/\/abitbol-associes.com\/wp-content\/uploads\/2018\/01\/AA_Logo_Final-300x159.gif\",\"datePublished\":\"2017-01-11T09:15:38+00:00\",\"dateModified\":\"2019-09-04T11:07:25+00:00\",\"breadcrumb\":{\"@id\":\"https:\/\/www.abitbol-associes.com\/fr\/traduction-juridique-hebreu-francais-et-francais-hebreu\/#breadcrumb\"},\"inLanguage\":\"fr-FR\",\"potentialAction\":[{\"@type\":\"ReadAction\",\"target\":[[\"https:\/\/www.abitbol-associes.com\/fr\/traduction-juridique-hebreu-francais-et-francais-hebreu\/\"]]}]},{\"@type\":\"ImageObject\",\"inLanguage\":\"fr-FR\",\"@id\":\"https:\/\/www.abitbol-associes.com\/fr\/traduction-juridique-hebreu-francais-et-francais-hebreu\/#primaryimage\",\"url\":\"https:\/\/abitbol-associes.com\/wp-content\/uploads\/2018\/01\/AA_Logo_Final-300x159.gif\",\"contentUrl\":\"https:\/\/abitbol-associes.com\/wp-content\/uploads\/2018\/01\/AA_Logo_Final-300x159.gif\"},{\"@type\":\"BreadcrumbList\",\"@id\":\"https:\/\/www.abitbol-associes.com\/fr\/traduction-juridique-hebreu-francais-et-francais-hebreu\/#breadcrumb\",\"itemListElement\":[{\"@type\":\"ListItem\",\"position\":1,\"name\":\"Home\",\"item\":\"https:\/\/www.abitbol-associes.com\/fr\/\"},{\"@type\":\"ListItem\",\"position\":2,\"name\":\"Traduction juridique h\u00e9breu-fran\u00e7ais et fran\u00e7ais-h\u00e9breu\"}]},{\"@type\":\"WebSite\",\"@id\":\"https:\/\/www.abitbol-associes.com\/fr\/#website\",\"url\":\"https:\/\/www.abitbol-associes.com\/fr\/\",\"name\":\"Abitbol Associes\",\"description\":\"Parce que votre exigence est notre priorit\u00e9\",\"potentialAction\":[{\"@type\":\"SearchAction\",\"target\":{\"@type\":\"EntryPoint\",\"urlTemplate\":\"https:\/\/www.abitbol-associes.com\/fr\/?s={search_term_string}\"},\"query-input\":{\"@type\":\"PropertyValueSpecification\",\"valueRequired\":true,\"valueName\":\"search_term_string\"}}],\"inLanguage\":\"fr-FR\"}]}<\/script>\n<!-- \/ Yoast SEO plugin. -->","yoast_head_json":{"title":"Traduction juridique h\u00e9breu-fran\u00e7ais et fran\u00e7ais-h\u00e9breu - Abitbol Associes","robots":{"index":"index","follow":"follow","max-snippet":"max-snippet:-1","max-image-preview":"max-image-preview:large","max-video-preview":"max-video-preview:-1"},"canonical":"https:\/\/www.abitbol-associes.com\/fr\/traduction-juridique-hebreu-francais-et-francais-hebreu\/","og_locale":"fr_FR","og_type":"article","og_title":"Traduction juridique h\u00e9breu-fran\u00e7ais et fran\u00e7ais-h\u00e9breu - Abitbol Associes","og_description":"V\u00e9ritable domaine d&rsquo;expertise, la traduction juridique requiert une connaissance approfondie du Droit et un style r\u00e9dactionnel rigoureux. Fort de l\u2019exp\u00e9rience acquise dans le cadre des nombreuses traductions, asserment\u00e9es et non-asserment\u00e9es, effectu\u00e9es pour le compte de nos clients professionnels et particuliers situ\u00e9s en France ou en Isra\u00ebl, notre Cabinet a construit une r\u00e9putation d\u2019excellence fond\u00e9e sur [&hellip;]","og_url":"https:\/\/www.abitbol-associes.com\/fr\/traduction-juridique-hebreu-francais-et-francais-hebreu\/","og_site_name":"Abitbol Associes","article_modified_time":"2019-09-04T11:07:25+00:00","og_image":[{"url":"https:\/\/abitbol-associes.com\/wp-content\/uploads\/2018\/01\/AA_Logo_Final-300x159.gif","type":"","width":"","height":""}],"twitter_card":"summary_large_image","twitter_misc":{"Dur\u00e9e de lecture estim\u00e9e":"2 minutes"},"schema":{"@context":"https:\/\/schema.org","@graph":[{"@type":"WebPage","@id":"https:\/\/www.abitbol-associes.com\/fr\/traduction-juridique-hebreu-francais-et-francais-hebreu\/","url":"https:\/\/www.abitbol-associes.com\/fr\/traduction-juridique-hebreu-francais-et-francais-hebreu\/","name":"Traduction juridique h\u00e9breu-fran\u00e7ais et fran\u00e7ais-h\u00e9breu - Abitbol Associes","isPartOf":{"@id":"https:\/\/www.abitbol-associes.com\/fr\/#website"},"primaryImageOfPage":{"@id":"https:\/\/www.abitbol-associes.com\/fr\/traduction-juridique-hebreu-francais-et-francais-hebreu\/#primaryimage"},"image":{"@id":"https:\/\/www.abitbol-associes.com\/fr\/traduction-juridique-hebreu-francais-et-francais-hebreu\/#primaryimage"},"thumbnailUrl":"https:\/\/abitbol-associes.com\/wp-content\/uploads\/2018\/01\/AA_Logo_Final-300x159.gif","datePublished":"2017-01-11T09:15:38+00:00","dateModified":"2019-09-04T11:07:25+00:00","breadcrumb":{"@id":"https:\/\/www.abitbol-associes.com\/fr\/traduction-juridique-hebreu-francais-et-francais-hebreu\/#breadcrumb"},"inLanguage":"fr-FR","potentialAction":[{"@type":"ReadAction","target":[["https:\/\/www.abitbol-associes.com\/fr\/traduction-juridique-hebreu-francais-et-francais-hebreu\/"]]}]},{"@type":"ImageObject","inLanguage":"fr-FR","@id":"https:\/\/www.abitbol-associes.com\/fr\/traduction-juridique-hebreu-francais-et-francais-hebreu\/#primaryimage","url":"https:\/\/abitbol-associes.com\/wp-content\/uploads\/2018\/01\/AA_Logo_Final-300x159.gif","contentUrl":"https:\/\/abitbol-associes.com\/wp-content\/uploads\/2018\/01\/AA_Logo_Final-300x159.gif"},{"@type":"BreadcrumbList","@id":"https:\/\/www.abitbol-associes.com\/fr\/traduction-juridique-hebreu-francais-et-francais-hebreu\/#breadcrumb","itemListElement":[{"@type":"ListItem","position":1,"name":"Home","item":"https:\/\/www.abitbol-associes.com\/fr\/"},{"@type":"ListItem","position":2,"name":"Traduction juridique h\u00e9breu-fran\u00e7ais et fran\u00e7ais-h\u00e9breu"}]},{"@type":"WebSite","@id":"https:\/\/www.abitbol-associes.com\/fr\/#website","url":"https:\/\/www.abitbol-associes.com\/fr\/","name":"Abitbol Associes","description":"Parce que votre exigence est notre priorit\u00e9","potentialAction":[{"@type":"SearchAction","target":{"@type":"EntryPoint","urlTemplate":"https:\/\/www.abitbol-associes.com\/fr\/?s={search_term_string}"},"query-input":{"@type":"PropertyValueSpecification","valueRequired":true,"valueName":"search_term_string"}}],"inLanguage":"fr-FR"}]}},"_links":{"self":[{"href":"https:\/\/www.abitbol-associes.com\/fr\/wp-json\/wp\/v2\/pages\/2325","targetHints":{"allow":["GET"]}}],"collection":[{"href":"https:\/\/www.abitbol-associes.com\/fr\/wp-json\/wp\/v2\/pages"}],"about":[{"href":"https:\/\/www.abitbol-associes.com\/fr\/wp-json\/wp\/v2\/types\/page"}],"author":[{"embeddable":true,"href":"https:\/\/www.abitbol-associes.com\/fr\/wp-json\/wp\/v2\/users\/2"}],"replies":[{"embeddable":true,"href":"https:\/\/www.abitbol-associes.com\/fr\/wp-json\/wp\/v2\/comments?post=2325"}],"version-history":[{"count":7,"href":"https:\/\/www.abitbol-associes.com\/fr\/wp-json\/wp\/v2\/pages\/2325\/revisions"}],"predecessor-version":[{"id":2919,"href":"https:\/\/www.abitbol-associes.com\/fr\/wp-json\/wp\/v2\/pages\/2325\/revisions\/2919"}],"wp:attachment":[{"href":"https:\/\/www.abitbol-associes.com\/fr\/wp-json\/wp\/v2\/media?parent=2325"}],"curies":[{"name":"wp","href":"https:\/\/api.w.org\/{rel}","templated":true}]}}