{"id":2163,"date":"2015-10-29T12:03:42","date_gmt":"2015-10-29T12:03:42","guid":{"rendered":"http:\/\/www.abitbol-associes.com\/fr\/?page_id=2163"},"modified":"2018-06-05T10:40:43","modified_gmt":"2018-06-05T10:40:43","slug":"obtention-de-la-nationalite-espagnole","status":"publish","type":"page","link":"https:\/\/www.abitbol-associes.com\/fr\/obtention-de-la-nationalite-espagnole\/","title":{"rendered":"Obtention de la nationalit\u00e9 espagnole"},"content":{"rendered":"<p><strong><img loading=\"lazy\" decoding=\"async\" class=\"alignright size-full wp-image-2158\" src=\"https:\/\/abitbol-associes.com\/wp-content\/uploads\/2015\/10\/\u05d3\u05e8\u05db\u05d5\u05df-\u05e1\u05e4\u05e8\u05d3\u05d9.jpg\" alt=\"Obtenir la nationalit\u00e9 espagnole\" width=\"290\" height=\"174\" srcset=\"https:\/\/www.abitbol-associes.com\/wp-content\/uploads\/2015\/10\/\u05d3\u05e8\u05db\u05d5\u05df-\u05e1\u05e4\u05e8\u05d3\u05d9.jpg 290w, https:\/\/www.abitbol-associes.com\/wp-content\/uploads\/2015\/10\/\u05d3\u05e8\u05db\u05d5\u05df-\u05e1\u05e4\u05e8\u05d3\u05d9-150x90.jpg 150w\" sizes=\"auto, (max-width: 290px) 100vw, 290px\" \/>L\u2019ann\u00e9e 1492 a \u00e9t\u00e9 marqu\u00e9e en Espagne par une fuite massive des membres de la communaut\u00e9 juive, contraints par la Royaut\u00e9 de choisir entre exode ou conversion catholique.<\/strong><br \/>\n<strong>Plus de cinq si\u00e8cles apr\u00e8s le d\u00e9cret d\u2019expulsion, le Ministre Espagnol de la Justice, Alberto Ruiz-Gallardon, estimant devoir r\u00e9gler \u00ab la dette \u00bb de l\u2019Etat Espagnol envers les juifs s\u00e9pharades, a impuls\u00e9 le projet de naturalisation des s\u00e9pharades \u00e9trangers.<\/strong><\/p>\n<p>C\u2019est ainsi que la loi relative \u00e0 l\u2019octroi de la nationalit\u00e9 espagnole pour les juifs s\u00e9pharades a \u00e9t\u00e9 \u00e9labor\u00e9e et adopt\u00e9e le 10 juin 2015, offrant ainsi la possibilit\u00e9 d\u2019acqu\u00e9rir la nationalit\u00e9 espagnole \u00e0 toute personne susceptible de prouver son appartenance \u00e0 la communaut\u00e9 s\u00e9pharade.<br \/>\nL\u2019avantage est alors r\u00e9el, puisqu\u2019il pr\u00e9sente la particularit\u00e9 de pouvoir b\u00e9n\u00e9ficier d\u2019une bi-nationalit\u00e9 tr\u00e8s rare en Espagne. L\u2019acceptation de la nationalit\u00e9 espagnole suppose en effet en pr\u00e9alable une renonciation parall\u00e8le par le demandeur \u00e0 sa nationalit\u00e9 d\u2019origine, hormis certains cas sp\u00e9cifiques r\u00e9serv\u00e9s aux ressortissants d\u2019anciennes colonies espagnoles. Toutefois, les origines s\u00e9pharades sont d\u00e9sormais consid\u00e9r\u00e9es comme des \u00ab circonstances exceptionnelles en lien avec l\u2019Espagne \u00bb susceptibles de justifier l\u2019octroi d\u2019un tel privil\u00e8ge et souvent jug\u00e9es discriminatoires par les opposants \u00e0 ce projet.<\/p>\n<p>Depuis d\u00e9but octobre 2015, il est \u00e0 noter que la mise en place de la proc\u00e9dure requiert de fournir un certain nombre de documents qui devront alors \u00eatre joints \u00e0 la demande en vue d\u2019apporter la preuve de l\u2019appartenance \u00e0 la communaut\u00e9 s\u00e9pharade, notamment un certificat prodigu\u00e9 par un rabbin ou par le repr\u00e9sentant d\u2019une communaut\u00e9 juive. A celui-ci devront \u00eatre joints un acte de naissance, un extrait de casier judiciaire et une photocopie du passeport du demandeur, toutes ces pi\u00e8ces devant \u00eatre traduites en espagnol et apostill\u00e9es.<br \/>\nCes documents devront par la suite \u00eatre soumis \u00e0 la F\u00e9d\u00e9ration Juive d\u2019Espagne en vue d\u2019obtenir le certificat d\u2019origine s\u00e9pharade, n\u00e9cessaire, contre paiement d\u2019une taxe d\u2019environ 50 euros. Ils devront ensuite \u00eatre d\u00e9pos\u00e9s sur une plateforme en ligne pr\u00e9vue par le Gouvernement espagnol, moyennant le paiement d\u2019une taxe de 100 euros pour ouverture du dossier. Dans certains cas, il se peut \u00e9galement qu\u2019un entretien sur le territoire espagnol avec un notaire local soit impos\u00e9 au demandeur.<\/p>\n<p>Les formalit\u00e9s administratives ne sont pas les seules conditions requises pour pouvoir b\u00e9n\u00e9ficier de la nationalit\u00e9 espagnole dans le cas sp\u00e9cifique des communaut\u00e9s juives s\u00e9pharades. En effet, un lien suffisant avec la communaut\u00e9 espagnole doit \u00eatre \u00e9tabli, et des examens de langue et de culture hispaniques devront ainsi \u00eatre pass\u00e9s avec succ\u00e8s. La loi exige en effet la preuve d\u2019attaches suffisantes avec la soci\u00e9t\u00e9 espagnole pour pouvoir pr\u00e9tendre \u00e0 la naturalisation. Les modalit\u00e9s de ces examens n\u2019ont pas encore fait l\u2019objet d\u2019une description pr\u00e9cise de la part du Gouvernement espagnol, mais il semble ressortir, notamment des centres d\u2019examen tels que l\u2019Institut Cervant\u00e8s, que le niveau d\u2019exigence ne sera pas difficile \u00e0 satisfaire.<br \/>\nEn cas de succ\u00e8s, il ne restera plus au demandeur qu\u2019\u00e0 pr\u00eater serment, en Espagne ou devant le Consulat ou l\u2019Ambassade de son Etat d\u2019origine.<\/p>\n<p>Les efforts du Gouvernement espagnol sont donc nombreux pour r\u00e9parer les erreurs de l\u2019Histoire, et offrent ainsi aux natifs s\u00e9pharades, et notamment isra\u00e9liens, des opportunit\u00e9s \u00e9conomiques non n\u00e9gligeables.<\/p>\n<p><strong>C\u2019est dans ce contexte que le cabinet se propose d\u2019accompagner les demandeurs \u00e0 la nationalit\u00e9 espagnole r\u00e9sidant en France ou en Isra\u00ebl afin de pr\u00e9parer et d\u00e9poser l\u2019ensemble des documents requis. Notre relais en Espagne aupr\u00e8s d\u2019un cabinet d\u2019avocats expert en ce domaine ainsi qu\u2019une \u00e9tude de Notaire nous permet un suivi constant du dossier jusqu\u2019\u00e0 l\u2019obtention de la nationalit\u00e9.<\/strong><br \/>\n<strong>Le cabinet compte \u00e9galement \u00e0 cet effet dans son \u00e9quipe un avocat of Council espagnol afin de r\u00e9pondre \u00e0 toutes les exigences proc\u00e9durales fix\u00e9es par les articles 21 et 23 du code civil espagnol.<\/strong><br \/>\n<!--Start of Tawk.to Script--><br \/>\n<script type=\"text\/javascript\">\nvar Tawk_API=Tawk_API||{}, Tawk_LoadStart=new Date();\n(function(){\nvar s1=document.createElement(\"script\"),s0=document.getElementsByTagName(\"script\")[0];\ns1.async=true;\ns1.src='https:\/\/embed.tawk.to\/5b1128f210b99c7b36d48a26\/default';\ns1.charset='UTF-8';\ns1.setAttribute('crossorigin','*');\ns0.parentNode.insertBefore(s1,s0);\n})();\n<\/script><br \/>\n<!--End of Tawk.to Script--><\/p>","protected":false},"excerpt":{"rendered":"<p>L\u2019ann\u00e9e 1492 a \u00e9t\u00e9 marqu\u00e9e en Espagne par une fuite massive des membres de la communaut\u00e9 juive, contraints par la Royaut\u00e9 de choisir entre exode ou conversion catholique. Plus de cinq si\u00e8cles apr\u00e8s le d\u00e9cret d\u2019expulsion, le Ministre Espagnol de la Justice, Alberto Ruiz-Gallardon, estimant devoir r\u00e9gler \u00ab la dette \u00bb de l\u2019Etat Espagnol envers [&hellip;]<\/p>\n","protected":false},"author":2,"featured_media":0,"parent":0,"menu_order":0,"comment_status":"closed","ping_status":"closed","template":"page-full.php","meta":{"footnotes":""},"class_list":["post-2163","page","type-page","status-publish","hentry"],"yoast_head":"<!-- This site is optimized with the Yoast SEO plugin v25.5 - https:\/\/yoast.com\/wordpress\/plugins\/seo\/ -->\n<title>Obtention de la nationalit\u00e9 espagnole - Abitbol Associes<\/title>\n<meta name=\"robots\" content=\"index, follow, max-snippet:-1, max-image-preview:large, max-video-preview:-1\" \/>\n<link rel=\"canonical\" href=\"https:\/\/www.abitbol-associes.com\/fr\/obtention-de-la-nationalite-espagnole\/\" \/>\n<meta property=\"og:locale\" content=\"fr_FR\" \/>\n<meta property=\"og:type\" content=\"article\" \/>\n<meta property=\"og:title\" content=\"Obtention de la nationalit\u00e9 espagnole - Abitbol Associes\" \/>\n<meta property=\"og:description\" content=\"L\u2019ann\u00e9e 1492 a \u00e9t\u00e9 marqu\u00e9e en Espagne par une fuite massive des membres de la communaut\u00e9 juive, contraints par la Royaut\u00e9 de choisir entre exode ou conversion catholique. Plus de cinq si\u00e8cles apr\u00e8s le d\u00e9cret d\u2019expulsion, le Ministre Espagnol de la Justice, Alberto Ruiz-Gallardon, estimant devoir r\u00e9gler \u00ab la dette \u00bb de l\u2019Etat Espagnol envers [&hellip;]\" \/>\n<meta property=\"og:url\" content=\"https:\/\/www.abitbol-associes.com\/fr\/obtention-de-la-nationalite-espagnole\/\" \/>\n<meta property=\"og:site_name\" content=\"Abitbol Associes\" \/>\n<meta property=\"article:modified_time\" content=\"2018-06-05T10:40:43+00:00\" \/>\n<meta name=\"twitter:card\" content=\"summary_large_image\" \/>\n<meta name=\"twitter:label1\" content=\"Dur\u00e9e de lecture estim\u00e9e\" \/>\n\t<meta name=\"twitter:data1\" content=\"7 minutes\" \/>\n<script type=\"application\/ld+json\" class=\"yoast-schema-graph\">{\"@context\":\"https:\/\/schema.org\",\"@graph\":[{\"@type\":\"WebPage\",\"@id\":\"https:\/\/www.abitbol-associes.com\/fr\/obtention-de-la-nationalite-espagnole\/\",\"url\":\"https:\/\/www.abitbol-associes.com\/fr\/obtention-de-la-nationalite-espagnole\/\",\"name\":\"Obtention de la nationalit\u00e9 espagnole - Abitbol Associes\",\"isPartOf\":{\"@id\":\"https:\/\/www.abitbol-associes.com\/fr\/#website\"},\"datePublished\":\"2015-10-29T12:03:42+00:00\",\"dateModified\":\"2018-06-05T10:40:43+00:00\",\"breadcrumb\":{\"@id\":\"https:\/\/www.abitbol-associes.com\/fr\/obtention-de-la-nationalite-espagnole\/#breadcrumb\"},\"inLanguage\":\"fr-FR\",\"potentialAction\":[{\"@type\":\"ReadAction\",\"target\":[[\"https:\/\/www.abitbol-associes.com\/fr\/obtention-de-la-nationalite-espagnole\/\"]]}]},{\"@type\":\"BreadcrumbList\",\"@id\":\"https:\/\/www.abitbol-associes.com\/fr\/obtention-de-la-nationalite-espagnole\/#breadcrumb\",\"itemListElement\":[{\"@type\":\"ListItem\",\"position\":1,\"name\":\"Home\",\"item\":\"https:\/\/www.abitbol-associes.com\/fr\/\"},{\"@type\":\"ListItem\",\"position\":2,\"name\":\"Obtention de la nationalit\u00e9 espagnole\"}]},{\"@type\":\"WebSite\",\"@id\":\"https:\/\/www.abitbol-associes.com\/fr\/#website\",\"url\":\"https:\/\/www.abitbol-associes.com\/fr\/\",\"name\":\"Abitbol Associes\",\"description\":\"Parce que votre exigence est notre priorit\u00e9\",\"potentialAction\":[{\"@type\":\"SearchAction\",\"target\":{\"@type\":\"EntryPoint\",\"urlTemplate\":\"https:\/\/www.abitbol-associes.com\/fr\/?s={search_term_string}\"},\"query-input\":{\"@type\":\"PropertyValueSpecification\",\"valueRequired\":true,\"valueName\":\"search_term_string\"}}],\"inLanguage\":\"fr-FR\"}]}<\/script>\n<!-- \/ Yoast SEO plugin. -->","yoast_head_json":{"title":"Obtention de la nationalit\u00e9 espagnole - Abitbol Associes","robots":{"index":"index","follow":"follow","max-snippet":"max-snippet:-1","max-image-preview":"max-image-preview:large","max-video-preview":"max-video-preview:-1"},"canonical":"https:\/\/www.abitbol-associes.com\/fr\/obtention-de-la-nationalite-espagnole\/","og_locale":"fr_FR","og_type":"article","og_title":"Obtention de la nationalit\u00e9 espagnole - Abitbol Associes","og_description":"L\u2019ann\u00e9e 1492 a \u00e9t\u00e9 marqu\u00e9e en Espagne par une fuite massive des membres de la communaut\u00e9 juive, contraints par la Royaut\u00e9 de choisir entre exode ou conversion catholique. Plus de cinq si\u00e8cles apr\u00e8s le d\u00e9cret d\u2019expulsion, le Ministre Espagnol de la Justice, Alberto Ruiz-Gallardon, estimant devoir r\u00e9gler \u00ab la dette \u00bb de l\u2019Etat Espagnol envers [&hellip;]","og_url":"https:\/\/www.abitbol-associes.com\/fr\/obtention-de-la-nationalite-espagnole\/","og_site_name":"Abitbol Associes","article_modified_time":"2018-06-05T10:40:43+00:00","twitter_card":"summary_large_image","twitter_misc":{"Dur\u00e9e de lecture estim\u00e9e":"7 minutes"},"schema":{"@context":"https:\/\/schema.org","@graph":[{"@type":"WebPage","@id":"https:\/\/www.abitbol-associes.com\/fr\/obtention-de-la-nationalite-espagnole\/","url":"https:\/\/www.abitbol-associes.com\/fr\/obtention-de-la-nationalite-espagnole\/","name":"Obtention de la nationalit\u00e9 espagnole - Abitbol Associes","isPartOf":{"@id":"https:\/\/www.abitbol-associes.com\/fr\/#website"},"datePublished":"2015-10-29T12:03:42+00:00","dateModified":"2018-06-05T10:40:43+00:00","breadcrumb":{"@id":"https:\/\/www.abitbol-associes.com\/fr\/obtention-de-la-nationalite-espagnole\/#breadcrumb"},"inLanguage":"fr-FR","potentialAction":[{"@type":"ReadAction","target":[["https:\/\/www.abitbol-associes.com\/fr\/obtention-de-la-nationalite-espagnole\/"]]}]},{"@type":"BreadcrumbList","@id":"https:\/\/www.abitbol-associes.com\/fr\/obtention-de-la-nationalite-espagnole\/#breadcrumb","itemListElement":[{"@type":"ListItem","position":1,"name":"Home","item":"https:\/\/www.abitbol-associes.com\/fr\/"},{"@type":"ListItem","position":2,"name":"Obtention de la nationalit\u00e9 espagnole"}]},{"@type":"WebSite","@id":"https:\/\/www.abitbol-associes.com\/fr\/#website","url":"https:\/\/www.abitbol-associes.com\/fr\/","name":"Abitbol Associes","description":"Parce que votre exigence est notre priorit\u00e9","potentialAction":[{"@type":"SearchAction","target":{"@type":"EntryPoint","urlTemplate":"https:\/\/www.abitbol-associes.com\/fr\/?s={search_term_string}"},"query-input":{"@type":"PropertyValueSpecification","valueRequired":true,"valueName":"search_term_string"}}],"inLanguage":"fr-FR"}]}},"_links":{"self":[{"href":"https:\/\/www.abitbol-associes.com\/fr\/wp-json\/wp\/v2\/pages\/2163","targetHints":{"allow":["GET"]}}],"collection":[{"href":"https:\/\/www.abitbol-associes.com\/fr\/wp-json\/wp\/v2\/pages"}],"about":[{"href":"https:\/\/www.abitbol-associes.com\/fr\/wp-json\/wp\/v2\/types\/page"}],"author":[{"embeddable":true,"href":"https:\/\/www.abitbol-associes.com\/fr\/wp-json\/wp\/v2\/users\/2"}],"replies":[{"embeddable":true,"href":"https:\/\/www.abitbol-associes.com\/fr\/wp-json\/wp\/v2\/comments?post=2163"}],"version-history":[{"count":10,"href":"https:\/\/www.abitbol-associes.com\/fr\/wp-json\/wp\/v2\/pages\/2163\/revisions"}],"predecessor-version":[{"id":2695,"href":"https:\/\/www.abitbol-associes.com\/fr\/wp-json\/wp\/v2\/pages\/2163\/revisions\/2695"}],"wp:attachment":[{"href":"https:\/\/www.abitbol-associes.com\/fr\/wp-json\/wp\/v2\/media?parent=2163"}],"curies":[{"name":"wp","href":"https:\/\/api.w.org\/{rel}","templated":true}]}}