{"id":2,"date":"2012-11-11T09:54:56","date_gmt":"2012-11-11T09:54:56","guid":{"rendered":"http:\/\/abitbol-associes.com\/?page_id=2"},"modified":"2018-02-27T09:16:25","modified_gmt":"2018-02-27T09:16:25","slug":"presentation","status":"publish","type":"page","link":"https:\/\/www.abitbol-associes.com\/fr\/presentation\/","title":{"rendered":"Pr\u00e9sentation"},"content":{"rendered":"<p><\/p>\n<p style=\"text-align: justify;\">\n\t\t<div class='et_quote quote-center'>\n\t\t\t<div class='et_right_quote'>\n\t\t\t\tParce que votre exigence est notre priorit\u00e9\n\t\t\t\t<span class='et_quote_additional_sign'><\/span>\n\t\t\t<\/div>\n\t\t\t<span class='et_quote_sign'><\/span>\n\t\t<\/div>\n\t<div class='et-learn-more et-open clearfix'>\n\t\t\t\t\t<h3 class='heading-more open'>Un cabinet d&#039;affaires \u00e0 dimension internationale <span class='et_learnmore_arrow'><span><\/span><\/span><\/h3>\n\t\t\t\t\t<div class='learn-more-content'>Fond\u00e9 par Debborah Abitbol, docteur en droit international, le Cabinet Abitbol &#038; Associ\u00e9s est un cabinet d\u2019avocats qui intervient en Isra\u00ebl et en France dans l\u2019ensemble des domaines du <a title=\"Droit des Soci\u00e9t\u00e9s\" href=\"https:\/\/abitbol-associes.com\/droit-des-societes\/\"><span>droit des affaires<\/span><\/a> et du <a title=\"P\u00e9nal international des affaires\" href=\"https:\/\/abitbol-associes.com\/penal-international-des-affaires\/\"><span>droit p\u00e9nal<\/span><\/a> \u00e0 un niveau national et international. Dynamique et ambitieux, le cabinet connait un d\u00e9veloppement constant.<\/p>\n<p style=\"text-align: justify;\">Enrichi de son \u00e9quipe d\u2019avocats inscrits aux barreaux de Paris ou d\u2019Isra\u00ebl et issus de prestigieux cabinets, le Cabinet Abitbol &#038; Associ\u00e9s a su \u00e9largir ses domaines de comp\u00e9tence pour satisfaire ses clients et r\u00e9pondre au plus proche de leurs exigences.<\/p>\n<p style=\"text-align: justify;\">Notre double intervention en France et en Isra\u00ebl a r\u00e9solument orient\u00e9 le Cabinet vers l\u2019international. Notre objectif \u00e9tant d\u2019accompagner de fa\u00e7on transversale et strat\u00e9gique nos clients dans la r\u00e9ussite de leurs projets et la gestion de leurs affaires tant dans le domaine du conseil que du contentieux.<\/p>\n<p style=\"text-align: justify;\">Notre singularit\u00e9 r\u00e9side dans la compl\u00e9mentarit\u00e9 des comp\u00e9tences de nos avocats en Isra\u00ebl et en France et une parfaite connaissance des l\u00e9gislations fran\u00e7aises et isra\u00e9liennes et de leurs march\u00e9s respectifs.<\/p>\n<p style=\"text-align: justify;\">Tous les dossiers sont trait\u00e9s en bin\u00f4me afin d&rsquo;assurer \u00e0 nos clients une expertise de pointe.<\/p>\n<p style=\"text-align: justify;\">Parce que votre exigence est notre priorit\u00e9, nous nous engageons \u00e0 mettre \u00e0 votre service des avocats d\u00e9vou\u00e9s, d\u2019exp\u00e9rience, et actualisant constamment leurs domaines d\u2019expertise.<\/div>\n\t\t\t\t<\/div><div class='et-learn-more clearfix'>\n\t\t\t\t\t<h3 class='heading-more'>Un p\u00f4le d&#039;excellence d\u00e9di\u00e9 aux particuliers<span class='et_learnmore_arrow'><span><\/span><\/span><\/h3>\n\t\t\t\t\t<div class='learn-more-content'><p style=\"text-align: justify;\">Fort de notre exp\u00e9rience dans de nombreux domaines des l\u00e9gislations fran\u00e7aises et isra\u00e9liennes: <a title=\"Droit des Soci\u00e9t\u00e9s\" href=\"https:\/\/abitbol-associes.com\/droit-des-societes\/\">droit des affaires<\/a>, <a title=\"P\u00e9nal international des affaires\" href=\"https:\/\/abitbol-associes.com\/penal-international-des-affaires\/\">droit p\u00e9nal international<\/a>, <a title=\"Immobilier\" href=\"https:\/\/abitbol-associes.com\/immobilier\/\">investissements immobiliers \u00e0 l&rsquo;\u00e9tranger<\/a>, <a title=\"Droit fiscal\" href=\"https:\/\/abitbol-associes.com\/droit-fiscal\/\">optimisation fiscale des expatri\u00e9s fran\u00e7ais en Isra\u00ebl<\/a>, <a title=\"Famille et Successions internationales\" href=\"https:\/\/abitbol-associes.com\/famille-et-successions-internationales\/\">droit de la famille et des successions internationales<\/a>, <a title=\"Contentieux\" href=\"https:\/\/abitbol-associes.com\/contentieux\/\">r\u00e8glement des contentieux<\/a>, notre Cabinet s&rsquo;est fix\u00e9 pour mission de garantir une offre juridique globale, tout en assurant le suivi permanent du dossier par ses avocats en Isra\u00ebl et en France.<\/p>\n<p style=\"text-align: justify;\">Notre objectif est d\u2019offrir \u00e0 nos clients particuliers cette double-expertise ainsi qu\u2019une parfaite synergie entre professionnels du droit fran\u00e7ais et isra\u00e9lien.<\/p>\n<p style=\"text-align: justify;\">Pragmatique et ancr\u00e9e dans l\u2019action, notre m\u00e9thode s\u2019inscrit dans la recherche d&rsquo;une solution juridique en collaboration constante avec le client, une \u00e9coute personnalis\u00e9e, ainsi qu&rsquo;une intervention appropri\u00e9e, cr\u00e9ative et efficace qui puisse r\u00e9pondre \u00e9galement \u00e0 la rigueur et au professionnalisme juridique requis.<\/div>\n\t\t\t\t<\/div><div class='et-learn-more clearfix'>\n\t\t\t\t\t<h3 class='heading-more'>Une activit\u00e9 innovante : le \u00ab Legal Process Outsourcing \u00bb<span class='et_learnmore_arrow'><span><\/span><\/span><\/h3>\n\t\t\t\t\t<div class='learn-more-content'><p style=\"text-align: justify;\">Toujours plus dynamique, notre Cabinet d\u00e9veloppe aujourd\u2019hui une vision novatrice de la pratique du droit tourn\u00e9e vers la flexibilit\u00e9, la technologie et la s\u00e9curisation optimale des donn\u00e9es tout en assurant un strict respect des r\u00e8gles d\u00e9ontologiques.<\/p>\n<p style=\"text-align: justify;\">Dans cette optique, nous avons suivi de pr\u00e8s l\u2019\u00e9volution d\u2019un concept d\u00e9j\u00e0 connu et largement pratiqu\u00e9 par les entreprises anglo-saxonnes: le \u00ab <a title=\"LPO\" href=\"https:\/\/abitbol-associes.com\/lpo\/\">Legal Process Outsourcing<\/a> \u00bb ou \u00ab externalisation des prestations juridiques r\u00e9currentes et de leur traitement standardis\u00e9 \u00bb.<\/p>\n<p style=\"text-align: justify;\">Son \u00e9mergence en France conjugu\u00e9e \u00e0 notre positionnement international a conduit le Cabinet \u00e0 d\u00e9velopper cette nouvelle activit\u00e9 en droit\u00a0fran\u00e7ais.<\/p>\n<p style=\"text-align: justify;\">Nous intervenons ainsi en mati\u00e8re de support l\u00e9gal et\u00a0paral\u00e9gal\u00a0en <a href=\"https:\/\/abitbol-associes.com\/nos-services-de-lpo\/gestion-de-la-propriete-intellectuelle\">Gestion de la propri\u00e9t\u00e9 intellectuelle<\/a>, <a href=\"https:\/\/abitbol-associes.com\/nos-services-de-lpo\/gestion-de-contrats-et-revision-de-documents-2\/\">Gestion des contrats et r\u00e9vision de documents<\/a>, <a href=\"https:\/\/abitbol-associes.com\/nos-services-de-lpo\/management-juridique-des-projets\/\">Management juridique des projets<\/a> et <a href=\"https:\/\/abitbol-associes.com\/nos-services-de-lpo\/secretariat-juridique-dentreprises-2\/\">Secr\u00e9tariat juridique d&rsquo;entreprises<\/a>.<\/div>\n\t\t\t\t<\/div><\/p>\n<p style=\"text-align: center;\"><strong>Le cabinet est membre de la CCIIF<\/strong><br \/>\n<img loading=\"lazy\" decoding=\"async\" class=\"aligncenter\" src=\"https:\/\/abitbol-associes.com\/wp-content\/uploads\/2012\/11\/Picture-14.jpg\" alt=\"\" width=\"170\" height=\"105\" \/><\/p>\n<p><\/p>","protected":false},"excerpt":{"rendered":"<p>Le cabinet est membre de la CCIIF<\/p>\n","protected":false},"author":6,"featured_media":12,"parent":0,"menu_order":0,"comment_status":"open","ping_status":"open","template":"page-full.php","meta":{"footnotes":""},"class_list":["post-2","page","type-page","status-publish","has-post-thumbnail","hentry"],"yoast_head":"<!-- This site is optimized with the Yoast SEO plugin v25.5 - https:\/\/yoast.com\/wordpress\/plugins\/seo\/ -->\n<title>Pr\u00e9sentation - Abitbol Associes<\/title>\n<meta name=\"robots\" content=\"index, follow, max-snippet:-1, max-image-preview:large, max-video-preview:-1\" \/>\n<link rel=\"canonical\" href=\"https:\/\/www.abitbol-associes.com\/fr\/presentation\/\" \/>\n<meta property=\"og:locale\" content=\"fr_FR\" \/>\n<meta property=\"og:type\" content=\"article\" \/>\n<meta property=\"og:title\" content=\"Pr\u00e9sentation - Abitbol Associes\" \/>\n<meta property=\"og:description\" content=\"Le cabinet est membre de la CCIIF\" \/>\n<meta property=\"og:url\" content=\"https:\/\/www.abitbol-associes.com\/fr\/presentation\/\" \/>\n<meta property=\"og:site_name\" content=\"Abitbol Associes\" \/>\n<meta property=\"article:modified_time\" content=\"2018-02-27T09:16:25+00:00\" \/>\n<meta property=\"og:image\" content=\"https:\/\/www.abitbol-associes.com\/wp-content\/uploads\/2012\/11\/Slideshow-1.jpg\" \/>\n\t<meta property=\"og:image:width\" content=\"960\" \/>\n\t<meta property=\"og:image:height\" content=\"332\" \/>\n\t<meta property=\"og:image:type\" content=\"image\/jpeg\" \/>\n<meta name=\"twitter:card\" content=\"summary_large_image\" \/>\n<meta name=\"twitter:label1\" content=\"Dur\u00e9e de lecture estim\u00e9e\" \/>\n\t<meta name=\"twitter:data1\" content=\"6 minutes\" \/>\n<script type=\"application\/ld+json\" class=\"yoast-schema-graph\">{\"@context\":\"https:\/\/schema.org\",\"@graph\":[{\"@type\":\"WebPage\",\"@id\":\"https:\/\/www.abitbol-associes.com\/fr\/presentation\/\",\"url\":\"https:\/\/www.abitbol-associes.com\/fr\/presentation\/\",\"name\":\"Pr\u00e9sentation - Abitbol Associes\",\"isPartOf\":{\"@id\":\"https:\/\/www.abitbol-associes.com\/fr\/#website\"},\"primaryImageOfPage\":{\"@id\":\"https:\/\/www.abitbol-associes.com\/fr\/presentation\/#primaryimage\"},\"image\":{\"@id\":\"https:\/\/www.abitbol-associes.com\/fr\/presentation\/#primaryimage\"},\"thumbnailUrl\":\"https:\/\/www.abitbol-associes.com\/wp-content\/uploads\/2012\/11\/Slideshow-1.jpg\",\"datePublished\":\"2012-11-11T09:54:56+00:00\",\"dateModified\":\"2018-02-27T09:16:25+00:00\",\"breadcrumb\":{\"@id\":\"https:\/\/www.abitbol-associes.com\/fr\/presentation\/#breadcrumb\"},\"inLanguage\":\"fr-FR\",\"potentialAction\":[{\"@type\":\"ReadAction\",\"target\":[[\"https:\/\/www.abitbol-associes.com\/fr\/presentation\/\"]]}]},{\"@type\":\"ImageObject\",\"inLanguage\":\"fr-FR\",\"@id\":\"https:\/\/www.abitbol-associes.com\/fr\/presentation\/#primaryimage\",\"url\":\"https:\/\/www.abitbol-associes.com\/wp-content\/uploads\/2012\/11\/Slideshow-1.jpg\",\"contentUrl\":\"https:\/\/www.abitbol-associes.com\/wp-content\/uploads\/2012\/11\/Slideshow-1.jpg\",\"width\":\"960\",\"height\":\"332\"},{\"@type\":\"BreadcrumbList\",\"@id\":\"https:\/\/www.abitbol-associes.com\/fr\/presentation\/#breadcrumb\",\"itemListElement\":[{\"@type\":\"ListItem\",\"position\":1,\"name\":\"Home\",\"item\":\"https:\/\/www.abitbol-associes.com\/fr\/\"},{\"@type\":\"ListItem\",\"position\":2,\"name\":\"Pr\u00e9sentation\"}]},{\"@type\":\"WebSite\",\"@id\":\"https:\/\/www.abitbol-associes.com\/fr\/#website\",\"url\":\"https:\/\/www.abitbol-associes.com\/fr\/\",\"name\":\"Abitbol Associes\",\"description\":\"Parce que votre exigence est notre priorit\u00e9\",\"potentialAction\":[{\"@type\":\"SearchAction\",\"target\":{\"@type\":\"EntryPoint\",\"urlTemplate\":\"https:\/\/www.abitbol-associes.com\/fr\/?s={search_term_string}\"},\"query-input\":{\"@type\":\"PropertyValueSpecification\",\"valueRequired\":true,\"valueName\":\"search_term_string\"}}],\"inLanguage\":\"fr-FR\"}]}<\/script>\n<!-- \/ Yoast SEO plugin. -->","yoast_head_json":{"title":"Pr\u00e9sentation - Abitbol Associes","robots":{"index":"index","follow":"follow","max-snippet":"max-snippet:-1","max-image-preview":"max-image-preview:large","max-video-preview":"max-video-preview:-1"},"canonical":"https:\/\/www.abitbol-associes.com\/fr\/presentation\/","og_locale":"fr_FR","og_type":"article","og_title":"Pr\u00e9sentation - Abitbol Associes","og_description":"Le cabinet est membre de la CCIIF","og_url":"https:\/\/www.abitbol-associes.com\/fr\/presentation\/","og_site_name":"Abitbol Associes","article_modified_time":"2018-02-27T09:16:25+00:00","og_image":[{"width":960,"height":332,"url":"https:\/\/www.abitbol-associes.com\/wp-content\/uploads\/2012\/11\/Slideshow-1.jpg","type":"image\/jpeg"}],"twitter_card":"summary_large_image","twitter_misc":{"Dur\u00e9e de lecture estim\u00e9e":"6 minutes"},"schema":{"@context":"https:\/\/schema.org","@graph":[{"@type":"WebPage","@id":"https:\/\/www.abitbol-associes.com\/fr\/presentation\/","url":"https:\/\/www.abitbol-associes.com\/fr\/presentation\/","name":"Pr\u00e9sentation - Abitbol Associes","isPartOf":{"@id":"https:\/\/www.abitbol-associes.com\/fr\/#website"},"primaryImageOfPage":{"@id":"https:\/\/www.abitbol-associes.com\/fr\/presentation\/#primaryimage"},"image":{"@id":"https:\/\/www.abitbol-associes.com\/fr\/presentation\/#primaryimage"},"thumbnailUrl":"https:\/\/www.abitbol-associes.com\/wp-content\/uploads\/2012\/11\/Slideshow-1.jpg","datePublished":"2012-11-11T09:54:56+00:00","dateModified":"2018-02-27T09:16:25+00:00","breadcrumb":{"@id":"https:\/\/www.abitbol-associes.com\/fr\/presentation\/#breadcrumb"},"inLanguage":"fr-FR","potentialAction":[{"@type":"ReadAction","target":[["https:\/\/www.abitbol-associes.com\/fr\/presentation\/"]]}]},{"@type":"ImageObject","inLanguage":"fr-FR","@id":"https:\/\/www.abitbol-associes.com\/fr\/presentation\/#primaryimage","url":"https:\/\/www.abitbol-associes.com\/wp-content\/uploads\/2012\/11\/Slideshow-1.jpg","contentUrl":"https:\/\/www.abitbol-associes.com\/wp-content\/uploads\/2012\/11\/Slideshow-1.jpg","width":"960","height":"332"},{"@type":"BreadcrumbList","@id":"https:\/\/www.abitbol-associes.com\/fr\/presentation\/#breadcrumb","itemListElement":[{"@type":"ListItem","position":1,"name":"Home","item":"https:\/\/www.abitbol-associes.com\/fr\/"},{"@type":"ListItem","position":2,"name":"Pr\u00e9sentation"}]},{"@type":"WebSite","@id":"https:\/\/www.abitbol-associes.com\/fr\/#website","url":"https:\/\/www.abitbol-associes.com\/fr\/","name":"Abitbol Associes","description":"Parce que votre exigence est notre priorit\u00e9","potentialAction":[{"@type":"SearchAction","target":{"@type":"EntryPoint","urlTemplate":"https:\/\/www.abitbol-associes.com\/fr\/?s={search_term_string}"},"query-input":{"@type":"PropertyValueSpecification","valueRequired":true,"valueName":"search_term_string"}}],"inLanguage":"fr-FR"}]}},"_links":{"self":[{"href":"https:\/\/www.abitbol-associes.com\/fr\/wp-json\/wp\/v2\/pages\/2","targetHints":{"allow":["GET"]}}],"collection":[{"href":"https:\/\/www.abitbol-associes.com\/fr\/wp-json\/wp\/v2\/pages"}],"about":[{"href":"https:\/\/www.abitbol-associes.com\/fr\/wp-json\/wp\/v2\/types\/page"}],"author":[{"embeddable":true,"href":"https:\/\/www.abitbol-associes.com\/fr\/wp-json\/wp\/v2\/users\/6"}],"replies":[{"embeddable":true,"href":"https:\/\/www.abitbol-associes.com\/fr\/wp-json\/wp\/v2\/comments?post=2"}],"version-history":[{"count":103,"href":"https:\/\/www.abitbol-associes.com\/fr\/wp-json\/wp\/v2\/pages\/2\/revisions"}],"predecessor-version":[{"id":2531,"href":"https:\/\/www.abitbol-associes.com\/fr\/wp-json\/wp\/v2\/pages\/2\/revisions\/2531"}],"wp:featuredmedia":[{"embeddable":true,"href":"https:\/\/www.abitbol-associes.com\/fr\/wp-json\/wp\/v2\/media\/12"}],"wp:attachment":[{"href":"https:\/\/www.abitbol-associes.com\/fr\/wp-json\/wp\/v2\/media?parent=2"}],"curies":[{"name":"wp","href":"https:\/\/api.w.org\/{rel}","templated":true}]}}