{"id":187,"date":"2012-11-15T20:04:35","date_gmt":"2012-11-15T20:04:35","guid":{"rendered":"http:\/\/abitbol-associes.com\/?page_id=187"},"modified":"2019-09-04T11:12:54","modified_gmt":"2019-09-04T11:12:54","slug":"contentieux-2","status":"publish","type":"page","link":"https:\/\/www.abitbol-associes.com\/fr\/contentieux-2\/","title":{"rendered":"Contentieux"},"content":{"rendered":"<p><a href=\"https:\/\/abitbol-associes.com\/wp-content\/uploads\/2012\/11\/Palais-de-justice-de-Paris1.jpg\"><img loading=\"lazy\" decoding=\"async\" class=\"alignright size-medium wp-image-363\" title=\"Palais de justice de Paris\" src=\"https:\/\/abitbol-associes.com\/wp-content\/uploads\/2012\/11\/Palais-de-justice-de-Paris1-300x200.jpg\" alt=\"\" width=\"300\" height=\"200\" srcset=\"https:\/\/www.abitbol-associes.com\/wp-content\/uploads\/2012\/11\/Palais-de-justice-de-Paris1-300x200.jpg 300w, https:\/\/www.abitbol-associes.com\/wp-content\/uploads\/2012\/11\/Palais-de-justice-de-Paris1.jpg 450w\" sizes=\"auto, (max-width: 300px) 100vw, 300px\" \/><\/a><\/p>\n<p style=\"text-align: justify;\">De par sa double implantation g\u00e9ographique, le Cabinet Abitbol &amp; Associ\u00e9s s\u2019est sp\u00e9cialis\u00e9 dans la r\u00e9solution des litiges de ses clients professionnels et priv\u00e9s.<\/p>\n<p style=\"text-align: justify;\">Fort de sa philosophie ax\u00e9e sur la recherche de r\u00e9solutions amiables des litiges, le Cabinet, en \u00e9troite collaboration avec son client, d\u00e9ploie toute son expertise dans le domaine de la n\u00e9gociation et de la m\u00e9diation aux fins d\u2019aboutir \u00e0 la conclusion de protocoles d\u2019accords transactionnels.<\/p>\n<p style=\"text-align: justify;\">En ce domaine comme au sein des autres expertises, le Cabinet se veut dynamique, \u00e9valuant de mani\u00e8re constante les objectifs et les enjeux financiers du client tout au long de l&rsquo;\u00e9volution du litige.<\/p>\n<p style=\"text-align: justify;\">En Isra\u00ebl, les principes de Common Law qui gouvernent l&rsquo;essentiel de la mati\u00e8re contentieuse se fondent sur une phase pr\u00e9alable de m\u00e9diation.\u00a0M\u00e9diation qui repr\u00e9sente une expertise \u00e0 part enti\u00e8re et pour laquelle nos \u00e9quipes en\u00a0ma\u00eetrisent\u00a0parfaitement les \u00e9tapes.<\/p>\n<p style=\"text-align: justify;\">Dans une phase purement contentieuse, les avocats du d\u00e9partement sont en mesure d&rsquo;assister ses clients devant toutes\u00a0les juridictions \u00e9tatiques nationales, que le litige se situe en France ou en Isra\u00ebl et qu\u2019il concerne les personnes morales ou physiques.<\/p>\n<p style=\"text-align: justify;\">\u2022\u00a0\u00a0\u00a0\u00a0\u00a0\u00a0\u00a0\u00a0\u00a0\u00a0\u00a0\u00a0 Responsabilit\u00e9 contractuelle<br \/>\n\u2022\u00a0\u00a0\u00a0\u00a0\u00a0\u00a0\u00a0\u00a0\u00a0\u00a0\u00a0\u00a0 Responsabilit\u00e9 d\u00e9lictuelle<br \/>\n\u2022\u00a0\u00a0\u00a0\u00a0\u00a0\u00a0\u00a0\u00a0\u00a0\u00a0\u00a0\u00a0 R\u00e9daction de certificats de coutumes isra\u00e9liens et fran\u00e7ais<br \/>\n\u2022\u00a0\u00a0\u00a0\u00a0\u00a0\u00a0\u00a0\u00a0\u00a0\u00a0\u00a0\u00a0 Exequatur de d\u00e9cisions fran\u00e7aises et isra\u00e9liennes<\/p>\n<p>&nbsp;<\/p>\n<h3><img loading=\"lazy\" decoding=\"async\" class=\"aligncenter wp-image-2449\" src=\"https:\/\/abitbol-associes.com\/wp-content\/uploads\/2018\/01\/AA_Logo_Final-300x159.gif\" alt=\"\" width=\"133\" height=\"70\" srcset=\"https:\/\/www.abitbol-associes.com\/wp-content\/uploads\/2018\/01\/AA_Logo_Final-300x159.gif 300w, https:\/\/www.abitbol-associes.com\/wp-content\/uploads\/2018\/01\/AA_Logo_Final-150x80.gif 150w\" sizes=\"auto, (max-width: 133px) 100vw, 133px\" \/><\/h3>\n<p style=\"text-align: center;\">66 Av Victor Hugo &#8211; Immeuble LEONARD DE VINCI Paris 16\u1d49<br \/>\nTel: + 33 (0)1 78 90 03 73<br \/>\nFax: + 33 (0)1 77 74 63 99<\/p>\n<p style=\"text-align: center;\">13 rue Shimon ben Shetah, 9414713, J\u00e9rusalem<br \/>\nTel: + 972 (0)2 595 63 45<br \/>\nFax: + 972 (0)2 591 63 26<\/p>\n<p style=\"text-align: center;\"><a href=\"mailto:contact@abitbol-associes.com\">contact@abitbol-associes.com<\/a><\/p>\n<p>&nbsp;<\/p>\n<h3>\n\t\t<div class='et_quote quote-center'>\n\t\t\t<div class='et_right_quote'>\n\t\t\t\tContactez-nous\n\t\t\t\t<span class='et_quote_additional_sign'><\/span>\n\t\t\t<\/div>\n\t\t\t<span class='et_quote_sign'><\/span>\n\t\t<\/div>\n\t<\/h3>\n<h3 style=\"text-align: left;\">Pour toute question relative \u00e0 votre situation personnelle, merci de nous laisser un message:\n<div class=\"wpcf7 no-js\" id=\"wpcf7-f1230-o1\" lang=\"en-US\" dir=\"ltr\" data-wpcf7-id=\"1230\">\n<div class=\"screen-reader-response\"><p role=\"status\" aria-live=\"polite\" aria-atomic=\"true\"><\/p> <ul><\/ul><\/div>\n<form action=\"\/fr\/wp-json\/wp\/v2\/pages\/187#wpcf7-f1230-o1\" method=\"post\" class=\"wpcf7-form init\" aria-label=\"Contact form\" novalidate=\"novalidate\" data-status=\"init\">\n<fieldset class=\"hidden-fields-container\"><input type=\"hidden\" name=\"_wpcf7\" value=\"1230\" \/><input type=\"hidden\" name=\"_wpcf7_version\" value=\"6.1\" \/><input type=\"hidden\" name=\"_wpcf7_locale\" value=\"en_US\" \/><input type=\"hidden\" name=\"_wpcf7_unit_tag\" value=\"wpcf7-f1230-o1\" \/><input type=\"hidden\" name=\"_wpcf7_container_post\" value=\"0\" \/><input type=\"hidden\" name=\"_wpcf7_posted_data_hash\" value=\"\" \/><input type=\"hidden\" name=\"_wpcf7_recaptcha_response\" value=\"\" \/>\n<\/fieldset>\n<p>Votre nom (obligatoire)\n<\/p>\n<p><span class=\"wpcf7-form-control-wrap\" data-name=\"your-name\"><input size=\"40\" maxlength=\"400\" class=\"wpcf7-form-control wpcf7-text wpcf7-validates-as-required\" aria-required=\"true\" aria-invalid=\"false\" value=\"\" type=\"text\" name=\"your-name\" \/><\/span>\n<\/p>\n<p>Votre email (obligatoire)\n<\/p>\n<p><span class=\"wpcf7-form-control-wrap\" data-name=\"your-email\"><input size=\"40\" maxlength=\"400\" class=\"wpcf7-form-control wpcf7-email wpcf7-validates-as-required wpcf7-text wpcf7-validates-as-email\" aria-required=\"true\" aria-invalid=\"false\" value=\"\" type=\"email\" name=\"your-email\" \/><\/span>\n<\/p>\n<p>Votre num\u00e9ro de t\u00e9l\u00e9phone (obligatoire)\n<\/p>\n<p><span class=\"wpcf7-form-control-wrap\" data-name=\"your-tel\"><input size=\"40\" maxlength=\"400\" class=\"wpcf7-form-control wpcf7-tel wpcf7-validates-as-required wpcf7-text wpcf7-validates-as-tel\" aria-required=\"true\" aria-invalid=\"false\" value=\"\" type=\"tel\" name=\"your-tel\" \/><\/span>\n<\/p>\n<p>Sujet\n<\/p>\n<p><span class=\"wpcf7-form-control-wrap\" data-name=\"your-subject\"><input size=\"40\" maxlength=\"400\" class=\"wpcf7-form-control wpcf7-text\" aria-invalid=\"false\" value=\"\" type=\"text\" name=\"your-subject\" \/><\/span>\n<\/p>\n<p>Votre message\n<\/p>\n<p><span class=\"wpcf7-form-control-wrap\" data-name=\"your-message\"><textarea cols=\"40\" rows=\"10\" maxlength=\"2000\" class=\"wpcf7-form-control wpcf7-textarea\" aria-invalid=\"false\" name=\"your-message\"><\/textarea><\/span>\n<\/p>\n\n<p><input class=\"wpcf7-form-control wpcf7-submit has-spinner\" type=\"submit\" value=\"Envoyer\" \/>\n<\/p><div class=\"wpcf7-response-output\" aria-hidden=\"true\"><\/div>\n<\/form>\n<\/div>\n<\/h3>\n<p><\/p>","protected":false},"excerpt":{"rendered":"<p>De par sa double implantation g\u00e9ographique, le Cabinet Abitbol &amp; Associ\u00e9s s\u2019est sp\u00e9cialis\u00e9 dans la r\u00e9solution des litiges de ses clients professionnels et priv\u00e9s. Fort de sa philosophie ax\u00e9e sur la recherche de r\u00e9solutions amiables des litiges, le Cabinet, en \u00e9troite collaboration avec son client, d\u00e9ploie toute son expertise dans le domaine de la n\u00e9gociation [&hellip;]<\/p>\n","protected":false},"author":6,"featured_media":0,"parent":0,"menu_order":0,"comment_status":"open","ping_status":"open","template":"page-full.php","meta":{"footnotes":""},"class_list":["post-187","page","type-page","status-publish","hentry"],"yoast_head":"<!-- This site is optimized with the Yoast SEO plugin v25.5 - https:\/\/yoast.com\/wordpress\/plugins\/seo\/ -->\n<title>Contentieux - Abitbol Associes<\/title>\n<meta name=\"robots\" content=\"index, follow, max-snippet:-1, max-image-preview:large, max-video-preview:-1\" \/>\n<link rel=\"canonical\" href=\"https:\/\/www.abitbol-associes.com\/fr\/contentieux-2\/\" \/>\n<meta property=\"og:locale\" content=\"fr_FR\" \/>\n<meta property=\"og:type\" content=\"article\" \/>\n<meta property=\"og:title\" content=\"Contentieux - Abitbol Associes\" \/>\n<meta property=\"og:description\" content=\"De par sa double implantation g\u00e9ographique, le Cabinet Abitbol &amp; Associ\u00e9s s\u2019est sp\u00e9cialis\u00e9 dans la r\u00e9solution des litiges de ses clients professionnels et priv\u00e9s. Fort de sa philosophie ax\u00e9e sur la recherche de r\u00e9solutions amiables des litiges, le Cabinet, en \u00e9troite collaboration avec son client, d\u00e9ploie toute son expertise dans le domaine de la n\u00e9gociation [&hellip;]\" \/>\n<meta property=\"og:url\" content=\"https:\/\/www.abitbol-associes.com\/fr\/contentieux-2\/\" \/>\n<meta property=\"og:site_name\" content=\"Abitbol Associes\" \/>\n<meta property=\"article:modified_time\" content=\"2019-09-04T11:12:54+00:00\" \/>\n<meta property=\"og:image\" content=\"https:\/\/abitbol-associes.com\/wp-content\/uploads\/2012\/11\/Palais-de-justice-de-Paris1-300x200.jpg\" \/>\n<meta name=\"twitter:card\" content=\"summary_large_image\" \/>\n<meta name=\"twitter:label1\" content=\"Dur\u00e9e de lecture estim\u00e9e\" \/>\n\t<meta name=\"twitter:data1\" content=\"2 minutes\" \/>\n<script type=\"application\/ld+json\" class=\"yoast-schema-graph\">{\"@context\":\"https:\/\/schema.org\",\"@graph\":[{\"@type\":\"WebPage\",\"@id\":\"https:\/\/www.abitbol-associes.com\/fr\/contentieux-2\/\",\"url\":\"https:\/\/www.abitbol-associes.com\/fr\/contentieux-2\/\",\"name\":\"Contentieux - Abitbol Associes\",\"isPartOf\":{\"@id\":\"https:\/\/www.abitbol-associes.com\/fr\/#website\"},\"primaryImageOfPage\":{\"@id\":\"https:\/\/www.abitbol-associes.com\/fr\/contentieux-2\/#primaryimage\"},\"image\":{\"@id\":\"https:\/\/www.abitbol-associes.com\/fr\/contentieux-2\/#primaryimage\"},\"thumbnailUrl\":\"https:\/\/abitbol-associes.com\/wp-content\/uploads\/2012\/11\/Palais-de-justice-de-Paris1-300x200.jpg\",\"datePublished\":\"2012-11-15T20:04:35+00:00\",\"dateModified\":\"2019-09-04T11:12:54+00:00\",\"breadcrumb\":{\"@id\":\"https:\/\/www.abitbol-associes.com\/fr\/contentieux-2\/#breadcrumb\"},\"inLanguage\":\"fr-FR\",\"potentialAction\":[{\"@type\":\"ReadAction\",\"target\":[[\"https:\/\/www.abitbol-associes.com\/fr\/contentieux-2\/\"]]}]},{\"@type\":\"ImageObject\",\"inLanguage\":\"fr-FR\",\"@id\":\"https:\/\/www.abitbol-associes.com\/fr\/contentieux-2\/#primaryimage\",\"url\":\"https:\/\/abitbol-associes.com\/wp-content\/uploads\/2012\/11\/Palais-de-justice-de-Paris1-300x200.jpg\",\"contentUrl\":\"https:\/\/abitbol-associes.com\/wp-content\/uploads\/2012\/11\/Palais-de-justice-de-Paris1-300x200.jpg\"},{\"@type\":\"BreadcrumbList\",\"@id\":\"https:\/\/www.abitbol-associes.com\/fr\/contentieux-2\/#breadcrumb\",\"itemListElement\":[{\"@type\":\"ListItem\",\"position\":1,\"name\":\"Home\",\"item\":\"https:\/\/www.abitbol-associes.com\/fr\/\"},{\"@type\":\"ListItem\",\"position\":2,\"name\":\"Contentieux\"}]},{\"@type\":\"WebSite\",\"@id\":\"https:\/\/www.abitbol-associes.com\/fr\/#website\",\"url\":\"https:\/\/www.abitbol-associes.com\/fr\/\",\"name\":\"Abitbol Associes\",\"description\":\"Parce que votre exigence est notre priorit\u00e9\",\"potentialAction\":[{\"@type\":\"SearchAction\",\"target\":{\"@type\":\"EntryPoint\",\"urlTemplate\":\"https:\/\/www.abitbol-associes.com\/fr\/?s={search_term_string}\"},\"query-input\":{\"@type\":\"PropertyValueSpecification\",\"valueRequired\":true,\"valueName\":\"search_term_string\"}}],\"inLanguage\":\"fr-FR\"}]}<\/script>\n<!-- \/ Yoast SEO plugin. -->","yoast_head_json":{"title":"Contentieux - Abitbol Associes","robots":{"index":"index","follow":"follow","max-snippet":"max-snippet:-1","max-image-preview":"max-image-preview:large","max-video-preview":"max-video-preview:-1"},"canonical":"https:\/\/www.abitbol-associes.com\/fr\/contentieux-2\/","og_locale":"fr_FR","og_type":"article","og_title":"Contentieux - Abitbol Associes","og_description":"De par sa double implantation g\u00e9ographique, le Cabinet Abitbol &amp; Associ\u00e9s s\u2019est sp\u00e9cialis\u00e9 dans la r\u00e9solution des litiges de ses clients professionnels et priv\u00e9s. Fort de sa philosophie ax\u00e9e sur la recherche de r\u00e9solutions amiables des litiges, le Cabinet, en \u00e9troite collaboration avec son client, d\u00e9ploie toute son expertise dans le domaine de la n\u00e9gociation [&hellip;]","og_url":"https:\/\/www.abitbol-associes.com\/fr\/contentieux-2\/","og_site_name":"Abitbol Associes","article_modified_time":"2019-09-04T11:12:54+00:00","og_image":[{"url":"https:\/\/abitbol-associes.com\/wp-content\/uploads\/2012\/11\/Palais-de-justice-de-Paris1-300x200.jpg","type":"","width":"","height":""}],"twitter_card":"summary_large_image","twitter_misc":{"Dur\u00e9e de lecture estim\u00e9e":"2 minutes"},"schema":{"@context":"https:\/\/schema.org","@graph":[{"@type":"WebPage","@id":"https:\/\/www.abitbol-associes.com\/fr\/contentieux-2\/","url":"https:\/\/www.abitbol-associes.com\/fr\/contentieux-2\/","name":"Contentieux - Abitbol Associes","isPartOf":{"@id":"https:\/\/www.abitbol-associes.com\/fr\/#website"},"primaryImageOfPage":{"@id":"https:\/\/www.abitbol-associes.com\/fr\/contentieux-2\/#primaryimage"},"image":{"@id":"https:\/\/www.abitbol-associes.com\/fr\/contentieux-2\/#primaryimage"},"thumbnailUrl":"https:\/\/abitbol-associes.com\/wp-content\/uploads\/2012\/11\/Palais-de-justice-de-Paris1-300x200.jpg","datePublished":"2012-11-15T20:04:35+00:00","dateModified":"2019-09-04T11:12:54+00:00","breadcrumb":{"@id":"https:\/\/www.abitbol-associes.com\/fr\/contentieux-2\/#breadcrumb"},"inLanguage":"fr-FR","potentialAction":[{"@type":"ReadAction","target":[["https:\/\/www.abitbol-associes.com\/fr\/contentieux-2\/"]]}]},{"@type":"ImageObject","inLanguage":"fr-FR","@id":"https:\/\/www.abitbol-associes.com\/fr\/contentieux-2\/#primaryimage","url":"https:\/\/abitbol-associes.com\/wp-content\/uploads\/2012\/11\/Palais-de-justice-de-Paris1-300x200.jpg","contentUrl":"https:\/\/abitbol-associes.com\/wp-content\/uploads\/2012\/11\/Palais-de-justice-de-Paris1-300x200.jpg"},{"@type":"BreadcrumbList","@id":"https:\/\/www.abitbol-associes.com\/fr\/contentieux-2\/#breadcrumb","itemListElement":[{"@type":"ListItem","position":1,"name":"Home","item":"https:\/\/www.abitbol-associes.com\/fr\/"},{"@type":"ListItem","position":2,"name":"Contentieux"}]},{"@type":"WebSite","@id":"https:\/\/www.abitbol-associes.com\/fr\/#website","url":"https:\/\/www.abitbol-associes.com\/fr\/","name":"Abitbol Associes","description":"Parce que votre exigence est notre priorit\u00e9","potentialAction":[{"@type":"SearchAction","target":{"@type":"EntryPoint","urlTemplate":"https:\/\/www.abitbol-associes.com\/fr\/?s={search_term_string}"},"query-input":{"@type":"PropertyValueSpecification","valueRequired":true,"valueName":"search_term_string"}}],"inLanguage":"fr-FR"}]}},"_links":{"self":[{"href":"https:\/\/www.abitbol-associes.com\/fr\/wp-json\/wp\/v2\/pages\/187","targetHints":{"allow":["GET"]}}],"collection":[{"href":"https:\/\/www.abitbol-associes.com\/fr\/wp-json\/wp\/v2\/pages"}],"about":[{"href":"https:\/\/www.abitbol-associes.com\/fr\/wp-json\/wp\/v2\/types\/page"}],"author":[{"embeddable":true,"href":"https:\/\/www.abitbol-associes.com\/fr\/wp-json\/wp\/v2\/users\/6"}],"replies":[{"embeddable":true,"href":"https:\/\/www.abitbol-associes.com\/fr\/wp-json\/wp\/v2\/comments?post=187"}],"version-history":[{"count":23,"href":"https:\/\/www.abitbol-associes.com\/fr\/wp-json\/wp\/v2\/pages\/187\/revisions"}],"predecessor-version":[{"id":2926,"href":"https:\/\/www.abitbol-associes.com\/fr\/wp-json\/wp\/v2\/pages\/187\/revisions\/2926"}],"wp:attachment":[{"href":"https:\/\/www.abitbol-associes.com\/fr\/wp-json\/wp\/v2\/media?parent=187"}],"curies":[{"name":"wp","href":"https:\/\/api.w.org\/{rel}","templated":true}]}}