{"id":184,"date":"2012-11-15T20:03:30","date_gmt":"2012-11-15T20:03:30","guid":{"rendered":"http:\/\/abitbol-associes.com\/?page_id=184"},"modified":"2019-09-04T11:12:31","modified_gmt":"2019-09-04T11:12:31","slug":"immobilier-2","status":"publish","type":"page","link":"https:\/\/www.abitbol-associes.com\/fr\/immobilier-2\/","title":{"rendered":"Immobilier"},"content":{"rendered":"<p><\/p>\n<p style=\"text-align: justify;\"><a href=\"https:\/\/abitbol-associes.com\/wp-content\/uploads\/2012\/11\/5.-Immobilier.jpg\"><img loading=\"lazy\" decoding=\"async\" class=\"alignright size-medium wp-image-91\" title=\"5. Immobilier\" src=\"https:\/\/abitbol-associes.com\/wp-content\/uploads\/2012\/11\/5.-Immobilier-300x198.jpg\" alt=\"\" width=\"300\" height=\"198\" srcset=\"https:\/\/www.abitbol-associes.com\/wp-content\/uploads\/2012\/11\/5.-Immobilier-300x198.jpg 300w, https:\/\/www.abitbol-associes.com\/wp-content\/uploads\/2012\/11\/5.-Immobilier.jpg 600w\" sizes=\"auto, (max-width: 300px) 100vw, 300px\" \/><\/a>L\u2019immobilier est un secteur incontournable de la vie \u00e9conomique isra\u00e9lienne et le r\u00f4le de l&rsquo;avocat en la mati\u00e8re est proactif. Il est notamment sollicit\u00e9 aux fins de veiller \u00e0 la s\u00e9curisation juridique des transactions immobili\u00e8res lors de la repr\u00e9sentation de ses clients professionnels et particuliers.<\/p>\n<p style=\"text-align: justify;\">Notre exp\u00e9rience, b\u00e2tie sur une synergie \u00e9troite entre avocats isra\u00e9liens et fran\u00e7ais, nous a permis d&rsquo;atteindre une\u00a0ma\u00eetrise\u00a0optimale des op\u00e9rations. Nous apportons un conseil avis\u00e9 \u00e0 notre client\u00e8le professionnelle et de particuliers lors d&rsquo;op\u00e9rations d&rsquo;acquisition ou de cession de biens ou droits immobiliers complexes.<\/p>\n<ul>\n<li>Acquisitions et ventes d\u2019immeubles ou terrains<\/li>\n<li>Baux commerciaux<\/li>\n<li>Contrats de promotion immobili\u00e8re<\/li>\n<li>Droit de la construction<\/li>\n<li>Interm\u00e9diation immobili\u00e8re<\/li>\n<li>Optimisation fiscale<\/li>\n<li>Contentieux<\/li>\n<\/ul>\n<h3><img loading=\"lazy\" decoding=\"async\" class=\"aligncenter wp-image-2449\" src=\"https:\/\/abitbol-associes.com\/wp-content\/uploads\/2018\/01\/AA_Logo_Final-300x159.gif\" alt=\"\" width=\"133\" height=\"70\" srcset=\"https:\/\/www.abitbol-associes.com\/wp-content\/uploads\/2018\/01\/AA_Logo_Final-300x159.gif 300w, https:\/\/www.abitbol-associes.com\/wp-content\/uploads\/2018\/01\/AA_Logo_Final-150x80.gif 150w\" sizes=\"auto, (max-width: 133px) 100vw, 133px\" \/><\/h3>\n<p style=\"text-align: center;\">66 Av Victor Hugo &#8211; Immeuble LEONARD DE VINCI Paris 16\u1d49<br \/>\nTel: + 33 (0)1 78 90 03 73<br \/>\nFax: + 33 (0)1 77 74 63 99<\/p>\n<p style=\"text-align: center;\">13 rue Shimon ben Shetah, 9414713, J\u00e9rusalem<br \/>\nTel: + 972 (0)2 595 63 45<br \/>\nFax: + 972 (0)2 591 63 26<\/p>\n<p style=\"text-align: center;\"><a href=\"mailto:contact@abitbol-associes.com\">contact@abitbol-associes.com<\/a><\/p>\n<p>&nbsp;<\/p>\n<h3>\n\t\t<div class='et_quote quote-center'>\n\t\t\t<div class='et_right_quote'>\n\t\t\t\tContactez-nous\n\t\t\t\t<span class='et_quote_additional_sign'><\/span>\n\t\t\t<\/div>\n\t\t\t<span class='et_quote_sign'><\/span>\n\t\t<\/div>\n\t<\/h3>\n<h3 style=\"text-align: left;\">Pour toute question relative \u00e0 votre situation personnelle, merci de nous laisser un message:\n<div class=\"wpcf7 no-js\" id=\"wpcf7-f1230-o1\" lang=\"en-US\" dir=\"ltr\" data-wpcf7-id=\"1230\">\n<div class=\"screen-reader-response\"><p role=\"status\" aria-live=\"polite\" aria-atomic=\"true\"><\/p> <ul><\/ul><\/div>\n<form action=\"\/fr\/wp-json\/wp\/v2\/pages\/184#wpcf7-f1230-o1\" method=\"post\" class=\"wpcf7-form init\" aria-label=\"Contact form\" novalidate=\"novalidate\" data-status=\"init\">\n<fieldset class=\"hidden-fields-container\"><input type=\"hidden\" name=\"_wpcf7\" value=\"1230\" \/><input type=\"hidden\" name=\"_wpcf7_version\" value=\"6.1\" \/><input type=\"hidden\" name=\"_wpcf7_locale\" value=\"en_US\" \/><input type=\"hidden\" name=\"_wpcf7_unit_tag\" value=\"wpcf7-f1230-o1\" \/><input type=\"hidden\" name=\"_wpcf7_container_post\" value=\"0\" \/><input type=\"hidden\" name=\"_wpcf7_posted_data_hash\" value=\"\" \/><input type=\"hidden\" name=\"_wpcf7_recaptcha_response\" value=\"\" \/>\n<\/fieldset>\n<p>Votre nom (obligatoire)\n<\/p>\n<p><span class=\"wpcf7-form-control-wrap\" data-name=\"your-name\"><input size=\"40\" maxlength=\"400\" class=\"wpcf7-form-control wpcf7-text wpcf7-validates-as-required\" aria-required=\"true\" aria-invalid=\"false\" value=\"\" type=\"text\" name=\"your-name\" \/><\/span>\n<\/p>\n<p>Votre email (obligatoire)\n<\/p>\n<p><span class=\"wpcf7-form-control-wrap\" data-name=\"your-email\"><input size=\"40\" maxlength=\"400\" class=\"wpcf7-form-control wpcf7-email wpcf7-validates-as-required wpcf7-text wpcf7-validates-as-email\" aria-required=\"true\" aria-invalid=\"false\" value=\"\" type=\"email\" name=\"your-email\" \/><\/span>\n<\/p>\n<p>Votre num\u00e9ro de t\u00e9l\u00e9phone (obligatoire)\n<\/p>\n<p><span class=\"wpcf7-form-control-wrap\" data-name=\"your-tel\"><input size=\"40\" maxlength=\"400\" class=\"wpcf7-form-control wpcf7-tel wpcf7-validates-as-required wpcf7-text wpcf7-validates-as-tel\" aria-required=\"true\" aria-invalid=\"false\" value=\"\" type=\"tel\" name=\"your-tel\" \/><\/span>\n<\/p>\n<p>Sujet\n<\/p>\n<p><span class=\"wpcf7-form-control-wrap\" data-name=\"your-subject\"><input size=\"40\" maxlength=\"400\" class=\"wpcf7-form-control wpcf7-text\" aria-invalid=\"false\" value=\"\" type=\"text\" name=\"your-subject\" \/><\/span>\n<\/p>\n<p>Votre message\n<\/p>\n<p><span class=\"wpcf7-form-control-wrap\" data-name=\"your-message\"><textarea cols=\"40\" rows=\"10\" maxlength=\"2000\" class=\"wpcf7-form-control wpcf7-textarea\" aria-invalid=\"false\" name=\"your-message\"><\/textarea><\/span>\n<\/p>\n\n<p><input class=\"wpcf7-form-control wpcf7-submit has-spinner\" type=\"submit\" value=\"Envoyer\" \/>\n<\/p><div class=\"wpcf7-response-output\" aria-hidden=\"true\"><\/div>\n<\/form>\n<\/div>\n<\/h3>\n<p>Nous contacter: <a title=\"Avocats immobilier en Israel\" href=\"https:\/\/abitbol-associes.com\/avocats-immobilier-en-israel\/\" target=\"_blank\" rel=\"noopener\">Avocats immobilier en Israel<\/a><\/p>\n<h3 style=\"text-align: left;\"><\/h3>\n<p><\/p>","protected":false},"excerpt":{"rendered":"<p>L\u2019immobilier est un secteur incontournable de la vie \u00e9conomique isra\u00e9lienne et le r\u00f4le de l&rsquo;avocat en la mati\u00e8re est proactif. Il est notamment sollicit\u00e9 aux fins de veiller \u00e0 la s\u00e9curisation juridique des transactions immobili\u00e8res lors de la repr\u00e9sentation de ses clients professionnels et particuliers. Notre exp\u00e9rience, b\u00e2tie sur une synergie \u00e9troite entre avocats isra\u00e9liens [&hellip;]<\/p>\n","protected":false},"author":6,"featured_media":0,"parent":0,"menu_order":0,"comment_status":"open","ping_status":"open","template":"page-full.php","meta":{"footnotes":""},"class_list":["post-184","page","type-page","status-publish","hentry"],"yoast_head":"<!-- This site is optimized with the Yoast SEO plugin v25.5 - https:\/\/yoast.com\/wordpress\/plugins\/seo\/ -->\n<title>Immobilier - Abitbol Associes<\/title>\n<meta name=\"robots\" content=\"index, follow, max-snippet:-1, max-image-preview:large, max-video-preview:-1\" \/>\n<link rel=\"canonical\" href=\"https:\/\/www.abitbol-associes.com\/fr\/immobilier\/\" \/>\n<meta property=\"og:locale\" content=\"fr_FR\" \/>\n<meta property=\"og:type\" content=\"article\" \/>\n<meta property=\"og:title\" content=\"Immobilier - Abitbol Associes\" \/>\n<meta property=\"og:description\" content=\"L\u2019immobilier est un secteur incontournable de la vie \u00e9conomique isra\u00e9lienne et le r\u00f4le de l&rsquo;avocat en la mati\u00e8re est proactif. Il est notamment sollicit\u00e9 aux fins de veiller \u00e0 la s\u00e9curisation juridique des transactions immobili\u00e8res lors de la repr\u00e9sentation de ses clients professionnels et particuliers. Notre exp\u00e9rience, b\u00e2tie sur une synergie \u00e9troite entre avocats isra\u00e9liens [&hellip;]\" \/>\n<meta property=\"og:url\" content=\"https:\/\/www.abitbol-associes.com\/fr\/immobilier\/\" \/>\n<meta property=\"og:site_name\" content=\"Abitbol Associes\" \/>\n<meta property=\"article:modified_time\" content=\"2019-09-04T11:12:31+00:00\" \/>\n<meta property=\"og:image\" content=\"https:\/\/abitbol-associes.com\/wp-content\/uploads\/2012\/11\/5.-Immobilier-300x198.jpg\" \/>\n<meta name=\"twitter:card\" content=\"summary_large_image\" \/>\n<meta name=\"twitter:label1\" content=\"Dur\u00e9e de lecture estim\u00e9e\" \/>\n\t<meta name=\"twitter:data1\" content=\"2 minutes\" \/>\n<script type=\"application\/ld+json\" class=\"yoast-schema-graph\">{\"@context\":\"https:\/\/schema.org\",\"@graph\":[{\"@type\":\"WebPage\",\"@id\":\"https:\/\/www.abitbol-associes.com\/fr\/immobilier\/\",\"url\":\"https:\/\/www.abitbol-associes.com\/fr\/immobilier\/\",\"name\":\"Immobilier - Abitbol Associes\",\"isPartOf\":{\"@id\":\"https:\/\/www.abitbol-associes.com\/fr\/#website\"},\"primaryImageOfPage\":{\"@id\":\"https:\/\/www.abitbol-associes.com\/fr\/immobilier\/#primaryimage\"},\"image\":{\"@id\":\"https:\/\/www.abitbol-associes.com\/fr\/immobilier\/#primaryimage\"},\"thumbnailUrl\":\"https:\/\/abitbol-associes.com\/wp-content\/uploads\/2012\/11\/5.-Immobilier-300x198.jpg\",\"datePublished\":\"2012-11-15T20:03:30+00:00\",\"dateModified\":\"2019-09-04T11:12:31+00:00\",\"breadcrumb\":{\"@id\":\"https:\/\/www.abitbol-associes.com\/fr\/immobilier\/#breadcrumb\"},\"inLanguage\":\"fr-FR\",\"potentialAction\":[{\"@type\":\"ReadAction\",\"target\":[[\"https:\/\/www.abitbol-associes.com\/fr\/immobilier\/\"]]}]},{\"@type\":\"ImageObject\",\"inLanguage\":\"fr-FR\",\"@id\":\"https:\/\/www.abitbol-associes.com\/fr\/immobilier\/#primaryimage\",\"url\":\"https:\/\/abitbol-associes.com\/wp-content\/uploads\/2012\/11\/5.-Immobilier-300x198.jpg\",\"contentUrl\":\"https:\/\/abitbol-associes.com\/wp-content\/uploads\/2012\/11\/5.-Immobilier-300x198.jpg\"},{\"@type\":\"BreadcrumbList\",\"@id\":\"https:\/\/www.abitbol-associes.com\/fr\/immobilier\/#breadcrumb\",\"itemListElement\":[{\"@type\":\"ListItem\",\"position\":1,\"name\":\"Home\",\"item\":\"https:\/\/www.abitbol-associes.com\/fr\/\"},{\"@type\":\"ListItem\",\"position\":2,\"name\":\"Immobilier\"}]},{\"@type\":\"WebSite\",\"@id\":\"https:\/\/www.abitbol-associes.com\/fr\/#website\",\"url\":\"https:\/\/www.abitbol-associes.com\/fr\/\",\"name\":\"Abitbol Associes\",\"description\":\"Parce que votre exigence est notre priorit\u00e9\",\"potentialAction\":[{\"@type\":\"SearchAction\",\"target\":{\"@type\":\"EntryPoint\",\"urlTemplate\":\"https:\/\/www.abitbol-associes.com\/fr\/?s={search_term_string}\"},\"query-input\":{\"@type\":\"PropertyValueSpecification\",\"valueRequired\":true,\"valueName\":\"search_term_string\"}}],\"inLanguage\":\"fr-FR\"}]}<\/script>\n<!-- \/ Yoast SEO plugin. -->","yoast_head_json":{"title":"Immobilier - Abitbol Associes","robots":{"index":"index","follow":"follow","max-snippet":"max-snippet:-1","max-image-preview":"max-image-preview:large","max-video-preview":"max-video-preview:-1"},"canonical":"https:\/\/www.abitbol-associes.com\/fr\/immobilier\/","og_locale":"fr_FR","og_type":"article","og_title":"Immobilier - Abitbol Associes","og_description":"L\u2019immobilier est un secteur incontournable de la vie \u00e9conomique isra\u00e9lienne et le r\u00f4le de l&rsquo;avocat en la mati\u00e8re est proactif. Il est notamment sollicit\u00e9 aux fins de veiller \u00e0 la s\u00e9curisation juridique des transactions immobili\u00e8res lors de la repr\u00e9sentation de ses clients professionnels et particuliers. Notre exp\u00e9rience, b\u00e2tie sur une synergie \u00e9troite entre avocats isra\u00e9liens [&hellip;]","og_url":"https:\/\/www.abitbol-associes.com\/fr\/immobilier\/","og_site_name":"Abitbol Associes","article_modified_time":"2019-09-04T11:12:31+00:00","og_image":[{"url":"https:\/\/abitbol-associes.com\/wp-content\/uploads\/2012\/11\/5.-Immobilier-300x198.jpg","type":"","width":"","height":""}],"twitter_card":"summary_large_image","twitter_misc":{"Dur\u00e9e de lecture estim\u00e9e":"2 minutes"},"schema":{"@context":"https:\/\/schema.org","@graph":[{"@type":"WebPage","@id":"https:\/\/www.abitbol-associes.com\/fr\/immobilier\/","url":"https:\/\/www.abitbol-associes.com\/fr\/immobilier\/","name":"Immobilier - Abitbol Associes","isPartOf":{"@id":"https:\/\/www.abitbol-associes.com\/fr\/#website"},"primaryImageOfPage":{"@id":"https:\/\/www.abitbol-associes.com\/fr\/immobilier\/#primaryimage"},"image":{"@id":"https:\/\/www.abitbol-associes.com\/fr\/immobilier\/#primaryimage"},"thumbnailUrl":"https:\/\/abitbol-associes.com\/wp-content\/uploads\/2012\/11\/5.-Immobilier-300x198.jpg","datePublished":"2012-11-15T20:03:30+00:00","dateModified":"2019-09-04T11:12:31+00:00","breadcrumb":{"@id":"https:\/\/www.abitbol-associes.com\/fr\/immobilier\/#breadcrumb"},"inLanguage":"fr-FR","potentialAction":[{"@type":"ReadAction","target":[["https:\/\/www.abitbol-associes.com\/fr\/immobilier\/"]]}]},{"@type":"ImageObject","inLanguage":"fr-FR","@id":"https:\/\/www.abitbol-associes.com\/fr\/immobilier\/#primaryimage","url":"https:\/\/abitbol-associes.com\/wp-content\/uploads\/2012\/11\/5.-Immobilier-300x198.jpg","contentUrl":"https:\/\/abitbol-associes.com\/wp-content\/uploads\/2012\/11\/5.-Immobilier-300x198.jpg"},{"@type":"BreadcrumbList","@id":"https:\/\/www.abitbol-associes.com\/fr\/immobilier\/#breadcrumb","itemListElement":[{"@type":"ListItem","position":1,"name":"Home","item":"https:\/\/www.abitbol-associes.com\/fr\/"},{"@type":"ListItem","position":2,"name":"Immobilier"}]},{"@type":"WebSite","@id":"https:\/\/www.abitbol-associes.com\/fr\/#website","url":"https:\/\/www.abitbol-associes.com\/fr\/","name":"Abitbol Associes","description":"Parce que votre exigence est notre priorit\u00e9","potentialAction":[{"@type":"SearchAction","target":{"@type":"EntryPoint","urlTemplate":"https:\/\/www.abitbol-associes.com\/fr\/?s={search_term_string}"},"query-input":{"@type":"PropertyValueSpecification","valueRequired":true,"valueName":"search_term_string"}}],"inLanguage":"fr-FR"}]}},"_links":{"self":[{"href":"https:\/\/www.abitbol-associes.com\/fr\/wp-json\/wp\/v2\/pages\/184","targetHints":{"allow":["GET"]}}],"collection":[{"href":"https:\/\/www.abitbol-associes.com\/fr\/wp-json\/wp\/v2\/pages"}],"about":[{"href":"https:\/\/www.abitbol-associes.com\/fr\/wp-json\/wp\/v2\/types\/page"}],"author":[{"embeddable":true,"href":"https:\/\/www.abitbol-associes.com\/fr\/wp-json\/wp\/v2\/users\/6"}],"replies":[{"embeddable":true,"href":"https:\/\/www.abitbol-associes.com\/fr\/wp-json\/wp\/v2\/comments?post=184"}],"version-history":[{"count":24,"href":"https:\/\/www.abitbol-associes.com\/fr\/wp-json\/wp\/v2\/pages\/184\/revisions"}],"predecessor-version":[{"id":2925,"href":"https:\/\/www.abitbol-associes.com\/fr\/wp-json\/wp\/v2\/pages\/184\/revisions\/2925"}],"wp:attachment":[{"href":"https:\/\/www.abitbol-associes.com\/fr\/wp-json\/wp\/v2\/media?parent=184"}],"curies":[{"name":"wp","href":"https:\/\/api.w.org\/{rel}","templated":true}]}}