{"id":144,"date":"2012-11-15T15:16:31","date_gmt":"2012-11-15T15:16:31","guid":{"rendered":"http:\/\/abitbol-associes.com\/?page_id=144"},"modified":"2015-12-07T09:32:36","modified_gmt":"2015-12-07T09:32:36","slug":"mentions-legales","status":"publish","type":"page","link":"https:\/\/www.abitbol-associes.com\/fr\/mentions-legales\/","title":{"rendered":"Mentions l\u00e9gales"},"content":{"rendered":"<p><strong>D\u00e9nomination ou raison sociale : Cabinet Abitbol &amp; Associ\u00e9s<\/strong><\/p>\n<p>13 rue Shimon ben Shetah \u2013 94147 J\u00e9rusalem, ISRAEL<\/p>\n<p>Nom du directeur de la publication : Debborah Abitbol<\/p>\n<p>Num\u00e9ro de t\u00e9l\u00e9phone :\u00a0+ 972 (0)2 595\u00a063\u00a045<\/p>\n<p>Ce site internet est la propri\u00e9t\u00e9 du Cabinet Abitbol &amp; Associes et est destin\u00e9 \u00e0 la seule information g\u00e9n\u00e9rale de ses visiteurs. Aucun \u00e9l\u00e9ment y figurant ne peut \u00eatre assimil\u00e9\u00a0 \u00e0\u00a0 un acte de conseil ou consultation juridique, de d\u00e9marchage et\/ou offre de services.<\/p>\n<p>Le Cabinet Abitbol &amp; Associ\u00e9s ne saurait garantir ni la disponibilit\u00e9 ou l&rsquo;accessibilit\u00e9 du site, ni l&rsquo;absence de virus.<\/p>\n<p>Bien que mettant tout en \u0153uvre pour fournir aux visiteurs une information actualis\u00e9e et v\u00e9rifi\u00e9e, il ne saurait \u00eatre tenu responsable de leur exactitude ou exhaustivit\u00e9.<\/p>\n<p>Tout \u00e9l\u00e9ment composant le pr\u00e9sent site internet est la propri\u00e9t\u00e9 intellectuelle exclusive du cabinet Abitbol &amp; Associ\u00e9s.<strong>\u00a0<\/strong><\/p>\n<p><strong><br \/>\nH\u00e9bergeur<\/strong><\/p>\n<p>D\u00e9nomination ou raison sociale : OVH<br \/>\nRCS Roubaix \u2013 Tourcoing 424 761 419 00011<br \/>\nAdresse h\u00e9bergeur : 140 Quai du Sartel, 59100 Roubaix, France<\/p>\n<p><strong><br \/>\nProtection des donn\u00e9es personnelles <\/strong><\/p>\n<p>Les dispositions de la loi du 6 janvier 1978 relative \u00e0 l\u2019Informatique, aux fichiers et aux libert\u00e9s sont respect\u00e9es et ce site internet a fait l\u2019objet d\u2019une d\u00e9claration aupr\u00e8s de la Commission Nationale de l\u2019Informatique et des Libert\u00e9s (CNIL) portant le num\u00e9ro d\u2019enregistrement : <a href=\"https:\/\/abitbol-associes.com\/wp-content\/uploads\/2012\/11\/D\u00e9claration-CNIL.pdf\" target=\"_blank\">1610179<\/a>.<br \/>\nConform\u00e9ment \u00e0 ces dispositions l\u00e9gales, l\u2019utilisateur dispose d\u2019un droit d\u2019acc\u00e8s, de rectification et de suppression des informations qui le concernent en contactant directement le Cabinet Abitbol &amp; Associ\u00e9s par email : <a href=\"mailto:contact@abitbol-associes.com\">contact@abitbol-associes.com<\/a>. Les informations qu\u2019il aura fournies ne seront gard\u00e9es que le temps n\u00e9cessaire au traitement de sa demande.<\/p>\n<p>Le Cabinet Abitbol &amp; Associ\u00e9s a \u00e9labor\u00e9 un syst\u00e8me de protection des donn\u00e9es personnelles afin de garantir toute perte ou destruction ainsi que tout usage abusif ou d\u00e9tourn\u00e9. Tout membre du cabinet qui acc\u00e8de \u00e0 ces informations est inform\u00e9 et tenu du respect de leur caract\u00e8re confidentiel.<\/p>","protected":false},"excerpt":{"rendered":"<p>D\u00e9nomination ou raison sociale : Cabinet Abitbol &amp; Associ\u00e9s 13 rue Shimon ben Shetah \u2013 94147 J\u00e9rusalem, ISRAEL Nom du directeur de la publication : Debborah Abitbol Num\u00e9ro de t\u00e9l\u00e9phone :\u00a0+ 972 (0)2 595\u00a063\u00a045 Ce site internet est la propri\u00e9t\u00e9 du Cabinet Abitbol &amp; Associes et est destin\u00e9 \u00e0 la seule information g\u00e9n\u00e9rale de ses [&hellip;]<\/p>\n","protected":false},"author":6,"featured_media":0,"parent":0,"menu_order":0,"comment_status":"open","ping_status":"open","template":"page-full.php","meta":{"footnotes":""},"class_list":["post-144","page","type-page","status-publish","hentry"],"yoast_head":"<!-- This site is optimized with the Yoast SEO plugin v25.5 - https:\/\/yoast.com\/wordpress\/plugins\/seo\/ -->\n<title>Mentions l\u00e9gales - Abitbol Associes<\/title>\n<meta name=\"robots\" content=\"index, follow, max-snippet:-1, max-image-preview:large, max-video-preview:-1\" \/>\n<link rel=\"canonical\" href=\"https:\/\/www.abitbol-associes.com\/fr\/mentions-legales\/\" \/>\n<meta property=\"og:locale\" content=\"fr_FR\" \/>\n<meta property=\"og:type\" content=\"article\" \/>\n<meta property=\"og:title\" content=\"Mentions l\u00e9gales - Abitbol Associes\" \/>\n<meta property=\"og:description\" content=\"D\u00e9nomination ou raison sociale : Cabinet Abitbol &amp; Associ\u00e9s 13 rue Shimon ben Shetah \u2013 94147 J\u00e9rusalem, ISRAEL Nom du directeur de la publication : Debborah Abitbol Num\u00e9ro de t\u00e9l\u00e9phone :\u00a0+ 972 (0)2 595\u00a063\u00a045 Ce site internet est la propri\u00e9t\u00e9 du Cabinet Abitbol &amp; Associes et est destin\u00e9 \u00e0 la seule information g\u00e9n\u00e9rale de ses [&hellip;]\" \/>\n<meta property=\"og:url\" content=\"https:\/\/www.abitbol-associes.com\/fr\/mentions-legales\/\" \/>\n<meta property=\"og:site_name\" content=\"Abitbol Associes\" \/>\n<meta property=\"article:modified_time\" content=\"2015-12-07T09:32:36+00:00\" \/>\n<meta name=\"twitter:card\" content=\"summary_large_image\" \/>\n<meta name=\"twitter:label1\" content=\"Dur\u00e9e de lecture estim\u00e9e\" \/>\n\t<meta name=\"twitter:data1\" content=\"3 minutes\" \/>\n<script type=\"application\/ld+json\" class=\"yoast-schema-graph\">{\"@context\":\"https:\/\/schema.org\",\"@graph\":[{\"@type\":\"WebPage\",\"@id\":\"https:\/\/www.abitbol-associes.com\/fr\/mentions-legales\/\",\"url\":\"https:\/\/www.abitbol-associes.com\/fr\/mentions-legales\/\",\"name\":\"Mentions l\u00e9gales - Abitbol Associes\",\"isPartOf\":{\"@id\":\"https:\/\/www.abitbol-associes.com\/fr\/#website\"},\"datePublished\":\"2012-11-15T15:16:31+00:00\",\"dateModified\":\"2015-12-07T09:32:36+00:00\",\"breadcrumb\":{\"@id\":\"https:\/\/www.abitbol-associes.com\/fr\/mentions-legales\/#breadcrumb\"},\"inLanguage\":\"fr-FR\",\"potentialAction\":[{\"@type\":\"ReadAction\",\"target\":[[\"https:\/\/www.abitbol-associes.com\/fr\/mentions-legales\/\"]]}]},{\"@type\":\"BreadcrumbList\",\"@id\":\"https:\/\/www.abitbol-associes.com\/fr\/mentions-legales\/#breadcrumb\",\"itemListElement\":[{\"@type\":\"ListItem\",\"position\":1,\"name\":\"Home\",\"item\":\"https:\/\/www.abitbol-associes.com\/fr\/\"},{\"@type\":\"ListItem\",\"position\":2,\"name\":\"Mentions l\u00e9gales\"}]},{\"@type\":\"WebSite\",\"@id\":\"https:\/\/www.abitbol-associes.com\/fr\/#website\",\"url\":\"https:\/\/www.abitbol-associes.com\/fr\/\",\"name\":\"Abitbol Associes\",\"description\":\"Parce que votre exigence est notre priorit\u00e9\",\"potentialAction\":[{\"@type\":\"SearchAction\",\"target\":{\"@type\":\"EntryPoint\",\"urlTemplate\":\"https:\/\/www.abitbol-associes.com\/fr\/?s={search_term_string}\"},\"query-input\":{\"@type\":\"PropertyValueSpecification\",\"valueRequired\":true,\"valueName\":\"search_term_string\"}}],\"inLanguage\":\"fr-FR\"}]}<\/script>\n<!-- \/ Yoast SEO plugin. -->","yoast_head_json":{"title":"Mentions l\u00e9gales - Abitbol Associes","robots":{"index":"index","follow":"follow","max-snippet":"max-snippet:-1","max-image-preview":"max-image-preview:large","max-video-preview":"max-video-preview:-1"},"canonical":"https:\/\/www.abitbol-associes.com\/fr\/mentions-legales\/","og_locale":"fr_FR","og_type":"article","og_title":"Mentions l\u00e9gales - Abitbol Associes","og_description":"D\u00e9nomination ou raison sociale : Cabinet Abitbol &amp; Associ\u00e9s 13 rue Shimon ben Shetah \u2013 94147 J\u00e9rusalem, ISRAEL Nom du directeur de la publication : Debborah Abitbol Num\u00e9ro de t\u00e9l\u00e9phone :\u00a0+ 972 (0)2 595\u00a063\u00a045 Ce site internet est la propri\u00e9t\u00e9 du Cabinet Abitbol &amp; Associes et est destin\u00e9 \u00e0 la seule information g\u00e9n\u00e9rale de ses [&hellip;]","og_url":"https:\/\/www.abitbol-associes.com\/fr\/mentions-legales\/","og_site_name":"Abitbol Associes","article_modified_time":"2015-12-07T09:32:36+00:00","twitter_card":"summary_large_image","twitter_misc":{"Dur\u00e9e de lecture estim\u00e9e":"3 minutes"},"schema":{"@context":"https:\/\/schema.org","@graph":[{"@type":"WebPage","@id":"https:\/\/www.abitbol-associes.com\/fr\/mentions-legales\/","url":"https:\/\/www.abitbol-associes.com\/fr\/mentions-legales\/","name":"Mentions l\u00e9gales - Abitbol Associes","isPartOf":{"@id":"https:\/\/www.abitbol-associes.com\/fr\/#website"},"datePublished":"2012-11-15T15:16:31+00:00","dateModified":"2015-12-07T09:32:36+00:00","breadcrumb":{"@id":"https:\/\/www.abitbol-associes.com\/fr\/mentions-legales\/#breadcrumb"},"inLanguage":"fr-FR","potentialAction":[{"@type":"ReadAction","target":[["https:\/\/www.abitbol-associes.com\/fr\/mentions-legales\/"]]}]},{"@type":"BreadcrumbList","@id":"https:\/\/www.abitbol-associes.com\/fr\/mentions-legales\/#breadcrumb","itemListElement":[{"@type":"ListItem","position":1,"name":"Home","item":"https:\/\/www.abitbol-associes.com\/fr\/"},{"@type":"ListItem","position":2,"name":"Mentions l\u00e9gales"}]},{"@type":"WebSite","@id":"https:\/\/www.abitbol-associes.com\/fr\/#website","url":"https:\/\/www.abitbol-associes.com\/fr\/","name":"Abitbol Associes","description":"Parce que votre exigence est notre priorit\u00e9","potentialAction":[{"@type":"SearchAction","target":{"@type":"EntryPoint","urlTemplate":"https:\/\/www.abitbol-associes.com\/fr\/?s={search_term_string}"},"query-input":{"@type":"PropertyValueSpecification","valueRequired":true,"valueName":"search_term_string"}}],"inLanguage":"fr-FR"}]}},"_links":{"self":[{"href":"https:\/\/www.abitbol-associes.com\/fr\/wp-json\/wp\/v2\/pages\/144","targetHints":{"allow":["GET"]}}],"collection":[{"href":"https:\/\/www.abitbol-associes.com\/fr\/wp-json\/wp\/v2\/pages"}],"about":[{"href":"https:\/\/www.abitbol-associes.com\/fr\/wp-json\/wp\/v2\/types\/page"}],"author":[{"embeddable":true,"href":"https:\/\/www.abitbol-associes.com\/fr\/wp-json\/wp\/v2\/users\/6"}],"replies":[{"embeddable":true,"href":"https:\/\/www.abitbol-associes.com\/fr\/wp-json\/wp\/v2\/comments?post=144"}],"version-history":[{"count":33,"href":"https:\/\/www.abitbol-associes.com\/fr\/wp-json\/wp\/v2\/pages\/144\/revisions"}],"predecessor-version":[{"id":2187,"href":"https:\/\/www.abitbol-associes.com\/fr\/wp-json\/wp\/v2\/pages\/144\/revisions\/2187"}],"wp:attachment":[{"href":"https:\/\/www.abitbol-associes.com\/fr\/wp-json\/wp\/v2\/media?parent=144"}],"curies":[{"name":"wp","href":"https:\/\/api.w.org\/{rel}","templated":true}]}}