{"id":138,"date":"2012-11-15T15:12:14","date_gmt":"2012-11-15T15:12:14","guid":{"rendered":"http:\/\/abitbol-associes.com\/?page_id=138"},"modified":"2026-02-05T11:55:47","modified_gmt":"2026-02-05T09:55:47","slug":"lpo","status":"publish","type":"page","link":"https:\/\/www.abitbol-associes.com\/fr\/lpo\/","title":{"rendered":"LPO"},"content":{"rendered":"<p><\/p>\n<p style=\"text-align: center;\"><img loading=\"lazy\" decoding=\"async\" class=\"wp-image-11420 alignleft\" src=\"https:\/\/www.abitbol-associes.com\/wp-content\/uploads\/2026\/02\/Depositphotos_98152746_xl-2015-300x200.jpg\" alt=\"\" width=\"314\" height=\"209\" srcset=\"https:\/\/www.abitbol-associes.com\/wp-content\/uploads\/2026\/02\/Depositphotos_98152746_xl-2015-300x200.jpg 300w, https:\/\/www.abitbol-associes.com\/wp-content\/uploads\/2026\/02\/Depositphotos_98152746_xl-2015-1024x683.jpg 1024w, https:\/\/www.abitbol-associes.com\/wp-content\/uploads\/2026\/02\/Depositphotos_98152746_xl-2015-768x512.jpg 768w, https:\/\/www.abitbol-associes.com\/wp-content\/uploads\/2026\/02\/Depositphotos_98152746_xl-2015-1536x1024.jpg 1536w, https:\/\/www.abitbol-associes.com\/wp-content\/uploads\/2026\/02\/Depositphotos_98152746_xl-2015-2048x1365.jpg 2048w, https:\/\/www.abitbol-associes.com\/wp-content\/uploads\/2026\/02\/Depositphotos_98152746_xl-2015-462x306.jpg 462w, https:\/\/www.abitbol-associes.com\/wp-content\/uploads\/2026\/02\/Depositphotos_98152746_xl-2015-140x94.jpg 140w\" sizes=\"auto, (max-width: 314px) 100vw, 314px\" \/><\/p>\n<p style=\"text-align: justify;\">Notre Cabinet souhaite d\u00e9sormais faire partager sa vision novatrice de la pratique du droit tourn\u00e9e vers la flexibilit\u00e9, la technologie et la s\u00e9curisation optimale des donn\u00e9es tout en assurant un strict respect des r\u00e8gles d\u00e9ontologiques.<\/p>\n<p style=\"text-align: justify;\">Dans cette optique, nous avons d\u00e9velopp\u00e9 un d\u00e9partement d\u00e9di\u00e9 exclusivement \u00e0 l&rsquo;externalisation du traitement de prestations juridiques r\u00e9currentes et volumineuses (ou LPO &#8211; <em>Legal Process Outsourcing<\/em>).<\/p>\n<p style=\"text-align: justify;\">L&rsquo;un des aspects majeurs de cette pratique juridique innovante consiste \u00e0 confier \u00e0 des juristes fran\u00e7ais localis\u00e9s en Isra\u00ebl (nearshore) et disposant d&rsquo;un fort savoir-faire juridique, technologique et organisationnel, ces prestations aujourd&rsquo;hui trait\u00e9es par des ressources en France (onshore), de fa\u00e7on \u00e0 en optimiser les co\u00fbts et d\u00e9lais de livraison pour un travail de qualit\u00e9 \u00e9quivalente, lib\u00e9rant ainsi du temps en interne pour des prestations \u00e0 plus forte valeur ajout\u00e9e.<\/p>\n<p style=\"text-align: justify;\">Au del\u00e0 de l&rsquo;infrastructure permettant une s\u00e9curisation optimale des donn\u00e9es, notre d\u00e9partement de LPO s&rsquo;est notamment dot\u00e9 de puissants logiciels d&rsquo;aide \u00e0 la r\u00e9daction, gestion et analyse de contrats et se structure autour de m\u00e9thodes de travail  rigoureuses pour am\u00e9liorer le traitement de chaque prestation.<\/p>\n<p style=\"text-align: justify;\">Cette forme de r\u00e9partition du travail a d\u00e9j\u00e0 fait ses preuves, notamment en Inde, et est aujourd&rsquo;hui largement implant\u00e9e dans les pays anglo-saxons. Ainsi que le soulignent plusieurs \u00e9tudes &#8211; notamment celle men\u00e9e par DayOne, Cabinet de conseil et plus r\u00e9cemment une \u00e9tude de Deloitte de 2011 &#8211; elle a aujourd&rsquo;hui vocation \u00e0 s&rsquo;\u00e9tendre en France. En effet, les entreprises et cabinets anglo-saxons qui utilisent d\u00e9j\u00e0 le syst\u00e8me du \u00ab Legal Process Outsourcing \u00bb r\u00e9alisent par ce biais plus de 30% d&rsquo;\u00e9conomies pour leur d\u00e9partement juridique.<\/p>\n<p style=\"text-align: justify;\">En France, le LPO se pratique d\u00e9j\u00e0 en \u00abonshore\u00bb de fa\u00e7on artisanale, des directions juridiques externalisant des prestations juridiques \u00e0 d&rsquo;autres structures, souvent situ\u00e9es en province. Il a aujourd&rsquo;hui vocation \u00e0 se d\u00e9velopper de fa\u00e7on industrielle en \u00ab nearshore \u00bb, en raison d&rsquo;\u00e9changes \u00e9conomiques et universitaires de plus en plus intenses et lib\u00e9ralis\u00e9s.<\/p>\n<p>Cliquez ci-dessous pour d\u00e9couvrir nos services de LPO:<\/p>\n<p><a href=\"https:\/\/abitbol-associes.com\/nos-services-de-lpo\/gestion-de-la-propriete-intellectuelle\">Gestion de la propri\u00e9t\u00e9 intellectuelle<\/a><\/p>\n<p><a href=\"https:\/\/abitbol-associes.com\/nos-services-de-lpo\/gestion-de-la-propriete-intellectuelle\"><img loading=\"lazy\" decoding=\"async\" class=\"alignnone wp-image-819 size-thumbnail\" title=\"Gestion de la propri\u00e9t\u00e9 intellectuelle\" src=\"https:\/\/abitbol-associes.com\/wp-content\/uploads\/2012\/11\/Fotolia_35451096_Subscription_Monthly_XXL-400x400-150x150.jpg\" alt=\"Gestion de la Propri\u00e9t\u00e9 intellectuelle et industrielle - LPO\" width=\"150\" height=\"150\" style=\"width: 150px !important; height: 150px !important; max-width: 150px !important; max-height: 150px !important;\" srcset=\"https:\/\/www.abitbol-associes.com\/wp-content\/uploads\/2012\/11\/Fotolia_35451096_Subscription_Monthly_XXL-400x400-150x150.jpg 150w, https:\/\/www.abitbol-associes.com\/wp-content\/uploads\/2012\/11\/Fotolia_35451096_Subscription_Monthly_XXL-400x400-300x300.jpg 300w, https:\/\/www.abitbol-associes.com\/wp-content\/uploads\/2012\/11\/Fotolia_35451096_Subscription_Monthly_XXL-400x400.jpg 400w\" sizes=\"auto, (max-width: 150px) 100vw, 150px\" \/><\/a><\/p>\n<p><a href=\"https:\/\/abitbol-associes.com\/nos-services-de-lpo\/gestion-de-contrats-et-revision-de-documents-2\/\">Gestion de contrats et R\u00e9vision de documents<\/a><\/p>\n<p><a href=\"https:\/\/abitbol-associes.com\/nos-services-de-lpo\/gestion-de-contrats-et-revision-de-documents-2\/\"><img loading=\"lazy\" decoding=\"async\" class=\"alignnone wp-image-821 size-thumbnail\" title=\"Gestion de documents et R\u00e9vision de contrats\" src=\"https:\/\/abitbol-associes.com\/wp-content\/uploads\/2012\/11\/shortcode-capture-266x266-150x150.png\" alt=\"\" width=\"150\" height=\"150\" style=\"width: 150px !important; height: 150px !important; max-width: 150px !important; max-height: 150px !important;\" srcset=\"https:\/\/www.abitbol-associes.com\/wp-content\/uploads\/2012\/11\/shortcode-capture-266x266-150x150.png 150w, https:\/\/www.abitbol-associes.com\/wp-content\/uploads\/2012\/11\/shortcode-capture-266x266.png 266w\" sizes=\"auto, (max-width: 150px) 100vw, 150px\" \/><\/a><\/p>\n<p><a href=\"https:\/\/abitbol-associes.com\/maintenance-juridique-des-logiciels\/\">Maintenance juridique des logiciels<\/a><\/p>\n<p><a href=\"https:\/\/abitbol-associes.com\/maintenance-juridique-des-logiciels\/\"><img loading=\"lazy\" decoding=\"async\" class=\"alignnone wp-image-820 size-thumbnail\" title=\"Management juridique des projets\" src=\"https:\/\/www.abitbol-associes.com\/wp-content\/uploads\/2012\/11\/Fotolia_6202659_Subscription_Monthly_XL-266x266-150x150.jpg\" alt=\"Gestion de contrats et R\u00e9vision de documents\" width=\"150\" height=\"150\" style=\"width: 150px !important; height: 150px !important; max-width: 150px !important; max-height: 150px !important;\" srcset=\"https:\/\/www.abitbol-associes.com\/wp-content\/uploads\/2012\/11\/Fotolia_6202659_Subscription_Monthly_XL-266x266-150x150.jpg 150w, https:\/\/www.abitbol-associes.com\/wp-content\/uploads\/2012\/11\/Fotolia_6202659_Subscription_Monthly_XL-266x266.jpg 266w\" sizes=\"auto, (max-width: 150px) 100vw, 150px\" \/><\/a><\/p>\n<p><a href=\"https:\/\/abitbol-associes.com\/nos-services-de-lpo\/secretariat-juridique-dentreprises-2\/\">Secr\u00e9tariat juridique d&rsquo;entreprises<\/a><\/p>\n<p><a href=\"https:\/\/abitbol-associes.com\/nos-services-de-lpo\/secretariat-juridique-dentreprises-2\/\"><img loading=\"lazy\" decoding=\"async\" class=\"alignnone wp-image-822 size-thumbnail\" title=\"Secr\u00e9tariat juridique d'entreprises\" src=\"https:\/\/www.abitbol-associes.com\/wp-content\/uploads\/2012\/11\/internet-400x400-150x150.jpg\" alt=\"Secr\u00e9tariat juridique d'entreprises\" width=\"150\" height=\"150\" style=\"width: 150px !important; height: 150px !important; max-width: 150px !important; max-height: 150px !important;\" srcset=\"https:\/\/www.abitbol-associes.com\/wp-content\/uploads\/2012\/11\/internet-400x400-150x150.jpg 150w, https:\/\/www.abitbol-associes.com\/wp-content\/uploads\/2012\/11\/internet-400x400-300x300.jpg 300w, https:\/\/www.abitbol-associes.com\/wp-content\/uploads\/2012\/11\/internet-400x400.jpg 400w\" sizes=\"auto, (max-width: 150px) 100vw, 150px\" \/><\/a><\/p>\n<h3><img loading=\"lazy\" decoding=\"async\" class=\"aligncenter wp-image-2449\" src=\"https:\/\/abitbol-associes.com\/wp-content\/uploads\/2018\/01\/AA_Logo_Final-300x159.gif\" alt=\"\" width=\"133\" height=\"70\" style=\"width: 133px !important; height: 70px !important; max-width: 133px !important; max-height: 70px !important;\" srcset=\"https:\/\/www.abitbol-associes.com\/wp-content\/uploads\/2018\/01\/AA_Logo_Final-300x159.gif 300w, https:\/\/www.abitbol-associes.com\/wp-content\/uploads\/2018\/01\/AA_Logo_Final-150x80.gif 150w\" sizes=\"auto, (max-width: 133px) 100vw, 133px\" \/><\/h3>\n<p style=\"text-align: center;\">66 Av Hubert Germain &#8211;  Paris 16\u1d49<br \/>\nTel: + 33 (0)1 78 90 03 73<br \/>\nFax: + 33 (0)1 77 74 63 99<\/p>\n<p style=\"text-align: center;\">13 rue Shimon ben Shetah, 9414713, J\u00e9rusalem<br \/>\nTel: + 972 (0)2 595 63 45<br \/>\nFax: + 972 (0)2 591 63 26<\/p>\n<p style=\"text-align: center;\"><a href=\"mailto:contact@abitbol-associes.com\">contact@abitbol-associes.com<\/a><\/p>\n<p>&nbsp;<\/p>\n<h3>\n\t\t<div class='et_quote quote-center'>\n\t\t\t<div class='et_right_quote'>\n\t\t\t\tContactez-nous\n\t\t\t\t<span class='et_quote_additional_sign'><\/span>\n\t\t\t<\/div>\n\t\t\t<span class='et_quote_sign'><\/span>\n\t\t<\/div>\n\t<\/h3>\n<h3 style=\"text-align: left;\">Pour tout besoin et\/ou question , merci de nous laisser un message:\n<div class=\"wpcf7 no-js\" id=\"wpcf7-f1230-o1\" lang=\"en-US\" dir=\"ltr\" data-wpcf7-id=\"1230\">\n<div class=\"screen-reader-response\"><p role=\"status\" aria-live=\"polite\" aria-atomic=\"true\"><\/p> <ul><\/ul><\/div>\n<form action=\"\/fr\/wp-json\/wp\/v2\/pages\/138#wpcf7-f1230-o1\" method=\"post\" class=\"wpcf7-form init\" aria-label=\"Contact form\" novalidate=\"novalidate\" data-status=\"init\">\n<fieldset class=\"hidden-fields-container\"><input type=\"hidden\" name=\"_wpcf7\" value=\"1230\" \/><input type=\"hidden\" name=\"_wpcf7_version\" value=\"6.1\" \/><input type=\"hidden\" name=\"_wpcf7_locale\" value=\"en_US\" \/><input type=\"hidden\" name=\"_wpcf7_unit_tag\" value=\"wpcf7-f1230-o1\" \/><input type=\"hidden\" name=\"_wpcf7_container_post\" value=\"0\" \/><input type=\"hidden\" name=\"_wpcf7_posted_data_hash\" value=\"\" \/><input type=\"hidden\" name=\"_wpcf7_recaptcha_response\" value=\"\" \/>\n<\/fieldset>\n<p>Votre nom (obligatoire)\n<\/p>\n<p><span class=\"wpcf7-form-control-wrap\" data-name=\"your-name\"><input size=\"40\" maxlength=\"400\" class=\"wpcf7-form-control wpcf7-text wpcf7-validates-as-required\" aria-required=\"true\" aria-invalid=\"false\" value=\"\" type=\"text\" name=\"your-name\" \/><\/span>\n<\/p>\n<p>Votre email (obligatoire)\n<\/p>\n<p><span class=\"wpcf7-form-control-wrap\" data-name=\"your-email\"><input size=\"40\" maxlength=\"400\" class=\"wpcf7-form-control wpcf7-email wpcf7-validates-as-required wpcf7-text wpcf7-validates-as-email\" aria-required=\"true\" aria-invalid=\"false\" value=\"\" type=\"email\" name=\"your-email\" \/><\/span>\n<\/p>\n<p>Votre num\u00e9ro de t\u00e9l\u00e9phone (obligatoire)\n<\/p>\n<p><span class=\"wpcf7-form-control-wrap\" data-name=\"your-tel\"><input size=\"40\" maxlength=\"400\" class=\"wpcf7-form-control wpcf7-tel wpcf7-validates-as-required wpcf7-text wpcf7-validates-as-tel\" aria-required=\"true\" aria-invalid=\"false\" value=\"\" type=\"tel\" name=\"your-tel\" \/><\/span>\n<\/p>\n<p>Sujet\n<\/p>\n<p><span class=\"wpcf7-form-control-wrap\" data-name=\"your-subject\"><input size=\"40\" maxlength=\"400\" class=\"wpcf7-form-control wpcf7-text\" aria-invalid=\"false\" value=\"\" type=\"text\" name=\"your-subject\" \/><\/span>\n<\/p>\n<p>Votre message\n<\/p>\n<p><span class=\"wpcf7-form-control-wrap\" data-name=\"your-message\"><textarea cols=\"40\" rows=\"10\" maxlength=\"2000\" class=\"wpcf7-form-control wpcf7-textarea\" aria-invalid=\"false\" name=\"your-message\"><\/textarea><\/span>\n<\/p>\n\n<p><input class=\"wpcf7-form-control wpcf7-submit has-spinner\" type=\"submit\" value=\"Envoyer\" \/>\n<\/p><div class=\"wpcf7-response-output\" aria-hidden=\"true\"><\/div>\n<\/form>\n<\/div>\n<\/h3>\n<p><\/p>","protected":false},"excerpt":{"rendered":"<p>Notre Cabinet souhaite d\u00e9sormais faire partager sa vision novatrice de la pratique du droit tourn\u00e9e vers la flexibilit\u00e9, la technologie et la s\u00e9curisation optimale des donn\u00e9es tout en assurant un strict respect des r\u00e8gles d\u00e9ontologiques. Dans cette optique, nous avons d\u00e9velopp\u00e9 un d\u00e9partement d\u00e9di\u00e9 exclusivement \u00e0 l&rsquo;externalisation du traitement de prestations juridiques r\u00e9currentes et volumineuses [&hellip;]<\/p>\n","protected":false},"author":6,"featured_media":11420,"parent":0,"menu_order":4,"comment_status":"open","ping_status":"open","template":"","meta":{"footnotes":""},"class_list":["post-138","page","type-page","status-publish","has-post-thumbnail","hentry"],"yoast_head":"<!-- This site is optimized with the Yoast SEO plugin v25.5 - https:\/\/yoast.com\/wordpress\/plugins\/seo\/ -->\n<title>LPO - Abitbol Associes<\/title>\n<meta name=\"robots\" content=\"index, follow, max-snippet:-1, max-image-preview:large, max-video-preview:-1\" \/>\n<link rel=\"canonical\" href=\"https:\/\/www.abitbol-associes.com\/fr\/lpo\/\" \/>\n<meta property=\"og:locale\" content=\"fr_FR\" \/>\n<meta property=\"og:type\" content=\"article\" \/>\n<meta property=\"og:title\" content=\"LPO - Abitbol Associes\" \/>\n<meta property=\"og:description\" content=\"Notre Cabinet souhaite d\u00e9sormais faire partager sa vision novatrice de la pratique du droit tourn\u00e9e vers la flexibilit\u00e9, la technologie et la s\u00e9curisation optimale des donn\u00e9es tout en assurant un strict respect des r\u00e8gles d\u00e9ontologiques. Dans cette optique, nous avons d\u00e9velopp\u00e9 un d\u00e9partement d\u00e9di\u00e9 exclusivement \u00e0 l&rsquo;externalisation du traitement de prestations juridiques r\u00e9currentes et volumineuses [&hellip;]\" \/>\n<meta property=\"og:url\" content=\"https:\/\/www.abitbol-associes.com\/fr\/lpo\/\" \/>\n<meta property=\"og:site_name\" content=\"Abitbol Associes\" \/>\n<meta property=\"article:modified_time\" content=\"2026-02-05T09:55:47+00:00\" \/>\n<meta property=\"og:image\" content=\"https:\/\/www.abitbol-associes.com\/wp-content\/uploads\/2026\/02\/Depositphotos_98152746_xl-2015-scaled.jpg\" \/>\n\t<meta property=\"og:image:width\" content=\"2560\" \/>\n\t<meta property=\"og:image:height\" content=\"1707\" \/>\n\t<meta property=\"og:image:type\" content=\"image\/jpeg\" \/>\n<meta name=\"twitter:card\" content=\"summary_large_image\" \/>\n<meta name=\"twitter:label1\" content=\"Dur\u00e9e de lecture estim\u00e9e\" \/>\n\t<meta name=\"twitter:data1\" content=\"3 minutes\" \/>\n<script type=\"application\/ld+json\" class=\"yoast-schema-graph\">{\"@context\":\"https:\/\/schema.org\",\"@graph\":[{\"@type\":\"WebPage\",\"@id\":\"https:\/\/www.abitbol-associes.com\/fr\/lpo\/\",\"url\":\"https:\/\/www.abitbol-associes.com\/fr\/lpo\/\",\"name\":\"LPO - Abitbol Associes\",\"isPartOf\":{\"@id\":\"https:\/\/www.abitbol-associes.com\/fr\/#website\"},\"primaryImageOfPage\":{\"@id\":\"https:\/\/www.abitbol-associes.com\/fr\/lpo\/#primaryimage\"},\"image\":{\"@id\":\"https:\/\/www.abitbol-associes.com\/lpo\/#primaryimage\"},\"thumbnailUrl\":\"https:\/\/www.abitbol-associes.com\/wp-content\/uploads\/2026\/02\/Depositphotos_98152746_xl-2015-scaled.jpg\",\"datePublished\":\"2012-11-15T15:12:14+00:00\",\"dateModified\":\"2026-02-05T09:55:47+00:00\",\"breadcrumb\":{\"@id\":\"https:\/\/www.abitbol-associes.com\/fr\/lpo\/#breadcrumb\"},\"inLanguage\":\"fr-FR\",\"potentialAction\":[{\"@type\":\"ReadAction\",\"target\":[[\"https:\/\/www.abitbol-associes.com\/fr\/lpo\/\"]]}]},{\"@type\":\"ImageObject\",\"inLanguage\":\"fr-FR\",\"@id\":\"https:\/\/www.abitbol-associes.com\/fr\/lpo\/#primaryimage\",\"url\":\"https:\/\/www.abitbol-associes.com\/wp-content\/uploads\/2026\/02\/Depositphotos_98152746_xl-2015-scaled.jpg\",\"contentUrl\":\"https:\/\/www.abitbol-associes.com\/wp-content\/uploads\/2026\/02\/Depositphotos_98152746_xl-2015-scaled.jpg\",\"width\":2560,\"height\":1707},{\"@type\":\"BreadcrumbList\",\"@id\":\"https:\/\/www.abitbol-associes.com\/fr\/lpo\/#breadcrumb\",\"itemListElement\":[{\"@type\":\"ListItem\",\"position\":1,\"name\":\"Home\",\"item\":\"https:\/\/www.abitbol-associes.com\/fr\/\"},{\"@type\":\"ListItem\",\"position\":2,\"name\":\"LPO\"}]},{\"@type\":\"WebSite\",\"@id\":\"https:\/\/www.abitbol-associes.com\/fr\/#website\",\"url\":\"https:\/\/www.abitbol-associes.com\/fr\/\",\"name\":\"Abitbol Associes\",\"description\":\"Parce que votre exigence est notre priorit\u00e9\",\"potentialAction\":[{\"@type\":\"SearchAction\",\"target\":{\"@type\":\"EntryPoint\",\"urlTemplate\":\"https:\/\/www.abitbol-associes.com\/fr\/?s={search_term_string}\"},\"query-input\":{\"@type\":\"PropertyValueSpecification\",\"valueRequired\":true,\"valueName\":\"search_term_string\"}}],\"inLanguage\":\"fr-FR\"}]}<\/script>\n<!-- \/ Yoast SEO plugin. -->","yoast_head_json":{"title":"LPO - Abitbol Associes","robots":{"index":"index","follow":"follow","max-snippet":"max-snippet:-1","max-image-preview":"max-image-preview:large","max-video-preview":"max-video-preview:-1"},"canonical":"https:\/\/www.abitbol-associes.com\/fr\/lpo\/","og_locale":"fr_FR","og_type":"article","og_title":"LPO - Abitbol Associes","og_description":"Notre Cabinet souhaite d\u00e9sormais faire partager sa vision novatrice de la pratique du droit tourn\u00e9e vers la flexibilit\u00e9, la technologie et la s\u00e9curisation optimale des donn\u00e9es tout en assurant un strict respect des r\u00e8gles d\u00e9ontologiques. Dans cette optique, nous avons d\u00e9velopp\u00e9 un d\u00e9partement d\u00e9di\u00e9 exclusivement \u00e0 l&rsquo;externalisation du traitement de prestations juridiques r\u00e9currentes et volumineuses [&hellip;]","og_url":"https:\/\/www.abitbol-associes.com\/fr\/lpo\/","og_site_name":"Abitbol Associes","article_modified_time":"2026-02-05T09:55:47+00:00","og_image":[{"width":2560,"height":1707,"url":"https:\/\/www.abitbol-associes.com\/wp-content\/uploads\/2026\/02\/Depositphotos_98152746_xl-2015-scaled.jpg","type":"image\/jpeg"}],"twitter_card":"summary_large_image","twitter_misc":{"Dur\u00e9e de lecture estim\u00e9e":"3 minutes"},"schema":{"@context":"https:\/\/schema.org","@graph":[{"@type":"WebPage","@id":"https:\/\/www.abitbol-associes.com\/fr\/lpo\/","url":"https:\/\/www.abitbol-associes.com\/fr\/lpo\/","name":"LPO - Abitbol Associes","isPartOf":{"@id":"https:\/\/www.abitbol-associes.com\/fr\/#website"},"primaryImageOfPage":{"@id":"https:\/\/www.abitbol-associes.com\/fr\/lpo\/#primaryimage"},"image":{"@id":"https:\/\/www.abitbol-associes.com\/lpo\/#primaryimage"},"thumbnailUrl":"https:\/\/www.abitbol-associes.com\/wp-content\/uploads\/2026\/02\/Depositphotos_98152746_xl-2015-scaled.jpg","datePublished":"2012-11-15T15:12:14+00:00","dateModified":"2026-02-05T09:55:47+00:00","breadcrumb":{"@id":"https:\/\/www.abitbol-associes.com\/fr\/lpo\/#breadcrumb"},"inLanguage":"fr-FR","potentialAction":[{"@type":"ReadAction","target":[["https:\/\/www.abitbol-associes.com\/fr\/lpo\/"]]}]},{"@type":"ImageObject","inLanguage":"fr-FR","@id":"https:\/\/www.abitbol-associes.com\/fr\/lpo\/#primaryimage","url":"https:\/\/www.abitbol-associes.com\/wp-content\/uploads\/2026\/02\/Depositphotos_98152746_xl-2015-scaled.jpg","contentUrl":"https:\/\/www.abitbol-associes.com\/wp-content\/uploads\/2026\/02\/Depositphotos_98152746_xl-2015-scaled.jpg","width":2560,"height":1707},{"@type":"BreadcrumbList","@id":"https:\/\/www.abitbol-associes.com\/fr\/lpo\/#breadcrumb","itemListElement":[{"@type":"ListItem","position":1,"name":"Home","item":"https:\/\/www.abitbol-associes.com\/fr\/"},{"@type":"ListItem","position":2,"name":"LPO"}]},{"@type":"WebSite","@id":"https:\/\/www.abitbol-associes.com\/fr\/#website","url":"https:\/\/www.abitbol-associes.com\/fr\/","name":"Abitbol Associes","description":"Parce que votre exigence est notre priorit\u00e9","potentialAction":[{"@type":"SearchAction","target":{"@type":"EntryPoint","urlTemplate":"https:\/\/www.abitbol-associes.com\/fr\/?s={search_term_string}"},"query-input":{"@type":"PropertyValueSpecification","valueRequired":true,"valueName":"search_term_string"}}],"inLanguage":"fr-FR"}]}},"_links":{"self":[{"href":"https:\/\/www.abitbol-associes.com\/fr\/wp-json\/wp\/v2\/pages\/138","targetHints":{"allow":["GET"]}}],"collection":[{"href":"https:\/\/www.abitbol-associes.com\/fr\/wp-json\/wp\/v2\/pages"}],"about":[{"href":"https:\/\/www.abitbol-associes.com\/fr\/wp-json\/wp\/v2\/types\/page"}],"author":[{"embeddable":true,"href":"https:\/\/www.abitbol-associes.com\/fr\/wp-json\/wp\/v2\/users\/6"}],"replies":[{"embeddable":true,"href":"https:\/\/www.abitbol-associes.com\/fr\/wp-json\/wp\/v2\/comments?post=138"}],"version-history":[{"count":64,"href":"https:\/\/www.abitbol-associes.com\/fr\/wp-json\/wp\/v2\/pages\/138\/revisions"}],"predecessor-version":[{"id":11447,"href":"https:\/\/www.abitbol-associes.com\/fr\/wp-json\/wp\/v2\/pages\/138\/revisions\/11447"}],"wp:featuredmedia":[{"embeddable":true,"href":"https:\/\/www.abitbol-associes.com\/fr\/wp-json\/wp\/v2\/media\/11420"}],"wp:attachment":[{"href":"https:\/\/www.abitbol-associes.com\/fr\/wp-json\/wp\/v2\/media?parent=138"}],"curies":[{"name":"wp","href":"https:\/\/api.w.org\/{rel}","templated":true}]}}