{"id":130,"date":"2012-11-13T19:10:09","date_gmt":"2012-11-13T19:10:09","guid":{"rendered":"http:\/\/abitbol-associes.com\/?page_id=130"},"modified":"2025-01-28T19:07:16","modified_gmt":"2025-01-28T17:07:16","slug":"lequipe","status":"publish","type":"page","link":"https:\/\/www.abitbol-associes.com\/fr\/lequipe\/","title":{"rendered":"L\u2019\u00e9quipe"},"content":{"rendered":"<p>\n\t\t<div class='et-simple-slider et_sliderfx_fade et_sliderauto_false et_sliderauto_speed_5000 et_slidertype_simple'>\n\t\t\t<div class='et-simple-slides'>\n\t\t\t\t<div class='et-tabs-content-wrapper'>\n\t\t\t\t\t<div class='et_slidecontent'>\n\t\t\t<h3><img loading=\"lazy\" decoding=\"async\" class=\"alignleft size-medium wp-image-483\" title=\"NB160\" src=\"https:\/\/abitbol-associes.com\/wp-content\/uploads\/2012\/11\/NB160-200x300.jpg\" alt=\"\" width=\"200\" height=\"300\" srcset=\"https:\/\/www.abitbol-associes.com\/wp-content\/uploads\/2012\/11\/NB160-200x300.jpg 200w, https:\/\/www.abitbol-associes.com\/wp-content\/uploads\/2012\/11\/NB160-682x1024.jpg 682w\" sizes=\"auto, (max-width: 200px) 100vw, 200px\" \/><strong>Debborah Abitbol, Docteur<\/strong><\/h3>\n<p style=\"text-align: justify;\"><strong>Debborah Abitbol dispose d&rsquo;une expertise reconnue en droit international et notamment en droit international des affaires, droit de la \u00abcommon law\u00bb, droit fiscal international et accompagne \u00e0 ce titre ses clients professionnels et priv\u00e9s qui souhaitent s\u2019implanter en Isra\u00ebl. Elle intervient \u00e9galement en droit p\u00e9nal international et notamment dans des proc\u00e9dures complexes d\u2019extradition entre la France et Isra\u00ebl.<\/strong><\/p>\n<p style=\"text-align: justify;\">Docteur en droit,\u00a0Debborah Abitbol est dipl\u00f4m\u00e9e de l\u2019Ecole doctorale Panth\u00e9on Assas en droit international et de l\u2019Universit\u00e9 de Paris II &#8211; Panth\u00e9on Assas \u2013 (Master \u00abCarri\u00e8res judiciaires\u00bb et DEA \u00abDroit international et Commerce international\u00bb).<\/p>\n<p style=\"text-align: justify;\">Elle est membre du barreau de Paris et de J\u00e9rusalem.<\/p>\n<p style=\"text-align: justify;\">Avant de fonder le cabinet Abitbol &amp; Associ\u00e9s, elle a travaill\u00e9 \u00e0 Paris au sein du d\u00e9partement de droit international du cabinet Clifford Chance ainsi qu\u2019au sein du cabinet Groupe Consultant France, sp\u00e9cialis\u00e9 en fiscalit\u00e9 internationale.<\/p>\n<p style=\"text-align: justify;\">De 2001 \u00e0 2004, elle a travaill\u00e9 aupr\u00e8s du Pr\u00e9sident de la X\u00e8me Chambre B correctionnelle au Palais de Justice de Paris &#8211; section criminalit\u00e9 -, ainsi qu\u2019aupr\u00e8s du Vice Procureur du Parquet de Paris, section A3.<\/p>\n<p style=\"text-align: justify;\">Depuis 2009, Debborah Abitbol est consultante externe pr\u00e8s le Minist\u00e8re de la Justice en Isra\u00ebl \u2013 \u00ab public defender office \u00bb. A ce titre, elle repr\u00e9sente ses clients devant les instances judiciaires isra\u00e9liennes et notamment devant les Cours d\u2019appel et la Cour supr\u00eame.<\/p>\n<p style=\"text-align: justify;\">Elle est \u00e9galement sollicit\u00e9e en qualit\u00e9 d&rsquo;avocate inscrite aux deux barreaux aux fins de r\u00e9diger des expertises dans le cadre de jugements d&rsquo;exequatur civils, commerciaux et p\u00e9naux.<\/p>\n<p><strong>Langues<\/strong> : Fran\u00e7ais, Anglais, H\u00e9breu<\/p>\n<p><strong>Email<\/strong> : <a href=\"mailto:d.abitbol@abitbol-associes.com\">d.abitbol@abitbol-associes.com<\/a><\/p>\n\t\t<\/div>\n<p style=\"text-align: justify;\">\n\t\t<div class='et_slidecontent'>\n\t\t\t<h3 style=\"text-align: justify;\"><strong><img loading=\"lazy\" decoding=\"async\" class=\" wp-image-8260 alignleft\" src=\"https:\/\/www.abitbol-associes.com\/wp-content\/uploads\/2025\/01\/Me-Daniel-Abitbol.jpg\" alt=\"\" width=\"213\" height=\"315\" srcset=\"https:\/\/www.abitbol-associes.com\/wp-content\/uploads\/2025\/01\/Me-Daniel-Abitbol.jpg 591w, https:\/\/www.abitbol-associes.com\/wp-content\/uploads\/2025\/01\/Me-Daniel-Abitbol-203x300.jpg 203w, https:\/\/www.abitbol-associes.com\/wp-content\/uploads\/2025\/01\/Me-Daniel-Abitbol-150x222.jpg 150w\" sizes=\"auto, (max-width: 213px) 100vw, 213px\" \/><\/strong><\/h3>\n<h3><strong>Daniel Abitbol, Associ\u00e9 g\u00e9rant<\/strong><\/h3>\n<p>&nbsp;<\/p>\n<p class=\"whitespace-pre-wrap break-words\"><strong>Avocat isra\u00e9lien, Daniel Abitbol conjugue une expertise approfondie en droit immobilier avec une pratique sp\u00e9cialis\u00e9e dans les domaines des nouvelles technologies et de la blockchain, des crypto-monnaies et du droit de l&rsquo;immigration. Son expertise lui permet d&rsquo;accompagner efficacement particuliers et entreprises dans leurs projets entre la France et Isra\u00ebl.<\/strong><\/p>\n<p class=\"whitespace-pre-wrap break-words\">Dipl\u00f4m\u00e9 d&rsquo;HEC Paris et form\u00e9 \u00e0 l&rsquo;universit\u00e9 de Tel Aviv &#8211; Leon Recanati, il apporte une double comp\u00e9tence juridique et manag\u00e9riale au service de ses clients. \u00c0 la t\u00eate du cabinet Abitbol &amp; Associ\u00e9s, il dirige \u00e9galement la division LPO (Legal Process Outsourcing), optimisant ainsi la prestation des services juridiques.<\/p>\n<p class=\"whitespace-pre-wrap break-words\">Son exp\u00e9rience aupr\u00e8s de cabinets internationaux comme Ernst &amp; Young et SPRIM lui a permis de d\u00e9velopper une approche transversale, alliant expertise juridique et compr\u00e9hension des enjeux business.<\/p>\n<p class=\"whitespace-pre-wrap break-words\">Parfaitement trilingue (fran\u00e7ais, h\u00e9breu, anglais), il accompagne sa client\u00e8le internationale avec la m\u00eame exigence dans ces trois langues.<\/p>\n<p>&nbsp;<\/p>\n<p><strong>Langues<\/strong> : H\u00e9breu,\u00a0Fran\u00e7ais, Anglais<\/p>\n<p><strong>Email<\/strong> : <a href=\"mailto:contact@abitbol-associes.com\">daniel.a@abitbol-associes.com<\/a><\/p>\n\t\t<\/div><\/p>\n<p style=\"text-align: justify;\">\n\t\t<div class='et_slidecontent'>\n\t\t\t<h3><img loading=\"lazy\" decoding=\"async\" class=\"alignleft size-medium wp-image-569\" title=\"NB195\" src=\"https:\/\/abitbol-associes.com\/wp-content\/uploads\/2012\/11\/NB195-200x300.jpg\" alt=\"\" width=\"200\" height=\"300\" srcset=\"https:\/\/www.abitbol-associes.com\/wp-content\/uploads\/2012\/11\/NB195-200x300.jpg 200w, https:\/\/www.abitbol-associes.com\/wp-content\/uploads\/2012\/11\/NB195-682x1024.jpg 682w\" sizes=\"auto, (max-width: 200px) 100vw, 200px\" \/><em><strong>Vered Birger,\u00a0of Counsel<\/strong><\/em><\/h3>\n<p style=\"text-align: justify;\"><strong>Vered Birger\u00a0exerce son activit\u00e9 \u00e0 dominante judiciaire sur l\u2019ensemble du contentieux en droit p\u00e9nal des affaires et droit p\u00e9nal du travail en Isra\u00ebl.\u00a0Elle dispose \u00e9galement d\u2019une expertise de pointe en droit administratif, \u00a0pour laquelle elle aborde <\/strong>\u00a0<strong>tous les<\/strong> <strong>aspects contentieux des diff\u00e9rentes branches du droit public.<\/strong><\/p>\n<p style=\"text-align: justify;\">Vered Birger est en exercice au Barreau d\u2019Isra\u00ebl depuis 1994.<\/p>\n<p style=\"text-align: justify;\">Entre 2009 et 2012, elle a \u00e9galement \u00a0occup\u00e9 le poste de pr\u00e9sidente de la commission p\u00e9nale au sein du Barreau d\u2019Isra\u00ebl.<\/p>\n<p style=\"text-align: justify;\">Vered Birger est dipl\u00f4m\u00e9e du MA et du LLB en droit du Coll\u00e8ge \u00ab\u00a0Menahel\u00a0\u00bb de Tel Aviv.<\/p>\n<p style=\"text-align: justify;\">Elle intervient r\u00e9guli\u00e8rement en qualit\u00e9 de conf\u00e9renci\u00e8re sur des sujets p\u00e9naux.<\/p>\n<p style=\"text-align: justify;\">En 2008 elle a cr\u00e9\u00e9 son propre cabinet, au sein duquel elle traite de nombreux dossiers impliquant des dirigeants de soci\u00e9t\u00e9.<\/p>\n<p style=\"text-align: justify;\">Depuis, elle a rejoint le Cabinet Abitbol &amp; Associes au sein duquel elle apporte son exp\u00e9rience reconnue notamment dans la gestion du contentieux.<\/p>\n<p><strong>Langues<\/strong>\u00a0: H\u00e9breu, Anglais, Arabe<\/p>\n<p><strong>Email<\/strong>\u00a0:\u00a0<a href=\"mailto:contact@abitbol-associes.com\">contact@abitbol-associes.com<\/a><\/p>\n\t\t<\/div><\/p>\n\n\t\t<div class='et_slidecontent'>\n\t\t\t<h3><strong><img loading=\"lazy\" decoding=\"async\" class=\"size-full wp-image-1574 alignleft\" title=\"Benjamin Bonan\" src=\"https:\/\/abitbol-associes.com\/wp-content\/uploads\/2012\/11\/Photo-Benjamin-Bonan.jpg\" alt=\"\" width=\"201\" height=\"298\" \/>Benjamin Bonan, <em>of Counsel<\/em><\/strong><\/h3>\n<p><strong>Benjamin Bonan dispose d\u2019une expertise en droit des affaires et droit des entreprises en difficult\u00e9s.\u00a0<\/strong><strong>Il intervient \u00e9galement \u00e0 ce titre au sein du Cabinet Abitbol &amp; Associ\u00e9s dans le cadre de dossiers complexes en droit p\u00e9nal des affaires et droit fiscal.<\/strong><\/p>\n<p>Doctorant en droit, sous la direction du Professeur F. X. Lucas (Universit\u00e9 Paris I), \u00a0Benjamin Bonan travaille sur le th\u00e8me de La v\u00e9rification du passif dans les proc\u00e9dures collectives. Il est dipl\u00f4m\u00e9 de l\u2019Universit\u00e9 de Paris I \u2013 Panth\u00e9on Sorbonne \u2013 (Master 2 \u00abDroit des affaires et de l\u2019\u00e9conomie\u00bb) \u00a0et de \u00a0l\u2019Universit\u00e9 Paris-Dauphine (Master 2 \u00ab Droit approfondi de l\u2019entreprise\u00bb).<\/p>\n<p>Il est membre du Barreau de Paris depuis 2013.<\/p>\n<p>De 2007 \u00e0 2013, il a effectu\u00e9 divers stages en cabinets d\u2019avocats d\u2019affaires.<\/p>\n<p>En 2011, Benjamin Bonan a publi\u00e9 un article intitul\u00e9 \u00a0<em>La TUP et apports partiel d\u2019actif, entre tensions et apaisements<\/em>, \u00e0 la Revue Droit et affaires. Para\u00eetra prochainement un article relatif \u00e0 l\u2019Expert de l\u2019article 1845-3 du Code civil dont il est \u00e9galement l\u2019auteur.<\/p>\n<p><strong>Langues<\/strong>\u00a0: Fran\u00e7ais, Anglais, H\u00e9breu<\/p>\n<p><strong>Email<\/strong>\u00a0:\u00a0<a href=\"contact@abitbol-associes.com\">contact@abitbol-associes.com<\/a><\/p>\n\t\t<\/div>\n\t\t\t\t<\/div>\n\t\t\t<\/div>\n\t\t<\/div> <!-- .et-simple-slider -->\n\t\t<\/p>","protected":false},"excerpt":{"rendered":"<p>D\u00e9sol\u00e9, cet article est seulement disponible en Hebrew.<\/p>\n","protected":false},"author":6,"featured_media":1557,"parent":0,"menu_order":6,"comment_status":"open","ping_status":"open","template":"page-full.php","meta":{"footnotes":""},"class_list":["post-130","page","type-page","status-publish","has-post-thumbnail","hentry"],"yoast_head":"<!-- This site is optimized with the Yoast SEO plugin v25.5 - https:\/\/yoast.com\/wordpress\/plugins\/seo\/ -->\n<title>L\u2019\u00e9quipe - Abitbol Associes<\/title>\n<meta name=\"robots\" content=\"index, follow, max-snippet:-1, max-image-preview:large, max-video-preview:-1\" \/>\n<link rel=\"canonical\" href=\"https:\/\/www.abitbol-associes.com\/fr\/lequipe\/\" \/>\n<meta property=\"og:locale\" content=\"fr_FR\" \/>\n<meta property=\"og:type\" content=\"article\" \/>\n<meta property=\"og:title\" content=\"L\u2019\u00e9quipe - Abitbol Associes\" \/>\n<meta property=\"og:description\" content=\"D\u00e9sol\u00e9, cet article est seulement disponible en Hebrew.\" \/>\n<meta property=\"og:url\" content=\"https:\/\/www.abitbol-associes.com\/fr\/lequipe\/\" \/>\n<meta property=\"og:site_name\" content=\"Abitbol Associes\" \/>\n<meta property=\"article:modified_time\" content=\"2025-01-28T17:07:16+00:00\" \/>\n<meta property=\"og:image\" content=\"https:\/\/www.abitbol-associes.com\/wp-content\/uploads\/2012\/11\/Slideshow-5-Diaporama.jpg\" \/>\n\t<meta property=\"og:image:width\" content=\"960\" \/>\n\t<meta property=\"og:image:height\" content=\"332\" \/>\n\t<meta property=\"og:image:type\" content=\"image\/jpeg\" \/>\n<meta name=\"twitter:card\" content=\"summary_large_image\" \/>\n<meta name=\"twitter:label1\" content=\"Dur\u00e9e de lecture estim\u00e9e\" \/>\n\t<meta name=\"twitter:data1\" content=\"4 minutes\" \/>\n<script type=\"application\/ld+json\" class=\"yoast-schema-graph\">{\"@context\":\"https:\/\/schema.org\",\"@graph\":[{\"@type\":\"WebPage\",\"@id\":\"https:\/\/www.abitbol-associes.com\/fr\/lequipe\/\",\"url\":\"https:\/\/www.abitbol-associes.com\/fr\/lequipe\/\",\"name\":\"L\u2019\u00e9quipe - Abitbol Associes\",\"isPartOf\":{\"@id\":\"https:\/\/www.abitbol-associes.com\/fr\/#website\"},\"primaryImageOfPage\":{\"@id\":\"https:\/\/www.abitbol-associes.com\/fr\/lequipe\/#primaryimage\"},\"image\":{\"@id\":\"https:\/\/www.abitbol-associes.com\/fr\/lequipe\/#primaryimage\"},\"thumbnailUrl\":\"https:\/\/www.abitbol-associes.com\/wp-content\/uploads\/2012\/11\/Slideshow-5-Diaporama.jpg\",\"datePublished\":\"2012-11-13T19:10:09+00:00\",\"dateModified\":\"2025-01-28T17:07:16+00:00\",\"breadcrumb\":{\"@id\":\"https:\/\/www.abitbol-associes.com\/fr\/lequipe\/#breadcrumb\"},\"inLanguage\":\"fr-FR\",\"potentialAction\":[{\"@type\":\"ReadAction\",\"target\":[[\"https:\/\/www.abitbol-associes.com\/fr\/lequipe\/\"]]}]},{\"@type\":\"ImageObject\",\"inLanguage\":\"fr-FR\",\"@id\":\"https:\/\/www.abitbol-associes.com\/fr\/lequipe\/#primaryimage\",\"url\":\"https:\/\/www.abitbol-associes.com\/wp-content\/uploads\/2012\/11\/Slideshow-5-Diaporama.jpg\",\"contentUrl\":\"https:\/\/www.abitbol-associes.com\/wp-content\/uploads\/2012\/11\/Slideshow-5-Diaporama.jpg\",\"width\":\"960\",\"height\":\"332\"},{\"@type\":\"BreadcrumbList\",\"@id\":\"https:\/\/www.abitbol-associes.com\/fr\/lequipe\/#breadcrumb\",\"itemListElement\":[{\"@type\":\"ListItem\",\"position\":1,\"name\":\"Home\",\"item\":\"https:\/\/www.abitbol-associes.com\/fr\/\"},{\"@type\":\"ListItem\",\"position\":2,\"name\":\"L\u2019\u00e9quipe\"}]},{\"@type\":\"WebSite\",\"@id\":\"https:\/\/www.abitbol-associes.com\/fr\/#website\",\"url\":\"https:\/\/www.abitbol-associes.com\/fr\/\",\"name\":\"Abitbol Associes\",\"description\":\"Parce que votre exigence est notre priorit\u00e9\",\"potentialAction\":[{\"@type\":\"SearchAction\",\"target\":{\"@type\":\"EntryPoint\",\"urlTemplate\":\"https:\/\/www.abitbol-associes.com\/fr\/?s={search_term_string}\"},\"query-input\":{\"@type\":\"PropertyValueSpecification\",\"valueRequired\":true,\"valueName\":\"search_term_string\"}}],\"inLanguage\":\"fr-FR\"}]}<\/script>\n<!-- \/ Yoast SEO plugin. -->","yoast_head_json":{"title":"L\u2019\u00e9quipe - Abitbol Associes","robots":{"index":"index","follow":"follow","max-snippet":"max-snippet:-1","max-image-preview":"max-image-preview:large","max-video-preview":"max-video-preview:-1"},"canonical":"https:\/\/www.abitbol-associes.com\/fr\/lequipe\/","og_locale":"fr_FR","og_type":"article","og_title":"L\u2019\u00e9quipe - Abitbol Associes","og_description":"D\u00e9sol\u00e9, cet article est seulement disponible en Hebrew.","og_url":"https:\/\/www.abitbol-associes.com\/fr\/lequipe\/","og_site_name":"Abitbol Associes","article_modified_time":"2025-01-28T17:07:16+00:00","og_image":[{"width":960,"height":332,"url":"https:\/\/www.abitbol-associes.com\/wp-content\/uploads\/2012\/11\/Slideshow-5-Diaporama.jpg","type":"image\/jpeg"}],"twitter_card":"summary_large_image","twitter_misc":{"Dur\u00e9e de lecture estim\u00e9e":"4 minutes"},"schema":{"@context":"https:\/\/schema.org","@graph":[{"@type":"WebPage","@id":"https:\/\/www.abitbol-associes.com\/fr\/lequipe\/","url":"https:\/\/www.abitbol-associes.com\/fr\/lequipe\/","name":"L\u2019\u00e9quipe - Abitbol Associes","isPartOf":{"@id":"https:\/\/www.abitbol-associes.com\/fr\/#website"},"primaryImageOfPage":{"@id":"https:\/\/www.abitbol-associes.com\/fr\/lequipe\/#primaryimage"},"image":{"@id":"https:\/\/www.abitbol-associes.com\/fr\/lequipe\/#primaryimage"},"thumbnailUrl":"https:\/\/www.abitbol-associes.com\/wp-content\/uploads\/2012\/11\/Slideshow-5-Diaporama.jpg","datePublished":"2012-11-13T19:10:09+00:00","dateModified":"2025-01-28T17:07:16+00:00","breadcrumb":{"@id":"https:\/\/www.abitbol-associes.com\/fr\/lequipe\/#breadcrumb"},"inLanguage":"fr-FR","potentialAction":[{"@type":"ReadAction","target":[["https:\/\/www.abitbol-associes.com\/fr\/lequipe\/"]]}]},{"@type":"ImageObject","inLanguage":"fr-FR","@id":"https:\/\/www.abitbol-associes.com\/fr\/lequipe\/#primaryimage","url":"https:\/\/www.abitbol-associes.com\/wp-content\/uploads\/2012\/11\/Slideshow-5-Diaporama.jpg","contentUrl":"https:\/\/www.abitbol-associes.com\/wp-content\/uploads\/2012\/11\/Slideshow-5-Diaporama.jpg","width":"960","height":"332"},{"@type":"BreadcrumbList","@id":"https:\/\/www.abitbol-associes.com\/fr\/lequipe\/#breadcrumb","itemListElement":[{"@type":"ListItem","position":1,"name":"Home","item":"https:\/\/www.abitbol-associes.com\/fr\/"},{"@type":"ListItem","position":2,"name":"L\u2019\u00e9quipe"}]},{"@type":"WebSite","@id":"https:\/\/www.abitbol-associes.com\/fr\/#website","url":"https:\/\/www.abitbol-associes.com\/fr\/","name":"Abitbol Associes","description":"Parce que votre exigence est notre priorit\u00e9","potentialAction":[{"@type":"SearchAction","target":{"@type":"EntryPoint","urlTemplate":"https:\/\/www.abitbol-associes.com\/fr\/?s={search_term_string}"},"query-input":{"@type":"PropertyValueSpecification","valueRequired":true,"valueName":"search_term_string"}}],"inLanguage":"fr-FR"}]}},"_links":{"self":[{"href":"https:\/\/www.abitbol-associes.com\/fr\/wp-json\/wp\/v2\/pages\/130","targetHints":{"allow":["GET"]}}],"collection":[{"href":"https:\/\/www.abitbol-associes.com\/fr\/wp-json\/wp\/v2\/pages"}],"about":[{"href":"https:\/\/www.abitbol-associes.com\/fr\/wp-json\/wp\/v2\/types\/page"}],"author":[{"embeddable":true,"href":"https:\/\/www.abitbol-associes.com\/fr\/wp-json\/wp\/v2\/users\/6"}],"replies":[{"embeddable":true,"href":"https:\/\/www.abitbol-associes.com\/fr\/wp-json\/wp\/v2\/comments?post=130"}],"version-history":[{"count":279,"href":"https:\/\/www.abitbol-associes.com\/fr\/wp-json\/wp\/v2\/pages\/130\/revisions"}],"predecessor-version":[{"id":8266,"href":"https:\/\/www.abitbol-associes.com\/fr\/wp-json\/wp\/v2\/pages\/130\/revisions\/8266"}],"wp:featuredmedia":[{"embeddable":true,"href":"https:\/\/www.abitbol-associes.com\/fr\/wp-json\/wp\/v2\/media\/1557"}],"wp:attachment":[{"href":"https:\/\/www.abitbol-associes.com\/fr\/wp-json\/wp\/v2\/media?parent=130"}],"curies":[{"name":"wp","href":"https:\/\/api.w.org\/{rel}","templated":true}]}}