{"id":120,"date":"2012-11-13T19:04:23","date_gmt":"2012-11-13T19:04:23","guid":{"rendered":"http:\/\/abitbol-associes.com\/?page_id=120"},"modified":"2018-02-27T09:08:39","modified_gmt":"2018-02-27T09:08:39","slug":"carrieres","status":"publish","type":"page","link":"https:\/\/www.abitbol-associes.com\/fr\/carrieres\/","title":{"rendered":"Carri\u00e8res"},"content":{"rendered":"<p><a href=\"https:\/\/abitbol-associes.com\/wp-content\/uploads\/2012\/11\/Picture-18-copy.jpg\"><img decoding=\"async\" class=\"alignnone  wp-image-211\" title=\"Hand Passing Baton, Motion Blur\" src=\"https:\/\/abitbol-associes.com\/wp-content\/uploads\/2012\/11\/Picture-18-copy.jpg\" alt=\"\" width=\"880\" srcset=\"https:\/\/www.abitbol-associes.com\/wp-content\/uploads\/2012\/11\/Picture-18-copy.jpg 960w, https:\/\/www.abitbol-associes.com\/wp-content\/uploads\/2012\/11\/Picture-18-copy-300x95.jpg 300w\" sizes=\"(max-width: 960px) 100vw, 960px\" \/><\/a><\/p>\n<p style=\"text-align: justify;\">Le Cabinet Abitbol &amp; Associ\u00e9s recherche \u00e0 s\u2019enrichir de nouveaux talents partageant ses valeurs et son ouverture.<\/p>\n<p style=\"text-align: justify;\">Si vous \u00eates titulaire du barreau fran\u00e7ais et\/ou isra\u00e9lien et que vous justifiez d\u2019un excellent parcours universitaire ainsi que d\u2019une tr\u00e8s bonne maitrise d\u2019au moins deux langues (fran\u00e7ais, anglais ou h\u00e9breu de pr\u00e9f\u00e9rence), merci d\u2019adresser vos candidatures par e-mail \u00e0 : <a href=\"mailto:contact@abitbol-associes.com\">contact@abitbol-associes.com<\/a><\/p>\n<p><\/p>","protected":false},"excerpt":{"rendered":"<p>Le Cabinet Abitbol &amp; Associ\u00e9s recherche \u00e0 s\u2019enrichir de nouveaux talents partageant ses valeurs et son ouverture. Si vous \u00eates titulaire du barreau fran\u00e7ais et\/ou isra\u00e9lien et que vous justifiez d\u2019un excellent parcours universitaire ainsi que d\u2019une tr\u00e8s bonne maitrise d\u2019au moins deux langues (fran\u00e7ais, anglais ou h\u00e9breu de pr\u00e9f\u00e9rence), merci d\u2019adresser vos candidatures par [&hellip;]<\/p>\n","protected":false},"author":6,"featured_media":0,"parent":0,"menu_order":0,"comment_status":"open","ping_status":"open","template":"page-full.php","meta":{"footnotes":""},"class_list":["post-120","page","type-page","status-publish","hentry"],"yoast_head":"<!-- This site is optimized with the Yoast SEO plugin v25.5 - https:\/\/yoast.com\/wordpress\/plugins\/seo\/ -->\n<title>Carri\u00e8res - Abitbol Associes<\/title>\n<meta name=\"robots\" content=\"index, follow, max-snippet:-1, max-image-preview:large, max-video-preview:-1\" \/>\n<link rel=\"canonical\" href=\"https:\/\/www.abitbol-associes.com\/fr\/carrieres\/\" \/>\n<meta property=\"og:locale\" content=\"fr_FR\" \/>\n<meta property=\"og:type\" content=\"article\" \/>\n<meta property=\"og:title\" content=\"Carri\u00e8res - Abitbol Associes\" \/>\n<meta property=\"og:description\" content=\"Le Cabinet Abitbol &amp; Associ\u00e9s recherche \u00e0 s\u2019enrichir de nouveaux talents partageant ses valeurs et son ouverture. Si vous \u00eates titulaire du barreau fran\u00e7ais et\/ou isra\u00e9lien et que vous justifiez d\u2019un excellent parcours universitaire ainsi que d\u2019une tr\u00e8s bonne maitrise d\u2019au moins deux langues (fran\u00e7ais, anglais ou h\u00e9breu de pr\u00e9f\u00e9rence), merci d\u2019adresser vos candidatures par [&hellip;]\" \/>\n<meta property=\"og:url\" content=\"https:\/\/www.abitbol-associes.com\/fr\/carrieres\/\" \/>\n<meta property=\"og:site_name\" content=\"Abitbol Associes\" \/>\n<meta property=\"article:modified_time\" content=\"2018-02-27T09:08:39+00:00\" \/>\n<meta property=\"og:image\" content=\"https:\/\/abitbol-associes.com\/wp-content\/uploads\/2012\/11\/Picture-18-copy.jpg\" \/>\n<meta name=\"twitter:card\" content=\"summary_large_image\" \/>\n<meta name=\"twitter:label1\" content=\"Dur\u00e9e de lecture estim\u00e9e\" \/>\n\t<meta name=\"twitter:data1\" content=\"1 minute\" \/>\n<script type=\"application\/ld+json\" class=\"yoast-schema-graph\">{\"@context\":\"https:\/\/schema.org\",\"@graph\":[{\"@type\":\"WebPage\",\"@id\":\"https:\/\/www.abitbol-associes.com\/fr\/carrieres\/\",\"url\":\"https:\/\/www.abitbol-associes.com\/fr\/carrieres\/\",\"name\":\"Carri\u00e8res - Abitbol Associes\",\"isPartOf\":{\"@id\":\"https:\/\/www.abitbol-associes.com\/fr\/#website\"},\"primaryImageOfPage\":{\"@id\":\"https:\/\/www.abitbol-associes.com\/fr\/carrieres\/#primaryimage\"},\"image\":{\"@id\":\"https:\/\/www.abitbol-associes.com\/fr\/carrieres\/#primaryimage\"},\"thumbnailUrl\":\"https:\/\/abitbol-associes.com\/wp-content\/uploads\/2012\/11\/Picture-18-copy.jpg\",\"datePublished\":\"2012-11-13T19:04:23+00:00\",\"dateModified\":\"2018-02-27T09:08:39+00:00\",\"breadcrumb\":{\"@id\":\"https:\/\/www.abitbol-associes.com\/fr\/carrieres\/#breadcrumb\"},\"inLanguage\":\"fr-FR\",\"potentialAction\":[{\"@type\":\"ReadAction\",\"target\":[[\"https:\/\/www.abitbol-associes.com\/fr\/carrieres\/\"]]}]},{\"@type\":\"ImageObject\",\"inLanguage\":\"fr-FR\",\"@id\":\"https:\/\/www.abitbol-associes.com\/fr\/carrieres\/#primaryimage\",\"url\":\"https:\/\/abitbol-associes.com\/wp-content\/uploads\/2012\/11\/Picture-18-copy.jpg\",\"contentUrl\":\"https:\/\/abitbol-associes.com\/wp-content\/uploads\/2012\/11\/Picture-18-copy.jpg\"},{\"@type\":\"BreadcrumbList\",\"@id\":\"https:\/\/www.abitbol-associes.com\/fr\/carrieres\/#breadcrumb\",\"itemListElement\":[{\"@type\":\"ListItem\",\"position\":1,\"name\":\"Home\",\"item\":\"https:\/\/www.abitbol-associes.com\/fr\/\"},{\"@type\":\"ListItem\",\"position\":2,\"name\":\"Carri\u00e8res\"}]},{\"@type\":\"WebSite\",\"@id\":\"https:\/\/www.abitbol-associes.com\/fr\/#website\",\"url\":\"https:\/\/www.abitbol-associes.com\/fr\/\",\"name\":\"Abitbol Associes\",\"description\":\"Parce que votre exigence est notre priorit\u00e9\",\"potentialAction\":[{\"@type\":\"SearchAction\",\"target\":{\"@type\":\"EntryPoint\",\"urlTemplate\":\"https:\/\/www.abitbol-associes.com\/fr\/?s={search_term_string}\"},\"query-input\":{\"@type\":\"PropertyValueSpecification\",\"valueRequired\":true,\"valueName\":\"search_term_string\"}}],\"inLanguage\":\"fr-FR\"}]}<\/script>\n<!-- \/ Yoast SEO plugin. -->","yoast_head_json":{"title":"Carri\u00e8res - Abitbol Associes","robots":{"index":"index","follow":"follow","max-snippet":"max-snippet:-1","max-image-preview":"max-image-preview:large","max-video-preview":"max-video-preview:-1"},"canonical":"https:\/\/www.abitbol-associes.com\/fr\/carrieres\/","og_locale":"fr_FR","og_type":"article","og_title":"Carri\u00e8res - Abitbol Associes","og_description":"Le Cabinet Abitbol &amp; Associ\u00e9s recherche \u00e0 s\u2019enrichir de nouveaux talents partageant ses valeurs et son ouverture. Si vous \u00eates titulaire du barreau fran\u00e7ais et\/ou isra\u00e9lien et que vous justifiez d\u2019un excellent parcours universitaire ainsi que d\u2019une tr\u00e8s bonne maitrise d\u2019au moins deux langues (fran\u00e7ais, anglais ou h\u00e9breu de pr\u00e9f\u00e9rence), merci d\u2019adresser vos candidatures par [&hellip;]","og_url":"https:\/\/www.abitbol-associes.com\/fr\/carrieres\/","og_site_name":"Abitbol Associes","article_modified_time":"2018-02-27T09:08:39+00:00","og_image":[{"url":"https:\/\/abitbol-associes.com\/wp-content\/uploads\/2012\/11\/Picture-18-copy.jpg","type":"","width":"","height":""}],"twitter_card":"summary_large_image","twitter_misc":{"Dur\u00e9e de lecture estim\u00e9e":"1 minute"},"schema":{"@context":"https:\/\/schema.org","@graph":[{"@type":"WebPage","@id":"https:\/\/www.abitbol-associes.com\/fr\/carrieres\/","url":"https:\/\/www.abitbol-associes.com\/fr\/carrieres\/","name":"Carri\u00e8res - Abitbol Associes","isPartOf":{"@id":"https:\/\/www.abitbol-associes.com\/fr\/#website"},"primaryImageOfPage":{"@id":"https:\/\/www.abitbol-associes.com\/fr\/carrieres\/#primaryimage"},"image":{"@id":"https:\/\/www.abitbol-associes.com\/fr\/carrieres\/#primaryimage"},"thumbnailUrl":"https:\/\/abitbol-associes.com\/wp-content\/uploads\/2012\/11\/Picture-18-copy.jpg","datePublished":"2012-11-13T19:04:23+00:00","dateModified":"2018-02-27T09:08:39+00:00","breadcrumb":{"@id":"https:\/\/www.abitbol-associes.com\/fr\/carrieres\/#breadcrumb"},"inLanguage":"fr-FR","potentialAction":[{"@type":"ReadAction","target":[["https:\/\/www.abitbol-associes.com\/fr\/carrieres\/"]]}]},{"@type":"ImageObject","inLanguage":"fr-FR","@id":"https:\/\/www.abitbol-associes.com\/fr\/carrieres\/#primaryimage","url":"https:\/\/abitbol-associes.com\/wp-content\/uploads\/2012\/11\/Picture-18-copy.jpg","contentUrl":"https:\/\/abitbol-associes.com\/wp-content\/uploads\/2012\/11\/Picture-18-copy.jpg"},{"@type":"BreadcrumbList","@id":"https:\/\/www.abitbol-associes.com\/fr\/carrieres\/#breadcrumb","itemListElement":[{"@type":"ListItem","position":1,"name":"Home","item":"https:\/\/www.abitbol-associes.com\/fr\/"},{"@type":"ListItem","position":2,"name":"Carri\u00e8res"}]},{"@type":"WebSite","@id":"https:\/\/www.abitbol-associes.com\/fr\/#website","url":"https:\/\/www.abitbol-associes.com\/fr\/","name":"Abitbol Associes","description":"Parce que votre exigence est notre priorit\u00e9","potentialAction":[{"@type":"SearchAction","target":{"@type":"EntryPoint","urlTemplate":"https:\/\/www.abitbol-associes.com\/fr\/?s={search_term_string}"},"query-input":{"@type":"PropertyValueSpecification","valueRequired":true,"valueName":"search_term_string"}}],"inLanguage":"fr-FR"}]}},"_links":{"self":[{"href":"https:\/\/www.abitbol-associes.com\/fr\/wp-json\/wp\/v2\/pages\/120","targetHints":{"allow":["GET"]}}],"collection":[{"href":"https:\/\/www.abitbol-associes.com\/fr\/wp-json\/wp\/v2\/pages"}],"about":[{"href":"https:\/\/www.abitbol-associes.com\/fr\/wp-json\/wp\/v2\/types\/page"}],"author":[{"embeddable":true,"href":"https:\/\/www.abitbol-associes.com\/fr\/wp-json\/wp\/v2\/users\/6"}],"replies":[{"embeddable":true,"href":"https:\/\/www.abitbol-associes.com\/fr\/wp-json\/wp\/v2\/comments?post=120"}],"version-history":[{"count":27,"href":"https:\/\/www.abitbol-associes.com\/fr\/wp-json\/wp\/v2\/pages\/120\/revisions"}],"predecessor-version":[{"id":2515,"href":"https:\/\/www.abitbol-associes.com\/fr\/wp-json\/wp\/v2\/pages\/120\/revisions\/2515"}],"wp:attachment":[{"href":"https:\/\/www.abitbol-associes.com\/fr\/wp-json\/wp\/v2\/media?parent=120"}],"curies":[{"name":"wp","href":"https:\/\/api.w.org\/{rel}","templated":true}]}}