{"id":10463,"date":"2025-07-17T11:18:44","date_gmt":"2025-07-17T08:18:44","guid":{"rendered":"https:\/\/www.abitbol-associes.com\/fr\/?page_id=10463"},"modified":"2025-07-27T08:08:47","modified_gmt":"2025-07-27T05:08:47","slug":"obtenir-la-nationalite-polonaise-par-ascendance","status":"publish","type":"page","link":"https:\/\/www.abitbol-associes.com\/fr\/obtenir-la-nationalite-polonaise-par-ascendance\/","title":{"rendered":"Obtenir la Nationalit\u00e9 Polonaise par Ascendance !"},"content":{"rendered":"<p><img loading=\"lazy\" decoding=\"async\" class=\"aligncenter wp-image-10231\" src=\"https:\/\/www.abitbol-associes.com\/wp-content\/uploads\/2025\/07\/Obtenir-la-nationalite-polonaise-par-ascendance-2.png\" alt=\"\" width=\"285\" height=\"427\" srcset=\"https:\/\/www.abitbol-associes.com\/wp-content\/uploads\/2025\/07\/Obtenir-la-nationalite-polonaise-par-ascendance-2.png 1024w, https:\/\/www.abitbol-associes.com\/wp-content\/uploads\/2025\/07\/Obtenir-la-nationalite-polonaise-par-ascendance-2-200x300.png 200w, https:\/\/www.abitbol-associes.com\/wp-content\/uploads\/2025\/07\/Obtenir-la-nationalite-polonaise-par-ascendance-2-683x1024.png 683w, https:\/\/www.abitbol-associes.com\/wp-content\/uploads\/2025\/07\/Obtenir-la-nationalite-polonaise-par-ascendance-2-768x1152.png 768w, https:\/\/www.abitbol-associes.com\/wp-content\/uploads\/2025\/07\/Obtenir-la-nationalite-polonaise-par-ascendance-2-150x225.png 150w\" sizes=\"auto, (max-width: 285px) 100vw, 285px\" \/><\/p>\n<p><strong>Depuis plusieurs ann\u00e9es, de nombreuses personnes d\u2019origine polonaise red\u00e9couvrent leurs racines et souhaitent obtenir la nationalit\u00e9 polonaise, cette d\u00e9marche ne s\u2019inscrit pas dans le cadre d\u2019une naturalisation, mais d\u2019une confirmation d\u2019un droit d\u00e9j\u00e0 existant, transmis par le sang.<\/strong><\/p>\n<p><strong>Notre Cabinet a mis en place un d\u00e9partement sp\u00e9cifiquement d\u00e9di\u00e9 \u00e0 cette proc\u00e9dure, fond\u00e9 sur une expertise rigoureuse du droit polonais de la nationalit\u00e9.<\/strong><\/p>\n<h2><strong><u>Un droit fond\u00e9 sur la filiation : la confirmation de nationalit\u00e9 polonaise :<\/u><\/strong><\/h2>\n<p>La Pologne applique le principe du <em>\u00ab\u00a0jus sanguinis\u00a0\u00bb,<\/em> c\u2019est-\u00e0-dire que la nationalit\u00e9 se transmet de mani\u00e8re automatique par la filiation.<\/p>\n<p>Ainsi, le requ\u00e9rant qui apportera les preuves que l\u2019un de ses ascendants (p\u00e8re, m\u00e8re, grand-parent, voire arri\u00e8re-grand-parent) \u00e9tait citoyen polonais apr\u00e8s 1920, pourra pr\u00e9tendre \u00e0 la citoyennet\u00e9 polonaise de naissance.<\/p>\n<p>Il ne s\u2019agit donc pas d\u2019une acquisition, mais d\u2019une reconnaissance administrative de ce statut, sur pr\u00e9sentation des preuves ad\u00e9quates.<\/p>\n<p>Ce droit est reconnu par application des dispositions de la loi polonaise sur la nationalit\u00e9 du 2 avril 2009.<\/p>\n<h2><strong><u>Les principales conditions :<\/u><\/strong><\/h2>\n<ul>\n<li><em> Avoir un ascendant polonais vivant apr\u00e8s 1920<\/em><\/li>\n<li><em> Prouver la cha\u00eene de filiation <\/em><\/li>\n<li><em> D\u00e9montrer que la nationalit\u00e9 polonaise n\u2019a pas \u00e9t\u00e9 perdue par l\u2019ascendant (par naturalisation \u00e9trang\u00e8re, service militaire \u00e9tranger, etc.)<\/em><\/li>\n<\/ul>\n<h2><strong><u>Une d\u00e9marche administrative complexe\u00a0:<\/u><\/strong><\/h2>\n<p>La proc\u00e9dure consiste \u00e0 d\u00e9poser un dossier complet aupr\u00e8s des autorit\u00e9s polonaises ou du consulat de Pologne.<\/p>\n<p><u>Elle requiert notamment :<\/u><\/p>\n<ul>\n<li>La collecte de documents d\u2019\u00e9tat civil sur plusieurs g\u00e9n\u00e9rations<\/li>\n<li>La recherche d\u2019archives polonaises anciennes<\/li>\n<li>La traduction certifi\u00e9e en polonais de tous les documents \u00e9trangers<\/li>\n<li>Le respect strict du formalisme et des exigences administratives locales<\/li>\n<\/ul>\n<p><u>Les d\u00e9lais d\u2019obtention varient entre 6 et 24 mois selon la complexit\u00e9 du dossier.<\/u><\/p>\n<h2><strong><u>L\u2019accompagnement de notre Cabinet\u00a0:<\/u><\/strong><\/h2>\n<p>Face \u00e0 la complexit\u00e9 et \u00e0 la technicit\u00e9 de cette proc\u00e9dure, notre Cabinet vous propose une prise en charge compl\u00e8te, de la premi\u00e8re \u00e9valuation \u00e0 la d\u00e9cision finale.<\/p>\n<p><u>Nos services incluent :<\/u><\/p>\n<ul>\n<li><em> Une analyse approfondie de votre situation g\u00e9n\u00e9alogique et juridique<\/em><\/li>\n<li><em> La constitution du dossier complet, avec assistance dans la collecte de documents<\/em><\/li>\n<li><em> La recherche d\u2019archives en Pologne, en collaboration avec des partenaires locaux<\/em><\/li>\n<li><em> La traduction officielle par des traducteurs asserment\u00e9s<\/em><\/li>\n<li><em> La r\u00e9daction des formulaires et lettres officielles en polonais<\/em><\/li>\n<li><em> Le suivi de votre dossier aupr\u00e8s des autorit\u00e9s polonaises ou consulat<\/em><\/li>\n<\/ul>\n<p>Notre Cabinet agit, si n\u00e9cessaire, en tant que mandataire autoris\u00e9 aupr\u00e8s des administrations polonaises, vous \u00e9vitant ainsi toute d\u00e9marche directe.<\/p>\n<h2><strong><u>Une nationalit\u00e9 europ\u00e9enne aux nombreux avantages\u00a0:<\/u><\/strong><\/h2>\n<p><u>\u00catre reconnu citoyen polonais signifie :<\/u><\/p>\n<ul>\n<li><em> Obtenir un passeport europ\u00e9en valable dans tous les pays de l\u2019Union<\/em><\/li>\n<li><em> Avoir le droit de r\u00e9sider, travailler et \u00e9tudier librement dans l\u2019UE<\/em><\/li>\n<li><em> Transmettre la nationalit\u00e9 \u00e0 ses enfants<\/em><\/li>\n<li><em> Retrouver une partie de son identit\u00e9 et de son histoire familiale<\/em><\/li>\n<\/ul>\n<p>\n\t\t<div class='author-shortcodes'>\n\t\t\t<div class='author-inner'>\n\t\t\t\t<div class='author-image'>\n\t\t\t<img src='https:\/\/abitbol-associes.com\/wp-content\/uploads\/2013\/06\/Logo-Carr\u00e9.jpg' alt='' \/>\n\t\t\t<div class='author-overlay'><\/div>\n\t\t<\/div> <!-- .author-image --><\/p>\n<p><strong>C\u2019est fort d\u2019une exp\u00e9rience reconnue en la mati\u00e8re que le Cabinet ABITBOL &amp; ASSOCIES sera parfaitement en mesure de vous assister lors \u00e0 la constitution de votre dossier mais \u00e9galement de s\u2019assurer d\u2019un accompagnement circonstanci\u00e9 en amont afin de d\u2019\u00e9viter tout \u00e9cueils quant \u00e0 sa validit\u00e9.<\/strong><\/p>\n<p><strong>Qu\u2019\u00e0 cet \u00e9gard, nous nous tenons \u00e0 votre pleine et enti\u00e8re disposition pour toutes demandes d\u2019informations compl\u00e9mentaires.<\/strong><\/p>\n<p><strong>En ce sens, nous vous remercions de bien vouloir compl\u00e9ter le formulaire de contact d\u00e9di\u00e9.<\/strong><\/p>\n<p><strong>\n\t\t\t<\/div> <!-- .author-inner -->\n\t\t<\/div> <!-- .author-shortcodes --><\/strong><\/p>\n<p>&nbsp;<\/p>\n<p style=\"text-align: justify;\"><img loading=\"lazy\" decoding=\"async\" class=\"aligncenter wp-image-3023\" src=\"https:\/\/abitbol-associes.com\/wp-content\/uploads\/2020\/05\/Logo-AA.jpg\" alt=\"\" width=\"431\" height=\"138\" srcset=\"https:\/\/www.abitbol-associes.com\/wp-content\/uploads\/2020\/05\/Logo-AA.jpg 646w, https:\/\/www.abitbol-associes.com\/wp-content\/uploads\/2020\/05\/Logo-AA-300x96.jpg 300w, https:\/\/www.abitbol-associes.com\/wp-content\/uploads\/2020\/05\/Logo-AA-150x48.jpg 150w\" sizes=\"auto, (max-width: 431px) 100vw, 431px\" \/><\/p>\n<p style=\"text-align: center;\">13 Av Bugeaud &#8211; Paris 16\u1d49<br \/>\nTel: + 33 (0)1 78 90 03 73<br \/>\nFax: + 33 (0)1 77 74 63 99<\/p>\n<p style=\"text-align: center;\">13 rue Shimon ben Shetah, 9414713, J\u00e9rusalem<br \/>\nTel: + 972 (0)2 595 63 45<br \/>\nFax: + 972 (0)2 591 63 26<\/p>\n<p style=\"text-align: center;\"><a href=\"https:\/\/abitbol-associes.com\/\">contact@abitbol-associes.com<\/a><\/p>\n<h3 style=\"text-align: center;\">\n\t\t<div class='et_quote quote-center'>\n\t\t\t<div class='et_right_quote'>\n\t\t\t\tContactez-nous\n\t\t\t\t<span class='et_quote_additional_sign'><\/span>\n\t\t\t<\/div>\n\t\t\t<span class='et_quote_sign'><\/span>\n\t\t<\/div>\n\t<\/h3>\n<h3 style=\"text-align: center;\">Pour toute question relative \u00e0 votre situation personnelle, merci de nous laisser un message:\n<div class=\"wpcf7 no-js\" id=\"wpcf7-f1230-o1\" lang=\"en-US\" dir=\"ltr\" data-wpcf7-id=\"1230\">\n<div class=\"screen-reader-response\"><p role=\"status\" aria-live=\"polite\" aria-atomic=\"true\"><\/p> <ul><\/ul><\/div>\n<form action=\"\/fr\/wp-json\/wp\/v2\/pages\/10463#wpcf7-f1230-o1\" method=\"post\" class=\"wpcf7-form init\" aria-label=\"Contact form\" novalidate=\"novalidate\" data-status=\"init\">\n<fieldset class=\"hidden-fields-container\"><input type=\"hidden\" name=\"_wpcf7\" value=\"1230\" \/><input type=\"hidden\" name=\"_wpcf7_version\" value=\"6.1\" \/><input type=\"hidden\" name=\"_wpcf7_locale\" value=\"en_US\" \/><input type=\"hidden\" name=\"_wpcf7_unit_tag\" value=\"wpcf7-f1230-o1\" \/><input type=\"hidden\" name=\"_wpcf7_container_post\" value=\"0\" \/><input type=\"hidden\" name=\"_wpcf7_posted_data_hash\" value=\"\" \/><input type=\"hidden\" name=\"_wpcf7_recaptcha_response\" value=\"\" \/>\n<\/fieldset>\n<p>Votre nom (obligatoire)\n<\/p>\n<p><span class=\"wpcf7-form-control-wrap\" data-name=\"your-name\"><input size=\"40\" maxlength=\"400\" class=\"wpcf7-form-control wpcf7-text wpcf7-validates-as-required\" aria-required=\"true\" aria-invalid=\"false\" value=\"\" type=\"text\" name=\"your-name\" \/><\/span>\n<\/p>\n<p>Votre email (obligatoire)\n<\/p>\n<p><span class=\"wpcf7-form-control-wrap\" data-name=\"your-email\"><input size=\"40\" maxlength=\"400\" class=\"wpcf7-form-control wpcf7-email wpcf7-validates-as-required wpcf7-text wpcf7-validates-as-email\" aria-required=\"true\" aria-invalid=\"false\" value=\"\" type=\"email\" name=\"your-email\" \/><\/span>\n<\/p>\n<p>Votre num\u00e9ro de t\u00e9l\u00e9phone (obligatoire)\n<\/p>\n<p><span class=\"wpcf7-form-control-wrap\" data-name=\"your-tel\"><input size=\"40\" maxlength=\"400\" class=\"wpcf7-form-control wpcf7-tel wpcf7-validates-as-required wpcf7-text wpcf7-validates-as-tel\" aria-required=\"true\" aria-invalid=\"false\" value=\"\" type=\"tel\" name=\"your-tel\" \/><\/span>\n<\/p>\n<p>Sujet\n<\/p>\n<p><span class=\"wpcf7-form-control-wrap\" data-name=\"your-subject\"><input size=\"40\" maxlength=\"400\" class=\"wpcf7-form-control wpcf7-text\" aria-invalid=\"false\" value=\"\" type=\"text\" name=\"your-subject\" \/><\/span>\n<\/p>\n<p>Votre message\n<\/p>\n<p><span class=\"wpcf7-form-control-wrap\" data-name=\"your-message\"><textarea cols=\"40\" rows=\"10\" maxlength=\"2000\" class=\"wpcf7-form-control wpcf7-textarea\" aria-invalid=\"false\" name=\"your-message\"><\/textarea><\/span>\n<\/p>\n\n<p><input class=\"wpcf7-form-control wpcf7-submit has-spinner\" type=\"submit\" value=\"Envoyer\" \/>\n<\/p><div class=\"wpcf7-response-output\" aria-hidden=\"true\"><\/div>\n<\/form>\n<\/div>\n<\/h3>\n<p><\/p>","protected":false},"excerpt":{"rendered":"<p>Depuis plusieurs ann\u00e9es, de nombreuses personnes d\u2019origine polonaise red\u00e9couvrent leurs racines et souhaitent obtenir la nationalit\u00e9 polonaise, cette d\u00e9marche ne s\u2019inscrit pas dans le cadre d\u2019une naturalisation, mais d\u2019une confirmation d\u2019un droit d\u00e9j\u00e0 existant, transmis par le sang. Notre Cabinet a mis en place un d\u00e9partement sp\u00e9cifiquement d\u00e9di\u00e9 \u00e0 cette proc\u00e9dure, fond\u00e9 sur une expertise [&hellip;]<\/p>\n","protected":false},"author":2,"featured_media":0,"parent":0,"menu_order":0,"comment_status":"closed","ping_status":"closed","template":"","meta":{"footnotes":""},"class_list":["post-10463","page","type-page","status-publish","hentry"],"yoast_head":"<!-- This site is optimized with the Yoast SEO plugin v25.5 - https:\/\/yoast.com\/wordpress\/plugins\/seo\/ -->\n<title>Obtenir la Nationalit\u00e9 Polonaise par Ascendance ! - Abitbol Associes<\/title>\n<meta name=\"robots\" content=\"index, follow, max-snippet:-1, max-image-preview:large, max-video-preview:-1\" \/>\n<link rel=\"canonical\" href=\"https:\/\/www.abitbol-associes.com\/fr\/obtenir-la-nationalite-polonaise-par-ascendance\/\" \/>\n<meta property=\"og:locale\" content=\"fr_FR\" \/>\n<meta property=\"og:type\" content=\"article\" \/>\n<meta property=\"og:title\" content=\"Obtenir la Nationalit\u00e9 Polonaise par Ascendance ! - Abitbol Associes\" \/>\n<meta property=\"og:description\" content=\"Depuis plusieurs ann\u00e9es, de nombreuses personnes d\u2019origine polonaise red\u00e9couvrent leurs racines et souhaitent obtenir la nationalit\u00e9 polonaise, cette d\u00e9marche ne s\u2019inscrit pas dans le cadre d\u2019une naturalisation, mais d\u2019une confirmation d\u2019un droit d\u00e9j\u00e0 existant, transmis par le sang. Notre Cabinet a mis en place un d\u00e9partement sp\u00e9cifiquement d\u00e9di\u00e9 \u00e0 cette proc\u00e9dure, fond\u00e9 sur une expertise [&hellip;]\" \/>\n<meta property=\"og:url\" content=\"https:\/\/www.abitbol-associes.com\/fr\/obtenir-la-nationalite-polonaise-par-ascendance\/\" \/>\n<meta property=\"og:site_name\" content=\"Abitbol Associes\" \/>\n<meta property=\"article:modified_time\" content=\"2025-07-27T05:08:47+00:00\" \/>\n<meta property=\"og:image\" content=\"https:\/\/www.abitbol-associes.com\/wp-content\/uploads\/2025\/07\/Obtenir-la-nationalite-polonaise-par-ascendance-2-683x1024.png\" \/>\n\t<meta property=\"og:image:width\" content=\"683\" \/>\n\t<meta property=\"og:image:height\" content=\"1024\" \/>\n\t<meta property=\"og:image:type\" content=\"image\/png\" \/>\n<meta name=\"twitter:card\" content=\"summary_large_image\" \/>\n<meta name=\"twitter:label1\" content=\"Dur\u00e9e de lecture estim\u00e9e\" \/>\n\t<meta name=\"twitter:data1\" content=\"3 minutes\" \/>\n<script type=\"application\/ld+json\" class=\"yoast-schema-graph\">{\"@context\":\"https:\/\/schema.org\",\"@graph\":[{\"@type\":\"WebPage\",\"@id\":\"https:\/\/www.abitbol-associes.com\/fr\/obtenir-la-nationalite-polonaise-par-ascendance\/\",\"url\":\"https:\/\/www.abitbol-associes.com\/fr\/obtenir-la-nationalite-polonaise-par-ascendance\/\",\"name\":\"Obtenir la Nationalit\u00e9 Polonaise par Ascendance ! - Abitbol Associes\",\"isPartOf\":{\"@id\":\"https:\/\/www.abitbol-associes.com\/fr\/#website\"},\"primaryImageOfPage\":{\"@id\":\"https:\/\/www.abitbol-associes.com\/fr\/obtenir-la-nationalite-polonaise-par-ascendance\/#primaryimage\"},\"image\":{\"@id\":\"https:\/\/www.abitbol-associes.com\/fr\/obtenir-la-nationalite-polonaise-par-ascendance\/#primaryimage\"},\"thumbnailUrl\":\"https:\/\/www.abitbol-associes.com\/wp-content\/uploads\/2025\/07\/Obtenir-la-nationalite-polonaise-par-ascendance-2.png\",\"datePublished\":\"2025-07-17T08:18:44+00:00\",\"dateModified\":\"2025-07-27T05:08:47+00:00\",\"breadcrumb\":{\"@id\":\"https:\/\/www.abitbol-associes.com\/fr\/obtenir-la-nationalite-polonaise-par-ascendance\/#breadcrumb\"},\"inLanguage\":\"fr-FR\",\"potentialAction\":[{\"@type\":\"ReadAction\",\"target\":[[\"https:\/\/www.abitbol-associes.com\/fr\/obtenir-la-nationalite-polonaise-par-ascendance\/\"]]}]},{\"@type\":\"ImageObject\",\"inLanguage\":\"fr-FR\",\"@id\":\"https:\/\/www.abitbol-associes.com\/fr\/obtenir-la-nationalite-polonaise-par-ascendance\/#primaryimage\",\"url\":\"https:\/\/www.abitbol-associes.com\/wp-content\/uploads\/2025\/07\/Obtenir-la-nationalite-polonaise-par-ascendance-2.png\",\"contentUrl\":\"https:\/\/www.abitbol-associes.com\/wp-content\/uploads\/2025\/07\/Obtenir-la-nationalite-polonaise-par-ascendance-2.png\"},{\"@type\":\"BreadcrumbList\",\"@id\":\"https:\/\/www.abitbol-associes.com\/fr\/obtenir-la-nationalite-polonaise-par-ascendance\/#breadcrumb\",\"itemListElement\":[{\"@type\":\"ListItem\",\"position\":1,\"name\":\"Home\",\"item\":\"https:\/\/www.abitbol-associes.com\/fr\/\"},{\"@type\":\"ListItem\",\"position\":2,\"name\":\"Obtenir la Nationalit\u00e9 Polonaise par Ascendance !\"}]},{\"@type\":\"WebSite\",\"@id\":\"https:\/\/www.abitbol-associes.com\/fr\/#website\",\"url\":\"https:\/\/www.abitbol-associes.com\/fr\/\",\"name\":\"Abitbol Associes\",\"description\":\"Parce que votre exigence est notre priorit\u00e9\",\"potentialAction\":[{\"@type\":\"SearchAction\",\"target\":{\"@type\":\"EntryPoint\",\"urlTemplate\":\"https:\/\/www.abitbol-associes.com\/fr\/?s={search_term_string}\"},\"query-input\":{\"@type\":\"PropertyValueSpecification\",\"valueRequired\":true,\"valueName\":\"search_term_string\"}}],\"inLanguage\":\"fr-FR\"}]}<\/script>\n<!-- \/ Yoast SEO plugin. -->","yoast_head_json":{"title":"Obtenir la Nationalit\u00e9 Polonaise par Ascendance ! - Abitbol Associes","robots":{"index":"index","follow":"follow","max-snippet":"max-snippet:-1","max-image-preview":"max-image-preview:large","max-video-preview":"max-video-preview:-1"},"canonical":"https:\/\/www.abitbol-associes.com\/fr\/obtenir-la-nationalite-polonaise-par-ascendance\/","og_locale":"fr_FR","og_type":"article","og_title":"Obtenir la Nationalit\u00e9 Polonaise par Ascendance ! - Abitbol Associes","og_description":"Depuis plusieurs ann\u00e9es, de nombreuses personnes d\u2019origine polonaise red\u00e9couvrent leurs racines et souhaitent obtenir la nationalit\u00e9 polonaise, cette d\u00e9marche ne s\u2019inscrit pas dans le cadre d\u2019une naturalisation, mais d\u2019une confirmation d\u2019un droit d\u00e9j\u00e0 existant, transmis par le sang. Notre Cabinet a mis en place un d\u00e9partement sp\u00e9cifiquement d\u00e9di\u00e9 \u00e0 cette proc\u00e9dure, fond\u00e9 sur une expertise [&hellip;]","og_url":"https:\/\/www.abitbol-associes.com\/fr\/obtenir-la-nationalite-polonaise-par-ascendance\/","og_site_name":"Abitbol Associes","article_modified_time":"2025-07-27T05:08:47+00:00","og_image":[{"width":683,"height":1024,"url":"https:\/\/www.abitbol-associes.com\/wp-content\/uploads\/2025\/07\/Obtenir-la-nationalite-polonaise-par-ascendance-2-683x1024.png","type":"image\/png"}],"twitter_card":"summary_large_image","twitter_misc":{"Dur\u00e9e de lecture estim\u00e9e":"3 minutes"},"schema":{"@context":"https:\/\/schema.org","@graph":[{"@type":"WebPage","@id":"https:\/\/www.abitbol-associes.com\/fr\/obtenir-la-nationalite-polonaise-par-ascendance\/","url":"https:\/\/www.abitbol-associes.com\/fr\/obtenir-la-nationalite-polonaise-par-ascendance\/","name":"Obtenir la Nationalit\u00e9 Polonaise par Ascendance ! - Abitbol Associes","isPartOf":{"@id":"https:\/\/www.abitbol-associes.com\/fr\/#website"},"primaryImageOfPage":{"@id":"https:\/\/www.abitbol-associes.com\/fr\/obtenir-la-nationalite-polonaise-par-ascendance\/#primaryimage"},"image":{"@id":"https:\/\/www.abitbol-associes.com\/fr\/obtenir-la-nationalite-polonaise-par-ascendance\/#primaryimage"},"thumbnailUrl":"https:\/\/www.abitbol-associes.com\/wp-content\/uploads\/2025\/07\/Obtenir-la-nationalite-polonaise-par-ascendance-2.png","datePublished":"2025-07-17T08:18:44+00:00","dateModified":"2025-07-27T05:08:47+00:00","breadcrumb":{"@id":"https:\/\/www.abitbol-associes.com\/fr\/obtenir-la-nationalite-polonaise-par-ascendance\/#breadcrumb"},"inLanguage":"fr-FR","potentialAction":[{"@type":"ReadAction","target":[["https:\/\/www.abitbol-associes.com\/fr\/obtenir-la-nationalite-polonaise-par-ascendance\/"]]}]},{"@type":"ImageObject","inLanguage":"fr-FR","@id":"https:\/\/www.abitbol-associes.com\/fr\/obtenir-la-nationalite-polonaise-par-ascendance\/#primaryimage","url":"https:\/\/www.abitbol-associes.com\/wp-content\/uploads\/2025\/07\/Obtenir-la-nationalite-polonaise-par-ascendance-2.png","contentUrl":"https:\/\/www.abitbol-associes.com\/wp-content\/uploads\/2025\/07\/Obtenir-la-nationalite-polonaise-par-ascendance-2.png"},{"@type":"BreadcrumbList","@id":"https:\/\/www.abitbol-associes.com\/fr\/obtenir-la-nationalite-polonaise-par-ascendance\/#breadcrumb","itemListElement":[{"@type":"ListItem","position":1,"name":"Home","item":"https:\/\/www.abitbol-associes.com\/fr\/"},{"@type":"ListItem","position":2,"name":"Obtenir la Nationalit\u00e9 Polonaise par Ascendance !"}]},{"@type":"WebSite","@id":"https:\/\/www.abitbol-associes.com\/fr\/#website","url":"https:\/\/www.abitbol-associes.com\/fr\/","name":"Abitbol Associes","description":"Parce que votre exigence est notre priorit\u00e9","potentialAction":[{"@type":"SearchAction","target":{"@type":"EntryPoint","urlTemplate":"https:\/\/www.abitbol-associes.com\/fr\/?s={search_term_string}"},"query-input":{"@type":"PropertyValueSpecification","valueRequired":true,"valueName":"search_term_string"}}],"inLanguage":"fr-FR"}]}},"_links":{"self":[{"href":"https:\/\/www.abitbol-associes.com\/fr\/wp-json\/wp\/v2\/pages\/10463","targetHints":{"allow":["GET"]}}],"collection":[{"href":"https:\/\/www.abitbol-associes.com\/fr\/wp-json\/wp\/v2\/pages"}],"about":[{"href":"https:\/\/www.abitbol-associes.com\/fr\/wp-json\/wp\/v2\/types\/page"}],"author":[{"embeddable":true,"href":"https:\/\/www.abitbol-associes.com\/fr\/wp-json\/wp\/v2\/users\/2"}],"replies":[{"embeddable":true,"href":"https:\/\/www.abitbol-associes.com\/fr\/wp-json\/wp\/v2\/comments?post=10463"}],"version-history":[{"count":3,"href":"https:\/\/www.abitbol-associes.com\/fr\/wp-json\/wp\/v2\/pages\/10463\/revisions"}],"predecessor-version":[{"id":10668,"href":"https:\/\/www.abitbol-associes.com\/fr\/wp-json\/wp\/v2\/pages\/10463\/revisions\/10668"}],"wp:attachment":[{"href":"https:\/\/www.abitbol-associes.com\/fr\/wp-json\/wp\/v2\/media?parent=10463"}],"curies":[{"name":"wp","href":"https:\/\/api.w.org\/{rel}","templated":true}]}}