{"id":104,"date":"2012-11-13T18:20:03","date_gmt":"2012-11-13T18:20:03","guid":{"rendered":"http:\/\/abitbol-associes.com\/?page_id=104"},"modified":"2019-09-04T11:06:58","modified_gmt":"2019-09-04T11:06:58","slug":"famille-et-successions-internationales","status":"publish","type":"page","link":"https:\/\/www.abitbol-associes.com\/fr\/famille-et-successions-internationales\/","title":{"rendered":"Famille et Successions internationales"},"content":{"rendered":"<p><a href=\"https:\/\/abitbol-associes.com\/wp-content\/uploads\/2012\/11\/Retrait\u00e9-Sucessions-internationales.jpg\"><img loading=\"lazy\" decoding=\"async\" class=\"size-medium wp-image-326 alignright\" title=\"Colleagues Applauding Senior Businessman\" src=\"https:\/\/abitbol-associes.com\/wp-content\/uploads\/2012\/11\/Retrait\u00e9-Sucessions-internationales-300x300.jpg\" alt=\"\" width=\"300\" height=\"300\" srcset=\"https:\/\/www.abitbol-associes.com\/wp-content\/uploads\/2012\/11\/Retrait\u00e9-Sucessions-internationales-300x300.jpg 300w, https:\/\/www.abitbol-associes.com\/wp-content\/uploads\/2012\/11\/Retrait\u00e9-Sucessions-internationales-150x150.jpg 150w, https:\/\/www.abitbol-associes.com\/wp-content\/uploads\/2012\/11\/Retrait\u00e9-Sucessions-internationales.jpg 1024w\" sizes=\"auto, (max-width: 300px) 100vw, 300px\" \/><\/a><\/p>\n<p style=\"text-align: justify;\">De par sa sp\u00e9cialisation en droit international, le Cabinet Abitbol &amp; Associ\u00e9s est en mesure d\u2019intervenir dans tous les domaines du droit de la famille, notamment lorsqu&rsquo;il existe un ou plusieurs \u00e9l\u00e9ments d&rsquo;extran\u00e9it\u00e9 entre la France et Isra\u00ebl.<\/p>\n<p style=\"text-align: justify;\">Abitbol &amp; Associes mobilise syst\u00e9matiquement des \u00e9quipes d\u00e9di\u00e9es aux fins de diligenter la proc\u00e9dure en France ou en Isra\u00ebl (proc\u00e9dure de divorce international, enregistrement des testaments, donations, recherche d&rsquo;h\u00e9ritiers, expertises, liquidations\u2026.).<\/p>\n<p style=\"text-align: justify;\">Le Cabinet a d\u00e9velopp\u00e9 une philosophie de r\u00e9solutions des litiges ax\u00e9e en priorit\u00e9 sur la m\u00e9diation et la conciliation des parties, convaincu que les protocoles d\u2019accord transactionnels \u00a0-lorsque la situation rend cette voie possible- sont une alternative aux fins d\u2019\u00e9viter de longues proc\u00e9dures, co\u00fbteuses et douloureuses humainement.<\/p>\n<p>\u2022\u00a0\u00a0\u00a0\u00a0\u00a0\u00a0\u00a0\u00a0\u00a0\u00a0\u00a0\u00a0 Divorces nationaux et bi-nationaux (<em>Sur ce domaine d\u2019expertise, notre Cabinet maitrise parfaitement la complexit\u00e9 des proc\u00e9dures isra\u00e9liennes et les r\u00e8gles de comp\u00e9tence concurrente entre tribunaux civils et rabbiniques<\/em>)<br \/>\n\u2022\u00a0\u00a0\u00a0\u00a0\u00a0\u00a0\u00a0\u00a0\u00a0\u00a0\u00a0\u00a0 R\u00e8glements des diff\u00e9rents pans du divorce (mesures provisoires, pensions alimentaires, garde des enfants, prestations compensatoires, guet, droit de visite &#8230;)<br \/>\n\u2022\u00a0\u00a0\u00a0\u00a0\u00a0\u00a0\u00a0\u00a0\u00a0\u00a0\u00a0\u00a0 Contrats de mariage<br \/>\n\u2022\u00a0\u00a0\u00a0\u00a0\u00a0\u00a0\u00a0\u00a0\u00a0\u00a0\u00a0\u00a0 Adoptions<br \/>\n\u2022\u00a0\u00a0\u00a0\u00a0\u00a0\u00a0\u00a0\u00a0\u00a0\u00a0\u00a0\u00a0 Successions et r\u00e9daction de testaments en Isra\u00ebl et en France, certification notari\u00e9e<br \/>\n\u2022\u00a0\u00a0\u00a0\u00a0\u00a0\u00a0\u00a0\u00a0\u00a0\u00a0\u00a0\u00a0 Successions internationales<\/p>\n<p>&nbsp;<\/p>\n<h3><img loading=\"lazy\" decoding=\"async\" class=\"aligncenter wp-image-2449\" src=\"https:\/\/abitbol-associes.com\/wp-content\/uploads\/2018\/01\/AA_Logo_Final-300x159.gif\" alt=\"\" width=\"133\" height=\"70\" srcset=\"https:\/\/www.abitbol-associes.com\/wp-content\/uploads\/2018\/01\/AA_Logo_Final-300x159.gif 300w, https:\/\/www.abitbol-associes.com\/wp-content\/uploads\/2018\/01\/AA_Logo_Final-150x80.gif 150w\" sizes=\"auto, (max-width: 133px) 100vw, 133px\" \/><\/h3>\n<p style=\"text-align: center;\">66 Av Victor Hugo &#8211; Immeuble LEONARD DE VINCI Paris 16\u1d49<br \/>\nTel: + 33 (0)1 78 90 03 73<br \/>\nFax: + 33 (0)1 77 74 63 99<\/p>\n<p style=\"text-align: center;\">13 rue Shimon ben Shetah, 9414713, J\u00e9rusalem<br \/>\nTel: + 972 (0)2 595 63 45<br \/>\nFax: + 972 (0)2 591 63 26<\/p>\n<p style=\"text-align: center;\"><a href=\"mailto:contact@abitbol-associes.com\">contact@abitbol-associes.com<\/a><\/p>\n<p>&nbsp;<\/p>\n<h3>\n\t\t<div class='et_quote quote-center'>\n\t\t\t<div class='et_right_quote'>\n\t\t\t\tContactez-nous\n\t\t\t\t<span class='et_quote_additional_sign'><\/span>\n\t\t\t<\/div>\n\t\t\t<span class='et_quote_sign'><\/span>\n\t\t<\/div>\n\t<\/h3>\n<h3 style=\"text-align: left;\">Pour toute question relative \u00e0 votre situation personnelle, merci de nous laisser un message:\n<div class=\"wpcf7 no-js\" id=\"wpcf7-f1230-o1\" lang=\"en-US\" dir=\"ltr\" data-wpcf7-id=\"1230\">\n<div class=\"screen-reader-response\"><p role=\"status\" aria-live=\"polite\" aria-atomic=\"true\"><\/p> <ul><\/ul><\/div>\n<form action=\"\/fr\/wp-json\/wp\/v2\/pages\/104#wpcf7-f1230-o1\" method=\"post\" class=\"wpcf7-form init\" aria-label=\"Contact form\" novalidate=\"novalidate\" data-status=\"init\">\n<fieldset class=\"hidden-fields-container\"><input type=\"hidden\" name=\"_wpcf7\" value=\"1230\" \/><input type=\"hidden\" name=\"_wpcf7_version\" value=\"6.1\" \/><input type=\"hidden\" name=\"_wpcf7_locale\" value=\"en_US\" \/><input type=\"hidden\" name=\"_wpcf7_unit_tag\" value=\"wpcf7-f1230-o1\" \/><input type=\"hidden\" name=\"_wpcf7_container_post\" value=\"0\" \/><input type=\"hidden\" name=\"_wpcf7_posted_data_hash\" value=\"\" \/><input type=\"hidden\" name=\"_wpcf7_recaptcha_response\" value=\"\" \/>\n<\/fieldset>\n<p>Votre nom (obligatoire)\n<\/p>\n<p><span class=\"wpcf7-form-control-wrap\" data-name=\"your-name\"><input size=\"40\" maxlength=\"400\" class=\"wpcf7-form-control wpcf7-text wpcf7-validates-as-required\" aria-required=\"true\" aria-invalid=\"false\" value=\"\" type=\"text\" name=\"your-name\" \/><\/span>\n<\/p>\n<p>Votre email (obligatoire)\n<\/p>\n<p><span class=\"wpcf7-form-control-wrap\" data-name=\"your-email\"><input size=\"40\" maxlength=\"400\" class=\"wpcf7-form-control wpcf7-email wpcf7-validates-as-required wpcf7-text wpcf7-validates-as-email\" aria-required=\"true\" aria-invalid=\"false\" value=\"\" type=\"email\" name=\"your-email\" \/><\/span>\n<\/p>\n<p>Votre num\u00e9ro de t\u00e9l\u00e9phone (obligatoire)\n<\/p>\n<p><span class=\"wpcf7-form-control-wrap\" data-name=\"your-tel\"><input size=\"40\" maxlength=\"400\" class=\"wpcf7-form-control wpcf7-tel wpcf7-validates-as-required wpcf7-text wpcf7-validates-as-tel\" aria-required=\"true\" aria-invalid=\"false\" value=\"\" type=\"tel\" name=\"your-tel\" \/><\/span>\n<\/p>\n<p>Sujet\n<\/p>\n<p><span class=\"wpcf7-form-control-wrap\" data-name=\"your-subject\"><input size=\"40\" maxlength=\"400\" class=\"wpcf7-form-control wpcf7-text\" aria-invalid=\"false\" value=\"\" type=\"text\" name=\"your-subject\" \/><\/span>\n<\/p>\n<p>Votre message\n<\/p>\n<p><span class=\"wpcf7-form-control-wrap\" data-name=\"your-message\"><textarea cols=\"40\" rows=\"10\" maxlength=\"2000\" class=\"wpcf7-form-control wpcf7-textarea\" aria-invalid=\"false\" name=\"your-message\"><\/textarea><\/span>\n<\/p>\n\n<p><input class=\"wpcf7-form-control wpcf7-submit has-spinner\" type=\"submit\" value=\"Envoyer\" \/>\n<\/p><div class=\"wpcf7-response-output\" aria-hidden=\"true\"><\/div>\n<\/form>\n<\/div>\n<\/h3>\n<p><\/p>","protected":false},"excerpt":{"rendered":"<p>De par sa sp\u00e9cialisation en droit international, le Cabinet Abitbol &amp; Associ\u00e9s est en mesure d\u2019intervenir dans tous les domaines du droit de la famille, notamment lorsqu&rsquo;il existe un ou plusieurs \u00e9l\u00e9ments d&rsquo;extran\u00e9it\u00e9 entre la France et Isra\u00ebl. Abitbol &amp; Associes mobilise syst\u00e9matiquement des \u00e9quipes d\u00e9di\u00e9es aux fins de diligenter la proc\u00e9dure en France ou [&hellip;]<\/p>\n","protected":false},"author":6,"featured_media":0,"parent":0,"menu_order":0,"comment_status":"open","ping_status":"open","template":"page-full.php","meta":{"footnotes":""},"class_list":["post-104","page","type-page","status-publish","hentry"],"yoast_head":"<!-- This site is optimized with the Yoast SEO plugin v25.5 - https:\/\/yoast.com\/wordpress\/plugins\/seo\/ -->\n<title>Famille et Successions internationales - Abitbol Associes<\/title>\n<meta name=\"robots\" content=\"index, follow, max-snippet:-1, max-image-preview:large, max-video-preview:-1\" \/>\n<link rel=\"canonical\" href=\"https:\/\/www.abitbol-associes.com\/fr\/famille-et-successions-internationales\/\" \/>\n<meta property=\"og:locale\" content=\"fr_FR\" \/>\n<meta property=\"og:type\" content=\"article\" \/>\n<meta property=\"og:title\" content=\"Famille et Successions internationales - Abitbol Associes\" \/>\n<meta property=\"og:description\" content=\"De par sa sp\u00e9cialisation en droit international, le Cabinet Abitbol &amp; Associ\u00e9s est en mesure d\u2019intervenir dans tous les domaines du droit de la famille, notamment lorsqu&rsquo;il existe un ou plusieurs \u00e9l\u00e9ments d&rsquo;extran\u00e9it\u00e9 entre la France et Isra\u00ebl. Abitbol &amp; Associes mobilise syst\u00e9matiquement des \u00e9quipes d\u00e9di\u00e9es aux fins de diligenter la proc\u00e9dure en France ou [&hellip;]\" \/>\n<meta property=\"og:url\" content=\"https:\/\/www.abitbol-associes.com\/fr\/famille-et-successions-internationales\/\" \/>\n<meta property=\"og:site_name\" content=\"Abitbol Associes\" \/>\n<meta property=\"article:modified_time\" content=\"2019-09-04T11:06:58+00:00\" \/>\n<meta property=\"og:image\" content=\"https:\/\/abitbol-associes.com\/wp-content\/uploads\/2018\/01\/AA_Logo_Final-300x159.gif\" \/>\n<meta name=\"twitter:card\" content=\"summary_large_image\" \/>\n<meta name=\"twitter:label1\" content=\"Dur\u00e9e de lecture estim\u00e9e\" \/>\n\t<meta name=\"twitter:data1\" content=\"2 minutes\" \/>\n<script type=\"application\/ld+json\" class=\"yoast-schema-graph\">{\"@context\":\"https:\/\/schema.org\",\"@graph\":[{\"@type\":\"WebPage\",\"@id\":\"https:\/\/www.abitbol-associes.com\/fr\/famille-et-successions-internationales\/\",\"url\":\"https:\/\/www.abitbol-associes.com\/fr\/famille-et-successions-internationales\/\",\"name\":\"Famille et Successions internationales - Abitbol Associes\",\"isPartOf\":{\"@id\":\"https:\/\/www.abitbol-associes.com\/fr\/#website\"},\"primaryImageOfPage\":{\"@id\":\"https:\/\/www.abitbol-associes.com\/fr\/famille-et-successions-internationales\/#primaryimage\"},\"image\":{\"@id\":\"https:\/\/www.abitbol-associes.com\/fr\/famille-et-successions-internationales\/#primaryimage\"},\"thumbnailUrl\":\"https:\/\/abitbol-associes.com\/wp-content\/uploads\/2018\/01\/AA_Logo_Final-300x159.gif\",\"datePublished\":\"2012-11-13T18:20:03+00:00\",\"dateModified\":\"2019-09-04T11:06:58+00:00\",\"breadcrumb\":{\"@id\":\"https:\/\/www.abitbol-associes.com\/fr\/famille-et-successions-internationales\/#breadcrumb\"},\"inLanguage\":\"fr-FR\",\"potentialAction\":[{\"@type\":\"ReadAction\",\"target\":[[\"https:\/\/www.abitbol-associes.com\/fr\/famille-et-successions-internationales\/\"]]}]},{\"@type\":\"ImageObject\",\"inLanguage\":\"fr-FR\",\"@id\":\"https:\/\/www.abitbol-associes.com\/fr\/famille-et-successions-internationales\/#primaryimage\",\"url\":\"https:\/\/abitbol-associes.com\/wp-content\/uploads\/2018\/01\/AA_Logo_Final-300x159.gif\",\"contentUrl\":\"https:\/\/abitbol-associes.com\/wp-content\/uploads\/2018\/01\/AA_Logo_Final-300x159.gif\"},{\"@type\":\"BreadcrumbList\",\"@id\":\"https:\/\/www.abitbol-associes.com\/fr\/famille-et-successions-internationales\/#breadcrumb\",\"itemListElement\":[{\"@type\":\"ListItem\",\"position\":1,\"name\":\"Home\",\"item\":\"https:\/\/www.abitbol-associes.com\/fr\/\"},{\"@type\":\"ListItem\",\"position\":2,\"name\":\"Famille et Successions internationales\"}]},{\"@type\":\"WebSite\",\"@id\":\"https:\/\/www.abitbol-associes.com\/fr\/#website\",\"url\":\"https:\/\/www.abitbol-associes.com\/fr\/\",\"name\":\"Abitbol Associes\",\"description\":\"Parce que votre exigence est notre priorit\u00e9\",\"potentialAction\":[{\"@type\":\"SearchAction\",\"target\":{\"@type\":\"EntryPoint\",\"urlTemplate\":\"https:\/\/www.abitbol-associes.com\/fr\/?s={search_term_string}\"},\"query-input\":{\"@type\":\"PropertyValueSpecification\",\"valueRequired\":true,\"valueName\":\"search_term_string\"}}],\"inLanguage\":\"fr-FR\"}]}<\/script>\n<!-- \/ Yoast SEO plugin. -->","yoast_head_json":{"title":"Famille et Successions internationales - Abitbol Associes","robots":{"index":"index","follow":"follow","max-snippet":"max-snippet:-1","max-image-preview":"max-image-preview:large","max-video-preview":"max-video-preview:-1"},"canonical":"https:\/\/www.abitbol-associes.com\/fr\/famille-et-successions-internationales\/","og_locale":"fr_FR","og_type":"article","og_title":"Famille et Successions internationales - Abitbol Associes","og_description":"De par sa sp\u00e9cialisation en droit international, le Cabinet Abitbol &amp; Associ\u00e9s est en mesure d\u2019intervenir dans tous les domaines du droit de la famille, notamment lorsqu&rsquo;il existe un ou plusieurs \u00e9l\u00e9ments d&rsquo;extran\u00e9it\u00e9 entre la France et Isra\u00ebl. Abitbol &amp; Associes mobilise syst\u00e9matiquement des \u00e9quipes d\u00e9di\u00e9es aux fins de diligenter la proc\u00e9dure en France ou [&hellip;]","og_url":"https:\/\/www.abitbol-associes.com\/fr\/famille-et-successions-internationales\/","og_site_name":"Abitbol Associes","article_modified_time":"2019-09-04T11:06:58+00:00","og_image":[{"url":"https:\/\/abitbol-associes.com\/wp-content\/uploads\/2018\/01\/AA_Logo_Final-300x159.gif","type":"","width":"","height":""}],"twitter_card":"summary_large_image","twitter_misc":{"Dur\u00e9e de lecture estim\u00e9e":"2 minutes"},"schema":{"@context":"https:\/\/schema.org","@graph":[{"@type":"WebPage","@id":"https:\/\/www.abitbol-associes.com\/fr\/famille-et-successions-internationales\/","url":"https:\/\/www.abitbol-associes.com\/fr\/famille-et-successions-internationales\/","name":"Famille et Successions internationales - Abitbol Associes","isPartOf":{"@id":"https:\/\/www.abitbol-associes.com\/fr\/#website"},"primaryImageOfPage":{"@id":"https:\/\/www.abitbol-associes.com\/fr\/famille-et-successions-internationales\/#primaryimage"},"image":{"@id":"https:\/\/www.abitbol-associes.com\/fr\/famille-et-successions-internationales\/#primaryimage"},"thumbnailUrl":"https:\/\/abitbol-associes.com\/wp-content\/uploads\/2018\/01\/AA_Logo_Final-300x159.gif","datePublished":"2012-11-13T18:20:03+00:00","dateModified":"2019-09-04T11:06:58+00:00","breadcrumb":{"@id":"https:\/\/www.abitbol-associes.com\/fr\/famille-et-successions-internationales\/#breadcrumb"},"inLanguage":"fr-FR","potentialAction":[{"@type":"ReadAction","target":[["https:\/\/www.abitbol-associes.com\/fr\/famille-et-successions-internationales\/"]]}]},{"@type":"ImageObject","inLanguage":"fr-FR","@id":"https:\/\/www.abitbol-associes.com\/fr\/famille-et-successions-internationales\/#primaryimage","url":"https:\/\/abitbol-associes.com\/wp-content\/uploads\/2018\/01\/AA_Logo_Final-300x159.gif","contentUrl":"https:\/\/abitbol-associes.com\/wp-content\/uploads\/2018\/01\/AA_Logo_Final-300x159.gif"},{"@type":"BreadcrumbList","@id":"https:\/\/www.abitbol-associes.com\/fr\/famille-et-successions-internationales\/#breadcrumb","itemListElement":[{"@type":"ListItem","position":1,"name":"Home","item":"https:\/\/www.abitbol-associes.com\/fr\/"},{"@type":"ListItem","position":2,"name":"Famille et Successions internationales"}]},{"@type":"WebSite","@id":"https:\/\/www.abitbol-associes.com\/fr\/#website","url":"https:\/\/www.abitbol-associes.com\/fr\/","name":"Abitbol Associes","description":"Parce que votre exigence est notre priorit\u00e9","potentialAction":[{"@type":"SearchAction","target":{"@type":"EntryPoint","urlTemplate":"https:\/\/www.abitbol-associes.com\/fr\/?s={search_term_string}"},"query-input":{"@type":"PropertyValueSpecification","valueRequired":true,"valueName":"search_term_string"}}],"inLanguage":"fr-FR"}]}},"_links":{"self":[{"href":"https:\/\/www.abitbol-associes.com\/fr\/wp-json\/wp\/v2\/pages\/104","targetHints":{"allow":["GET"]}}],"collection":[{"href":"https:\/\/www.abitbol-associes.com\/fr\/wp-json\/wp\/v2\/pages"}],"about":[{"href":"https:\/\/www.abitbol-associes.com\/fr\/wp-json\/wp\/v2\/types\/page"}],"author":[{"embeddable":true,"href":"https:\/\/www.abitbol-associes.com\/fr\/wp-json\/wp\/v2\/users\/6"}],"replies":[{"embeddable":true,"href":"https:\/\/www.abitbol-associes.com\/fr\/wp-json\/wp\/v2\/comments?post=104"}],"version-history":[{"count":29,"href":"https:\/\/www.abitbol-associes.com\/fr\/wp-json\/wp\/v2\/pages\/104\/revisions"}],"predecessor-version":[{"id":2918,"href":"https:\/\/www.abitbol-associes.com\/fr\/wp-json\/wp\/v2\/pages\/104\/revisions\/2918"}],"wp:attachment":[{"href":"https:\/\/www.abitbol-associes.com\/fr\/wp-json\/wp\/v2\/media?parent=104"}],"curies":[{"name":"wp","href":"https:\/\/api.w.org\/{rel}","templated":true}]}}