{"id":831,"date":"2013-02-06T10:46:31","date_gmt":"2013-02-06T10:46:31","guid":{"rendered":"http:\/\/www.abitbol-associes.com\/?page_id=831"},"modified":"2019-08-13T16:41:31","modified_gmt":"2019-08-13T16:41:31","slug":"nos-services-de-lpo-2","status":"publish","type":"page","link":"https:\/\/www.abitbol-associes.com\/en\/nos-services-de-lpo-2\/","title":{"rendered":"Nos Services de LPO"},"content":{"rendered":"<p>Cliquez ci-dessous pour d\u00e9couvrir nos services de LPO:<\/p>\n<p><a href=\"https:\/\/abitbol-associes.com\/nos-services-de-lpo\/gestion-de-la-propriete-intellectuelle\">Gestion de la propri\u00e9t\u00e9 intellectuelle<\/a>\u00a0 \u00a0 \u00a0 \u00a0 \u00a0 \u00a0 \u00a0 \u00a0 \u00a0 \u00a0 \u00a0 \u00a0 \u00a0 \u00a0\u00a0\u00a0 \u00a0<a href=\"https:\/\/abitbol-associes.com\/nos-services-de-lpo\/gestion-de-contrats-et-revision-de-documents-2\/\">Gestion de contrats et R\u00e9vision de documents<\/a><\/p>\n<p><img loading=\"lazy\" decoding=\"async\" class=\"size-thumbnail wp-image-819 alignleft alignnone\" title=\"Gestion de la propri\u00e9t\u00e9 intellectuelle\" src=\"https:\/\/abitbol-associes.com\/wp-content\/uploads\/2012\/11\/Fotolia_35451096_Subscription_Monthly_XXL-400x400-150x150.jpg\" alt=\"Gestion de la Propri\u00e9t\u00e9 intellectuelle et industrielle - LPO\" width=\"150\" height=\"150\" srcset=\"https:\/\/www.abitbol-associes.com\/wp-content\/uploads\/2012\/11\/Fotolia_35451096_Subscription_Monthly_XXL-400x400-150x150.jpg 150w, https:\/\/www.abitbol-associes.com\/wp-content\/uploads\/2012\/11\/Fotolia_35451096_Subscription_Monthly_XXL-400x400-300x300.jpg 300w, https:\/\/www.abitbol-associes.com\/wp-content\/uploads\/2012\/11\/Fotolia_35451096_Subscription_Monthly_XXL-400x400.jpg 400w\" sizes=\"auto, (max-width: 150px) 100vw, 150px\" \/>\u00a0 \u00a0 \u00a0 \u00a0 \u00a0 \u00a0 \u00a0 \u00a0 \u00a0 \u00a0 \u00a0 \u00a0 \u00a0 \u00a0 \u00a0 \u00a0 \u00a0 \u00a0 \u00a0 \u00a0 \u00a0 \u00a0 \u00a0 \u00a0 \u00a0 \u00a0 \u00a0 \u00a0 \u00a0 \u00a0 \u00a0<img loading=\"lazy\" decoding=\"async\" class=\"size-thumbnail wp-image-821\" title=\"Gestion de documents et R\u00e9vision de contrats\" src=\"https:\/\/abitbol-associes.com\/wp-content\/uploads\/2012\/11\/shortcode-capture-266x266-150x150.png\" alt=\"\" width=\"150\" height=\"150\" srcset=\"https:\/\/www.abitbol-associes.com\/wp-content\/uploads\/2012\/11\/shortcode-capture-266x266-150x150.png 150w, https:\/\/www.abitbol-associes.com\/wp-content\/uploads\/2012\/11\/shortcode-capture-266x266.png 266w\" sizes=\"auto, (max-width: 150px) 100vw, 150px\" \/><\/p>\n<div style=\"text-align: start;\"><\/div>\n<p><a href=\"https:\/\/abitbol-associes.com\/nos-services-de-lpo\/management-juridique-des-projets\/\">Management juridique des projets<\/a>\u00a0 \u00a0 \u00a0 \u00a0 \u00a0 \u00a0 \u00a0 \u00a0 \u00a0 \u00a0 \u00a0 \u00a0 \u00a0 \u00a0 \u00a0 \u00a0 \u00a0 \u00a0 \u00a0 \u00a0 <a href=\"https:\/\/abitbol-associes.com\/nos-services-de-lpo\/secretariat-juridique-dentreprises-2\/\">Secr\u00e9tariat juridique d\u2019entreprises<\/a><\/p>\n<div>\n<p style=\"text-align: left;\"><img loading=\"lazy\" decoding=\"async\" class=\"size-thumbnail wp-image-820 alignleft\" title=\"Management juridique des projets\" src=\"https:\/\/abitbol-associes.com\/wp-content\/uploads\/2012\/11\/Fotolia_6202659_Subscription_Monthly_XL-266x266-150x150.jpg\" alt=\"Gestion de contrats et R\u00e9vision de documents\" width=\"150\" height=\"150\" srcset=\"https:\/\/www.abitbol-associes.com\/wp-content\/uploads\/2012\/11\/Fotolia_6202659_Subscription_Monthly_XL-266x266-150x150.jpg 150w, https:\/\/www.abitbol-associes.com\/wp-content\/uploads\/2012\/11\/Fotolia_6202659_Subscription_Monthly_XL-266x266.jpg 266w\" sizes=\"auto, (max-width: 150px) 100vw, 150px\" \/>\u00a0 \u00a0 \u00a0 \u00a0 \u00a0 \u00a0 \u00a0 \u00a0 \u00a0 \u00a0 \u00a0 \u00a0 \u00a0 \u00a0 \u00a0 \u00a0 \u00a0 \u00a0 \u00a0 \u00a0 \u00a0 \u00a0 \u00a0 \u00a0 \u00a0 \u00a0 \u00a0 \u00a0 \u00a0 \u00a0 \u00a0 \u00a0 <a href=\"https:\/\/abitbol-associes.com\/nos-services-de-lpo\/secretariat-juridique-dentreprises-2\/\"><img loading=\"lazy\" decoding=\"async\" class=\"size-thumbnail wp-image-822\" title=\"Secr\u00e9tariat juridique d'entreprises\" src=\"https:\/\/abitbol-associes.com\/wp-content\/uploads\/2012\/11\/internet-400x400-150x150.jpg\" alt=\"Secr\u00e9tariat juridique d'entreprises\" width=\"150\" height=\"150\" srcset=\"https:\/\/www.abitbol-associes.com\/wp-content\/uploads\/2012\/11\/internet-400x400-150x150.jpg 150w, https:\/\/www.abitbol-associes.com\/wp-content\/uploads\/2012\/11\/internet-400x400-300x300.jpg 300w, https:\/\/www.abitbol-associes.com\/wp-content\/uploads\/2012\/11\/internet-400x400.jpg 400w\" sizes=\"auto, (max-width: 150px) 100vw, 150px\" \/><\/a><\/p>\n<\/div>\n<p><\/p>","protected":false},"excerpt":{"rendered":"<p>Cliquez ci-dessous pour d\u00e9couvrir nos services de LPO: Gestion de la propri\u00e9t\u00e9 intellectuelle\u00a0 \u00a0 \u00a0 \u00a0 \u00a0 \u00a0 \u00a0 \u00a0 \u00a0 \u00a0 \u00a0 \u00a0 \u00a0 \u00a0\u00a0\u00a0 \u00a0Gestion de contrats et R\u00e9vision de documents \u00a0 \u00a0 \u00a0 \u00a0 \u00a0 \u00a0 \u00a0 \u00a0 \u00a0 \u00a0 \u00a0 \u00a0 \u00a0 \u00a0 \u00a0 \u00a0 \u00a0 \u00a0 \u00a0 \u00a0 \u00a0 \u00a0 [&hellip;]<\/p>\n","protected":false},"author":2,"featured_media":0,"parent":0,"menu_order":0,"comment_status":"open","ping_status":"open","template":"","meta":{"footnotes":""},"class_list":["post-831","page","type-page","status-publish","hentry"],"yoast_head":"<!-- This site is optimized with the Yoast SEO plugin v25.5 - https:\/\/yoast.com\/wordpress\/plugins\/seo\/ -->\n<title>Nos Services de LPO - Abitbol Associes<\/title>\n<meta name=\"robots\" content=\"index, follow, max-snippet:-1, max-image-preview:large, max-video-preview:-1\" \/>\n<link rel=\"canonical\" href=\"https:\/\/www.abitbol-associes.com\/en\/nos-services-de-lpo\/\" \/>\n<meta property=\"og:locale\" content=\"en_US\" \/>\n<meta property=\"og:type\" content=\"article\" \/>\n<meta property=\"og:title\" content=\"Nos Services de LPO - Abitbol Associes\" \/>\n<meta property=\"og:description\" content=\"Cliquez ci-dessous pour d\u00e9couvrir nos services de LPO: Gestion de la propri\u00e9t\u00e9 intellectuelle\u00a0 \u00a0 \u00a0 \u00a0 \u00a0 \u00a0 \u00a0 \u00a0 \u00a0 \u00a0 \u00a0 \u00a0 \u00a0 \u00a0\u00a0\u00a0 \u00a0Gestion de contrats et R\u00e9vision de documents \u00a0 \u00a0 \u00a0 \u00a0 \u00a0 \u00a0 \u00a0 \u00a0 \u00a0 \u00a0 \u00a0 \u00a0 \u00a0 \u00a0 \u00a0 \u00a0 \u00a0 \u00a0 \u00a0 \u00a0 \u00a0 \u00a0 [&hellip;]\" \/>\n<meta property=\"og:url\" content=\"https:\/\/www.abitbol-associes.com\/en\/nos-services-de-lpo\/\" \/>\n<meta property=\"og:site_name\" content=\"Abitbol Associes\" \/>\n<meta property=\"article:modified_time\" content=\"2019-08-13T16:41:31+00:00\" \/>\n<meta property=\"og:image\" content=\"https:\/\/abitbol-associes.com\/wp-content\/uploads\/2012\/11\/Fotolia_35451096_Subscription_Monthly_XXL-400x400-150x150.jpg\" \/>\n<meta name=\"twitter:card\" content=\"summary_large_image\" \/>\n<meta name=\"twitter:label1\" content=\"Est. reading time\" \/>\n\t<meta name=\"twitter:data1\" content=\"1 minute\" \/>\n<script type=\"application\/ld+json\" class=\"yoast-schema-graph\">{\"@context\":\"https:\/\/schema.org\",\"@graph\":[{\"@type\":\"WebPage\",\"@id\":\"https:\/\/www.abitbol-associes.com\/en\/nos-services-de-lpo\/\",\"url\":\"https:\/\/www.abitbol-associes.com\/en\/nos-services-de-lpo\/\",\"name\":\"Nos Services de LPO - Abitbol Associes\",\"isPartOf\":{\"@id\":\"https:\/\/www.abitbol-associes.com\/en\/#website\"},\"primaryImageOfPage\":{\"@id\":\"https:\/\/www.abitbol-associes.com\/en\/nos-services-de-lpo\/#primaryimage\"},\"image\":{\"@id\":\"https:\/\/www.abitbol-associes.com\/fr\/nos-services-de-lpo\/#primaryimage\"},\"thumbnailUrl\":\"https:\/\/abitbol-associes.com\/wp-content\/uploads\/2012\/11\/Fotolia_35451096_Subscription_Monthly_XXL-400x400-150x150.jpg\",\"datePublished\":\"2013-02-06T10:46:31+00:00\",\"dateModified\":\"2019-08-13T16:41:31+00:00\",\"breadcrumb\":{\"@id\":\"https:\/\/www.abitbol-associes.com\/en\/nos-services-de-lpo\/#breadcrumb\"},\"inLanguage\":\"en-US\",\"potentialAction\":[{\"@type\":\"ReadAction\",\"target\":[[\"https:\/\/www.abitbol-associes.com\/en\/nos-services-de-lpo\/\"]]}]},{\"@type\":\"ImageObject\",\"inLanguage\":\"en-US\",\"@id\":\"https:\/\/www.abitbol-associes.com\/en\/nos-services-de-lpo\/#primaryimage\",\"url\":\"https:\/\/abitbol-associes.com\/wp-content\/uploads\/2012\/11\/Fotolia_35451096_Subscription_Monthly_XXL-400x400-150x150.jpg\",\"contentUrl\":\"https:\/\/abitbol-associes.com\/wp-content\/uploads\/2012\/11\/Fotolia_35451096_Subscription_Monthly_XXL-400x400-150x150.jpg\"},{\"@type\":\"BreadcrumbList\",\"@id\":\"https:\/\/www.abitbol-associes.com\/en\/nos-services-de-lpo\/#breadcrumb\",\"itemListElement\":[{\"@type\":\"ListItem\",\"position\":1,\"name\":\"Home\",\"item\":\"https:\/\/www.abitbol-associes.com\/en\/\"},{\"@type\":\"ListItem\",\"position\":2,\"name\":\"Nos Services de LPO\"}]},{\"@type\":\"WebSite\",\"@id\":\"https:\/\/www.abitbol-associes.com\/en\/#website\",\"url\":\"https:\/\/www.abitbol-associes.com\/en\/\",\"name\":\"Abitbol Associes\",\"description\":\"Parce que votre exigence est notre priorit\u00e9\",\"potentialAction\":[{\"@type\":\"SearchAction\",\"target\":{\"@type\":\"EntryPoint\",\"urlTemplate\":\"https:\/\/www.abitbol-associes.com\/en\/?s={search_term_string}\"},\"query-input\":{\"@type\":\"PropertyValueSpecification\",\"valueRequired\":true,\"valueName\":\"search_term_string\"}}],\"inLanguage\":\"en-US\"}]}<\/script>\n<!-- \/ Yoast SEO plugin. -->","yoast_head_json":{"title":"Nos Services de LPO - Abitbol Associes","robots":{"index":"index","follow":"follow","max-snippet":"max-snippet:-1","max-image-preview":"max-image-preview:large","max-video-preview":"max-video-preview:-1"},"canonical":"https:\/\/www.abitbol-associes.com\/en\/nos-services-de-lpo\/","og_locale":"en_US","og_type":"article","og_title":"Nos Services de LPO - Abitbol Associes","og_description":"Cliquez ci-dessous pour d\u00e9couvrir nos services de LPO: Gestion de la propri\u00e9t\u00e9 intellectuelle\u00a0 \u00a0 \u00a0 \u00a0 \u00a0 \u00a0 \u00a0 \u00a0 \u00a0 \u00a0 \u00a0 \u00a0 \u00a0 \u00a0\u00a0\u00a0 \u00a0Gestion de contrats et R\u00e9vision de documents \u00a0 \u00a0 \u00a0 \u00a0 \u00a0 \u00a0 \u00a0 \u00a0 \u00a0 \u00a0 \u00a0 \u00a0 \u00a0 \u00a0 \u00a0 \u00a0 \u00a0 \u00a0 \u00a0 \u00a0 \u00a0 \u00a0 [&hellip;]","og_url":"https:\/\/www.abitbol-associes.com\/en\/nos-services-de-lpo\/","og_site_name":"Abitbol Associes","article_modified_time":"2019-08-13T16:41:31+00:00","og_image":[{"url":"https:\/\/abitbol-associes.com\/wp-content\/uploads\/2012\/11\/Fotolia_35451096_Subscription_Monthly_XXL-400x400-150x150.jpg","type":"","width":"","height":""}],"twitter_card":"summary_large_image","twitter_misc":{"Est. reading time":"1 minute"},"schema":{"@context":"https:\/\/schema.org","@graph":[{"@type":"WebPage","@id":"https:\/\/www.abitbol-associes.com\/en\/nos-services-de-lpo\/","url":"https:\/\/www.abitbol-associes.com\/en\/nos-services-de-lpo\/","name":"Nos Services de LPO - Abitbol Associes","isPartOf":{"@id":"https:\/\/www.abitbol-associes.com\/en\/#website"},"primaryImageOfPage":{"@id":"https:\/\/www.abitbol-associes.com\/en\/nos-services-de-lpo\/#primaryimage"},"image":{"@id":"https:\/\/www.abitbol-associes.com\/fr\/nos-services-de-lpo\/#primaryimage"},"thumbnailUrl":"https:\/\/abitbol-associes.com\/wp-content\/uploads\/2012\/11\/Fotolia_35451096_Subscription_Monthly_XXL-400x400-150x150.jpg","datePublished":"2013-02-06T10:46:31+00:00","dateModified":"2019-08-13T16:41:31+00:00","breadcrumb":{"@id":"https:\/\/www.abitbol-associes.com\/en\/nos-services-de-lpo\/#breadcrumb"},"inLanguage":"en-US","potentialAction":[{"@type":"ReadAction","target":[["https:\/\/www.abitbol-associes.com\/en\/nos-services-de-lpo\/"]]}]},{"@type":"ImageObject","inLanguage":"en-US","@id":"https:\/\/www.abitbol-associes.com\/en\/nos-services-de-lpo\/#primaryimage","url":"https:\/\/abitbol-associes.com\/wp-content\/uploads\/2012\/11\/Fotolia_35451096_Subscription_Monthly_XXL-400x400-150x150.jpg","contentUrl":"https:\/\/abitbol-associes.com\/wp-content\/uploads\/2012\/11\/Fotolia_35451096_Subscription_Monthly_XXL-400x400-150x150.jpg"},{"@type":"BreadcrumbList","@id":"https:\/\/www.abitbol-associes.com\/en\/nos-services-de-lpo\/#breadcrumb","itemListElement":[{"@type":"ListItem","position":1,"name":"Home","item":"https:\/\/www.abitbol-associes.com\/en\/"},{"@type":"ListItem","position":2,"name":"Nos Services de LPO"}]},{"@type":"WebSite","@id":"https:\/\/www.abitbol-associes.com\/en\/#website","url":"https:\/\/www.abitbol-associes.com\/en\/","name":"Abitbol Associes","description":"Parce que votre exigence est notre priorit\u00e9","potentialAction":[{"@type":"SearchAction","target":{"@type":"EntryPoint","urlTemplate":"https:\/\/www.abitbol-associes.com\/en\/?s={search_term_string}"},"query-input":{"@type":"PropertyValueSpecification","valueRequired":true,"valueName":"search_term_string"}}],"inLanguage":"en-US"}]}},"_links":{"self":[{"href":"https:\/\/www.abitbol-associes.com\/en\/wp-json\/wp\/v2\/pages\/831","targetHints":{"allow":["GET"]}}],"collection":[{"href":"https:\/\/www.abitbol-associes.com\/en\/wp-json\/wp\/v2\/pages"}],"about":[{"href":"https:\/\/www.abitbol-associes.com\/en\/wp-json\/wp\/v2\/types\/page"}],"author":[{"embeddable":true,"href":"https:\/\/www.abitbol-associes.com\/en\/wp-json\/wp\/v2\/users\/2"}],"replies":[{"embeddable":true,"href":"https:\/\/www.abitbol-associes.com\/en\/wp-json\/wp\/v2\/comments?post=831"}],"version-history":[{"count":13,"href":"https:\/\/www.abitbol-associes.com\/en\/wp-json\/wp\/v2\/pages\/831\/revisions"}],"predecessor-version":[{"id":2874,"href":"https:\/\/www.abitbol-associes.com\/en\/wp-json\/wp\/v2\/pages\/831\/revisions\/2874"}],"wp:attachment":[{"href":"https:\/\/www.abitbol-associes.com\/en\/wp-json\/wp\/v2\/media?parent=831"}],"curies":[{"name":"wp","href":"https:\/\/api.w.org\/{rel}","templated":true}]}}