{"id":766,"date":"2013-02-05T11:19:50","date_gmt":"2013-02-05T11:19:50","guid":{"rendered":"http:\/\/www.abitbol-associes.com\/?page_id=766"},"modified":"2019-08-13T16:42:30","modified_gmt":"2019-08-13T16:42:30","slug":"gestion-de-la-propriete-intellectuelle","status":"publish","type":"page","link":"https:\/\/www.abitbol-associes.com\/en\/gestion-de-la-propriete-intellectuelle\/","title":{"rendered":"Gestion de la propri\u00e9t\u00e9 intellectuelle"},"content":{"rendered":"<p><\/p>\n<blockquote>\n<p style=\"text-align: justify;\">Notre Cabinet est tourn\u00e9 vers la modernit\u00e9, l\u2019originalit\u00e9 et l\u2019inventivit\u00e9.\u00a0Il est donc pour nous indispensable de soutenir vos cr\u00e9ations (marques, d\u00e9nominations sociales, noms de domaines, dessins et mod\u00e8les), et de vous accompagner dans toutes vos d\u00e9marches, de la recherche d\u2019ant\u00e9riorit\u00e9 \u00e0 la protection, en passant par la d\u00e9claration aux niveaux nationaux et internationaux.<\/p>\n<\/blockquote>\n<p style=\"text-align: justify;\">Afin de valoriser et d\u00e9fendre vos diff\u00e9rents titres, nous mettons \u00e0 votre disposition une \u00e9quipe de juristes justifiant d&#8217;une solide exp\u00e9rience en propri\u00e9t\u00e9 intellectuelle.<\/p>\n<p style=\"text-align: justify;\">Nos juristes peuvent \u00e9galement recevoir une formation sur les logiciels de PI utilis\u00e9s habituellement par le client en interne<strong>\u00a0<\/strong>tels que Memotech ou Foundation IP de CPA Global.<\/p>\n<p><strong>D\u00e9tails des prestations :<\/strong><\/p>\n<ul>\n<li><strong>Aide \u00e0 la strat\u00e9gie de d\u00e9p\u00f4t<\/strong><\/li>\n<\/ul>\n<p style=\"text-align: justify;\">O\u00f9 d\u00e9poser pour mieux prot\u00e9ger\u00a0? Quelle cat\u00e9gorie choisir\u00a0? Plusieurs questions doivent \u00eatre pos\u00e9es et \u00e9tudi\u00e9es afin d\u2019adopter la meilleure strat\u00e9gie pour d\u00e9fendre vos titres. Nous mettons \u00e0 votre disposition des sp\u00e9cialistes qui vous aideront \u00e0 y voir clair.<\/p>\n<ul>\n<li><strong>Recherches d\u2019ant\u00e9riorit\u00e9s compl\u00e8tes par classe et par GAS<\/strong><\/li>\n<\/ul>\n<p style=\"text-align: justify;\">Avant de proc\u00e9der au d\u00e9p\u00f4t, il convient de s\u2019assurer que le signe choisi est disponible. D\u2019une mani\u00e8re g\u00e9n\u00e9rale, une marque est disponible quand elle ne reproduit ou n\u2019imite pas un signe qui b\u00e9n\u00e9ficie d\u2019un droit ant\u00e9rieur pour des produits ou services, ou des activit\u00e9s qui seraient identiques ou similaires \u00e0 ceux envisag\u00e9s.\u00a0Cette \u00e9tape est donc essentielle.<\/p>\n<ul>\n<li>\u00a0<strong>D\u00e9p\u00f4t de marque nationale fran\u00e7aise, europ\u00e9enne et internationale<\/strong><\/li>\n<\/ul>\n<p style=\"text-align: justify;\">Nous intervenons aupr\u00e8s des instances comp\u00e9tentes que sont l\u2019INPI en France, l\u2019OHMI au sein de l\u2019Union europ\u00e9enne et l\u2019OMPI au niveau international.<\/p>\n<ul>\n<li>\u00a0<strong>Surveillance, renouvellement, rachat ou r\u00e9cup\u00e9ration<\/strong><\/li>\n<\/ul>\n<p style=\"text-align: justify;\">Une fois les premi\u00e8res d\u00e9marches r\u00e9alis\u00e9es, nous vous accompagnons dans la dur\u00e9e et surveillons pour vous la protection de tous vos titres.<\/p>\n<p><\/p>","protected":false},"excerpt":{"rendered":"<p>Notre Cabinet est tourn\u00e9 vers la modernit\u00e9, l\u2019originalit\u00e9 et l\u2019inventivit\u00e9.\u00a0Il est donc pour nous indispensable de soutenir vos cr\u00e9ations (marques, d\u00e9nominations sociales, noms de domaines, dessins et mod\u00e8les), et de vous accompagner dans toutes vos d\u00e9marches, de la recherche d\u2019ant\u00e9riorit\u00e9 \u00e0 la protection, en passant par la d\u00e9claration aux niveaux nationaux et internationaux. Afin de [&hellip;]<\/p>\n","protected":false},"author":2,"featured_media":0,"parent":0,"menu_order":0,"comment_status":"open","ping_status":"closed","template":"","meta":{"footnotes":""},"class_list":["post-766","page","type-page","status-publish","hentry"],"yoast_head":"<!-- This site is optimized with the Yoast SEO plugin v25.5 - https:\/\/yoast.com\/wordpress\/plugins\/seo\/ -->\n<title>Gestion de la propri\u00e9t\u00e9 intellectuelle - Abitbol Associes<\/title>\n<meta name=\"robots\" content=\"index, follow, max-snippet:-1, max-image-preview:large, max-video-preview:-1\" \/>\n<link rel=\"canonical\" href=\"https:\/\/www.abitbol-associes.com\/en\/gestion-de-la-propriete-intellectuelle\/\" \/>\n<meta property=\"og:locale\" content=\"en_US\" \/>\n<meta property=\"og:type\" content=\"article\" \/>\n<meta property=\"og:title\" content=\"Gestion de la propri\u00e9t\u00e9 intellectuelle - Abitbol Associes\" \/>\n<meta property=\"og:description\" content=\"Notre Cabinet est tourn\u00e9 vers la modernit\u00e9, l\u2019originalit\u00e9 et l\u2019inventivit\u00e9.\u00a0Il est donc pour nous indispensable de soutenir vos cr\u00e9ations (marques, d\u00e9nominations sociales, noms de domaines, dessins et mod\u00e8les), et de vous accompagner dans toutes vos d\u00e9marches, de la recherche d\u2019ant\u00e9riorit\u00e9 \u00e0 la protection, en passant par la d\u00e9claration aux niveaux nationaux et internationaux. Afin de [&hellip;]\" \/>\n<meta property=\"og:url\" content=\"https:\/\/www.abitbol-associes.com\/en\/gestion-de-la-propriete-intellectuelle\/\" \/>\n<meta property=\"og:site_name\" content=\"Abitbol Associes\" \/>\n<meta property=\"article:modified_time\" content=\"2019-08-13T16:42:30+00:00\" \/>\n<meta property=\"og:image\" content=\"https:\/\/abitbol-associes.com\/wp-content\/uploads\/2018\/01\/AA_Logo_Final-300x159.gif\" \/>\n<meta name=\"twitter:card\" content=\"summary_large_image\" \/>\n<meta name=\"twitter:label1\" content=\"Est. reading time\" \/>\n\t<meta name=\"twitter:data1\" content=\"5 minutes\" \/>\n<script type=\"application\/ld+json\" class=\"yoast-schema-graph\">{\"@context\":\"https:\/\/schema.org\",\"@graph\":[{\"@type\":\"WebPage\",\"@id\":\"https:\/\/www.abitbol-associes.com\/en\/gestion-de-la-propriete-intellectuelle\/\",\"url\":\"https:\/\/www.abitbol-associes.com\/en\/gestion-de-la-propriete-intellectuelle\/\",\"name\":\"Gestion de la propri\u00e9t\u00e9 intellectuelle - Abitbol Associes\",\"isPartOf\":{\"@id\":\"https:\/\/www.abitbol-associes.com\/en\/#website\"},\"primaryImageOfPage\":{\"@id\":\"https:\/\/www.abitbol-associes.com\/en\/gestion-de-la-propriete-intellectuelle\/#primaryimage\"},\"image\":{\"@id\":\"https:\/\/www.abitbol-associes.com\/fr\/gestion-de-la-propriete-intellectuelle\/#primaryimage\"},\"thumbnailUrl\":\"https:\/\/abitbol-associes.com\/wp-content\/uploads\/2018\/01\/AA_Logo_Final-300x159.gif\",\"datePublished\":\"2013-02-05T11:19:50+00:00\",\"dateModified\":\"2019-08-13T16:42:30+00:00\",\"breadcrumb\":{\"@id\":\"https:\/\/www.abitbol-associes.com\/en\/gestion-de-la-propriete-intellectuelle\/#breadcrumb\"},\"inLanguage\":\"en-US\",\"potentialAction\":[{\"@type\":\"ReadAction\",\"target\":[[\"https:\/\/www.abitbol-associes.com\/en\/gestion-de-la-propriete-intellectuelle\/\"]]}]},{\"@type\":\"ImageObject\",\"inLanguage\":\"en-US\",\"@id\":\"https:\/\/www.abitbol-associes.com\/en\/gestion-de-la-propriete-intellectuelle\/#primaryimage\",\"url\":\"https:\/\/abitbol-associes.com\/wp-content\/uploads\/2018\/01\/AA_Logo_Final-300x159.gif\",\"contentUrl\":\"https:\/\/abitbol-associes.com\/wp-content\/uploads\/2018\/01\/AA_Logo_Final-300x159.gif\"},{\"@type\":\"BreadcrumbList\",\"@id\":\"https:\/\/www.abitbol-associes.com\/en\/gestion-de-la-propriete-intellectuelle\/#breadcrumb\",\"itemListElement\":[{\"@type\":\"ListItem\",\"position\":1,\"name\":\"Home\",\"item\":\"https:\/\/www.abitbol-associes.com\/en\/\"},{\"@type\":\"ListItem\",\"position\":2,\"name\":\"Gestion de la propri\u00e9t\u00e9 intellectuelle\"}]},{\"@type\":\"WebSite\",\"@id\":\"https:\/\/www.abitbol-associes.com\/en\/#website\",\"url\":\"https:\/\/www.abitbol-associes.com\/en\/\",\"name\":\"Abitbol Associes\",\"description\":\"Parce que votre exigence est notre priorit\u00e9\",\"potentialAction\":[{\"@type\":\"SearchAction\",\"target\":{\"@type\":\"EntryPoint\",\"urlTemplate\":\"https:\/\/www.abitbol-associes.com\/en\/?s={search_term_string}\"},\"query-input\":{\"@type\":\"PropertyValueSpecification\",\"valueRequired\":true,\"valueName\":\"search_term_string\"}}],\"inLanguage\":\"en-US\"}]}<\/script>\n<!-- \/ Yoast SEO plugin. -->","yoast_head_json":{"title":"Gestion de la propri\u00e9t\u00e9 intellectuelle - Abitbol Associes","robots":{"index":"index","follow":"follow","max-snippet":"max-snippet:-1","max-image-preview":"max-image-preview:large","max-video-preview":"max-video-preview:-1"},"canonical":"https:\/\/www.abitbol-associes.com\/en\/gestion-de-la-propriete-intellectuelle\/","og_locale":"en_US","og_type":"article","og_title":"Gestion de la propri\u00e9t\u00e9 intellectuelle - Abitbol Associes","og_description":"Notre Cabinet est tourn\u00e9 vers la modernit\u00e9, l\u2019originalit\u00e9 et l\u2019inventivit\u00e9.\u00a0Il est donc pour nous indispensable de soutenir vos cr\u00e9ations (marques, d\u00e9nominations sociales, noms de domaines, dessins et mod\u00e8les), et de vous accompagner dans toutes vos d\u00e9marches, de la recherche d\u2019ant\u00e9riorit\u00e9 \u00e0 la protection, en passant par la d\u00e9claration aux niveaux nationaux et internationaux. Afin de [&hellip;]","og_url":"https:\/\/www.abitbol-associes.com\/en\/gestion-de-la-propriete-intellectuelle\/","og_site_name":"Abitbol Associes","article_modified_time":"2019-08-13T16:42:30+00:00","og_image":[{"url":"https:\/\/abitbol-associes.com\/wp-content\/uploads\/2018\/01\/AA_Logo_Final-300x159.gif","type":"","width":"","height":""}],"twitter_card":"summary_large_image","twitter_misc":{"Est. reading time":"5 minutes"},"schema":{"@context":"https:\/\/schema.org","@graph":[{"@type":"WebPage","@id":"https:\/\/www.abitbol-associes.com\/en\/gestion-de-la-propriete-intellectuelle\/","url":"https:\/\/www.abitbol-associes.com\/en\/gestion-de-la-propriete-intellectuelle\/","name":"Gestion de la propri\u00e9t\u00e9 intellectuelle - Abitbol Associes","isPartOf":{"@id":"https:\/\/www.abitbol-associes.com\/en\/#website"},"primaryImageOfPage":{"@id":"https:\/\/www.abitbol-associes.com\/en\/gestion-de-la-propriete-intellectuelle\/#primaryimage"},"image":{"@id":"https:\/\/www.abitbol-associes.com\/fr\/gestion-de-la-propriete-intellectuelle\/#primaryimage"},"thumbnailUrl":"https:\/\/abitbol-associes.com\/wp-content\/uploads\/2018\/01\/AA_Logo_Final-300x159.gif","datePublished":"2013-02-05T11:19:50+00:00","dateModified":"2019-08-13T16:42:30+00:00","breadcrumb":{"@id":"https:\/\/www.abitbol-associes.com\/en\/gestion-de-la-propriete-intellectuelle\/#breadcrumb"},"inLanguage":"en-US","potentialAction":[{"@type":"ReadAction","target":[["https:\/\/www.abitbol-associes.com\/en\/gestion-de-la-propriete-intellectuelle\/"]]}]},{"@type":"ImageObject","inLanguage":"en-US","@id":"https:\/\/www.abitbol-associes.com\/en\/gestion-de-la-propriete-intellectuelle\/#primaryimage","url":"https:\/\/abitbol-associes.com\/wp-content\/uploads\/2018\/01\/AA_Logo_Final-300x159.gif","contentUrl":"https:\/\/abitbol-associes.com\/wp-content\/uploads\/2018\/01\/AA_Logo_Final-300x159.gif"},{"@type":"BreadcrumbList","@id":"https:\/\/www.abitbol-associes.com\/en\/gestion-de-la-propriete-intellectuelle\/#breadcrumb","itemListElement":[{"@type":"ListItem","position":1,"name":"Home","item":"https:\/\/www.abitbol-associes.com\/en\/"},{"@type":"ListItem","position":2,"name":"Gestion de la propri\u00e9t\u00e9 intellectuelle"}]},{"@type":"WebSite","@id":"https:\/\/www.abitbol-associes.com\/en\/#website","url":"https:\/\/www.abitbol-associes.com\/en\/","name":"Abitbol Associes","description":"Parce que votre exigence est notre priorit\u00e9","potentialAction":[{"@type":"SearchAction","target":{"@type":"EntryPoint","urlTemplate":"https:\/\/www.abitbol-associes.com\/en\/?s={search_term_string}"},"query-input":{"@type":"PropertyValueSpecification","valueRequired":true,"valueName":"search_term_string"}}],"inLanguage":"en-US"}]}},"_links":{"self":[{"href":"https:\/\/www.abitbol-associes.com\/en\/wp-json\/wp\/v2\/pages\/766","targetHints":{"allow":["GET"]}}],"collection":[{"href":"https:\/\/www.abitbol-associes.com\/en\/wp-json\/wp\/v2\/pages"}],"about":[{"href":"https:\/\/www.abitbol-associes.com\/en\/wp-json\/wp\/v2\/types\/page"}],"author":[{"embeddable":true,"href":"https:\/\/www.abitbol-associes.com\/en\/wp-json\/wp\/v2\/users\/2"}],"replies":[{"embeddable":true,"href":"https:\/\/www.abitbol-associes.com\/en\/wp-json\/wp\/v2\/comments?post=766"}],"version-history":[{"count":17,"href":"https:\/\/www.abitbol-associes.com\/en\/wp-json\/wp\/v2\/pages\/766\/revisions"}],"predecessor-version":[{"id":2876,"href":"https:\/\/www.abitbol-associes.com\/en\/wp-json\/wp\/v2\/pages\/766\/revisions\/2876"}],"wp:attachment":[{"href":"https:\/\/www.abitbol-associes.com\/en\/wp-json\/wp\/v2\/media?parent=766"}],"curies":[{"name":"wp","href":"https:\/\/api.w.org\/{rel}","templated":true}]}}