{"id":755,"date":"2013-02-05T11:06:18","date_gmt":"2013-02-05T11:06:18","guid":{"rendered":"http:\/\/www.abitbol-associes.com\/?page_id=755"},"modified":"2019-08-13T16:40:11","modified_gmt":"2019-08-13T16:40:11","slug":"technologies-et-bases-de-donnees","status":"publish","type":"page","link":"https:\/\/www.abitbol-associes.com\/en\/technologies-et-bases-de-donnees\/","title":{"rendered":"Technologies et Bases de donn\u00e9es"},"content":{"rendered":"<p><\/p>\n<blockquote>\n<p style=\"text-align: justify;\">Notre objectif consiste \u00e0 d\u00e9livrer le maximum de valeur ajout\u00e9e \u00e0 nos clients, par l\u2019\u00e9quilibre harmonieux de technologies et de savoir-faire juridique.\u00a0Les juristes du d\u00e9partement de LPO traitent ainsi les prestations \u00e0 l&#8217;aide de technologies innovantes et de puissantes bases de donn\u00e9es documentaires.<\/p>\n<\/blockquote>\n<p style=\"text-align: justify;\"><strong>Des technologies innovantes en interne<\/strong><br \/>\nNotre d\u00e9partement de LPO est \u00e9quip\u00e9 de Entregence, Encobi et Shareflow, logiciels innovants de Gestion de l\u2019Intelligence de Contrats (GIC).<\/p>\n<ul style=\"text-align: justify;\">\n<li>Entergence est une plateforme de gestion de contrats qui permet l&#8217;exploitation optimale de l\u2019intelligence juridique contenue dans chaque contrat et qui en facilite la r\u00e9daction et la r\u00e9vision.<\/li>\n<li>Encobi est un portail d\u2019analyse de l\u2019intelligence de contrats reprenant les indicateurs cl\u00e9s de performances de l\u2019entreprise cliente.<\/li>\n<li>Shareflow est une solution d\u00e9velopp\u00e9e sur SharePoint de gestion des flux organisationnels.<\/li>\n<\/ul>\n<p style=\"text-align: justify;\">Ces technologies sont d\u00e9velopp\u00e9es par Manthan Legal, l&#8217;une des 10\u00a0premi\u00e8res\u00a0firmes mondiales de LPO.<\/p>\n<p><strong>De puissantes bases de donn\u00e9es documentaires<\/strong><\/p>\n<div>\n<div style=\"text-align: justify;\">Les juristes du D\u00e9partement de LPO disposent d\u2019un acc\u00e8s aux principales bases de donn\u00e9es juridiques:<\/div>\n<div style=\"text-align: justify;\">\n<ul>\n<li>Lexis Nexis<\/li>\n<li>Dalloz<\/li>\n<li>Lefebvre<\/li>\n<\/ul>\n<\/div>\n<div style=\"text-align: justify;\">et d\u2019un acc\u00e8s\u00a0\u00e0 de nombreux mod\u00e8les de contrats:<\/div>\n<div>\n<ul>\n<li style=\"text-align: justify;\">Business in a Box<\/li>\n<li style=\"text-align: justify;\">Base de donn\u00e9es interne<\/li>\n<\/ul>\n<\/div>\n<\/div>\n<p><\/p>","protected":false},"excerpt":{"rendered":"<p>Notre objectif consiste \u00e0 d\u00e9livrer le maximum de valeur ajout\u00e9e \u00e0 nos clients, par l\u2019\u00e9quilibre harmonieux de technologies et de savoir-faire juridique.\u00a0Les juristes du d\u00e9partement de LPO traitent ainsi les prestations \u00e0 l&#8217;aide de technologies innovantes et de puissantes bases de donn\u00e9es documentaires. Des technologies innovantes en interne Notre d\u00e9partement de LPO est \u00e9quip\u00e9 de [&hellip;]<\/p>\n","protected":false},"author":2,"featured_media":0,"parent":0,"menu_order":0,"comment_status":"open","ping_status":"closed","template":"","meta":{"footnotes":""},"class_list":["post-755","page","type-page","status-publish","hentry"],"yoast_head":"<!-- This site is optimized with the Yoast SEO plugin v25.5 - https:\/\/yoast.com\/wordpress\/plugins\/seo\/ -->\n<title>Technologies et Bases de donn\u00e9es - Abitbol Associes<\/title>\n<meta name=\"robots\" content=\"index, follow, max-snippet:-1, max-image-preview:large, max-video-preview:-1\" \/>\n<link rel=\"canonical\" href=\"https:\/\/www.abitbol-associes.com\/en\/technologies-et-bases-de-donnees\/\" \/>\n<meta property=\"og:locale\" content=\"en_US\" \/>\n<meta property=\"og:type\" content=\"article\" \/>\n<meta property=\"og:title\" content=\"Technologies et Bases de donn\u00e9es - Abitbol Associes\" \/>\n<meta property=\"og:description\" content=\"Notre objectif consiste \u00e0 d\u00e9livrer le maximum de valeur ajout\u00e9e \u00e0 nos clients, par l\u2019\u00e9quilibre harmonieux de technologies et de savoir-faire juridique.\u00a0Les juristes du d\u00e9partement de LPO traitent ainsi les prestations \u00e0 l&#8217;aide de technologies innovantes et de puissantes bases de donn\u00e9es documentaires. Des technologies innovantes en interne Notre d\u00e9partement de LPO est \u00e9quip\u00e9 de [&hellip;]\" \/>\n<meta property=\"og:url\" content=\"https:\/\/www.abitbol-associes.com\/en\/technologies-et-bases-de-donnees\/\" \/>\n<meta property=\"og:site_name\" content=\"Abitbol Associes\" \/>\n<meta property=\"article:modified_time\" content=\"2019-08-13T16:40:11+00:00\" \/>\n<meta property=\"og:image\" content=\"https:\/\/abitbol-associes.com\/wp-content\/uploads\/2018\/01\/AA_Logo_Final-300x159.gif\" \/>\n<meta name=\"twitter:card\" content=\"summary_large_image\" \/>\n<meta name=\"twitter:label1\" content=\"Est. reading time\" \/>\n\t<meta name=\"twitter:data1\" content=\"3 minutes\" \/>\n<script type=\"application\/ld+json\" class=\"yoast-schema-graph\">{\"@context\":\"https:\/\/schema.org\",\"@graph\":[{\"@type\":\"WebPage\",\"@id\":\"https:\/\/www.abitbol-associes.com\/en\/technologies-et-bases-de-donnees\/\",\"url\":\"https:\/\/www.abitbol-associes.com\/en\/technologies-et-bases-de-donnees\/\",\"name\":\"Technologies et Bases de donn\u00e9es - Abitbol Associes\",\"isPartOf\":{\"@id\":\"https:\/\/www.abitbol-associes.com\/en\/#website\"},\"primaryImageOfPage\":{\"@id\":\"https:\/\/www.abitbol-associes.com\/en\/technologies-et-bases-de-donnees\/#primaryimage\"},\"image\":{\"@id\":\"https:\/\/www.abitbol-associes.com\/fr\/technologies-et-bases-de-donnees\/#primaryimage\"},\"thumbnailUrl\":\"https:\/\/abitbol-associes.com\/wp-content\/uploads\/2018\/01\/AA_Logo_Final-300x159.gif\",\"datePublished\":\"2013-02-05T11:06:18+00:00\",\"dateModified\":\"2019-08-13T16:40:11+00:00\",\"breadcrumb\":{\"@id\":\"https:\/\/www.abitbol-associes.com\/en\/technologies-et-bases-de-donnees\/#breadcrumb\"},\"inLanguage\":\"en-US\",\"potentialAction\":[{\"@type\":\"ReadAction\",\"target\":[[\"https:\/\/www.abitbol-associes.com\/en\/technologies-et-bases-de-donnees\/\"]]}]},{\"@type\":\"ImageObject\",\"inLanguage\":\"en-US\",\"@id\":\"https:\/\/www.abitbol-associes.com\/en\/technologies-et-bases-de-donnees\/#primaryimage\",\"url\":\"https:\/\/abitbol-associes.com\/wp-content\/uploads\/2018\/01\/AA_Logo_Final-300x159.gif\",\"contentUrl\":\"https:\/\/abitbol-associes.com\/wp-content\/uploads\/2018\/01\/AA_Logo_Final-300x159.gif\"},{\"@type\":\"BreadcrumbList\",\"@id\":\"https:\/\/www.abitbol-associes.com\/en\/technologies-et-bases-de-donnees\/#breadcrumb\",\"itemListElement\":[{\"@type\":\"ListItem\",\"position\":1,\"name\":\"Home\",\"item\":\"https:\/\/www.abitbol-associes.com\/en\/\"},{\"@type\":\"ListItem\",\"position\":2,\"name\":\"Technologies et Bases de donn\u00e9es\"}]},{\"@type\":\"WebSite\",\"@id\":\"https:\/\/www.abitbol-associes.com\/en\/#website\",\"url\":\"https:\/\/www.abitbol-associes.com\/en\/\",\"name\":\"Abitbol Associes\",\"description\":\"Parce que votre exigence est notre priorit\u00e9\",\"potentialAction\":[{\"@type\":\"SearchAction\",\"target\":{\"@type\":\"EntryPoint\",\"urlTemplate\":\"https:\/\/www.abitbol-associes.com\/en\/?s={search_term_string}\"},\"query-input\":{\"@type\":\"PropertyValueSpecification\",\"valueRequired\":true,\"valueName\":\"search_term_string\"}}],\"inLanguage\":\"en-US\"}]}<\/script>\n<!-- \/ Yoast SEO plugin. -->","yoast_head_json":{"title":"Technologies et Bases de donn\u00e9es - Abitbol Associes","robots":{"index":"index","follow":"follow","max-snippet":"max-snippet:-1","max-image-preview":"max-image-preview:large","max-video-preview":"max-video-preview:-1"},"canonical":"https:\/\/www.abitbol-associes.com\/en\/technologies-et-bases-de-donnees\/","og_locale":"en_US","og_type":"article","og_title":"Technologies et Bases de donn\u00e9es - Abitbol Associes","og_description":"Notre objectif consiste \u00e0 d\u00e9livrer le maximum de valeur ajout\u00e9e \u00e0 nos clients, par l\u2019\u00e9quilibre harmonieux de technologies et de savoir-faire juridique.\u00a0Les juristes du d\u00e9partement de LPO traitent ainsi les prestations \u00e0 l&#8217;aide de technologies innovantes et de puissantes bases de donn\u00e9es documentaires. Des technologies innovantes en interne Notre d\u00e9partement de LPO est \u00e9quip\u00e9 de [&hellip;]","og_url":"https:\/\/www.abitbol-associes.com\/en\/technologies-et-bases-de-donnees\/","og_site_name":"Abitbol Associes","article_modified_time":"2019-08-13T16:40:11+00:00","og_image":[{"url":"https:\/\/abitbol-associes.com\/wp-content\/uploads\/2018\/01\/AA_Logo_Final-300x159.gif","type":"","width":"","height":""}],"twitter_card":"summary_large_image","twitter_misc":{"Est. reading time":"3 minutes"},"schema":{"@context":"https:\/\/schema.org","@graph":[{"@type":"WebPage","@id":"https:\/\/www.abitbol-associes.com\/en\/technologies-et-bases-de-donnees\/","url":"https:\/\/www.abitbol-associes.com\/en\/technologies-et-bases-de-donnees\/","name":"Technologies et Bases de donn\u00e9es - Abitbol Associes","isPartOf":{"@id":"https:\/\/www.abitbol-associes.com\/en\/#website"},"primaryImageOfPage":{"@id":"https:\/\/www.abitbol-associes.com\/en\/technologies-et-bases-de-donnees\/#primaryimage"},"image":{"@id":"https:\/\/www.abitbol-associes.com\/fr\/technologies-et-bases-de-donnees\/#primaryimage"},"thumbnailUrl":"https:\/\/abitbol-associes.com\/wp-content\/uploads\/2018\/01\/AA_Logo_Final-300x159.gif","datePublished":"2013-02-05T11:06:18+00:00","dateModified":"2019-08-13T16:40:11+00:00","breadcrumb":{"@id":"https:\/\/www.abitbol-associes.com\/en\/technologies-et-bases-de-donnees\/#breadcrumb"},"inLanguage":"en-US","potentialAction":[{"@type":"ReadAction","target":[["https:\/\/www.abitbol-associes.com\/en\/technologies-et-bases-de-donnees\/"]]}]},{"@type":"ImageObject","inLanguage":"en-US","@id":"https:\/\/www.abitbol-associes.com\/en\/technologies-et-bases-de-donnees\/#primaryimage","url":"https:\/\/abitbol-associes.com\/wp-content\/uploads\/2018\/01\/AA_Logo_Final-300x159.gif","contentUrl":"https:\/\/abitbol-associes.com\/wp-content\/uploads\/2018\/01\/AA_Logo_Final-300x159.gif"},{"@type":"BreadcrumbList","@id":"https:\/\/www.abitbol-associes.com\/en\/technologies-et-bases-de-donnees\/#breadcrumb","itemListElement":[{"@type":"ListItem","position":1,"name":"Home","item":"https:\/\/www.abitbol-associes.com\/en\/"},{"@type":"ListItem","position":2,"name":"Technologies et Bases de donn\u00e9es"}]},{"@type":"WebSite","@id":"https:\/\/www.abitbol-associes.com\/en\/#website","url":"https:\/\/www.abitbol-associes.com\/en\/","name":"Abitbol Associes","description":"Parce que votre exigence est notre priorit\u00e9","potentialAction":[{"@type":"SearchAction","target":{"@type":"EntryPoint","urlTemplate":"https:\/\/www.abitbol-associes.com\/en\/?s={search_term_string}"},"query-input":{"@type":"PropertyValueSpecification","valueRequired":true,"valueName":"search_term_string"}}],"inLanguage":"en-US"}]}},"_links":{"self":[{"href":"https:\/\/www.abitbol-associes.com\/en\/wp-json\/wp\/v2\/pages\/755","targetHints":{"allow":["GET"]}}],"collection":[{"href":"https:\/\/www.abitbol-associes.com\/en\/wp-json\/wp\/v2\/pages"}],"about":[{"href":"https:\/\/www.abitbol-associes.com\/en\/wp-json\/wp\/v2\/types\/page"}],"author":[{"embeddable":true,"href":"https:\/\/www.abitbol-associes.com\/en\/wp-json\/wp\/v2\/users\/2"}],"replies":[{"embeddable":true,"href":"https:\/\/www.abitbol-associes.com\/en\/wp-json\/wp\/v2\/comments?post=755"}],"version-history":[{"count":15,"href":"https:\/\/www.abitbol-associes.com\/en\/wp-json\/wp\/v2\/pages\/755\/revisions"}],"predecessor-version":[{"id":2872,"href":"https:\/\/www.abitbol-associes.com\/en\/wp-json\/wp\/v2\/pages\/755\/revisions\/2872"}],"wp:attachment":[{"href":"https:\/\/www.abitbol-associes.com\/en\/wp-json\/wp\/v2\/media?parent=755"}],"curies":[{"name":"wp","href":"https:\/\/api.w.org\/{rel}","templated":true}]}}