{"id":732,"date":"2013-02-04T11:25:09","date_gmt":"2013-02-04T11:25:09","guid":{"rendered":"http:\/\/www.abitbol-associes.com\/?page_id=732"},"modified":"2019-08-13T16:38:11","modified_gmt":"2019-08-13T16:38:11","slug":"departement-de-lpo","status":"publish","type":"page","link":"https:\/\/www.abitbol-associes.com\/en\/lpo\/departement-de-lpo\/","title":{"rendered":"D\u00e9partement de LPO"},"content":{"rendered":"<p><\/p>\n<p style=\"text-align: justify;\">R\u00e9vision de documents, support \u00e0 la r\u00e9daction d\u2019actes et de contrats, besoins de \u00ab mise en conformit\u00e9 \u00bb, recherches d\u2019ant\u00e9riorit\u00e9, gestion de portefeuille de marques\u2026 Les d\u00e9partements juridiques sont aujourd\u2019hui surcharg\u00e9s de travaux juridiques r\u00e9currents, volumineux et chronophages et mobilisent pourtant des ressources co\u00fbteuses en interne et en externe pour les assurer.<\/p>\n<p style=\"text-align: justify;\">Notre d\u00e9partement de LPO a pour objectif d\u2019offrir \u00e0 ses clients un support juridique d\u2019excellence \u00e0 des tarifs tr\u00e8s comp\u00e9titifs par la conjugaison de plusieurs facteurs :<\/p>\n<div>\n<ul>\n<li style=\"text-align: justify;\">la constitution d\u2019\u00e9quipes de juristes et assistants juridiques hautement qualifi\u00e9s<\/li>\n<li style=\"text-align: justify;\">la possibilit\u00e9 d\u2019une intervention combin\u00e9e d\u2019\u00e9quipes en onshore (France) et nearshore (Israel)<\/li>\n<li style=\"text-align: justify;\">la maitrise d\u2019outils technologiques performants<\/li>\n<li style=\"text-align: justify;\">le traitement rationalis\u00e9 des travaux confi\u00e9s<\/li>\n<\/ul>\n<\/div>\n<p><\/p>","protected":false},"excerpt":{"rendered":"<p>R\u00e9vision de documents, support \u00e0 la r\u00e9daction d\u2019actes et de contrats, besoins de \u00ab mise en conformit\u00e9 \u00bb, recherches d\u2019ant\u00e9riorit\u00e9, gestion de portefeuille de marques\u2026 Les d\u00e9partements juridiques sont aujourd\u2019hui surcharg\u00e9s de travaux juridiques r\u00e9currents, volumineux et chronophages et mobilisent pourtant des ressources co\u00fbteuses en interne et en externe pour les assurer. Notre d\u00e9partement de [&hellip;]<\/p>\n","protected":false},"author":2,"featured_media":0,"parent":138,"menu_order":0,"comment_status":"open","ping_status":"open","template":"","meta":{"footnotes":""},"class_list":["post-732","page","type-page","status-publish","hentry"],"yoast_head":"<!-- This site is optimized with the Yoast SEO plugin v25.5 - https:\/\/yoast.com\/wordpress\/plugins\/seo\/ -->\n<title>D\u00e9partement de LPO - Abitbol Associes<\/title>\n<meta name=\"robots\" content=\"index, follow, max-snippet:-1, max-image-preview:large, max-video-preview:-1\" \/>\n<link rel=\"canonical\" href=\"https:\/\/www.abitbol-associes.com\/en\/lpo\/departement-de-lpo\/\" \/>\n<meta property=\"og:locale\" content=\"en_US\" \/>\n<meta property=\"og:type\" content=\"article\" \/>\n<meta property=\"og:title\" content=\"D\u00e9partement de LPO - Abitbol Associes\" \/>\n<meta property=\"og:description\" content=\"R\u00e9vision de documents, support \u00e0 la r\u00e9daction d\u2019actes et de contrats, besoins de \u00ab mise en conformit\u00e9 \u00bb, recherches d\u2019ant\u00e9riorit\u00e9, gestion de portefeuille de marques\u2026 Les d\u00e9partements juridiques sont aujourd\u2019hui surcharg\u00e9s de travaux juridiques r\u00e9currents, volumineux et chronophages et mobilisent pourtant des ressources co\u00fbteuses en interne et en externe pour les assurer. Notre d\u00e9partement de [&hellip;]\" \/>\n<meta property=\"og:url\" content=\"https:\/\/www.abitbol-associes.com\/en\/lpo\/departement-de-lpo\/\" \/>\n<meta property=\"og:site_name\" content=\"Abitbol Associes\" \/>\n<meta property=\"article:modified_time\" content=\"2019-08-13T16:38:11+00:00\" \/>\n<meta property=\"og:image\" content=\"https:\/\/abitbol-associes.com\/wp-content\/uploads\/2018\/01\/AA_Logo_Final-300x159.gif\" \/>\n<meta name=\"twitter:card\" content=\"summary_large_image\" \/>\n<meta name=\"twitter:label1\" content=\"Est. reading time\" \/>\n\t<meta name=\"twitter:data1\" content=\"2 minutes\" \/>\n<script type=\"application\/ld+json\" class=\"yoast-schema-graph\">{\"@context\":\"https:\/\/schema.org\",\"@graph\":[{\"@type\":\"WebPage\",\"@id\":\"https:\/\/www.abitbol-associes.com\/en\/lpo\/departement-de-lpo\/\",\"url\":\"https:\/\/www.abitbol-associes.com\/en\/lpo\/departement-de-lpo\/\",\"name\":\"D\u00e9partement de LPO - Abitbol Associes\",\"isPartOf\":{\"@id\":\"https:\/\/www.abitbol-associes.com\/en\/#website\"},\"primaryImageOfPage\":{\"@id\":\"https:\/\/www.abitbol-associes.com\/en\/lpo\/departement-de-lpo\/#primaryimage\"},\"image\":{\"@id\":\"https:\/\/www.abitbol-associes.com\/lpo\/departement-de-lpo\/#primaryimage\"},\"thumbnailUrl\":\"https:\/\/abitbol-associes.com\/wp-content\/uploads\/2018\/01\/AA_Logo_Final-300x159.gif\",\"datePublished\":\"2013-02-04T11:25:09+00:00\",\"dateModified\":\"2019-08-13T16:38:11+00:00\",\"breadcrumb\":{\"@id\":\"https:\/\/www.abitbol-associes.com\/en\/lpo\/departement-de-lpo\/#breadcrumb\"},\"inLanguage\":\"en-US\",\"potentialAction\":[{\"@type\":\"ReadAction\",\"target\":[[\"https:\/\/www.abitbol-associes.com\/en\/lpo\/departement-de-lpo\/\"]]}]},{\"@type\":\"ImageObject\",\"inLanguage\":\"en-US\",\"@id\":\"https:\/\/www.abitbol-associes.com\/en\/lpo\/departement-de-lpo\/#primaryimage\",\"url\":\"https:\/\/abitbol-associes.com\/wp-content\/uploads\/2018\/01\/AA_Logo_Final-300x159.gif\",\"contentUrl\":\"https:\/\/abitbol-associes.com\/wp-content\/uploads\/2018\/01\/AA_Logo_Final-300x159.gif\"},{\"@type\":\"BreadcrumbList\",\"@id\":\"https:\/\/www.abitbol-associes.com\/en\/lpo\/departement-de-lpo\/#breadcrumb\",\"itemListElement\":[{\"@type\":\"ListItem\",\"position\":1,\"name\":\"Home\",\"item\":\"https:\/\/www.abitbol-associes.com\/en\/\"},{\"@type\":\"ListItem\",\"position\":2,\"name\":\"LPO\",\"item\":\"https:\/\/www.abitbol-associes.com\/en\/lpo\/\"},{\"@type\":\"ListItem\",\"position\":3,\"name\":\"D\u00e9partement de LPO\"}]},{\"@type\":\"WebSite\",\"@id\":\"https:\/\/www.abitbol-associes.com\/en\/#website\",\"url\":\"https:\/\/www.abitbol-associes.com\/en\/\",\"name\":\"Abitbol Associes\",\"description\":\"Parce que votre exigence est notre priorit\u00e9\",\"potentialAction\":[{\"@type\":\"SearchAction\",\"target\":{\"@type\":\"EntryPoint\",\"urlTemplate\":\"https:\/\/www.abitbol-associes.com\/en\/?s={search_term_string}\"},\"query-input\":{\"@type\":\"PropertyValueSpecification\",\"valueRequired\":true,\"valueName\":\"search_term_string\"}}],\"inLanguage\":\"en-US\"}]}<\/script>\n<!-- \/ Yoast SEO plugin. -->","yoast_head_json":{"title":"D\u00e9partement de LPO - Abitbol Associes","robots":{"index":"index","follow":"follow","max-snippet":"max-snippet:-1","max-image-preview":"max-image-preview:large","max-video-preview":"max-video-preview:-1"},"canonical":"https:\/\/www.abitbol-associes.com\/en\/lpo\/departement-de-lpo\/","og_locale":"en_US","og_type":"article","og_title":"D\u00e9partement de LPO - Abitbol Associes","og_description":"R\u00e9vision de documents, support \u00e0 la r\u00e9daction d\u2019actes et de contrats, besoins de \u00ab mise en conformit\u00e9 \u00bb, recherches d\u2019ant\u00e9riorit\u00e9, gestion de portefeuille de marques\u2026 Les d\u00e9partements juridiques sont aujourd\u2019hui surcharg\u00e9s de travaux juridiques r\u00e9currents, volumineux et chronophages et mobilisent pourtant des ressources co\u00fbteuses en interne et en externe pour les assurer. Notre d\u00e9partement de [&hellip;]","og_url":"https:\/\/www.abitbol-associes.com\/en\/lpo\/departement-de-lpo\/","og_site_name":"Abitbol Associes","article_modified_time":"2019-08-13T16:38:11+00:00","og_image":[{"url":"https:\/\/abitbol-associes.com\/wp-content\/uploads\/2018\/01\/AA_Logo_Final-300x159.gif","type":"","width":"","height":""}],"twitter_card":"summary_large_image","twitter_misc":{"Est. reading time":"2 minutes"},"schema":{"@context":"https:\/\/schema.org","@graph":[{"@type":"WebPage","@id":"https:\/\/www.abitbol-associes.com\/en\/lpo\/departement-de-lpo\/","url":"https:\/\/www.abitbol-associes.com\/en\/lpo\/departement-de-lpo\/","name":"D\u00e9partement de LPO - Abitbol Associes","isPartOf":{"@id":"https:\/\/www.abitbol-associes.com\/en\/#website"},"primaryImageOfPage":{"@id":"https:\/\/www.abitbol-associes.com\/en\/lpo\/departement-de-lpo\/#primaryimage"},"image":{"@id":"https:\/\/www.abitbol-associes.com\/lpo\/departement-de-lpo\/#primaryimage"},"thumbnailUrl":"https:\/\/abitbol-associes.com\/wp-content\/uploads\/2018\/01\/AA_Logo_Final-300x159.gif","datePublished":"2013-02-04T11:25:09+00:00","dateModified":"2019-08-13T16:38:11+00:00","breadcrumb":{"@id":"https:\/\/www.abitbol-associes.com\/en\/lpo\/departement-de-lpo\/#breadcrumb"},"inLanguage":"en-US","potentialAction":[{"@type":"ReadAction","target":[["https:\/\/www.abitbol-associes.com\/en\/lpo\/departement-de-lpo\/"]]}]},{"@type":"ImageObject","inLanguage":"en-US","@id":"https:\/\/www.abitbol-associes.com\/en\/lpo\/departement-de-lpo\/#primaryimage","url":"https:\/\/abitbol-associes.com\/wp-content\/uploads\/2018\/01\/AA_Logo_Final-300x159.gif","contentUrl":"https:\/\/abitbol-associes.com\/wp-content\/uploads\/2018\/01\/AA_Logo_Final-300x159.gif"},{"@type":"BreadcrumbList","@id":"https:\/\/www.abitbol-associes.com\/en\/lpo\/departement-de-lpo\/#breadcrumb","itemListElement":[{"@type":"ListItem","position":1,"name":"Home","item":"https:\/\/www.abitbol-associes.com\/en\/"},{"@type":"ListItem","position":2,"name":"LPO","item":"https:\/\/www.abitbol-associes.com\/en\/lpo\/"},{"@type":"ListItem","position":3,"name":"D\u00e9partement de LPO"}]},{"@type":"WebSite","@id":"https:\/\/www.abitbol-associes.com\/en\/#website","url":"https:\/\/www.abitbol-associes.com\/en\/","name":"Abitbol Associes","description":"Parce que votre exigence est notre priorit\u00e9","potentialAction":[{"@type":"SearchAction","target":{"@type":"EntryPoint","urlTemplate":"https:\/\/www.abitbol-associes.com\/en\/?s={search_term_string}"},"query-input":{"@type":"PropertyValueSpecification","valueRequired":true,"valueName":"search_term_string"}}],"inLanguage":"en-US"}]}},"_links":{"self":[{"href":"https:\/\/www.abitbol-associes.com\/en\/wp-json\/wp\/v2\/pages\/732","targetHints":{"allow":["GET"]}}],"collection":[{"href":"https:\/\/www.abitbol-associes.com\/en\/wp-json\/wp\/v2\/pages"}],"about":[{"href":"https:\/\/www.abitbol-associes.com\/en\/wp-json\/wp\/v2\/types\/page"}],"author":[{"embeddable":true,"href":"https:\/\/www.abitbol-associes.com\/en\/wp-json\/wp\/v2\/users\/2"}],"replies":[{"embeddable":true,"href":"https:\/\/www.abitbol-associes.com\/en\/wp-json\/wp\/v2\/comments?post=732"}],"version-history":[{"count":12,"href":"https:\/\/www.abitbol-associes.com\/en\/wp-json\/wp\/v2\/pages\/732\/revisions"}],"predecessor-version":[{"id":2866,"href":"https:\/\/www.abitbol-associes.com\/en\/wp-json\/wp\/v2\/pages\/732\/revisions\/2866"}],"up":[{"embeddable":true,"href":"https:\/\/www.abitbol-associes.com\/en\/wp-json\/wp\/v2\/pages\/138"}],"wp:attachment":[{"href":"https:\/\/www.abitbol-associes.com\/en\/wp-json\/wp\/v2\/media?parent=732"}],"curies":[{"name":"wp","href":"https:\/\/api.w.org\/{rel}","templated":true}]}}