{"id":2941,"date":"2019-12-18T11:04:08","date_gmt":"2019-12-18T11:04:08","guid":{"rendered":"http:\/\/www.abitbol-associes.com\/fr\/?page_id=2941"},"modified":"2019-12-25T10:10:00","modified_gmt":"2019-12-25T10:10:00","slug":"notariat-en-droit-israelien","status":"publish","type":"page","link":"https:\/\/www.abitbol-associes.com\/en\/notariat-en-droit-israelien\/","title":{"rendered":"Notary\u2019s practice in Israeli law"},"content":{"rendered":"<p><\/p>\n<p style=\"text-align: center;\"><div class='et-box et-shadow'>\n\t\t\t\t\t<div class='et-box-content'><div class='et_quote quote-center'>\n\t\t\t<div class='et_right_quote'>\n\t\t\t\tOur team will be fully able to receive any act and\/or contract in order to authenticate it\n\t\t\t\t<span class='et_quote_additional_sign'><\/span>\n\t\t\t<\/div>\n\t\t\t<span class='et_quote_sign'><\/span>\n\t\t<\/div>\n\t\n<p>&nbsp;<\/p>\n<p><strong>With recognized expertise in French and Israeli laws and as a result of constantly growing international demand, the law office ABITBOL &amp; ASSOCIES has decided to broaden its area of \u200b\u200bexpertise and now offers to all of its customers a pole entirely dedicated to the Israeli notarial profession.<\/strong><\/p>\n<p><a href=\"https:\/\/abitbol-associes.com\/mediation-et-arbitrage\/backview-of-sculpture-of-themis-femida-or-justice-goddess-on-bright-sky-copyspace-background\/\" rel=\"attachment wp-att-2709\"><img loading=\"lazy\" decoding=\"async\" class=\"wp-image-2709 alignleft\" src=\"https:\/\/abitbol-associes.com\/wp-content\/uploads\/2018\/06\/M\u00e9diation-Arbitrage-France-Israel.jpg\" alt=\"M\u00e9diation Arbitrage France-Israel\" width=\"304\" height=\"203\" srcset=\"https:\/\/www.abitbol-associes.com\/wp-content\/uploads\/2018\/06\/M\u00e9diation-Arbitrage-France-Israel.jpg 500w, https:\/\/www.abitbol-associes.com\/wp-content\/uploads\/2018\/06\/M\u00e9diation-Arbitrage-France-Israel-300x200.jpg 300w, https:\/\/www.abitbol-associes.com\/wp-content\/uploads\/2018\/06\/M\u00e9diation-Arbitrage-France-Israel-140x94.jpg 140w, https:\/\/www.abitbol-associes.com\/wp-content\/uploads\/2018\/06\/M\u00e9diation-Arbitrage-France-Israel-150x100.jpg 150w\" sizes=\"auto, (max-width: 304px) 100vw, 304px\" \/><\/a><\/p>\n<p>As such, our team will be fully able to receive any act and\/or contract in order to authenticate it. Thus, our law office is entitled to certify the conformity of a copy of an original document, a matrimonial agreement between spouses or a will, to authenticate the signature of a legal document, such as a power of attorney for the purpose of taking action or even to certify all translations in French, Hebrew or English.<\/p>\n<p>As a reminder, the legalization of a signature is used to authenticate a signature when it is affixed to an act that has been written and signed without the presence of a notary.<\/p>\n<p>In addition, our customers will benefit from a Notarial Acts Service, which allows, in particular, any diligence in matters of notarial signature in relation to any document emanating from both Israel and abroad, including the apostille mention.<\/p>\n<p>Finally, our law office has a team of qualified lawyers working in French, English, and Hebrew, and consequently will be perfectly able to translate any legal document such as:<\/p>\n<ul>\n<li>University diploma, baccalaureate, and any other state diploma;<\/li>\n<li>Birth certificate and \/ or any civil status document;<\/li>\n<li>Certificate of custom, Certificate of authenticity of copy, Marriage contract, Notarial will Notarial life certificate, Inventory certified by a Notary<\/li>\n<\/ul>\n<p style=\"text-align: center;\"><strong>ABITBOL &amp; ASSOCIES is a Member of the CCIIF<\/strong><\/p>\n<p style=\"text-align: center;\"><img loading=\"lazy\" decoding=\"async\" class=\"alignnone\" src=\"https:\/\/abitbol-associes.com\/wp-content\/uploads\/2012\/11\/Picture-14.jpg\" alt=\"\" width=\"98\" height=\"61\" \/><\/p>\n<address style=\"text-align: right;\">\u00a0<\/address>\n<address style=\"text-align: right;\"><\/div><\/div><\/address>\n<p>&nbsp;<\/p>\n<p>&nbsp;<\/p>\n\n\t\t<div class='et_quote quote-center'>\n\t\t\t<div class='et_right_quote'>\n\t\t\t\tWhat documents are required to be notarized in Israel?\n\t\t\t\t<span class='et_quote_additional_sign'><\/span>\n\t\t\t<\/div>\n\t\t\t<span class='et_quote_sign'><\/span>\n\t\t<\/div>\n\t\n<div class='et-learn-more et-open clearfix'>\n\t\t\t\t\t<h3 class='heading-more open'>Exemple of the general power of attorney<span class='et_learnmore_arrow'><span><\/span><\/span><\/h3>\n\t\t\t\t\t<div class='learn-more-content'><p><img loading=\"lazy\" decoding=\"async\" class=\" wp-image-91 alignleft\" src=\"https:\/\/abitbol-associes.com\/wp-content\/uploads\/2012\/11\/5.-Immobilier-300x198.jpg\" alt=\"\" width=\"195\" height=\"129\" srcset=\"https:\/\/www.abitbol-associes.com\/wp-content\/uploads\/2012\/11\/5.-Immobilier-300x198.jpg 300w, https:\/\/www.abitbol-associes.com\/wp-content\/uploads\/2012\/11\/5.-Immobilier.jpg 600w\" sizes=\"auto, (max-width: 195px) 100vw, 195px\" \/><\/p>\n<p>According to the Israeli law in force, a general power of attorney established between private persons must be notarized. In other words, the signature of the person granting the power must be endorsed with notarial certification, failing which this power of attorney will have no legal effect.<\/p>\n<p>&nbsp;<\/p><\/div>\n\t\t\t\t<\/div>\n<p>&nbsp;<\/p>\n<p>&nbsp;<\/p>\n<h3><img loading=\"lazy\" decoding=\"async\" class=\"aligncenter wp-image-2449\" src=\"https:\/\/abitbol-associes.com\/wp-content\/uploads\/2018\/01\/AA_Logo_Final-300x159.gif\" alt=\"\" width=\"133\" height=\"70\" srcset=\"https:\/\/www.abitbol-associes.com\/wp-content\/uploads\/2018\/01\/AA_Logo_Final-300x159.gif 300w, https:\/\/www.abitbol-associes.com\/wp-content\/uploads\/2018\/01\/AA_Logo_Final-150x80.gif 150w\" sizes=\"auto, (max-width: 133px) 100vw, 133px\" \/><\/h3>\n<p style=\"text-align: center;\">66 Av Victor Hugo &#8211; Immeuble LEONARD DE VINCI Paris 16\u1d49<br \/>\nTel FR: <a href=\"tel:0178900373\">01 78 90 03 73<\/a><br \/>\nFax FR: 01 77 74 63 99<\/p>\n<p style=\"text-align: center;\">13 Shimon ben Shetah street, 9414713, J\u00e9rusalem<br \/>\nTel ISR: <a href=\"tel:025956345\">02 595 63 45<\/a><br \/>\nFax ISR: 02 591 63 26<\/p>\n<p style=\"text-align: center;\"><a href=\"mailto:contact@abitbol-associes.com\">contact@abitbol-associes.com<\/a><\/p>\n<p>&nbsp;<\/p>\n<h3>\n\t\t<div class='et_quote quote-center'>\n\t\t\t<div class='et_right_quote'>\n\t\t\t\tContact us\n\t\t\t\t<span class='et_quote_additional_sign'><\/span>\n\t\t\t<\/div>\n\t\t\t<span class='et_quote_sign'><\/span>\n\t\t<\/div>\n\tThe law office ABITBOL &amp; ASSOCIES is at your entire disposal for any notarial request upon completion of the dedicated contact form:\n<div class=\"wpcf7 no-js\" id=\"wpcf7-f1236-o2\" lang=\"en-US\" dir=\"ltr\" data-wpcf7-id=\"1236\">\n<div class=\"screen-reader-response\"><p role=\"status\" aria-live=\"polite\" aria-atomic=\"true\"><\/p> <ul><\/ul><\/div>\n<form action=\"\/en\/wp-json\/wp\/v2\/pages\/2941#wpcf7-f1236-o2\" method=\"post\" class=\"wpcf7-form init\" aria-label=\"Contact form\" novalidate=\"novalidate\" data-status=\"init\">\n<fieldset class=\"hidden-fields-container\"><input type=\"hidden\" name=\"_wpcf7\" value=\"1236\" \/><input type=\"hidden\" name=\"_wpcf7_version\" value=\"6.1\" \/><input type=\"hidden\" name=\"_wpcf7_locale\" value=\"en_US\" \/><input type=\"hidden\" name=\"_wpcf7_unit_tag\" value=\"wpcf7-f1236-o2\" \/><input type=\"hidden\" name=\"_wpcf7_container_post\" value=\"0\" \/><input type=\"hidden\" name=\"_wpcf7_posted_data_hash\" value=\"\" \/><input type=\"hidden\" name=\"_wpcf7_recaptcha_response\" value=\"\" \/>\n<\/fieldset>\n<p>Your Name (required)\n<\/p>\n<p><span class=\"wpcf7-form-control-wrap\" data-name=\"your-name\"><input size=\"40\" maxlength=\"400\" class=\"wpcf7-form-control wpcf7-text wpcf7-validates-as-required\" aria-required=\"true\" aria-invalid=\"false\" value=\"\" type=\"text\" name=\"your-name\" \/><\/span>\n<\/p>\n<p>Your Email (required)\n<\/p>\n<p><span class=\"wpcf7-form-control-wrap\" data-name=\"your-email\"><input size=\"40\" maxlength=\"400\" class=\"wpcf7-form-control wpcf7-email wpcf7-validates-as-required wpcf7-text wpcf7-validates-as-email\" aria-required=\"true\" aria-invalid=\"false\" value=\"\" type=\"email\" name=\"your-email\" \/><\/span>\n<\/p>\n<p>Your Phone Number (required)\n<\/p>\n<p><span class=\"wpcf7-form-control-wrap\" data-name=\"your-tel\"><input size=\"40\" maxlength=\"400\" class=\"wpcf7-form-control wpcf7-tel wpcf7-validates-as-required wpcf7-text wpcf7-validates-as-tel\" aria-required=\"true\" aria-invalid=\"false\" value=\"\" type=\"tel\" name=\"your-tel\" \/><\/span>\n<\/p>\n<p>Subject\n<\/p>\n<p><span class=\"wpcf7-form-control-wrap\" data-name=\"your-subject\"><input size=\"40\" maxlength=\"400\" class=\"wpcf7-form-control wpcf7-text\" aria-invalid=\"false\" value=\"\" type=\"text\" name=\"your-subject\" \/><\/span>\n<\/p>\n<p>Your Message\n<\/p>\n<p><span class=\"wpcf7-form-control-wrap\" data-name=\"your-message\"><textarea cols=\"40\" rows=\"10\" maxlength=\"2000\" class=\"wpcf7-form-control wpcf7-textarea\" aria-invalid=\"false\" name=\"your-message\"><\/textarea><\/span>\n<\/p>\n\n<p><input class=\"wpcf7-form-control wpcf7-submit has-spinner\" type=\"submit\" value=\"Send\" \/>\n<\/p><div class=\"wpcf7-response-output\" aria-hidden=\"true\"><\/div>\n<\/form>\n<\/div>\n<\/h3>\n<p><\/p>","protected":false},"excerpt":{"rendered":"<p class=\"qtranxs-available-languages-message qtranxs-available-languages-message-en\">Sorry, this entry is only available in <a href=\"https:\/\/www.abitbol-associes.com\/he\/wp-json\/wp\/v2\/pages\/2941\" class=\"qtranxs-available-language-link qtranxs-available-language-link-he\" title=\"Hebrew\">Hebrew<\/a>.<\/p>\n","protected":false},"author":2,"featured_media":2709,"parent":0,"menu_order":5,"comment_status":"open","ping_status":"open","template":"page-full.php","meta":{"footnotes":""},"class_list":["post-2941","page","type-page","status-publish","has-post-thumbnail","hentry"],"yoast_head":"<!-- This site is optimized with the Yoast SEO plugin v25.5 - https:\/\/yoast.com\/wordpress\/plugins\/seo\/ -->\n<title>Notary\u2019s practice in Israeli law - Abitbol Associes<\/title>\n<meta name=\"robots\" content=\"index, follow, max-snippet:-1, max-image-preview:large, max-video-preview:-1\" \/>\n<link rel=\"canonical\" href=\"https:\/\/www.abitbol-associes.com\/en\/notariat-en-droit-israelien\/\" \/>\n<meta property=\"og:locale\" content=\"en_US\" \/>\n<meta property=\"og:type\" content=\"article\" \/>\n<meta property=\"og:title\" content=\"Notary\u2019s practice in Israeli law - Abitbol Associes\" \/>\n<meta property=\"og:description\" content=\"(Hebrew) Fort d\u2019une expertise reconnue sur les l\u00e9gislations fran\u00e7aises et isra\u00e9liennes et cons\u00e9quemment \u00e0 une demande internationale sans cesse croissante, le Cabinet ABITBOL &amp; ASSOCIES a d\u00e9cid\u00e9 d\u2019\u00e9largir son domaine de comp\u00e9tence et propose d\u00e9sormais \u00e0 l\u2019ensemble de sa client\u00e8le un p\u00f4le enti\u00e8rement d\u00e9di\u00e9 au notariat\u00a0isra\u00e9lien.\" \/>\n<meta property=\"og:url\" content=\"https:\/\/www.abitbol-associes.com\/en\/notariat-en-droit-israelien\/\" \/>\n<meta property=\"og:site_name\" content=\"Abitbol Associes\" \/>\n<meta property=\"article:modified_time\" content=\"2019-12-25T10:10:00+00:00\" \/>\n<meta property=\"og:image\" content=\"https:\/\/www.abitbol-associes.com\/wp-content\/uploads\/2018\/06\/M\u00e9diation-Arbitrage-France-Israel.jpg\" \/>\n\t<meta property=\"og:image:width\" content=\"500\" \/>\n\t<meta property=\"og:image:height\" content=\"334\" \/>\n\t<meta property=\"og:image:type\" content=\"image\/jpeg\" \/>\n<meta name=\"twitter:card\" content=\"summary_large_image\" \/>\n<meta name=\"twitter:label1\" content=\"Est. reading time\" \/>\n\t<meta name=\"twitter:data1\" content=\"5 minutes\" \/>\n<script type=\"application\/ld+json\" class=\"yoast-schema-graph\">{\"@context\":\"https:\/\/schema.org\",\"@graph\":[{\"@type\":\"WebPage\",\"@id\":\"https:\/\/www.abitbol-associes.com\/en\/notariat-en-droit-israelien\/\",\"url\":\"https:\/\/www.abitbol-associes.com\/en\/notariat-en-droit-israelien\/\",\"name\":\"Notary\u2019s practice in Israeli law - Abitbol Associes\",\"isPartOf\":{\"@id\":\"https:\/\/www.abitbol-associes.com\/en\/#website\"},\"primaryImageOfPage\":{\"@id\":\"https:\/\/www.abitbol-associes.com\/en\/notariat-en-droit-israelien\/#primaryimage\"},\"image\":{\"@id\":\"https:\/\/www.abitbol-associes.com\/fr\/notariat-en-droit-israelien\/#primaryimage\"},\"thumbnailUrl\":\"https:\/\/www.abitbol-associes.com\/wp-content\/uploads\/2018\/06\/M\u00e9diation-Arbitrage-France-Israel.jpg\",\"datePublished\":\"2019-12-18T11:04:08+00:00\",\"dateModified\":\"2019-12-25T10:10:00+00:00\",\"breadcrumb\":{\"@id\":\"https:\/\/www.abitbol-associes.com\/en\/notariat-en-droit-israelien\/#breadcrumb\"},\"inLanguage\":\"en-US\",\"potentialAction\":[{\"@type\":\"ReadAction\",\"target\":[[\"https:\/\/www.abitbol-associes.com\/en\/notariat-en-droit-israelien\/\"]]}]},{\"@type\":\"ImageObject\",\"inLanguage\":\"en-US\",\"@id\":\"https:\/\/www.abitbol-associes.com\/en\/notariat-en-droit-israelien\/#primaryimage\",\"url\":\"https:\/\/www.abitbol-associes.com\/wp-content\/uploads\/2018\/06\/M\u00e9diation-Arbitrage-France-Israel.jpg\",\"contentUrl\":\"https:\/\/www.abitbol-associes.com\/wp-content\/uploads\/2018\/06\/M\u00e9diation-Arbitrage-France-Israel.jpg\",\"width\":500,\"height\":334,\"caption\":\"Notariat Israel-France\"},{\"@type\":\"BreadcrumbList\",\"@id\":\"https:\/\/www.abitbol-associes.com\/en\/notariat-en-droit-israelien\/#breadcrumb\",\"itemListElement\":[{\"@type\":\"ListItem\",\"position\":1,\"name\":\"Home\",\"item\":\"https:\/\/www.abitbol-associes.com\/en\/\"},{\"@type\":\"ListItem\",\"position\":2,\"name\":\"Notariat en Droit Isra\u00e9lien\"}]},{\"@type\":\"WebSite\",\"@id\":\"https:\/\/www.abitbol-associes.com\/en\/#website\",\"url\":\"https:\/\/www.abitbol-associes.com\/en\/\",\"name\":\"Abitbol Associes\",\"description\":\"Parce que votre exigence est notre priorit\u00e9\",\"potentialAction\":[{\"@type\":\"SearchAction\",\"target\":{\"@type\":\"EntryPoint\",\"urlTemplate\":\"https:\/\/www.abitbol-associes.com\/en\/?s={search_term_string}\"},\"query-input\":{\"@type\":\"PropertyValueSpecification\",\"valueRequired\":true,\"valueName\":\"search_term_string\"}}],\"inLanguage\":\"en-US\"}]}<\/script>\n<!-- \/ Yoast SEO plugin. -->","yoast_head_json":{"title":"Notary\u2019s practice in Israeli law - Abitbol Associes","robots":{"index":"index","follow":"follow","max-snippet":"max-snippet:-1","max-image-preview":"max-image-preview:large","max-video-preview":"max-video-preview:-1"},"canonical":"https:\/\/www.abitbol-associes.com\/en\/notariat-en-droit-israelien\/","og_locale":"en_US","og_type":"article","og_title":"Notary\u2019s practice in Israeli law - Abitbol Associes","og_description":"(Hebrew) Fort d\u2019une expertise reconnue sur les l\u00e9gislations fran\u00e7aises et isra\u00e9liennes et cons\u00e9quemment \u00e0 une demande internationale sans cesse croissante, le Cabinet ABITBOL &amp; ASSOCIES a d\u00e9cid\u00e9 d\u2019\u00e9largir son domaine de comp\u00e9tence et propose d\u00e9sormais \u00e0 l\u2019ensemble de sa client\u00e8le un p\u00f4le enti\u00e8rement d\u00e9di\u00e9 au notariat\u00a0isra\u00e9lien.","og_url":"https:\/\/www.abitbol-associes.com\/en\/notariat-en-droit-israelien\/","og_site_name":"Abitbol Associes","article_modified_time":"2019-12-25T10:10:00+00:00","og_image":[{"width":500,"height":334,"url":"https:\/\/www.abitbol-associes.com\/wp-content\/uploads\/2018\/06\/M\u00e9diation-Arbitrage-France-Israel.jpg","type":"image\/jpeg"}],"twitter_card":"summary_large_image","twitter_misc":{"Est. reading time":"5 minutes"},"schema":{"@context":"https:\/\/schema.org","@graph":[{"@type":"WebPage","@id":"https:\/\/www.abitbol-associes.com\/en\/notariat-en-droit-israelien\/","url":"https:\/\/www.abitbol-associes.com\/en\/notariat-en-droit-israelien\/","name":"Notary\u2019s practice in Israeli law - Abitbol Associes","isPartOf":{"@id":"https:\/\/www.abitbol-associes.com\/en\/#website"},"primaryImageOfPage":{"@id":"https:\/\/www.abitbol-associes.com\/en\/notariat-en-droit-israelien\/#primaryimage"},"image":{"@id":"https:\/\/www.abitbol-associes.com\/fr\/notariat-en-droit-israelien\/#primaryimage"},"thumbnailUrl":"https:\/\/www.abitbol-associes.com\/wp-content\/uploads\/2018\/06\/M\u00e9diation-Arbitrage-France-Israel.jpg","datePublished":"2019-12-18T11:04:08+00:00","dateModified":"2019-12-25T10:10:00+00:00","breadcrumb":{"@id":"https:\/\/www.abitbol-associes.com\/en\/notariat-en-droit-israelien\/#breadcrumb"},"inLanguage":"en-US","potentialAction":[{"@type":"ReadAction","target":[["https:\/\/www.abitbol-associes.com\/en\/notariat-en-droit-israelien\/"]]}]},{"@type":"ImageObject","inLanguage":"en-US","@id":"https:\/\/www.abitbol-associes.com\/en\/notariat-en-droit-israelien\/#primaryimage","url":"https:\/\/www.abitbol-associes.com\/wp-content\/uploads\/2018\/06\/M\u00e9diation-Arbitrage-France-Israel.jpg","contentUrl":"https:\/\/www.abitbol-associes.com\/wp-content\/uploads\/2018\/06\/M\u00e9diation-Arbitrage-France-Israel.jpg","width":500,"height":334,"caption":"Notariat Israel-France"},{"@type":"BreadcrumbList","@id":"https:\/\/www.abitbol-associes.com\/en\/notariat-en-droit-israelien\/#breadcrumb","itemListElement":[{"@type":"ListItem","position":1,"name":"Home","item":"https:\/\/www.abitbol-associes.com\/en\/"},{"@type":"ListItem","position":2,"name":"Notariat en Droit Isra\u00e9lien"}]},{"@type":"WebSite","@id":"https:\/\/www.abitbol-associes.com\/en\/#website","url":"https:\/\/www.abitbol-associes.com\/en\/","name":"Abitbol Associes","description":"Parce que votre exigence est notre priorit\u00e9","potentialAction":[{"@type":"SearchAction","target":{"@type":"EntryPoint","urlTemplate":"https:\/\/www.abitbol-associes.com\/en\/?s={search_term_string}"},"query-input":{"@type":"PropertyValueSpecification","valueRequired":true,"valueName":"search_term_string"}}],"inLanguage":"en-US"}]}},"_links":{"self":[{"href":"https:\/\/www.abitbol-associes.com\/en\/wp-json\/wp\/v2\/pages\/2941","targetHints":{"allow":["GET"]}}],"collection":[{"href":"https:\/\/www.abitbol-associes.com\/en\/wp-json\/wp\/v2\/pages"}],"about":[{"href":"https:\/\/www.abitbol-associes.com\/en\/wp-json\/wp\/v2\/types\/page"}],"author":[{"embeddable":true,"href":"https:\/\/www.abitbol-associes.com\/en\/wp-json\/wp\/v2\/users\/2"}],"replies":[{"embeddable":true,"href":"https:\/\/www.abitbol-associes.com\/en\/wp-json\/wp\/v2\/comments?post=2941"}],"version-history":[{"count":49,"href":"https:\/\/www.abitbol-associes.com\/en\/wp-json\/wp\/v2\/pages\/2941\/revisions"}],"predecessor-version":[{"id":2993,"href":"https:\/\/www.abitbol-associes.com\/en\/wp-json\/wp\/v2\/pages\/2941\/revisions\/2993"}],"wp:featuredmedia":[{"embeddable":true,"href":"https:\/\/www.abitbol-associes.com\/en\/wp-json\/wp\/v2\/media\/2709"}],"wp:attachment":[{"href":"https:\/\/www.abitbol-associes.com\/en\/wp-json\/wp\/v2\/media?parent=2941"}],"curies":[{"name":"wp","href":"https:\/\/api.w.org\/{rel}","templated":true}]}}