{"id":138,"date":"2012-11-15T15:12:14","date_gmt":"2012-11-15T15:12:14","guid":{"rendered":"http:\/\/abitbol-associes.com\/?page_id=138"},"modified":"2026-02-05T11:55:47","modified_gmt":"2026-02-05T09:55:47","slug":"lpo","status":"publish","type":"page","link":"https:\/\/www.abitbol-associes.com\/en\/lpo\/","title":{"rendered":"LPO"},"content":{"rendered":"<p><img loading=\"lazy\" decoding=\"async\" class=\"wp-image-11420 size-medium alignright\" src=\"https:\/\/www.abitbol-associes.com\/wp-content\/uploads\/2026\/02\/Depositphotos_98152746_xl-2015-300x200.jpg\" alt=\"\" width=\"300\" height=\"200\" srcset=\"https:\/\/www.abitbol-associes.com\/wp-content\/uploads\/2026\/02\/Depositphotos_98152746_xl-2015-300x200.jpg 300w, https:\/\/www.abitbol-associes.com\/wp-content\/uploads\/2026\/02\/Depositphotos_98152746_xl-2015-1024x683.jpg 1024w, https:\/\/www.abitbol-associes.com\/wp-content\/uploads\/2026\/02\/Depositphotos_98152746_xl-2015-768x512.jpg 768w, https:\/\/www.abitbol-associes.com\/wp-content\/uploads\/2026\/02\/Depositphotos_98152746_xl-2015-1536x1024.jpg 1536w, https:\/\/www.abitbol-associes.com\/wp-content\/uploads\/2026\/02\/Depositphotos_98152746_xl-2015-2048x1365.jpg 2048w, https:\/\/www.abitbol-associes.com\/wp-content\/uploads\/2026\/02\/Depositphotos_98152746_xl-2015-462x306.jpg 462w, https:\/\/www.abitbol-associes.com\/wp-content\/uploads\/2026\/02\/Depositphotos_98152746_xl-2015-140x94.jpg 140w\" sizes=\"auto, (max-width: 300px) 100vw, 300px\" \/><\/p>\n<p style=\"text-align: justify;\">While ensuring strict respect to ethical rules, our firm wishes to share its vision of the legal practice, oriented towards flexibility, use of technology and optimal database security.<\/p>\n<p style=\"text-align: justify;\">In line with this motto, we have launched a department dedicated to &#8220;Legal Process Outsourcing&#8221; for the French legal professionals, corporate legal departments. and law firms.<\/p>\n<p style=\"text-align: justify;\">One of the main aspects of this innovative legal practice is in respect to the step-by-step treatment of some legal tasks. To achieve this goal, we built dedicated teams of lawyers and paralegals and invested in technology and organizational software, in order to optimize costs and delivery times while ensuring a quality of work for the legal departments.<\/p>\n<p style=\"text-align: justify;\">This new method is already implemented in Anglo-Saxon countries and has been proven successful. Many reports and studies \u2013notably the one conducted by DayOne and Deloitte in 2011 &#8211; note the future expansion of the LPO trend to France. Anglo-Saxon companies and law firms that already use LPO save 30% to 50% of their costs.<\/p>\n<p style=\"text-align: justify;\">Nowadays, LPO is booming in France and in Isra\u00ebl. With this in mind, we want to bring our experience in this field to our clients.<\/p>\n<p>Please click below to get more details about our French LPO services :<\/p>\n<p><a href=\"https:\/\/abitbol-associes.com\/nos-services-de-lpo\/gestion-de-la-propriete-intellectuelle\">Gestion de la propri\u00e9t\u00e9 intellectuelle<\/a><\/p>\n<p><img loading=\"lazy\" decoding=\"async\" class=\"size-thumbnail wp-image-819 alignleft alignnone\" style=\"width: 150px !important; height: 150px !important; max-width: 150px !important; max-height: 150px !important;\" title=\"Gestion de la propri\u00e9t\u00e9 intellectuelle\" src=\"https:\/\/abitbol-associes.com\/wp-content\/uploads\/2012\/11\/Fotolia_35451096_Subscription_Monthly_XXL-400x400-150x150.jpg\" alt=\"Gestion de la Propri\u00e9t\u00e9 intellectuelle et industrielle - LPO\" width=\"150\" height=\"150\" srcset=\"https:\/\/www.abitbol-associes.com\/wp-content\/uploads\/2012\/11\/Fotolia_35451096_Subscription_Monthly_XXL-400x400-150x150.jpg 150w, https:\/\/www.abitbol-associes.com\/wp-content\/uploads\/2012\/11\/Fotolia_35451096_Subscription_Monthly_XXL-400x400-300x300.jpg 300w, https:\/\/www.abitbol-associes.com\/wp-content\/uploads\/2012\/11\/Fotolia_35451096_Subscription_Monthly_XXL-400x400.jpg 400w\" sizes=\"auto, (max-width: 150px) 100vw, 150px\" \/><\/p>\n<p>&nbsp;<\/p>\n<p>&nbsp;<\/p>\n<p>&nbsp;<\/p>\n<p>&nbsp;<\/p>\n<p>&nbsp;<\/p>\n<p><a href=\"https:\/\/abitbol-associes.com\/nos-services-de-lpo\/gestion-de-contrats-et-revision-de-documents-2\/\">Gestion de contrats et R\u00e9vision de documents<\/a><\/p>\n<p><img loading=\"lazy\" decoding=\"async\" class=\"size-thumbnail wp-image-821\" style=\"width: 150px !important; height: 150px !important; max-width: 150px !important; max-height: 150px !important;\" title=\"Gestion de documents et R\u00e9vision de contrats\" src=\"https:\/\/abitbol-associes.com\/wp-content\/uploads\/2012\/11\/shortcode-capture-266x266-150x150.png\" alt=\"\" width=\"150\" height=\"150\" srcset=\"https:\/\/www.abitbol-associes.com\/wp-content\/uploads\/2012\/11\/shortcode-capture-266x266-150x150.png 150w, https:\/\/www.abitbol-associes.com\/wp-content\/uploads\/2012\/11\/shortcode-capture-266x266.png 266w\" sizes=\"auto, (max-width: 150px) 100vw, 150px\" \/><\/p>\n<p><a href=\"https:\/\/abitbol-associes.com\/nos-services-de-lpo\/management-juridique-des-projets\/\">Maintenance juridique des logiciels<\/a><\/p>\n<p><img loading=\"lazy\" decoding=\"async\" class=\"size-thumbnail wp-image-820 alignleft\" style=\"width: 150px !important; height: 150px !important; max-width: 150px !important; max-height: 150px !important;\" title=\"Management juridique des projets\" src=\"https:\/\/abitbol-associes.com\/wp-content\/uploads\/2012\/11\/Fotolia_6202659_Subscription_Monthly_XL-266x266-150x150.jpg\" alt=\"Gestion de contrats et R\u00e9vision de documents\" width=\"150\" height=\"150\" srcset=\"https:\/\/www.abitbol-associes.com\/wp-content\/uploads\/2012\/11\/Fotolia_6202659_Subscription_Monthly_XL-266x266-150x150.jpg 150w, https:\/\/www.abitbol-associes.com\/wp-content\/uploads\/2012\/11\/Fotolia_6202659_Subscription_Monthly_XL-266x266.jpg 266w\" sizes=\"auto, (max-width: 150px) 100vw, 150px\" \/><\/p>\n<p>&nbsp;<\/p>\n<p>&nbsp;<\/p>\n<p>&nbsp;<\/p>\n<p>&nbsp;<\/p>\n<p>&nbsp;<\/p>\n<p><a href=\"https:\/\/abitbol-associes.com\/nos-services-de-lpo\/secretariat-juridique-dentreprises-2\/\">Secr\u00e9tariat juridique d&#8217;entreprises<\/a><\/p>\n<p><a href=\"https:\/\/abitbol-associes.com\/nos-services-de-lpo\/secretariat-juridique-dentreprises-2\/\"><img loading=\"lazy\" decoding=\"async\" class=\"size-thumbnail wp-image-822\" style=\"width: 150px !important; height: 150px !important; max-width: 150px !important; max-height: 150px !important;\" title=\"Secr\u00e9tariat juridique d'entreprises\" src=\"https:\/\/abitbol-associes.com\/wp-content\/uploads\/2012\/11\/internet-400x400-150x150.jpg\" alt=\"Secr\u00e9tariat juridique d'entreprises\" width=\"150\" height=\"150\" srcset=\"https:\/\/www.abitbol-associes.com\/wp-content\/uploads\/2012\/11\/internet-400x400-150x150.jpg 150w, https:\/\/www.abitbol-associes.com\/wp-content\/uploads\/2012\/11\/internet-400x400-300x300.jpg 300w, https:\/\/www.abitbol-associes.com\/wp-content\/uploads\/2012\/11\/internet-400x400.jpg 400w\" sizes=\"auto, (max-width: 150px) 100vw, 150px\" \/><\/a><\/p>\n<h3><img loading=\"lazy\" decoding=\"async\" class=\"aligncenter wp-image-2449\" style=\"width: 133px !important; height: 70px !important; max-width: 133px !important; max-height: 70px !important;\" src=\"https:\/\/abitbol-associes.com\/wp-content\/uploads\/2018\/01\/AA_Logo_Final-300x159.gif\" alt=\"\" width=\"133\" height=\"70\" srcset=\"https:\/\/www.abitbol-associes.com\/wp-content\/uploads\/2018\/01\/AA_Logo_Final-300x159.gif 300w, https:\/\/www.abitbol-associes.com\/wp-content\/uploads\/2018\/01\/AA_Logo_Final-150x80.gif 150w\" sizes=\"auto, (max-width: 133px) 100vw, 133px\" \/><\/h3>\n<p style=\"text-align: center;\">66 Av Hubert Germain &#8211; Paris 16\u1d49<br \/>\nTel: + 33 (0)1 78 90 03 73<br \/>\nFax: + 33 (0)1 77 74 63 99<\/p>\n<p style=\"text-align: center;\">13 rue Shimon ben Shetah, 9414713, Jerusalem<br \/>\nTel: + 972 (0)2 595 63 45<br \/>\nFax: + 972 (0)2 591 63 26<\/p>\n<p style=\"text-align: center;\"><a href=\"mailto:contact@abitbol-associes.com\">contact@abitbol-associes.com<\/a><\/p>\n<p>&nbsp;<\/p>\n<h3>\n\t\t<div class='et_quote quote-center'>\n\t\t\t<div class='et_right_quote'>\n\t\t\t\tContact us\n\t\t\t\t<span class='et_quote_additional_sign'><\/span>\n\t\t\t<\/div>\n\t\t\t<span class='et_quote_sign'><\/span>\n\t\t<\/div>\n\t<\/h3>\n<h3 style=\"text-align: left;\">For any need and\/or question, please leave us a message:\n<div class=\"wpcf7 no-js\" id=\"wpcf7-f1230-o2\" lang=\"en-US\" dir=\"ltr\" data-wpcf7-id=\"1230\">\n<div class=\"screen-reader-response\"><p role=\"status\" aria-live=\"polite\" aria-atomic=\"true\"><\/p> <ul><\/ul><\/div>\n<form action=\"\/en\/wp-json\/wp\/v2\/pages\/138#wpcf7-f1230-o2\" method=\"post\" class=\"wpcf7-form init\" aria-label=\"Contact form\" novalidate=\"novalidate\" data-status=\"init\">\n<fieldset class=\"hidden-fields-container\"><input type=\"hidden\" name=\"_wpcf7\" value=\"1230\" \/><input type=\"hidden\" name=\"_wpcf7_version\" value=\"6.1\" \/><input type=\"hidden\" name=\"_wpcf7_locale\" value=\"en_US\" \/><input type=\"hidden\" name=\"_wpcf7_unit_tag\" value=\"wpcf7-f1230-o2\" \/><input type=\"hidden\" name=\"_wpcf7_container_post\" value=\"0\" \/><input type=\"hidden\" name=\"_wpcf7_posted_data_hash\" value=\"\" \/><input type=\"hidden\" name=\"_wpcf7_recaptcha_response\" value=\"\" \/>\n<\/fieldset>\n<p>Votre nom (obligatoire)\n<\/p>\n<p><span class=\"wpcf7-form-control-wrap\" data-name=\"your-name\"><input size=\"40\" maxlength=\"400\" class=\"wpcf7-form-control wpcf7-text wpcf7-validates-as-required\" aria-required=\"true\" aria-invalid=\"false\" value=\"\" type=\"text\" name=\"your-name\" \/><\/span>\n<\/p>\n<p>Votre email (obligatoire)\n<\/p>\n<p><span class=\"wpcf7-form-control-wrap\" data-name=\"your-email\"><input size=\"40\" maxlength=\"400\" class=\"wpcf7-form-control wpcf7-email wpcf7-validates-as-required wpcf7-text wpcf7-validates-as-email\" aria-required=\"true\" aria-invalid=\"false\" value=\"\" type=\"email\" name=\"your-email\" \/><\/span>\n<\/p>\n<p>Votre num\u00e9ro de t\u00e9l\u00e9phone (obligatoire)\n<\/p>\n<p><span class=\"wpcf7-form-control-wrap\" data-name=\"your-tel\"><input size=\"40\" maxlength=\"400\" class=\"wpcf7-form-control wpcf7-tel wpcf7-validates-as-required wpcf7-text wpcf7-validates-as-tel\" aria-required=\"true\" aria-invalid=\"false\" value=\"\" type=\"tel\" name=\"your-tel\" \/><\/span>\n<\/p>\n<p>Sujet\n<\/p>\n<p><span class=\"wpcf7-form-control-wrap\" data-name=\"your-subject\"><input size=\"40\" maxlength=\"400\" class=\"wpcf7-form-control wpcf7-text\" aria-invalid=\"false\" value=\"\" type=\"text\" name=\"your-subject\" \/><\/span>\n<\/p>\n<p>Votre message\n<\/p>\n<p><span class=\"wpcf7-form-control-wrap\" data-name=\"your-message\"><textarea cols=\"40\" rows=\"10\" maxlength=\"2000\" class=\"wpcf7-form-control wpcf7-textarea\" aria-invalid=\"false\" name=\"your-message\"><\/textarea><\/span>\n<\/p>\n\n<p><input class=\"wpcf7-form-control wpcf7-submit has-spinner\" type=\"submit\" value=\"Envoyer\" \/>\n<\/p><div class=\"wpcf7-response-output\" aria-hidden=\"true\"><\/div>\n<\/form>\n<\/div>\n<\/h3>\n<p><\/p>","protected":false},"excerpt":{"rendered":"<p>While ensuring strict respect to ethical rules, our firm wishes to share its vision of the legal practice, oriented towards flexibility, use of technology and optimal database security. In line with this motto, we have launched a department dedicated to &#8220;Legal Process Outsourcing&#8221; for the French legal professionals, corporate legal departments. and law firms. One [&hellip;]<\/p>\n","protected":false},"author":6,"featured_media":11420,"parent":0,"menu_order":4,"comment_status":"open","ping_status":"open","template":"","meta":{"footnotes":""},"class_list":["post-138","page","type-page","status-publish","has-post-thumbnail","hentry"],"yoast_head":"<!-- This site is optimized with the Yoast SEO plugin v25.5 - https:\/\/yoast.com\/wordpress\/plugins\/seo\/ -->\n<title>LPO - Abitbol Associes<\/title>\n<meta name=\"robots\" content=\"index, follow, max-snippet:-1, max-image-preview:large, max-video-preview:-1\" \/>\n<link rel=\"canonical\" href=\"https:\/\/www.abitbol-associes.com\/en\/lpo\/\" \/>\n<meta property=\"og:locale\" content=\"en_US\" \/>\n<meta property=\"og:type\" content=\"article\" \/>\n<meta property=\"og:title\" content=\"LPO - Abitbol Associes\" \/>\n<meta property=\"og:description\" content=\"While ensuring strict respect to ethical rules, our firm wishes to share its vision of the legal practice, oriented towards flexibility, use of technology and optimal database security. In line with this motto, we have launched a department dedicated to &#8220;Legal Process Outsourcing&#8221; for the French legal professionals, corporate legal departments. and law firms. One [&hellip;]\" \/>\n<meta property=\"og:url\" content=\"https:\/\/www.abitbol-associes.com\/en\/lpo\/\" \/>\n<meta property=\"og:site_name\" content=\"Abitbol Associes\" \/>\n<meta property=\"article:modified_time\" content=\"2026-02-05T09:55:47+00:00\" \/>\n<meta property=\"og:image\" content=\"https:\/\/www.abitbol-associes.com\/wp-content\/uploads\/2026\/02\/Depositphotos_98152746_xl-2015-scaled.jpg\" \/>\n\t<meta property=\"og:image:width\" content=\"2560\" \/>\n\t<meta property=\"og:image:height\" content=\"1707\" \/>\n\t<meta property=\"og:image:type\" content=\"image\/jpeg\" \/>\n<meta name=\"twitter:card\" content=\"summary_large_image\" \/>\n<meta name=\"twitter:label1\" content=\"Est. reading time\" \/>\n\t<meta name=\"twitter:data1\" content=\"3 minutes\" \/>\n<script type=\"application\/ld+json\" class=\"yoast-schema-graph\">{\"@context\":\"https:\/\/schema.org\",\"@graph\":[{\"@type\":\"WebPage\",\"@id\":\"https:\/\/www.abitbol-associes.com\/en\/lpo\/\",\"url\":\"https:\/\/www.abitbol-associes.com\/en\/lpo\/\",\"name\":\"LPO - Abitbol Associes\",\"isPartOf\":{\"@id\":\"https:\/\/www.abitbol-associes.com\/en\/#website\"},\"primaryImageOfPage\":{\"@id\":\"https:\/\/www.abitbol-associes.com\/en\/lpo\/#primaryimage\"},\"image\":{\"@id\":\"https:\/\/www.abitbol-associes.com\/lpo\/#primaryimage\"},\"thumbnailUrl\":\"https:\/\/www.abitbol-associes.com\/wp-content\/uploads\/2026\/02\/Depositphotos_98152746_xl-2015-scaled.jpg\",\"datePublished\":\"2012-11-15T15:12:14+00:00\",\"dateModified\":\"2026-02-05T09:55:47+00:00\",\"breadcrumb\":{\"@id\":\"https:\/\/www.abitbol-associes.com\/en\/lpo\/#breadcrumb\"},\"inLanguage\":\"en-US\",\"potentialAction\":[{\"@type\":\"ReadAction\",\"target\":[[\"https:\/\/www.abitbol-associes.com\/en\/lpo\/\"]]}]},{\"@type\":\"ImageObject\",\"inLanguage\":\"en-US\",\"@id\":\"https:\/\/www.abitbol-associes.com\/en\/lpo\/#primaryimage\",\"url\":\"https:\/\/www.abitbol-associes.com\/wp-content\/uploads\/2026\/02\/Depositphotos_98152746_xl-2015-scaled.jpg\",\"contentUrl\":\"https:\/\/www.abitbol-associes.com\/wp-content\/uploads\/2026\/02\/Depositphotos_98152746_xl-2015-scaled.jpg\",\"width\":2560,\"height\":1707},{\"@type\":\"BreadcrumbList\",\"@id\":\"https:\/\/www.abitbol-associes.com\/en\/lpo\/#breadcrumb\",\"itemListElement\":[{\"@type\":\"ListItem\",\"position\":1,\"name\":\"Home\",\"item\":\"https:\/\/www.abitbol-associes.com\/en\/\"},{\"@type\":\"ListItem\",\"position\":2,\"name\":\"LPO\"}]},{\"@type\":\"WebSite\",\"@id\":\"https:\/\/www.abitbol-associes.com\/en\/#website\",\"url\":\"https:\/\/www.abitbol-associes.com\/en\/\",\"name\":\"Abitbol Associes\",\"description\":\"Parce que votre exigence est notre priorit\u00e9\",\"potentialAction\":[{\"@type\":\"SearchAction\",\"target\":{\"@type\":\"EntryPoint\",\"urlTemplate\":\"https:\/\/www.abitbol-associes.com\/en\/?s={search_term_string}\"},\"query-input\":{\"@type\":\"PropertyValueSpecification\",\"valueRequired\":true,\"valueName\":\"search_term_string\"}}],\"inLanguage\":\"en-US\"}]}<\/script>\n<!-- \/ Yoast SEO plugin. -->","yoast_head_json":{"title":"LPO - Abitbol Associes","robots":{"index":"index","follow":"follow","max-snippet":"max-snippet:-1","max-image-preview":"max-image-preview:large","max-video-preview":"max-video-preview:-1"},"canonical":"https:\/\/www.abitbol-associes.com\/en\/lpo\/","og_locale":"en_US","og_type":"article","og_title":"LPO - Abitbol Associes","og_description":"While ensuring strict respect to ethical rules, our firm wishes to share its vision of the legal practice, oriented towards flexibility, use of technology and optimal database security. In line with this motto, we have launched a department dedicated to &#8220;Legal Process Outsourcing&#8221; for the French legal professionals, corporate legal departments. and law firms. One [&hellip;]","og_url":"https:\/\/www.abitbol-associes.com\/en\/lpo\/","og_site_name":"Abitbol Associes","article_modified_time":"2026-02-05T09:55:47+00:00","og_image":[{"width":2560,"height":1707,"url":"https:\/\/www.abitbol-associes.com\/wp-content\/uploads\/2026\/02\/Depositphotos_98152746_xl-2015-scaled.jpg","type":"image\/jpeg"}],"twitter_card":"summary_large_image","twitter_misc":{"Est. reading time":"3 minutes"},"schema":{"@context":"https:\/\/schema.org","@graph":[{"@type":"WebPage","@id":"https:\/\/www.abitbol-associes.com\/en\/lpo\/","url":"https:\/\/www.abitbol-associes.com\/en\/lpo\/","name":"LPO - Abitbol Associes","isPartOf":{"@id":"https:\/\/www.abitbol-associes.com\/en\/#website"},"primaryImageOfPage":{"@id":"https:\/\/www.abitbol-associes.com\/en\/lpo\/#primaryimage"},"image":{"@id":"https:\/\/www.abitbol-associes.com\/lpo\/#primaryimage"},"thumbnailUrl":"https:\/\/www.abitbol-associes.com\/wp-content\/uploads\/2026\/02\/Depositphotos_98152746_xl-2015-scaled.jpg","datePublished":"2012-11-15T15:12:14+00:00","dateModified":"2026-02-05T09:55:47+00:00","breadcrumb":{"@id":"https:\/\/www.abitbol-associes.com\/en\/lpo\/#breadcrumb"},"inLanguage":"en-US","potentialAction":[{"@type":"ReadAction","target":[["https:\/\/www.abitbol-associes.com\/en\/lpo\/"]]}]},{"@type":"ImageObject","inLanguage":"en-US","@id":"https:\/\/www.abitbol-associes.com\/en\/lpo\/#primaryimage","url":"https:\/\/www.abitbol-associes.com\/wp-content\/uploads\/2026\/02\/Depositphotos_98152746_xl-2015-scaled.jpg","contentUrl":"https:\/\/www.abitbol-associes.com\/wp-content\/uploads\/2026\/02\/Depositphotos_98152746_xl-2015-scaled.jpg","width":2560,"height":1707},{"@type":"BreadcrumbList","@id":"https:\/\/www.abitbol-associes.com\/en\/lpo\/#breadcrumb","itemListElement":[{"@type":"ListItem","position":1,"name":"Home","item":"https:\/\/www.abitbol-associes.com\/en\/"},{"@type":"ListItem","position":2,"name":"LPO"}]},{"@type":"WebSite","@id":"https:\/\/www.abitbol-associes.com\/en\/#website","url":"https:\/\/www.abitbol-associes.com\/en\/","name":"Abitbol Associes","description":"Parce que votre exigence est notre priorit\u00e9","potentialAction":[{"@type":"SearchAction","target":{"@type":"EntryPoint","urlTemplate":"https:\/\/www.abitbol-associes.com\/en\/?s={search_term_string}"},"query-input":{"@type":"PropertyValueSpecification","valueRequired":true,"valueName":"search_term_string"}}],"inLanguage":"en-US"}]}},"_links":{"self":[{"href":"https:\/\/www.abitbol-associes.com\/en\/wp-json\/wp\/v2\/pages\/138","targetHints":{"allow":["GET"]}}],"collection":[{"href":"https:\/\/www.abitbol-associes.com\/en\/wp-json\/wp\/v2\/pages"}],"about":[{"href":"https:\/\/www.abitbol-associes.com\/en\/wp-json\/wp\/v2\/types\/page"}],"author":[{"embeddable":true,"href":"https:\/\/www.abitbol-associes.com\/en\/wp-json\/wp\/v2\/users\/6"}],"replies":[{"embeddable":true,"href":"https:\/\/www.abitbol-associes.com\/en\/wp-json\/wp\/v2\/comments?post=138"}],"version-history":[{"count":64,"href":"https:\/\/www.abitbol-associes.com\/en\/wp-json\/wp\/v2\/pages\/138\/revisions"}],"predecessor-version":[{"id":11447,"href":"https:\/\/www.abitbol-associes.com\/en\/wp-json\/wp\/v2\/pages\/138\/revisions\/11447"}],"wp:featuredmedia":[{"embeddable":true,"href":"https:\/\/www.abitbol-associes.com\/en\/wp-json\/wp\/v2\/media\/11420"}],"wp:attachment":[{"href":"https:\/\/www.abitbol-associes.com\/en\/wp-json\/wp\/v2\/media?parent=138"}],"curies":[{"name":"wp","href":"https:\/\/api.w.org\/{rel}","templated":true}]}}